{"id":1262,"date":"2018-07-06T23:24:22","date_gmt":"2018-07-06T23:24:22","guid":{"rendered":"http:\/\/myecobuild.csustentavel.com\/?page_id=1262"},"modified":"2020-09-14T15:28:11","modified_gmt":"2020-09-14T15:28:11","slug":"empresas-telhas-cobertura-plana","status":"publish","type":"page","link":"https:\/\/myecobuild.csustentavel.com\/en\/cobertura\/cobertura-em-telha-ceramica\/empresas-telhas-cobertura-plana\/","title":{"rendered":"empresas telhas cobertura plana"},"content":{"rendered":"[vc_row][vc_column][vc_raw_html css=&#8221;.vc_custom_1521343834796{margin-bottom: 0px !important;}&#8221;]JTNDYSUyMGhyZWYlM0QlMjJqYXZhc2NyaXB0JTNBaGlzdG9yeS5nbyUyOC0xJTI5JTIyJTNFJTNDJTIwVm9sdGFyJTNDJTJGYSUzRQ==[\/vc_raw_html][mk_employees style=&#8221;classic&#8221; column=&#8221;1&#8243; custom_image_size=&#8221;true&#8221; image_size=&#8221;full&#8221; count=&#8221;-1&#8243; order=&#8221;ASC&#8221; orderby=&#8221;title&#8221; categories=&#8221;empresas-telhas-cobertura-plana&#8221;][vc_empty_space height=&#8221;5px&#8221;][vc_column_text]\n<p style=\"text-align: center;\">Para mais informa\u00e7\u00f5es visite o<br \/>\n<strong><a href=\"http:\/\/www.csustentavel.com\/\" target=\"_blank\" rel=\"noopener\">PORTAL DA CONSTRU\u00c7\u00c3O SUSTENT\u00c1VEL<\/a><\/strong><\/p>\n[\/vc_column_text][\/vc_column][\/vc_row]\n","protected":false},"excerpt":{"rendered":"<p>[vc_row][vc_column][vc_raw_html css=&#8221;.vc_custom_1521343834796{margin-bottom: 0px !important;}&#8221;]JTNDYSUyMGhyZWYlM0QlMjJqYXZhc2NyaXB0JTNBaGlzdG9yeS5nbyUyOC0xJTI5JTIyJTNFJTNDJTIwVm9sdGFyJTNDJTJGYSUzRQ==[\/vc_raw_html][mk_employees style=&#8221;classic&#8221; column=&#8221;1&#8243; custom_image_size=&#8221;true&#8221; image_size=&#8221;full&#8221; count=&#8221;-1&#8243; order=&#8221;ASC&#8221; orderby=&#8221;title&#8221; categories=&#8221;empresas-telhas-cobertura-plana&#8221;][vc_empty_space height=&#8221;5px&#8221;][vc_column_text] Para mais informa\u00e7\u00f5es visite o PORTAL DA CONSTRU\u00c7\u00c3O SUSTENT\u00c1VEL [\/vc_column_text][\/vc_column][\/vc_row]<\/p>\n","protected":false},"author":3,"featured_media":0,"parent":274,"menu_order":0,"comment_status":"closed","ping_status":"closed","template":"","meta":{"_acf_changed":false,"footnotes":""},"class_list":["post-1262","page","type-page","status-publish","hentry"],"acf":[],"_links":{"self":[{"href":"https:\/\/myecobuild.csustentavel.com\/en\/wp-json\/wp\/v2\/pages\/1262"}],"collection":[{"href":"https:\/\/myecobuild.csustentavel.com\/en\/wp-json\/wp\/v2\/pages"}],"about":[{"href":"https:\/\/myecobuild.csustentavel.com\/en\/wp-json\/wp\/v2\/types\/page"}],"author":[{"embeddable":true,"href":"https:\/\/myecobuild.csustentavel.com\/en\/wp-json\/wp\/v2\/users\/3"}],"replies":[{"embeddable":true,"href":"https:\/\/myecobuild.csustentavel.com\/en\/wp-json\/wp\/v2\/comments?post=1262"}],"version-history":[{"count":7,"href":"https:\/\/myecobuild.csustentavel.com\/en\/wp-json\/wp\/v2\/pages\/1262\/revisions"}],"predecessor-version":[{"id":2620,"href":"https:\/\/myecobuild.csustentavel.com\/en\/wp-json\/wp\/v2\/pages\/1262\/revisions\/2620"}],"up":[{"embeddable":true,"href":"https:\/\/myecobuild.csustentavel.com\/en\/wp-json\/wp\/v2\/pages\/274"}],"wp:attachment":[{"href":"https:\/\/myecobuild.csustentavel.com\/en\/wp-json\/wp\/v2\/media?parent=1262"}],"curies":[{"name":"wp","href":"https:\/\/api.w.org\/{rel}","templated":true}]}}