{"id":1674,"date":"2018-07-26T11:28:09","date_gmt":"2018-07-26T11:28:09","guid":{"rendered":"http:\/\/myecobuild.csustentavel.com\/?page_id=1674"},"modified":"2018-07-27T17:14:32","modified_gmt":"2018-07-27T17:14:32","slug":"termipol","status":"publish","type":"page","link":"https:\/\/myecobuild.csustentavel.com\/en\/termipol\/","title":{"rendered":"Termipol"},"content":{"rendered":"[vc_row][vc_column][mk_padding_divider size=&#8221;60&#8243;][mk_fancy_title size=&#8221;28&#8243; font_family=&#8221;none&#8221;]\n<div class=\"page\" title=\"Page 1\">\n<div class=\"section\">\n<div class=\"layoutArea\">\n<div class=\"column\">\n<div class=\"page\" title=\"Page 1\">\n<div class=\"section\">\n<div class=\"layoutArea\">\n<div class=\"column\">\n<div class=\"page\" title=\"Page 1\">\n<div class=\"section\">\n<div class=\"layoutArea\">\n<div class=\"column\">\n<div class=\"page\" title=\"Page 1\">\n<div class=\"section\">\n<div class=\"layoutArea\">\n<div class=\"column\">\n<p>Ilumina\u00e7\u00e3o natural de interiores<\/p>\n<\/div>\n<\/div>\n<\/div>\n<\/div>\n<\/div>\n<\/div>\n<\/div>\n<\/div>\n<\/div>\n<\/div>\n<\/div>\n<\/div>\n<\/div>\n<\/div>\n<\/div>\n<\/div>\n[\/mk_fancy_title][vc_single_image image=&#8221;1659&#8243; img_size=&#8221;full&#8221;][mk_fancy_title size=&#8221;20&#8243; font_family=&#8221;none&#8221;]<strong>Sustentabilidade<\/strong>[\/mk_fancy_title][vc_column_text]\n<div class=\"page\" title=\"Page 1\">\n<div class=\"section\">\n<div class=\"layoutArea\">\n<div class=\"column\">\n<div class=\"page\" title=\"Page 1\">\n<div class=\"section\">\n<div class=\"layoutArea\">\n<div class=\"column\">\n<div class=\"page\" title=\"Page 1\">\n<div class=\"section\">\n<div class=\"layoutArea\">\n<div class=\"column\">\n<div class=\"page\" title=\"Page 1\">\n<div class=\"section\">\n<div class=\"layoutArea\">\n<div class=\"column\">\n<div class=\"page\" title=\"Page 2\">\n<div class=\"section\">\n<div class=\"layoutArea\">\n<div class=\"column\">\n<div class=\"page\" title=\"Page 1\">\n<div class=\"section\">\n<div class=\"layoutArea\">\n<div class=\"column\">\n<div class=\"page\" title=\"Page 1\">\n<div class=\"section\">\n<div class=\"layoutArea\">\n<div class=\"column\">\n<div class=\"page\" title=\"Page 1\">\n<div class=\"section\">\n<div class=\"layoutArea\">\n<div class=\"column\">\n<p style=\"text-align: center;\">Solarspot\u00ae \u00e9 um sistema de ilumina\u00e7\u00e3o natural de elevada performance a n\u00edvel mundial, apresentando efici\u00eancias m\u00e1ximas. Gra\u00e7as \u00e0 sua tecnologia de vanguarda e \u00e0 utiliza\u00e7\u00e3o de materiais tecnologicamente avan\u00e7ados, permite captar, encaminhar e difundir a luz natural para o interior de edif\u00edcios, n\u00e3o s\u00f3 em dias claros com sol mas igualmente em dias chuvosos e nublados, filtrando os raios nocivos UV e n\u00e3o reflectindo os IV. N\u00e3o existem \u201cganhos de calor solar\u201d com este sistema. Poupan\u00e7a de energia, economia, contribui\u00e7\u00e3o para um melhor ambiente e redu\u00e7\u00e3o das emiss\u00f5es de CO2 s\u00e3o algumas das muitas vantagens de Solarspot\u00ae.<\/p>\n<\/div>\n<\/div>\n<\/div>\n<\/div>\n<\/div>\n<\/div>\n<\/div>\n<\/div>\n<\/div>\n<\/div>\n<\/div>\n<\/div>\n<\/div>\n<\/div>\n<\/div>\n<\/div>\n<\/div>\n<\/div>\n<\/div>\n<\/div>\n<\/div>\n<\/div>\n<\/div>\n<\/div>\n<\/div>\n<\/div>\n<\/div>\n<\/div>\n<\/div>\n<\/div>\n<\/div>\n<\/div>\n[\/vc_column_text][mk_fancy_title size=&#8221;20&#8243; font_family=&#8221;none&#8221;]<strong>Caracter\u00edsticas<\/strong>[\/mk_fancy_title][vc_column_text]\n<div class=\"page\" title=\"Page 1\">\n<div class=\"section\">\n<div class=\"layoutArea\">\n<div class=\"column\">\n<div class=\"page\" title=\"Page 1\">\n<div class=\"section\">\n<div class=\"layoutArea\">\n<div class=\"column\">\n<div class=\"page\" title=\"Page 1\">\n<div class=\"section\">\n<div class=\"layoutArea\">\n<div class=\"column\">\n<div class=\"page\" title=\"Page 1\">\n<div class=\"section\">\n<div class=\"layoutArea\">\n<div class=\"column\">\n<div class=\"page\" title=\"Page 2\">\n<div class=\"section\">\n<div class=\"layoutArea\">\n<div class=\"column\">\n<div class=\"page\" title=\"Page 1\">\n<div class=\"section\">\n<div class=\"layoutArea\">\n<div class=\"column\">\n<div class=\"page\" title=\"Page 1\">\n<div class=\"section\">\n<div class=\"layoutArea\">\n<div class=\"column\">\n<div class=\"page\" title=\"Page 1\">\n<div class=\"section\">\n<div class=\"layoutArea\">\n<div class=\"column\">\n<p style=\"text-align: center;\">Permitem iluminar zonas interiores, sem recurso \u00e0 utiliza\u00e7\u00e3o de energia el\u00e9trica, durante o per\u00edodo que exista radia\u00e7\u00e3o solar no exterior, tanto em edif\u00edcios residenciais, como em edif\u00edcios comerciais, industriais, armaz\u00e9ns, etc. Adaptam se a qualquer tipo de cobertura existente. Luz natural, sem \u201cganhos de calor solar\u201d.<\/p>\n<\/div>\n<\/div>\n<\/div>\n<\/div>\n<\/div>\n<\/div>\n<\/div>\n<\/div>\n<\/div>\n<\/div>\n<\/div>\n<\/div>\n<\/div>\n<\/div>\n<\/div>\n<\/div>\n<\/div>\n<\/div>\n<\/div>\n<\/div>\n<\/div>\n<\/div>\n<\/div>\n<\/div>\n<\/div>\n<\/div>\n<\/div>\n<\/div>\n<\/div>\n<\/div>\n<\/div>\n<\/div>\n[\/vc_column_text][mk_fancy_title size=&#8221;20&#8243; font_family=&#8221;none&#8221;]<strong>Aplica\u00e7\u00f5es<\/strong>[\/mk_fancy_title][vc_column_text]\n<div class=\"page\" title=\"Page 1\">\n<div class=\"section\">\n<div class=\"layoutArea\">\n<div class=\"column\">\n<div class=\"page\" title=\"Page 1\">\n<div class=\"section\">\n<div class=\"layoutArea\">\n<div class=\"column\">\n<div class=\"page\" title=\"Page 1\">\n<div class=\"section\">\n<div class=\"layoutArea\">\n<div class=\"column\">\n<div class=\"page\" title=\"Page 1\">\n<div class=\"section\">\n<div class=\"layoutArea\">\n<div class=\"column\">\n<div class=\"page\" title=\"Page 2\">\n<div class=\"section\">\n<div class=\"layoutArea\">\n<div class=\"column\">\n<div class=\"page\" title=\"Page 1\">\n<div class=\"section\">\n<div class=\"layoutArea\">\n<div class=\"column\">\n<div class=\"page\" title=\"Page 1\">\n<div class=\"section\">\n<div class=\"layoutArea\">\n<div class=\"column\">\n<div class=\"page\" title=\"Page 1\">\n<div class=\"section\">\n<div class=\"layoutArea\">\n<div class=\"column\">\n<p style=\"text-align: center;\">A n\u00edvel residencial em zonas sem luz natural ou com pouca ilumina\u00e7\u00e3o (instala\u00e7\u00f5es sanit\u00e1rias, corredores, escadas, s\u00f3t\u00e3os, etc.) e em locais de trabalho e\/ou lazer com necessidade de ilumina\u00e7\u00e3o permanente (armaz\u00e9ns, f\u00e1bricas, escrit\u00f3rios, supermercados, vesti\u00e1rios, refeit\u00f3rios, gin\u00e1sios, etc.).<\/p>\n<\/div>\n<\/div>\n<\/div>\n<\/div>\n<\/div>\n<\/div>\n<\/div>\n<\/div>\n<\/div>\n<\/div>\n<\/div>\n<\/div>\n<\/div>\n<\/div>\n<\/div>\n<\/div>\n<\/div>\n<\/div>\n<\/div>\n<\/div>\n<\/div>\n<\/div>\n<\/div>\n<\/div>\n<\/div>\n<\/div>\n<\/div>\n<\/div>\n<\/div>\n<\/div>\n<\/div>\n<\/div>\n[\/vc_column_text][vc_single_image image=&#8221;1660&#8243; img_size=&#8221;full&#8221;][\/vc_column][\/vc_row][vc_row][vc_column][mk_padding_divider size=&#8221;60&#8243;][mk_fancy_title size=&#8221;28&#8243; font_family=&#8221;none&#8221;]\n<div class=\"page\" title=\"Page 1\">\n<div class=\"section\">\n<div class=\"layoutArea\">\n<div class=\"column\">\n<div class=\"page\" title=\"Page 1\">\n<div class=\"section\">\n<div class=\"layoutArea\">\n<div class=\"column\">\n<div class=\"page\" title=\"Page 1\">\n<div class=\"section\">\n<div class=\"layoutArea\">\n<div class=\"column\">\n<div class=\"page\" title=\"Page 1\">\n<div class=\"section\">\n<div class=\"layoutArea\">\n<div class=\"column\">\n<p>LEDSolarspot\u00ae &#8211; Ilumina\u00e7\u00e3o de interiores tecnologicamente avan\u00e7ada<\/p>\n<\/div>\n<\/div>\n<\/div>\n<\/div>\n<\/div>\n<\/div>\n<\/div>\n<\/div>\n<\/div>\n<\/div>\n<\/div>\n<\/div>\n<\/div>\n<\/div>\n<\/div>\n<\/div>\n[\/mk_fancy_title][vc_single_image image=&#8221;1661&#8243; img_size=&#8221;full&#8221;][mk_fancy_title size=&#8221;20&#8243; font_family=&#8221;none&#8221;]<strong>Sustentabilidade<\/strong>[\/mk_fancy_title][vc_column_text]\n<div class=\"page\" title=\"Page 1\">\n<div class=\"section\">\n<div class=\"layoutArea\">\n<div class=\"column\">\n<div class=\"page\" title=\"Page 1\">\n<div class=\"section\">\n<div class=\"layoutArea\">\n<div class=\"column\">\n<div class=\"page\" title=\"Page 1\">\n<div class=\"section\">\n<div class=\"layoutArea\">\n<div class=\"column\">\n<div class=\"page\" title=\"Page 1\">\n<div class=\"section\">\n<div class=\"layoutArea\">\n<div class=\"column\">\n<div class=\"page\" title=\"Page 2\">\n<div class=\"section\">\n<div class=\"layoutArea\">\n<div class=\"column\">\n<div class=\"page\" title=\"Page 1\">\n<div class=\"section\">\n<div class=\"layoutArea\">\n<div class=\"column\">\n<div class=\"page\" title=\"Page 1\">\n<div class=\"section\">\n<div class=\"layoutArea\">\n<div class=\"column\">\n<div class=\"page\" title=\"Page 1\">\n<div class=\"section\">\n<div class=\"layoutArea\">\n<div class=\"column\">\n<p style=\"text-align: center;\">LEDSolarspot\u00ae sem d\u00favidas, uma inova\u00e7\u00e3o l\u00f3gica mas revolucion\u00e1ria, em termos de ilumina\u00e7\u00e3o e poupan\u00e7a energ\u00e9tica. A simbiose perfeita entre a tecnologia mais eficiente dispon\u00edvel para o transporte de luz natural com sistemas tubulares (\u201cCIE TC3-38 Report 173- 2006\u201d) \u2013 tecnologia Solarspot\u00ae e o mais avan\u00e7ado controlo de ilumina\u00e7\u00e3o artificial \u2013 tecnologia LED. Permite poupan\u00e7as de at\u00e9 80% de energia el\u00e9ctrica para ilumina\u00e7\u00e3o.<\/p>\n<\/div>\n<\/div>\n<\/div>\n<\/div>\n<\/div>\n<\/div>\n<\/div>\n<\/div>\n<\/div>\n<\/div>\n<\/div>\n<\/div>\n<\/div>\n<\/div>\n<\/div>\n<\/div>\n<\/div>\n<\/div>\n<\/div>\n<\/div>\n<\/div>\n<\/div>\n<\/div>\n<\/div>\n<\/div>\n<\/div>\n<\/div>\n<\/div>\n<\/div>\n<\/div>\n<\/div>\n<\/div>\n[\/vc_column_text][mk_fancy_title size=&#8221;20&#8243; font_family=&#8221;none&#8221;]<strong>Caracter\u00edsticas<\/strong>[\/mk_fancy_title][vc_column_text]\n<div class=\"page\" title=\"Page 1\">\n<div class=\"section\">\n<div class=\"layoutArea\">\n<div class=\"column\">\n<div class=\"page\" title=\"Page 1\">\n<div class=\"section\">\n<div class=\"layoutArea\">\n<div class=\"column\">\n<div class=\"page\" title=\"Page 1\">\n<div class=\"section\">\n<div class=\"layoutArea\">\n<div class=\"column\">\n<div class=\"page\" title=\"Page 1\">\n<div class=\"section\">\n<div class=\"layoutArea\">\n<div class=\"column\">\n<div class=\"page\" title=\"Page 2\">\n<div class=\"section\">\n<div class=\"layoutArea\">\n<div class=\"column\">\n<div class=\"page\" title=\"Page 1\">\n<div class=\"section\">\n<div class=\"layoutArea\">\n<div class=\"column\">\n<div class=\"page\" title=\"Page 1\">\n<div class=\"section\">\n<div class=\"layoutArea\">\n<div class=\"column\">\n<div class=\"page\" title=\"Page 1\">\n<div class=\"section\">\n<div class=\"layoutArea\">\n<div class=\"column\">\n<p style=\"text-align: center;\">Construtivamente e geometricamente s\u00e3o combinadas as duas fontes mais eficientes actualmente dispon\u00edveis: A \u201cfonte natural\u201d Solarspot\u00ae + a \u201cfonte artificial\u201d LED.<\/p>\n<\/div>\n<\/div>\n<\/div>\n<\/div>\n<\/div>\n<\/div>\n<\/div>\n<\/div>\n<\/div>\n<\/div>\n<\/div>\n<\/div>\n<\/div>\n<\/div>\n<\/div>\n<\/div>\n<\/div>\n<\/div>\n<\/div>\n<\/div>\n<\/div>\n<\/div>\n<\/div>\n<\/div>\n<\/div>\n<\/div>\n<\/div>\n<\/div>\n<\/div>\n<\/div>\n<\/div>\n<\/div>\n[\/vc_column_text][mk_fancy_title size=&#8221;20&#8243; font_family=&#8221;none&#8221;]<strong>Aplica\u00e7\u00f5es<\/strong>[\/mk_fancy_title][vc_column_text]\n<div class=\"page\" title=\"Page 1\">\n<div class=\"section\">\n<div class=\"layoutArea\">\n<div class=\"column\">\n<div class=\"page\" title=\"Page 1\">\n<div class=\"section\">\n<div class=\"layoutArea\">\n<div class=\"column\">\n<div class=\"page\" title=\"Page 1\">\n<div class=\"section\">\n<div class=\"layoutArea\">\n<div class=\"column\">\n<div class=\"page\" title=\"Page 1\">\n<div class=\"section\">\n<div class=\"layoutArea\">\n<div class=\"column\">\n<div class=\"page\" title=\"Page 2\">\n<div class=\"section\">\n<div class=\"layoutArea\">\n<div class=\"column\">\n<div class=\"page\" title=\"Page 1\">\n<div class=\"section\">\n<div class=\"layoutArea\">\n<div class=\"column\">\n<div class=\"page\" title=\"Page 1\">\n<div class=\"section\">\n<div class=\"layoutArea\">\n<div class=\"column\">\n<div class=\"page\" title=\"Page 1\">\n<div class=\"section\">\n<div class=\"layoutArea\">\n<div class=\"column\">\n<p style=\"text-align: center;\">Em qualquer local (residencial, industrial, comercial, armaz\u00e9ns, escolas, hospitais, etc.) onde seja necess\u00e1ria luz para ilumina\u00e7\u00e3o, com a grande vantagem de possibilidade de usufruto de ilumina\u00e7\u00e3o natural aliado ao m\u00ednimo consumo el\u00e9ctrico LED.<\/p>\n<\/div>\n<\/div>\n<\/div>\n<\/div>\n<\/div>\n<\/div>\n<\/div>\n<\/div>\n<\/div>\n<\/div>\n<\/div>\n<\/div>\n<\/div>\n<\/div>\n<\/div>\n<\/div>\n<\/div>\n<\/div>\n<\/div>\n<\/div>\n<\/div>\n<\/div>\n<\/div>\n<\/div>\n<\/div>\n<\/div>\n<\/div>\n<\/div>\n<\/div>\n<\/div>\n<\/div>\n<\/div>\n[\/vc_column_text][vc_single_image image=&#8221;1662&#8243; img_size=&#8221;full&#8221;][\/vc_column][\/vc_row][vc_row][vc_column][\/vc_column][\/vc_row]\n","protected":false},"excerpt":{"rendered":"<p>[vc_row][vc_column][mk_padding_divider size=&#8221;60&#8243;][mk_fancy_title size=&#8221;28&#8243; font_family=&#8221;none&#8221;] Ilumina\u00e7\u00e3o natural de interiores [\/mk_fancy_title][vc_single_image image=&#8221;1659&#8243; img_size=&#8221;full&#8221;][mk_fancy_title size=&#8221;20&#8243; font_family=&#8221;none&#8221;]Sustentabilidade[\/mk_fancy_title][vc_column_text] Solarspot\u00ae \u00e9 um sistema de ilumina\u00e7\u00e3o natural de elevada performance a n\u00edvel mundial, apresentando efici\u00eancias m\u00e1ximas. Gra\u00e7as \u00e0 sua tecnologia de vanguarda e \u00e0 utiliza\u00e7\u00e3o de materiais tecnologicamente avan\u00e7ados, permite captar, encaminhar e difundir a luz natural para o interior de edif\u00edcios, [&hellip;]<\/p>\n","protected":false},"author":3,"featured_media":0,"parent":0,"menu_order":0,"comment_status":"closed","ping_status":"closed","template":"","meta":{"_acf_changed":false,"footnotes":""},"class_list":["post-1674","page","type-page","status-publish","hentry"],"acf":[],"_links":{"self":[{"href":"https:\/\/myecobuild.csustentavel.com\/en\/wp-json\/wp\/v2\/pages\/1674"}],"collection":[{"href":"https:\/\/myecobuild.csustentavel.com\/en\/wp-json\/wp\/v2\/pages"}],"about":[{"href":"https:\/\/myecobuild.csustentavel.com\/en\/wp-json\/wp\/v2\/types\/page"}],"author":[{"embeddable":true,"href":"https:\/\/myecobuild.csustentavel.com\/en\/wp-json\/wp\/v2\/users\/3"}],"replies":[{"embeddable":true,"href":"https:\/\/myecobuild.csustentavel.com\/en\/wp-json\/wp\/v2\/comments?post=1674"}],"version-history":[{"count":6,"href":"https:\/\/myecobuild.csustentavel.com\/en\/wp-json\/wp\/v2\/pages\/1674\/revisions"}],"predecessor-version":[{"id":1731,"href":"https:\/\/myecobuild.csustentavel.com\/en\/wp-json\/wp\/v2\/pages\/1674\/revisions\/1731"}],"wp:attachment":[{"href":"https:\/\/myecobuild.csustentavel.com\/en\/wp-json\/wp\/v2\/media?parent=1674"}],"curies":[{"name":"wp","href":"https:\/\/api.w.org\/{rel}","templated":true}]}}