{"id":3789,"date":"2021-04-13T09:09:34","date_gmt":"2021-04-13T09:09:34","guid":{"rendered":"https:\/\/myecobuild.csustentavel.com\/?page_id=3789"},"modified":"2021-04-18T23:01:04","modified_gmt":"2021-04-18T23:01:04","slug":"infinite-green","status":"publish","type":"page","link":"https:\/\/myecobuild.csustentavel.com\/en\/infinite-green\/","title":{"rendered":"Infinite Green | Ecoproducts"},"content":{"rendered":"[vc_row][vc_column][mk_padding_divider size=&#8221;20&#8243;][vc_raw_html]JTNDYSUyMGhyZWYlM0QlMjJqYXZhc2NyaXB0JTNBaGlzdG9yeS5nbyUyOC0xJTI5JTIyJTNFJTNDJTIwQmFjayUzQyUyRmElM0U=[\/vc_raw_html][mk_fancy_title size=&#8221;28&#8243; font_family=&#8221;none&#8221;]ISOFOR[\/mk_fancy_title][vc_single_image image=&#8221;3790&#8243; img_size=&#8221;full&#8221; alignment=&#8221;center&#8221;][mk_fancy_title size=&#8221;20&#8243; font_family=&#8221;none&#8221;]<strong>Sustainability<\/strong>[\/mk_fancy_title][vc_column_text css=&#8221;.vc_custom_1618305294965{margin-bottom: 0px !important;}&#8221;]\n<p style=\"text-align: center;\">ISOFOR insulation is a foam produced from a specific urea resin and in compliance with European standards DIN 15100-1:2005. Specifically designed and formulated for the preparation of thermo-insulating foams for residential building, ISOFOR, unlike other similar products, does not release detectable amounts of irritating methanol nor contains any fire-retardant materials harmful to health.<\/p>\n[\/vc_column_text][mk_fancy_title size=&#8221;20&#8243; font_family=&#8221;none&#8221;]<strong>Features<\/strong>[\/mk_fancy_title][vc_column_text css=&#8221;.vc_custom_1618305321932{margin-bottom: 0px !important;}&#8221;]\n<p style=\"text-align: center;\">Through a vapor diffusion process, ISOFOR allows the walls to breathe, ensuring the elimination of condensation that can be formed inside them and prevents its appearance on the inner surface. The end result is greater comfort, with significant savings in energy consumption for air conditioning and a perfect and stable thermal and acoustic insulation, whose durability is equal to the building itself.<\/p>\n[\/vc_column_text][mk_fancy_title size=&#8221;20&#8243; font_family=&#8221;none&#8221;]<strong>Uses<\/strong>[\/mk_fancy_title][vc_column_text css=&#8221;.vc_custom_1618305332228{margin-bottom: 0px !important;}&#8221;]\n<p style=\"text-align: center;\">ISOFOR is especially suitable for exterior walls without insulation, or as a complement to walls with traditional insulation, namely rock wool or polystyrene, and small perforations are enough to carry out its application.<\/p>\n[\/vc_column_text][vc_empty_space height=&#8221;15px&#8221;][mk_fancy_title size=&#8221;20&#8243; font_family=&#8221;none&#8221;]<strong>PRODUCT APPLICATION<\/strong>[\/mk_fancy_title][vc_video host=&#8221;self_hosted&#8221; mp4=&#8221;https:\/\/myecobuild.csustentavel.com\/wp-content\/uploads\/2021\/04\/isofor-portugal-isolamento-de-paredes.mp4&#8243;][vc_empty_space height=&#8221;15px&#8221;][vc_single_image image=&#8221;3800&#8243; img_size=&#8221;full&#8221;][\/vc_column][\/vc_row][vc_row][vc_column][vc_column_text]\n[\/vc_column_text][\/vc_column][\/vc_row][vc_row][vc_column][mk_fancy_title size=&#8221;20&#8243; font_family=&#8221;none&#8221;]\n<p style=\"text-align: center;\" align=\"LEFT\"><a href=\"https:\/\/www.infinitegreen.pt\/epages\/2494-110205.sf\/pt_PT\/?ObjectPath=\/Shops\/2494-110205\/Categories\/Produtos\/Isolamento_Termico_e_Acustico1\/Isolamento_ISOFOR\">INFINITE GREEN | SOLU\u00c7\u00d5ES DE EFICI\u00caNCIA ENERG\u00c9TICA<\/a><\/p>\n<p style=\"text-align: center;\" align=\"LEFT\">Estrada Nacional 9, n\u00ba 2 D \u2013 Gibraltar<br \/>\n2560-122 Ponte do Rol, Torres Vedras | PORTUGAL<\/p>\n<p style=\"text-align: center;\" align=\"LEFT\">Telf +351 261 317 213<\/p>\n[\/mk_fancy_title][\/vc_column][\/vc_row]","protected":false},"excerpt":{"rendered":"<p>[vc_row][vc_column][mk_padding_divider size=&#8221;20&#8243;][vc_raw_html]JTNDYSUyMGhyZWYlM0QlMjJqYXZhc2NyaXB0JTNBaGlzdG9yeS5nbyUyOC0xJTI5JTIyJTNFJTNDJTIwQmFjayUzQyUyRmElM0U=[\/vc_raw_html][mk_fancy_title size=&#8221;28&#8243; font_family=&#8221;none&#8221;]ISOFOR[\/mk_fancy_title][vc_single_image image=&#8221;3790&#8243; img_size=&#8221;full&#8221; alignment=&#8221;center&#8221;][mk_fancy_title size=&#8221;20&#8243; font_family=&#8221;none&#8221;]Sustainability[\/mk_fancy_title][vc_column_text css=&#8221;.vc_custom_1618305294965{margin-bottom: 0px !important;}&#8221;] ISOFOR insulation is a foam produced from a specific urea resin and in compliance with European standards DIN 15100-1:2005. Specifically designed and formulated for the preparation of thermo-insulating foams for residential building, ISOFOR, unlike other similar products, does not release detectable amounts of [&hellip;]<\/p>\n","protected":false},"author":1,"featured_media":0,"parent":0,"menu_order":0,"comment_status":"closed","ping_status":"closed","template":"","meta":{"_acf_changed":false,"footnotes":""},"class_list":["post-3789","page","type-page","status-publish","hentry"],"acf":[],"_links":{"self":[{"href":"https:\/\/myecobuild.csustentavel.com\/en\/wp-json\/wp\/v2\/pages\/3789"}],"collection":[{"href":"https:\/\/myecobuild.csustentavel.com\/en\/wp-json\/wp\/v2\/pages"}],"about":[{"href":"https:\/\/myecobuild.csustentavel.com\/en\/wp-json\/wp\/v2\/types\/page"}],"author":[{"embeddable":true,"href":"https:\/\/myecobuild.csustentavel.com\/en\/wp-json\/wp\/v2\/users\/1"}],"replies":[{"embeddable":true,"href":"https:\/\/myecobuild.csustentavel.com\/en\/wp-json\/wp\/v2\/comments?post=3789"}],"version-history":[{"count":15,"href":"https:\/\/myecobuild.csustentavel.com\/en\/wp-json\/wp\/v2\/pages\/3789\/revisions"}],"predecessor-version":[{"id":3842,"href":"https:\/\/myecobuild.csustentavel.com\/en\/wp-json\/wp\/v2\/pages\/3789\/revisions\/3842"}],"wp:attachment":[{"href":"https:\/\/myecobuild.csustentavel.com\/en\/wp-json\/wp\/v2\/media?parent=3789"}],"curies":[{"name":"wp","href":"https:\/\/api.w.org\/{rel}","templated":true}]}}