{"id":4059,"date":"2022-04-08T18:18:34","date_gmt":"2022-04-08T18:18:34","guid":{"rendered":"https:\/\/myecobuild.csustentavel.com\/?page_id=4059"},"modified":"2022-04-08T18:20:15","modified_gmt":"2022-04-08T18:20:15","slug":"empresas-pavimentos-ceramicos","status":"publish","type":"page","link":"https:\/\/myecobuild.csustentavel.com\/en\/empresas-pavimentos-ceramicos\/","title":{"rendered":"INSTALLATION INSULATION COMPANIES"},"content":{"rendered":"[vc_row][vc_column][vc_raw_html]JTNDYSUyMGhyZWYlM0QlMjJqYXZhc2NyaXB0JTNBaGlzdG9yeS5nbyUyOC0xJTI5JTIyJTNFJTNDJTIwQXRyJUMzJUExcyUzQyUyRmElM0U=[\/vc_raw_html][vc_empty_space height=&#8221;5px&#8221;][vc_column_text css=&#8221;.vc_custom_1613419639143{margin-bottom: 0px !important;}&#8221;]\n<p style=\"text-align: center;\">Para obtener m\u00e1s informaci\u00f3n, visite el<br \/>\n<strong><a href=\"http:\/\/www.csustentavel.com\/es\/\" target=\"_blank\" rel=\"noopener\">PORTAL DE LA CONSTRUCCI\u00d3N SOSTENIBLE<\/a><\/strong><\/p>\n[\/vc_column_text][\/vc_column][\/vc_row]","protected":false},"excerpt":{"rendered":"<p>[vc_row][vc_column][vc_raw_html]JTNDYSUyMGhyZWYlM0QlMjJqYXZhc2NyaXB0JTNBaGlzdG9yeS5nbyUyOC0xJTI5JTIyJTNFJTNDJTIwQXRyJUMzJUExcyUzQyUyRmElM0U=[\/vc_raw_html][vc_empty_space height=&#8221;5px&#8221;][vc_column_text css=&#8221;.vc_custom_1613419639143{margin-bottom: 0px !important;}&#8221;] Para obtener m\u00e1s informaci\u00f3n, visite el PORTAL DE LA CONSTRUCCI\u00d3N SOSTENIBLE [\/vc_column_text][\/vc_column][\/vc_row]<\/p>\n","protected":false},"author":1,"featured_media":0,"parent":0,"menu_order":0,"comment_status":"closed","ping_status":"closed","template":"","meta":{"_acf_changed":false,"footnotes":""},"class_list":["post-4059","page","type-page","status-publish","hentry"],"acf":[],"_links":{"self":[{"href":"https:\/\/myecobuild.csustentavel.com\/en\/wp-json\/wp\/v2\/pages\/4059"}],"collection":[{"href":"https:\/\/myecobuild.csustentavel.com\/en\/wp-json\/wp\/v2\/pages"}],"about":[{"href":"https:\/\/myecobuild.csustentavel.com\/en\/wp-json\/wp\/v2\/types\/page"}],"author":[{"embeddable":true,"href":"https:\/\/myecobuild.csustentavel.com\/en\/wp-json\/wp\/v2\/users\/1"}],"replies":[{"embeddable":true,"href":"https:\/\/myecobuild.csustentavel.com\/en\/wp-json\/wp\/v2\/comments?post=4059"}],"version-history":[{"count":3,"href":"https:\/\/myecobuild.csustentavel.com\/en\/wp-json\/wp\/v2\/pages\/4059\/revisions"}],"predecessor-version":[{"id":4062,"href":"https:\/\/myecobuild.csustentavel.com\/en\/wp-json\/wp\/v2\/pages\/4059\/revisions\/4062"}],"wp:attachment":[{"href":"https:\/\/myecobuild.csustentavel.com\/en\/wp-json\/wp\/v2\/media?parent=4059"}],"curies":[{"name":"wp","href":"https:\/\/api.w.org\/{rel}","templated":true}]}}