{"id":743,"date":"2018-06-23T15:28:53","date_gmt":"2018-06-23T15:28:53","guid":{"rendered":"http:\/\/myecobuild.csustentavel.com\/?page_id=743"},"modified":"2022-09-19T11:31:17","modified_gmt":"2022-09-19T11:31:17","slug":"empresas-subtelha","status":"publish","type":"page","link":"https:\/\/myecobuild.csustentavel.com\/en\/cobertura\/subtelha\/empresas-subtelha\/","title":{"rendered":"Under Roofing Companies"},"content":{"rendered":"[vc_row][vc_column][vc_raw_html css=&#8221;.vc_custom_1663587073936{margin-bottom: 0px !important;}&#8221;]JTNDYSUyMGhyZWYlM0QlMjJqYXZhc2NyaXB0JTNBaGlzdG9yeS5nbyUyOC0xJTI5JTIyJTNFJTNDJTIwQmFjayUzQyUyRmElM0U=[\/vc_raw_html][mk_employees style=&#8221;classic&#8221; column=&#8221;1&#8243; custom_image_size=&#8221;true&#8221; image_size=&#8221;full&#8221; count=&#8221;-1&#8243; order=&#8221;ASC&#8221; orderby=&#8221;title&#8221; categories=&#8221;empresas-subtelha&#8221;][vc_empty_space height=&#8221;5px&#8221;][vc_column_text]\n<p style=\"text-align: center;\">Para mais informa\u00e7\u00f5es visite o<br \/>\n<strong><a href=\"http:\/\/www.csustentavel.com\/\" target=\"_blank\" rel=\"noopener\">PORTAL DA CONSTRU\u00c7\u00c3O SUSTENT\u00c1VEL<\/a><\/strong><\/p>\n[\/vc_column_text][\/vc_column][\/vc_row]","protected":false},"excerpt":{"rendered":"<p>[vc_row][vc_column][vc_raw_html css=&#8221;.vc_custom_1663587073936{margin-bottom: 0px !important;}&#8221;]JTNDYSUyMGhyZWYlM0QlMjJqYXZhc2NyaXB0JTNBaGlzdG9yeS5nbyUyOC0xJTI5JTIyJTNFJTNDJTIwQmFjayUzQyUyRmElM0U=[\/vc_raw_html][mk_employees style=&#8221;classic&#8221; column=&#8221;1&#8243; custom_image_size=&#8221;true&#8221; image_size=&#8221;full&#8221; count=&#8221;-1&#8243; order=&#8221;ASC&#8221; orderby=&#8221;title&#8221; categories=&#8221;empresas-subtelha&#8221;][vc_empty_space height=&#8221;5px&#8221;][vc_column_text] Para mais informa\u00e7\u00f5es visite o PORTAL DA CONSTRU\u00c7\u00c3O SUSTENT\u00c1VEL [\/vc_column_text][\/vc_column][\/vc_row]<\/p>\n","protected":false},"author":3,"featured_media":0,"parent":735,"menu_order":0,"comment_status":"closed","ping_status":"closed","template":"","meta":{"_acf_changed":false,"footnotes":""},"class_list":["post-743","page","type-page","status-publish","hentry"],"acf":[],"_links":{"self":[{"href":"https:\/\/myecobuild.csustentavel.com\/en\/wp-json\/wp\/v2\/pages\/743"}],"collection":[{"href":"https:\/\/myecobuild.csustentavel.com\/en\/wp-json\/wp\/v2\/pages"}],"about":[{"href":"https:\/\/myecobuild.csustentavel.com\/en\/wp-json\/wp\/v2\/types\/page"}],"author":[{"embeddable":true,"href":"https:\/\/myecobuild.csustentavel.com\/en\/wp-json\/wp\/v2\/users\/3"}],"replies":[{"embeddable":true,"href":"https:\/\/myecobuild.csustentavel.com\/en\/wp-json\/wp\/v2\/comments?post=743"}],"version-history":[{"count":9,"href":"https:\/\/myecobuild.csustentavel.com\/en\/wp-json\/wp\/v2\/pages\/743\/revisions"}],"predecessor-version":[{"id":4346,"href":"https:\/\/myecobuild.csustentavel.com\/en\/wp-json\/wp\/v2\/pages\/743\/revisions\/4346"}],"up":[{"embeddable":true,"href":"https:\/\/myecobuild.csustentavel.com\/en\/wp-json\/wp\/v2\/pages\/735"}],"wp:attachment":[{"href":"https:\/\/myecobuild.csustentavel.com\/en\/wp-json\/wp\/v2\/media?parent=743"}],"curies":[{"name":"wp","href":"https:\/\/api.w.org\/{rel}","templated":true}]}}