{"id":1026,"date":"2018-06-29T16:39:12","date_gmt":"2018-06-29T16:39:12","guid":{"rendered":"http:\/\/myecobuild.csustentavel.com\/?page_id=1026"},"modified":"2021-02-19T18:11:02","modified_gmt":"2021-02-19T18:11:02","slug":"portas-de-vidro","status":"publish","type":"page","link":"https:\/\/myecobuild.csustentavel.com\/es\/portas-de-interior\/portas-de-vidro\/","title":{"rendered":"Puertas de vidrio"},"content":{"rendered":"[vc_row][vc_column][vc_raw_html]JTNDYSUyMGhyZWYlM0QlMjJodHRwJTNBJTJGJTJGbXllY29idWlsZC5jc3VzdGVudGF2ZWwuY29tJTJGJTIyJTNFJTNDJTIwQXRyJUMzJUExcyUzQyUyRmElM0U=[\/vc_raw_html][\/vc_column][\/vc_row][vc_row fullwidth=\u00bbtrue\u00bb][vc_column width=\u00bb1\/2&#8243;][mk_fancy_title color=\u00bb#000000&#8243; size=\u00bb20&#8243; line_height=\u00bb135&#8243; txt_transform=\u00bbnone\u00bb font_family=\u00bbnone\u00bb align=\u00bbcenter\u00bb]Las puertas interiores son un elemento casi indispensable en nuestroshogares. Por lo tanto, siempre debe elegir materiales naturales y f\u00e1cilesde trabajar. La puerta interior m\u00e1s habitual es la de madera por suadaptaci\u00f3n a cualquier estructura, y suele combinarse con vidrio.[\/mk_fancy_title][\/vc_column][vc_column width=\u00bb1\/2&#8243;]<div class='ult_hotspot_container ult-adjust-bottom-margin ult-hotspot-tooltip-wrapper ' style=>  <img class='ult_hotspot_image' src=https:\/\/myecobuild.csustentavel.com\/wp-content\/uploads\/2018\/06\/portas_vidro.jpg alt='null'\/>     <div class='utl-hotspot-items ult-hotspot-item'><div class='ult-hotspot-item ' style='top:-webkit-calc(29.358350402278845% - 20px);top:-moz-calc(29.358350402278845% - 20px);top:calc(29.358350402278845% - 20px);left: -webkit-calc(47.13727795022955% - 20px);left: -moz-calc(47.13727795022955% - 20px);left: calc(47.13727795022955% - 20px);' >  <div style='z-index: 39;position: relative;'>   <a data-link_style='tootip' data-mycust-id=\"hotspot-tooltip-1517\"  data-ultimate-target='#hotspot-tooltip-1517 .ult-tooltipster-content'  data-responsive-json-new='{\"font-size\":\"desktop:18px;\",\"line-height\":\"\"}' data-tooltip-content-style=\"width:300px;padding:5px;\"data-tooltip-base-style=\"background-color:#f7f9f2;color:#4c4c4c;text-align:center;\" data-bubble-arrow=\"true\" data-tooltipanimation=\"glow\"data-trigger=\"click\"data-tooltip-offsety=\"20\" class='ult-tooltipstered ult-hotspot-tooltip' href='#' data-status='show'><div class=\"ult-just-icon-wrapper  \"><div class=\"align-icon\" style=\"text-align:center;\">\n<div class=\"aio-icon  \"  style=\"color:#f43711;font-size:40px;display:inline-block;\">\n\t<i class=\"Defaults-map-marker\"><\/i>\n<\/div><\/div><\/div><span class='hotspot-tooltip-content'>\n&lt;h5 style=&#039;text-align: center;&#039;&gt;PUERTA DE VIDRIO (BATIENTE)&lt;\/h5&gt;\n&lt;p style=&#039;text-align: center;&#039;&gt;&lt;a href=&#039;http:\/\/myecobuild.csustentavel.com\/portas-de-interior\/portas-de-madeira\/empresas-portas\/&#039;&gt;Ver empresas&lt;\/a&gt;&lt;\/p&gt;\n&lt;p&gt;<\/span>  <\/a> <\/div><!-- ICON WRAP --> <div class='ult-glow' style=&quot;background-color:#eeee22&quot;><\/div><\/div><div class='ult-hotspot-item ' style='top:-webkit-calc(34.78921207658321% - 10px);top:-moz-calc(34.78921207658321% - 10px);top:calc(34.78921207658321% - 10px);left: -webkit-calc(92.90258550488599% - 10px);left: -moz-calc(92.90258550488599% - 10px);left: calc(92.90258550488599% - 10px);' >  <div style='z-index: 39;position: relative;'>   <a data-link_style='tootip' data-mycust-id=\"hotspot-tooltip-3397\"  data-ultimate-target='#hotspot-tooltip-3397 .ult-tooltipster-content'  data-responsive-json-new='{\"font-size\":\"desktop:18px;\",\"line-height\":\"\"}' data-tooltip-content-style=\"width:300px;padding:5px;\"data-tooltip-base-style=\"background-color:#f7f9f2;color:#4c4c4c;text-align:center;\" data-bubble-arrow=\"true\" data-tooltipanimation=\"glow\"data-trigger=\"click\"data-tooltip-offsety=\"10\" class='ult-tooltipstered ult-hotspot-tooltip' href='#' data-status='show'><div class=\"ult-just-icon-wrapper  \"><div class=\"align-icon\" style=\"text-align:center;\">\n<div class=\"aio-icon  \"  style=\"color:#33a83b;font-size:20px;display:inline-block;\">\n\t<i class=\"Defaults-map-marker\"><\/i>\n<\/div><\/div><\/div><span class='hotspot-tooltip-content'>&lt;\/p&gt;\n&lt;h5 style=&#039;text-align: center;&#039;&gt;\u00a0AISLAMIENTO EN LANA MINERAL&lt;\/h5&gt;\n&lt;p style=&#039;text-align: center;&#039;&gt;&lt;a href=&#039;http:\/\/myecobuild.csustentavel.com\/paredes-interiores\/isolamento-interior\/empresas-isolamento-la-mineral\/&#039;&gt;Ver empresas&lt;\/a&gt;&lt;\/p&gt;\n&lt;p&gt;<\/span>  <\/a> <\/div><!-- ICON WRAP --><\/div><div class='ult-hotspot-item ' style='top:-webkit-calc(86.34020618556701% - 10px);top:-moz-calc(86.34020618556701% - 10px);top:calc(86.34020618556701% - 10px);left: -webkit-calc(32.804865635179155% - 10px);left: -moz-calc(32.804865635179155% - 10px);left: calc(32.804865635179155% - 10px);' >  <div style='z-index: 39;position: relative;'>   <a data-link_style='tootip' data-mycust-id=\"hotspot-tooltip-7708\"  data-ultimate-target='#hotspot-tooltip-7708 .ult-tooltipster-content'  data-responsive-json-new='{\"font-size\":\"desktop:18px;\",\"line-height\":\"\"}' data-tooltip-content-style=\"width:300px;padding:5px;\"data-tooltip-base-style=\"background-color:#f7f9f2;color:#4c4c4c;text-align:center;\" data-bubble-arrow=\"true\" data-tooltipanimation=\"glow\"data-trigger=\"click\"data-tooltip-offsety=\"10\" class='ult-tooltipstered ult-hotspot-tooltip' href='#' data-status='show'><div class=\"ult-just-icon-wrapper  \"><div class=\"align-icon\" style=\"text-align:center;\">\n<div class=\"aio-icon  \"  style=\"color:#33a83b;font-size:20px;display:inline-block;\">\n\t<i class=\"Defaults-map-marker\"><\/i>\n<\/div><\/div><\/div><span class='hotspot-tooltip-content'>&lt;\/p&gt;\n&lt;h5 style=&#039;text-align: center;&#039;&gt;CAPA DE LLENADO&lt;\/h5&gt;\n&lt;p style=&#039;text-align: center;&#039;&gt;&lt;a href=&#039;http:\/\/myecobuild.csustentavel.com\/laje-de-piso\/camada-de-enchimento\/empresas-material-enchimento\/&#039;&gt;Ver empresas&lt;\/a&gt;&lt;\/p&gt;\n&lt;p&gt;<\/span>  <\/a> <\/div><!-- ICON WRAP --><\/div><div class='ult-hotspot-item ' style='top:-webkit-calc(70.37233063328424% - 10px);top:-moz-calc(70.37233063328424% - 10px);top:calc(70.37233063328424% - 10px);left: -webkit-calc(69.4498167752443% - 10px);left: -moz-calc(69.4498167752443% - 10px);left: calc(69.4498167752443% - 10px);' >  <div style='z-index: 39;position: relative;'>   <a data-link_style='tootip' data-mycust-id=\"hotspot-tooltip-1532\"  data-ultimate-target='#hotspot-tooltip-1532 .ult-tooltipster-content'  data-responsive-json-new='{\"font-size\":\"desktop:18px;\",\"line-height\":\"\"}' data-tooltip-content-style=\"width:300px;padding:5px;\"data-tooltip-base-style=\"background-color:#f7f9f2;color:#4c4c4c;text-align:center;\" data-bubble-arrow=\"true\" data-tooltipanimation=\"glow\"data-trigger=\"click\"data-tooltip-offsety=\"10\" class='ult-tooltipstered ult-hotspot-tooltip' href='#' data-status='show'><div class=\"ult-just-icon-wrapper  \"><div class=\"align-icon\" style=\"text-align:center;\">\n<div class=\"aio-icon  \"  style=\"color:#33a83b;font-size:20px;display:inline-block;\">\n\t<i class=\"Defaults-map-marker\"><\/i>\n<\/div><\/div><\/div><span class='hotspot-tooltip-content'>&lt;\/p&gt;\n&lt;h5 style=&#039;text-align: center;&#039;&gt;PAVIMENTO EN CORCHO&lt;\/h5&gt;\n&lt;p style=&#039;text-align: center;&#039;&gt;&lt;a href=&#039;https:\/\/myecobuild.csustentavel.com\/pavimentos-de-interior\/pavimentos-em-cortica\/empresas-pavimentos-em-cortica\/&#039;&gt;Ver empresas&lt;\/a&gt;&lt;\/p&gt;\n&lt;p&gt;<\/span>  <\/a> <\/div><!-- ICON WRAP --><\/div>\n<\/div>     <div style='color:#000;' data-image='    '><\/div><\/div>[\/vc_column][\/vc_row]","protected":false},"excerpt":{"rendered":"<p>[vc_row][vc_column][vc_raw_html]JTNDYSUyMGhyZWYlM0QlMjJodHRwJTNBJTJGJTJGbXllY29idWlsZC5jc3VzdGVudGF2ZWwuY29tJTJGJTIyJTNFJTNDJTIwQXRyJUMzJUExcyUzQyUyRmElM0U=[\/vc_raw_html][\/vc_column][\/vc_row][vc_row fullwidth=\u00bbtrue\u00bb][vc_column width=\u00bb1\/2&#8243;][mk_fancy_title color=\u00bb#000000&#8243; size=\u00bb20&#8243; line_height=\u00bb135&#8243; txt_transform=\u00bbnone\u00bb font_family=\u00bbnone\u00bb align=\u00bbcenter\u00bb]Las puertas interiores son un elemento casi indispensable en nuestroshogares. Por lo tanto, siempre debe elegir materiales naturales y f\u00e1cilesde trabajar. La puerta interior m\u00e1s habitual es la de madera por suadaptaci\u00f3n a cualquier estructura, y suele combinarse con vidrio.[\/mk_fancy_title][\/vc_column][vc_column width=\u00bb1\/2&#8243;][\/vc_column][\/vc_row]<\/p>\n","protected":false},"author":3,"featured_media":0,"parent":997,"menu_order":0,"comment_status":"closed","ping_status":"closed","template":"","meta":{"_acf_changed":false,"footnotes":""},"class_list":["post-1026","page","type-page","status-publish","hentry"],"acf":[],"_links":{"self":[{"href":"https:\/\/myecobuild.csustentavel.com\/es\/wp-json\/wp\/v2\/pages\/1026"}],"collection":[{"href":"https:\/\/myecobuild.csustentavel.com\/es\/wp-json\/wp\/v2\/pages"}],"about":[{"href":"https:\/\/myecobuild.csustentavel.com\/es\/wp-json\/wp\/v2\/types\/page"}],"author":[{"embeddable":true,"href":"https:\/\/myecobuild.csustentavel.com\/es\/wp-json\/wp\/v2\/users\/3"}],"replies":[{"embeddable":true,"href":"https:\/\/myecobuild.csustentavel.com\/es\/wp-json\/wp\/v2\/comments?post=1026"}],"version-history":[{"count":18,"href":"https:\/\/myecobuild.csustentavel.com\/es\/wp-json\/wp\/v2\/pages\/1026\/revisions"}],"predecessor-version":[{"id":3600,"href":"https:\/\/myecobuild.csustentavel.com\/es\/wp-json\/wp\/v2\/pages\/1026\/revisions\/3600"}],"up":[{"embeddable":true,"href":"https:\/\/myecobuild.csustentavel.com\/es\/wp-json\/wp\/v2\/pages\/997"}],"wp:attachment":[{"href":"https:\/\/myecobuild.csustentavel.com\/es\/wp-json\/wp\/v2\/media?parent=1026"}],"curies":[{"name":"wp","href":"https:\/\/api.w.org\/{rel}","templated":true}]}}