{"id":1069,"date":"2018-06-29T19:01:05","date_gmt":"2018-06-29T19:01:05","guid":{"rendered":"http:\/\/myecobuild.csustentavel.com\/?page_id=1069"},"modified":"2021-02-10T16:06:53","modified_gmt":"2021-02-10T16:06:53","slug":"portas-opacas-de-alta-seguranca","status":"publish","type":"page","link":"https:\/\/myecobuild.csustentavel.com\/es\/portas-de-exterior\/portas-opacas-de-alta-seguranca\/","title":{"rendered":"Puertas de alta seguridad"},"content":{"rendered":"[vc_row][vc_column][vc_raw_html]JTNDYSUyMGhyZWYlM0QlMjJodHRwJTNBJTJGJTJGbXllY29idWlsZC5jc3VzdGVudGF2ZWwuY29tJTJGJTIyJTNFJTNDJTIwQXRyJUMzJUExcyUzQyUyRmElM0U=[\/vc_raw_html][\/vc_column][\/vc_row][vc_row fullwidth=\u00bbtrue\u00bb][vc_column width=\u00bb1\/2&#8243;][mk_fancy_title color=\u00bb#000000&#8243; size=\u00bb20&#8243; line_height=\u00bb135&#8243; txt_transform=\u00bbnone\u00bb font_family=\u00bbnone\u00bb align=\u00bbcenter\u00bb]Para puertas exteriores, la seguridad es una prioridad. Elija una puerta de alto rendimiento que garantice en un solo producto resistencia a la intrusi\u00f3n, excelente capacidad de aislamiento t\u00e9rmico y alto rendimiento a nivel de cortafuegos y ac\u00fastica.[\/mk_fancy_title][\/vc_column][vc_column width=\u00bb1\/2&#8243;]<div class='ult_hotspot_container ult-adjust-bottom-margin ult-hotspot-tooltip-wrapper ' style=>  <img class='ult_hotspot_image' src=https:\/\/myecobuild.csustentavel.com\/wp-content\/uploads\/2018\/06\/portas-exterior.jpg alt='null'\/>     <div class='utl-hotspot-items ult-hotspot-item'><div class='ult-hotspot-item ' style='top:-webkit-calc(26.92497052954743% - 20px);top:-moz-calc(26.92497052954743% - 20px);top:calc(26.92497052954743% - 20px);left: -webkit-calc(55.29481508895033% - 20px);left: -moz-calc(55.29481508895033% - 20px);left: calc(55.29481508895033% - 20px);' >  <div style='z-index: 39;position: relative;'>   <a data-link_style='tootip' data-mycust-id=\"hotspot-tooltip-4661\"  data-ultimate-target='#hotspot-tooltip-4661 .ult-tooltipster-content'  data-responsive-json-new='{\"font-size\":\"desktop:18px;\",\"line-height\":\"\"}' data-tooltip-content-style=\"width:300px;padding:5px;\"data-tooltip-base-style=\"background-color:#f7f9f2;color:#4c4c4c;text-align:center;\" data-bubble-arrow=\"true\" data-tooltipanimation=\"glow\"data-trigger=\"click\"data-tooltip-offsety=\"20\" class='ult-tooltipstered ult-hotspot-tooltip' href='#' data-status='show'><div class=\"ult-just-icon-wrapper  \"><div class=\"align-icon\" style=\"text-align:center;\">\n<div class=\"aio-icon  \"  style=\"color:#f43711;font-size:40px;display:inline-block;\">\n\t<i class=\"Defaults-map-marker\"><\/i>\n<\/div><\/div><\/div><span class='hotspot-tooltip-content'>\n&lt;h5 style=&#039;text-align: center;&#039;&gt;PUERTA DE EXTERIOR&lt;\/h5&gt;\n&lt;p style=&#039;text-align: center;&#039;&gt;&lt;a href=&#039;http:\/\/myecobuild.csustentavel.com\/portas-de-interior\/portas-de-madeira\/empresas-portas\/&#039;&gt;Ver empresas&lt;\/a&gt;&lt;\/p&gt;\n&lt;p&gt;<\/span>  <\/a> <\/div><!-- ICON WRAP --> <div class='ult-glow' style=&quot;background-color:#eeee22&quot;><\/div><\/div><div class='ult-hotspot-item ' style='top:-webkit-calc(43.82231596744422% - 10px);top:-moz-calc(43.82231596744422% - 10px);top:calc(43.82231596744422% - 10px);left: -webkit-calc(82.46320364670284% - 10px);left: -moz-calc(82.46320364670284% - 10px);left: calc(82.46320364670284% - 10px);' >  <div style='z-index: 39;position: relative;'>   <a data-link_style='tootip' data-mycust-id=\"hotspot-tooltip-9785\"  data-ultimate-target='#hotspot-tooltip-9785 .ult-tooltipster-content'  data-responsive-json-new='{\"font-size\":\"desktop:18px;\",\"line-height\":\"\"}' data-tooltip-content-style=\"width:300px;padding:5px;\"data-tooltip-base-style=\"background-color:#f7f9f2;color:#4c4c4c;text-align:center;\" data-bubble-arrow=\"true\" data-tooltipanimation=\"glow\"data-trigger=\"click\"data-tooltip-offsety=\"10\" class='ult-tooltipstered ult-hotspot-tooltip' href='#' data-status='show'><div class=\"ult-just-icon-wrapper  \"><div class=\"align-icon\" style=\"text-align:center;\">\n<div class=\"aio-icon  \"  style=\"color:#33a83b;font-size:20px;display:inline-block;\">\n\t<i class=\"Defaults-map-marker\"><\/i>\n<\/div><\/div><\/div><span class='hotspot-tooltip-content'>&lt;\/p&gt;\n&lt;h5 style=&#039;text-align: center;&#039;&gt;PLACA DE YESO&lt;\/h5&gt;\n&lt;p style=&#039;text-align: center;&#039;&gt;&lt;a href=&#039;http:\/\/myecobuild.csustentavel.com\/paredes-interiores\/revestimento-interior\/empresas-perfis-de-aco-e-placa-de-gesso\/&#039;&gt;Ver empresas&lt;\/a&gt;&lt;\/p&gt;\n&lt;p&gt;<\/span>  <\/a> <\/div><!-- ICON WRAP --><\/div><div class='ult-hotspot-item ' style='top:-webkit-calc(75.79387682482853% - 10px);top:-moz-calc(75.79387682482853% - 10px);top:calc(75.79387682482853% - 10px);left: -webkit-calc(13.587047341271912% - 10px);left: -moz-calc(13.587047341271912% - 10px);left: calc(13.587047341271912% - 10px);' >  <div style='z-index: 39;position: relative;'>   <a data-link_style='tootip' data-mycust-id=\"hotspot-tooltip-4072\"  data-ultimate-target='#hotspot-tooltip-4072 .ult-tooltipster-content'  data-responsive-json-new='{\"font-size\":\"desktop:18px;\",\"line-height\":\"\"}' data-tooltip-content-style=\"width:300px;padding:5px;\"data-tooltip-base-style=\"background-color:#f7f9f2;color:#4c4c4c;text-align:center;\" data-bubble-arrow=\"true\" data-tooltipanimation=\"glow\"data-trigger=\"click\"data-tooltip-offsety=\"10\" class='ult-tooltipstered ult-hotspot-tooltip' href='#' data-status='show'><div class=\"ult-just-icon-wrapper  \"><div class=\"align-icon\" style=\"text-align:center;\">\n<div class=\"aio-icon  \"  style=\"color:#33a83b;font-size:20px;display:inline-block;\">\n\t<i class=\"Defaults-map-marker\"><\/i>\n<\/div><\/div><\/div><span class='hotspot-tooltip-content'>&lt;\/p&gt;\n&lt;h5 style=&#039;text-align: center;&#039;&gt;AISLAMIENTO EM CORCHO&lt;\/h5&gt;\n&lt;p style=&#039;text-align: center;&#039;&gt;&lt;a href=&#039;http:\/\/myecobuild.csustentavel.com\/paredes-exteriores\/isolamento\/empresas-cortica\/&#039;&gt;Ver empresas&lt;\/a&gt;&lt;\/p&gt;\n&lt;p&gt;<\/span>  <\/a> <\/div><!-- ICON WRAP --><\/div><div class='ult-hotspot-item ' style='top:-webkit-calc(76.4247303624307% - 10px);top:-moz-calc(76.4247303624307% - 10px);top:calc(76.4247303624307% - 10px);left: -webkit-calc(69.78184565199608% - 10px);left: -moz-calc(69.78184565199608% - 10px);left: calc(69.78184565199608% - 10px);' >  <div style='z-index: 39;position: relative;'>   <a data-link_style='tootip' data-mycust-id=\"hotspot-tooltip-8199\"  data-ultimate-target='#hotspot-tooltip-8199 .ult-tooltipster-content'  data-responsive-json-new='{\"font-size\":\"desktop:18px;\",\"line-height\":\"\"}' data-tooltip-content-style=\"width:300px;padding:5px;\"data-tooltip-base-style=\"background-color:#f7f9f2;color:#4c4c4c;text-align:center;\" data-bubble-arrow=\"true\" data-tooltipanimation=\"glow\"data-trigger=\"click\"data-tooltip-offsety=\"10\" class='ult-tooltipstered ult-hotspot-tooltip' href='#' data-status='show'><div class=\"ult-just-icon-wrapper  \"><div class=\"align-icon\" style=\"text-align:center;\">\n<div class=\"aio-icon  \"  style=\"color:#33a83b;font-size:20px;display:inline-block;\">\n\t<i class=\"Defaults-map-marker\"><\/i>\n<\/div><\/div><\/div><span class='hotspot-tooltip-content'>&lt;\/p&gt;\n&lt;h5 style=&#039;text-align: center;&#039;&gt;\u00a0REVESTIMIENTO EN CORCHO&lt;\/h5&gt;\n&lt;p style=&#039;text-align: center;&#039;&gt;&lt;a href=&#039;https:\/\/myecobuild.csustentavel.com\/es\/pavimentos-de-interior\/pavimentos-em-cortica\/empresas-pavimentos-em-cortica\/&#039;&gt;Ver empresas&lt;\/a&gt;&lt;\/p&gt;\n&lt;p&gt;<\/span>  <\/a> <\/div><!-- ICON WRAP --><\/div>\n<\/div>     <div style='color:#000;' data-image='    '><\/div><\/div>[\/vc_column][\/vc_row][vc_row][vc_column][vc_column_text][\/vc_column_text][\/vc_column][\/vc_row]","protected":false},"excerpt":{"rendered":"<p>[vc_row][vc_column][vc_raw_html]JTNDYSUyMGhyZWYlM0QlMjJodHRwJTNBJTJGJTJGbXllY29idWlsZC5jc3VzdGVudGF2ZWwuY29tJTJGJTIyJTNFJTNDJTIwQXRyJUMzJUExcyUzQyUyRmElM0U=[\/vc_raw_html][\/vc_column][\/vc_row][vc_row fullwidth=\u00bbtrue\u00bb][vc_column width=\u00bb1\/2&#8243;][mk_fancy_title color=\u00bb#000000&#8243; size=\u00bb20&#8243; line_height=\u00bb135&#8243; txt_transform=\u00bbnone\u00bb font_family=\u00bbnone\u00bb align=\u00bbcenter\u00bb]Para puertas exteriores, la seguridad es una prioridad. Elija una puerta de alto rendimiento que garantice en un solo producto resistencia a la intrusi\u00f3n, excelente capacidad de aislamiento t\u00e9rmico y alto rendimiento a nivel de cortafuegos y ac\u00fastica.[\/mk_fancy_title][\/vc_column][vc_column width=\u00bb1\/2&#8243;][\/vc_column][\/vc_row][vc_row][vc_column][vc_column_text][\/vc_column_text][\/vc_column][\/vc_row]<\/p>\n","protected":false},"author":3,"featured_media":0,"parent":1067,"menu_order":0,"comment_status":"closed","ping_status":"closed","template":"","meta":{"_acf_changed":false,"footnotes":""},"class_list":["post-1069","page","type-page","status-publish","hentry"],"acf":[],"_links":{"self":[{"href":"https:\/\/myecobuild.csustentavel.com\/es\/wp-json\/wp\/v2\/pages\/1069"}],"collection":[{"href":"https:\/\/myecobuild.csustentavel.com\/es\/wp-json\/wp\/v2\/pages"}],"about":[{"href":"https:\/\/myecobuild.csustentavel.com\/es\/wp-json\/wp\/v2\/types\/page"}],"author":[{"embeddable":true,"href":"https:\/\/myecobuild.csustentavel.com\/es\/wp-json\/wp\/v2\/users\/3"}],"replies":[{"embeddable":true,"href":"https:\/\/myecobuild.csustentavel.com\/es\/wp-json\/wp\/v2\/comments?post=1069"}],"version-history":[{"count":16,"href":"https:\/\/myecobuild.csustentavel.com\/es\/wp-json\/wp\/v2\/pages\/1069\/revisions"}],"predecessor-version":[{"id":3433,"href":"https:\/\/myecobuild.csustentavel.com\/es\/wp-json\/wp\/v2\/pages\/1069\/revisions\/3433"}],"up":[{"embeddable":true,"href":"https:\/\/myecobuild.csustentavel.com\/es\/wp-json\/wp\/v2\/pages\/1067"}],"wp:attachment":[{"href":"https:\/\/myecobuild.csustentavel.com\/es\/wp-json\/wp\/v2\/media?parent=1069"}],"curies":[{"name":"wp","href":"https:\/\/api.w.org\/{rel}","templated":true}]}}