{"id":1338,"date":"2018-07-09T20:05:14","date_gmt":"2018-07-09T20:05:14","guid":{"rendered":"http:\/\/myecobuild.csustentavel.com\/?page_id=1338"},"modified":"2021-02-03T10:11:52","modified_gmt":"2021-02-03T10:11:52","slug":"empresas-coberturas-verdes","status":"publish","type":"page","link":"https:\/\/myecobuild.csustentavel.com\/es\/cobertura-verde\/cobertura-leve-em-tapete-de-sedum\/empresas-coberturas-verdes\/","title":{"rendered":"empresas coberturas verdes"},"content":{"rendered":"[vc_row][vc_column][vc_raw_html css=\u00bb.vc_custom_1521343834796{margin-bottom: 0px !important;}\u00bb]JTNDYSUyMGhyZWYlM0QlMjJqYXZhc2NyaXB0JTNBaGlzdG9yeS5nbyUyOC0xJTI5JTIyJTNFJTNDJTIwVm9sdGFyJTNDJTJGYSUzRQ==[\/vc_raw_html][mk_employees style=\u00bbclassic\u00bb column=\u00bb1&#8243; custom_image_size=\u00bbtrue\u00bb image_size=\u00bbfull\u00bb count=\u00bb-1&#8243; order=\u00bbASC\u00bb orderby=\u00bbtitle\u00bb categories=\u00bbempresas-coberturas-verdes\u00bb][vc_empty_space height=\u00bb5px\u00bb][vc_column_text]\n<p style=\"text-align: center;\">Para mais informa\u00e7\u00f5es visite o<br \/>\n<strong><a href=\"http:\/\/www.csustentavel.com\/\" target=\"_blank\" rel=\"noopener\">PORTAL DA CONSTRU\u00c7\u00c3O SUSTENT\u00c1VEL<\/a><\/strong><\/p>\n[\/vc_column_text][\/vc_column][\/vc_row]","protected":false},"excerpt":{"rendered":"<p>[vc_row][vc_column][vc_raw_html css=\u00bb.vc_custom_1521343834796{margin-bottom: 0px !important;}\u00bb]JTNDYSUyMGhyZWYlM0QlMjJqYXZhc2NyaXB0JTNBaGlzdG9yeS5nbyUyOC0xJTI5JTIyJTNFJTNDJTIwVm9sdGFyJTNDJTJGYSUzRQ==[\/vc_raw_html][mk_employees style=\u00bbclassic\u00bb column=\u00bb1&#8243; custom_image_size=\u00bbtrue\u00bb image_size=\u00bbfull\u00bb count=\u00bb-1&#8243; order=\u00bbASC\u00bb orderby=\u00bbtitle\u00bb categories=\u00bbempresas-coberturas-verdes\u00bb][vc_empty_space height=\u00bb5px\u00bb][vc_column_text] Para mais informa\u00e7\u00f5es visite o PORTAL DA CONSTRU\u00c7\u00c3O SUSTENT\u00c1VEL [\/vc_column_text][\/vc_column][\/vc_row]<\/p>\n","protected":false},"author":3,"featured_media":0,"parent":1331,"menu_order":0,"comment_status":"closed","ping_status":"closed","template":"","meta":{"_acf_changed":false,"footnotes":""},"class_list":["post-1338","page","type-page","status-publish","hentry"],"acf":[],"_links":{"self":[{"href":"https:\/\/myecobuild.csustentavel.com\/es\/wp-json\/wp\/v2\/pages\/1338"}],"collection":[{"href":"https:\/\/myecobuild.csustentavel.com\/es\/wp-json\/wp\/v2\/pages"}],"about":[{"href":"https:\/\/myecobuild.csustentavel.com\/es\/wp-json\/wp\/v2\/types\/page"}],"author":[{"embeddable":true,"href":"https:\/\/myecobuild.csustentavel.com\/es\/wp-json\/wp\/v2\/users\/3"}],"replies":[{"embeddable":true,"href":"https:\/\/myecobuild.csustentavel.com\/es\/wp-json\/wp\/v2\/comments?post=1338"}],"version-history":[{"count":8,"href":"https:\/\/myecobuild.csustentavel.com\/es\/wp-json\/wp\/v2\/pages\/1338\/revisions"}],"predecessor-version":[{"id":3327,"href":"https:\/\/myecobuild.csustentavel.com\/es\/wp-json\/wp\/v2\/pages\/1338\/revisions\/3327"}],"up":[{"embeddable":true,"href":"https:\/\/myecobuild.csustentavel.com\/es\/wp-json\/wp\/v2\/pages\/1331"}],"wp:attachment":[{"href":"https:\/\/myecobuild.csustentavel.com\/es\/wp-json\/wp\/v2\/media?parent=1338"}],"curies":[{"name":"wp","href":"https:\/\/api.w.org\/{rel}","templated":true}]}}