{"id":1403,"date":"2018-07-18T15:06:15","date_gmt":"2018-07-18T15:06:15","guid":{"rendered":"http:\/\/myecobuild.csustentavel.com\/?page_id=1403"},"modified":"2021-01-08T12:02:57","modified_gmt":"2021-01-08T12:02:57","slug":"revestimentos","status":"publish","type":"page","link":"https:\/\/myecobuild.csustentavel.com\/es\/revestimentos\/","title":{"rendered":"Amorim Cork Flooring"},"content":{"rendered":"[vc_row][vc_column][mk_padding_divider size=\u00bb60&#8243;][mk_fancy_title size=\u00bb28&#8243; font_family=\u00bbnone\u00bb]WISE POR AMORIM[\/mk_fancy_title][vc_single_image image=\u00bb2859&#8243; img_size=\u00bbfull\u00bb][mk_fancy_title size=\u00bb20&#8243; font_family=\u00bbnone\u00bb]<strong>Sustentabilidad<\/strong>[\/mk_fancy_title][vc_column_text css=\u00bb.vc_custom_1610106095310{margin-bottom: 0px !important;}\u00bb]\n<p style=\"text-align: center;\">Con el respeto por la naturaleza y el bienestar como sus principales valores, Amorim logr\u00f3 lograr una notable huella de carbono negativa en todos sus procesos, contribuyendo a reducir el Potencial de Calentamiento Global.Cada paso deja huella y nuestra marca es positiva.<\/p>\n[\/vc_column_text][mk_fancy_title size=\u00bb20&#8243; font_family=\u00bbnone\u00bb]<strong>Caracteristicas<\/strong>[\/mk_fancy_title][vc_column_text css=\u00bb.vc_custom_1610106134854{margin-bottom: 0px !important;}\u00bb]\n<p style=\"text-align: center;\">Wise es un suelo 100% sostenible, sin PVC y con huella de carbono negativa, fabricado con corcho y materiales reciclados, combinando la sostenibilidad con los beneficios del corcho. Su n\u00facleo innovador, Cork Rigid Core, tambi\u00e9n aporta beneficios como una estabilidad dimensional superior y la necesidad de una preparaci\u00f3n m\u00ednima de la base.<\/p>\n[\/vc_column_text][mk_fancy_title size=\u00bb20&#8243; font_family=\u00bbnone\u00bb]<strong>Aplicaciones<\/strong>[\/mk_fancy_title][vc_column_text css=\u00bb.vc_custom_1610106162934{margin-bottom: 0px !important;}\u00bb]\n<p style=\"text-align: center;\">Con un acabado de alta resistencia en todas las soluciones, Wise se puede aplicar en \u00e1reas comerciales de alto tr\u00e1nsito (clase 33), permitiendo su instalaci\u00f3n en grandes superficies, hasta 300 m2, sin necesidad de juntas de transici\u00f3n. Al ser impermeable, se puede instalar en \u00e1reas como cocinas y ba\u00f1os.<\/p>\n[\/vc_column_text][vc_single_image image=\u00bb2867&#8243; img_size=\u00bbfull\u00bb][vc_single_image image=\u00bb2860&#8243; img_size=\u00bbfull\u00bb][\/vc_column][\/vc_row][vc_row][vc_column][mk_padding_divider size=\u00bb60&#8243;][mk_fancy_title size=\u00bb28&#8243; font_family=\u00bbnone\u00bb]WOOD ESSENCE POR WICANDERS[\/mk_fancy_title][vc_single_image image=\u00bb2861&#8243; img_size=\u00bbfull\u00bb][mk_fancy_title size=\u00bb20&#8243; font_family=\u00bbnone\u00bb]<strong>Sustentabilidad<\/strong>[\/mk_fancy_title][vc_column_text css=\u00bb.vc_custom_1610106245547{margin-bottom: 0px !important;}\u00bb]\n<p style=\"text-align: center;\">Wicanders pone a la naturaleza en el punto de partida para un futuro mejor, investigando y creandosoluciones de recubrimiento que brinden una mejor calidad de vida, preservando el medio ambiente.<br \/>\nLa esencia de los productos Wicanders es el corcho, un producto natural que se regenera a s\u00ed mismo(la corteza del alcornoque), despojado sin da\u00f1ar ni cortar el \u00e1rbol, en un proceso manual y ancestral.<br \/>\nCada paso deja una huella y el nuestro es \u201cClima Positivo\u201d. El 60% de los productos Wicanders tienenuna huella de carbono negativa.<\/p>\n[\/vc_column_text][mk_fancy_title size=\u00bb20&#8243; font_family=\u00bbnone\u00bb]<strong>Caracteristicas<\/strong>[\/mk_fancy_title][vc_column_text css=\u00bb.vc_custom_1610106280190{margin-bottom: 0px !important;}\u00bb]\n<p style=\"text-align: center;\">Wood Essence destaca entre los productos m\u00e1s naturales y sostenibles de Wicanders. Esta l\u00ednea deproductos, libre de PVC y tecnolog\u00eda de impresi\u00f3n digital, se aplica directamente sobre el corcho y nospermite lograr una oferta de apariencia extremadamente realista que se puede comparar con lamadera natural. Con colores que var\u00edan entre el camel y el beige claro, esta colecci\u00f3n ofrece variasopciones en una paleta de 17 looks cuya elegancia destaca por el formato largo de 1830 x 185 x 11,5mm. El efecto de este formato se ve reforzado por 4 lados microbiselados.<br \/>\nWood Essence es unanotable alternativa a la madera natural, con el valor a\u00f1adido de ser una alternativa sosteniblecomplementada con el confort inigualable que aporta el corcho.<\/p>\n[\/vc_column_text][mk_fancy_title size=\u00bb20&#8243; font_family=\u00bbnone\u00bb]<strong>Aplicaciones<\/strong>[\/mk_fancy_title][vc_column_text css=\u00bb.vc_custom_1610106299158{margin-bottom: 0px !important;}\u00bb]\n<p style=\"text-align: center;\">Con un acabado de barniz NPC sostenible y altamente resistente, estos visuales tienen una textura derelieve natural que permite que el piso sea adecuado para uso residencial y uso comercial de tr\u00e1ficomoderado.<\/p>\n[\/vc_column_text][vc_single_image image=\u00bb2864&#8243; img_size=\u00bbfull\u00bb][vc_single_image image=\u00bb2869&#8243; img_size=\u00bbfull\u00bb][\/vc_column][\/vc_row][vc_row][vc_column][mk_padding_divider size=\u00bb60&#8243;][mk_fancy_title size=\u00bb28&#8243; font_family=\u00bbnone\u00bb]CORK GO \/ ESSENCE POR WICANDERS[\/mk_fancy_title][vc_single_image image=\u00bb2862&#8243; img_size=\u00bbfull\u00bb][mk_fancy_title size=\u00bb20&#8243; font_family=\u00bbnone\u00bb]<strong>Sustentabilidad<\/strong>[\/mk_fancy_title][vc_column_text css=\u00bb.vc_custom_1610105940505{margin-bottom: 0px !important;}\u00bb]\n<p style=\"text-align: center;\">Wicanders pone la naturaleza en el punto de partida para un futuro mejor, investigando y creando soluciones de recubrimiento que brinden una mejor calidad de vida, al tiempo que preservan el medio ambiente. Los productos Wicanders tienen el corcho como esencia. Un producto natural que se autoregenera &#8211; la corteza del alcornoque &#8211; despojado sin da\u00f1ar ni cortar el \u00e1rbol, en un proceso manual y ancestral.<\/p>\n[\/vc_column_text][mk_fancy_title size=\u00bb20&#8243; font_family=\u00bbnone\u00bb]<strong>Caracteristicas<\/strong>[\/mk_fancy_title][vc_column_text css=\u00bb.vc_custom_1610105977479{margin-bottom: 0px !important;}\u00bb]\n<p style=\"text-align: center;\">Los suelos de corcho, que existen desde hace varias d\u00e9cadas, se han puesto de moda sin lugar a dudas, principalmente debido al hecho de que el corcho es un recurso ecol\u00f3gico y renovable, que ofrece un conjunto \u00fanico de beneficios. Varios elementos decorativos de corcho con clase est\u00e1n disponibles en el color natural del corcho o pintados en colores claros u oscuros, que se adaptan a su espacio y lo enriquecen. Disponible en dimensiones 905 x 295, encontramos visuales desde lo tradicional a lo moderno, pero todo con la riqueza de este material natural.<\/p>\n[\/vc_column_text][mk_fancy_title size=\u00bb20&#8243; font_family=\u00bbnone\u00bb]<strong>Aplicaciones<\/strong>[\/mk_fancy_title][vc_column_text css=\u00bb.vc_custom_1610106004943{margin-bottom: 0px !important;}\u00bb]\n<p style=\"text-align: center;\">Con un acabado de barniz mate, estas im\u00e1genes son adecuadas para su uso en \u00e1reas residenciales o comerciales con poco tr\u00e1fico.<\/p>\n[\/vc_column_text][vc_single_image image=\u00bb2863&#8243; img_size=\u00bbfull\u00bb][vc_single_image image=\u00bb2869&#8243; img_size=\u00bbfull\u00bb][\/vc_column][\/vc_row][vc_row][vc_column][mk_fancy_title size=\u00bb20&#8243; font_family=\u00bbnone\u00bb]\n<p style=\"text-align: center;\" align=\"LEFT\">Amorim Cork Flooring<\/p>\n<p style=\"text-align: center;\" align=\"LEFT\">Rua do Ribeirinho, n\u00ba 202, Apartado 13<\/p>\n<p style=\"text-align: center;\" align=\"LEFT\">4536 \u2013 907 S.Paio Oleiros I PORTUGAL<\/p>\n<p style=\"text-align: center;\" align=\"LEFT\">Telf +351 227 475 600 | Fax +351 227 475 601<\/p>\n<p style=\"text-align: center;\"><a href=\"mailto:wicanders.ar@amorim.com\" target=\"_blank\" rel=\"noopener\">wicanders.ar@amorim.com<\/a><\/p>\n[\/mk_fancy_title][\/vc_column][\/vc_row]","protected":false},"excerpt":{"rendered":"<p>[vc_row][vc_column][mk_padding_divider size=\u00bb60&#8243;][mk_fancy_title size=\u00bb28&#8243; font_family=\u00bbnone\u00bb]WISE POR AMORIM[\/mk_fancy_title][vc_single_image image=\u00bb2859&#8243; img_size=\u00bbfull\u00bb][mk_fancy_title size=\u00bb20&#8243; font_family=\u00bbnone\u00bb]Sustentabilidad[\/mk_fancy_title][vc_column_text css=\u00bb.vc_custom_1610106095310{margin-bottom: 0px !important;}\u00bb] Con el respeto por la naturaleza y el bienestar como sus principales valores, Amorim logr\u00f3 lograr una notable huella de carbono negativa en todos sus procesos, contribuyendo a reducir el Potencial de Calentamiento Global.Cada paso deja huella y nuestra marca es positiva. [&hellip;]<\/p>\n","protected":false},"author":1,"featured_media":0,"parent":0,"menu_order":0,"comment_status":"closed","ping_status":"closed","template":"","meta":{"_acf_changed":false,"footnotes":""},"class_list":["post-1403","page","type-page","status-publish","hentry"],"acf":[],"_links":{"self":[{"href":"https:\/\/myecobuild.csustentavel.com\/es\/wp-json\/wp\/v2\/pages\/1403"}],"collection":[{"href":"https:\/\/myecobuild.csustentavel.com\/es\/wp-json\/wp\/v2\/pages"}],"about":[{"href":"https:\/\/myecobuild.csustentavel.com\/es\/wp-json\/wp\/v2\/types\/page"}],"author":[{"embeddable":true,"href":"https:\/\/myecobuild.csustentavel.com\/es\/wp-json\/wp\/v2\/users\/1"}],"replies":[{"embeddable":true,"href":"https:\/\/myecobuild.csustentavel.com\/es\/wp-json\/wp\/v2\/comments?post=1403"}],"version-history":[{"count":43,"href":"https:\/\/myecobuild.csustentavel.com\/es\/wp-json\/wp\/v2\/pages\/1403\/revisions"}],"predecessor-version":[{"id":2892,"href":"https:\/\/myecobuild.csustentavel.com\/es\/wp-json\/wp\/v2\/pages\/1403\/revisions\/2892"}],"wp:attachment":[{"href":"https:\/\/myecobuild.csustentavel.com\/es\/wp-json\/wp\/v2\/media?parent=1403"}],"curies":[{"name":"wp","href":"https:\/\/api.w.org\/{rel}","templated":true}]}}