{"id":1439,"date":"2018-07-24T12:47:41","date_gmt":"2018-07-24T12:47:41","guid":{"rendered":"http:\/\/myecobuild.csustentavel.com\/?page_id=1439"},"modified":"2021-01-18T13:08:12","modified_gmt":"2021-01-18T13:08:12","slug":"alucobond-ecoprodutos","status":"publish","type":"page","link":"https:\/\/myecobuild.csustentavel.com\/es\/alucobond-ecoprodutos\/","title":{"rendered":"Alucobond"},"content":{"rendered":"[vc_row][vc_column][mk_fancy_title size=\u00bb28&#8243; margin_bottom=\u00bb10&#8243; font_family=\u00bbnone\u00bb]Fachadas Ventiladas[\/mk_fancy_title][vc_single_image image=\u00bb1442&#8243; img_size=\u00bbfull\u00bb][mk_fancy_title size=\u00bb20&#8243; font_family=\u00bbnone\u00bb]<strong>Sustentabilidade<\/strong>[\/mk_fancy_title][vc_column_text]\n<p style=\"text-align: center;\">ALUCOBOND\u00ae para fachadas ventiladas une as caracter\u00edsticas de constru\u00e7\u00e3o eficiente em termos energ\u00e9ticos, viabilidade econ\u00f4mica e qualidade arquitet\u00f3nica. A t\u00e9cnica construtiva de fachada ventilada \u00e9 apropriada para a estrutura fachadas em constru\u00e7\u00f5es antigas e novas, bem como constru\u00e7\u00f5es de telhados e aplica\u00e7\u00f5es interiores.<\/p>\n<p style=\"text-align: center;\">ALUCOBOND\u00ae \u00e9 completamente recicl\u00e1vel, ou seja, o material de n\u00facleo e as chapas de cobertura de alum\u00ednio s\u00e3o devolvidas ao ciclo de material e utilizadas na produ\u00e7\u00e3o de material novo. Para separar o material \u00e9 poss\u00edvel, por exemplo, desmantel\u00e1-lo com uma fresa de l\u00e2minas e, em seguida, classific\u00e1-lo.<\/p>\n[\/vc_column_text][mk_fancy_title size=\u00bb20&#8243; font_family=\u00bbnone\u00bb]<strong>Caracter\u00edsticas<\/strong>[\/mk_fancy_title][vc_column_text]\n<p style=\"text-align: center;\">\u00c9 o elevado valor material do alum\u00ednio que oferece \u00e0 economia o est\u00edmulo mais importante com vista \u00e0 reciclagem. O alum\u00ednio \u00e9 totalmente recicl\u00e1vel, sem perder as suas caracter\u00edsticas. Para a fundi\u00e7\u00e3o de sucata s\u00e3o necess\u00e1rios apenas 5% da energia que foi necess\u00e1ria para a primeira produ\u00e7\u00e3o. Como tal, a utilidade da reciclagem para o meio ambiente \u00e9 evidente.<\/p>\n[\/vc_column_text][mk_fancy_title size=\u00bb20&#8243; font_family=\u00bbnone\u00bb]<strong>Aplica\u00e7\u00f5es<\/strong>[\/mk_fancy_title][vc_column_text]\n<p style=\"text-align: center;\">As boas caracter\u00edsticas do material contribuem para a inspira\u00e7\u00e3o e permitem<br \/>\nsolu\u00e7\u00f5es inovadoras para toda a largura de banda na arquitetura &#8211; desde a cultura habitacional privada, passando por edif\u00edcios p\u00fablicos, sedes de empresas representativas e escrit\u00f3rios at\u00e9 ao com\u00e9rcio e \u00e0 ind\u00fastria.<\/p>\n[\/vc_column_text][vc_single_image image=\u00bb1444&#8243; img_size=\u00bbfull\u00bb][mk_fancy_title size=\u00bb20&#8243; font_family=\u00bbnone\u00bb]\n<p style=\"text-align: center;\"><a href=\"http:\/\/www.alucobond.com\">www.alucobond.com<\/a><\/p>\n<p style=\"text-align: center;\"><a href=\"http:\/\/www.alucobond.com\/contact-form.html?&amp;no_cache=1&amp;L=6\">Contacto<\/a><\/p>\n<p>\u00a0[\/mk_fancy_title][\/vc_column][\/vc_row][vc_row][vc_column][\/vc_column][\/vc_row]","protected":false},"excerpt":{"rendered":"<p>[vc_row][vc_column][mk_fancy_title size=\u00bb28&#8243; margin_bottom=\u00bb10&#8243; font_family=\u00bbnone\u00bb]Fachadas Ventiladas[\/mk_fancy_title][vc_single_image image=\u00bb1442&#8243; img_size=\u00bbfull\u00bb][mk_fancy_title size=\u00bb20&#8243; font_family=\u00bbnone\u00bb]Sustentabilidade[\/mk_fancy_title][vc_column_text] ALUCOBOND\u00ae para fachadas ventiladas une as caracter\u00edsticas de constru\u00e7\u00e3o eficiente em termos energ\u00e9ticos, viabilidade econ\u00f4mica e qualidade arquitet\u00f3nica. A t\u00e9cnica construtiva de fachada ventilada \u00e9 apropriada para a estrutura fachadas em constru\u00e7\u00f5es antigas e novas, bem como constru\u00e7\u00f5es de telhados e aplica\u00e7\u00f5es interiores. ALUCOBOND\u00ae \u00e9 completamente [&hellip;]<\/p>\n","protected":false},"author":3,"featured_media":0,"parent":0,"menu_order":0,"comment_status":"closed","ping_status":"closed","template":"","meta":{"_acf_changed":false,"footnotes":""},"class_list":["post-1439","page","type-page","status-publish","hentry"],"acf":[],"_links":{"self":[{"href":"https:\/\/myecobuild.csustentavel.com\/es\/wp-json\/wp\/v2\/pages\/1439"}],"collection":[{"href":"https:\/\/myecobuild.csustentavel.com\/es\/wp-json\/wp\/v2\/pages"}],"about":[{"href":"https:\/\/myecobuild.csustentavel.com\/es\/wp-json\/wp\/v2\/types\/page"}],"author":[{"embeddable":true,"href":"https:\/\/myecobuild.csustentavel.com\/es\/wp-json\/wp\/v2\/users\/3"}],"replies":[{"embeddable":true,"href":"https:\/\/myecobuild.csustentavel.com\/es\/wp-json\/wp\/v2\/comments?post=1439"}],"version-history":[{"count":13,"href":"https:\/\/myecobuild.csustentavel.com\/es\/wp-json\/wp\/v2\/pages\/1439\/revisions"}],"predecessor-version":[{"id":3063,"href":"https:\/\/myecobuild.csustentavel.com\/es\/wp-json\/wp\/v2\/pages\/1439\/revisions\/3063"}],"wp:attachment":[{"href":"https:\/\/myecobuild.csustentavel.com\/es\/wp-json\/wp\/v2\/media?parent=1439"}],"curies":[{"name":"wp","href":"https:\/\/api.w.org\/{rel}","templated":true}]}}