{"id":1447,"date":"2018-07-24T13:05:27","date_gmt":"2018-07-24T13:05:27","guid":{"rendered":"http:\/\/myecobuild.csustentavel.com\/?page_id=1447"},"modified":"2021-02-10T18:09:21","modified_gmt":"2021-02-10T18:09:21","slug":"amorim-isolamentos-ecoprodutos","status":"publish","type":"page","link":"https:\/\/myecobuild.csustentavel.com\/es\/amorim-isolamentos-ecoprodutos\/","title":{"rendered":"AMORIM CORK INSULATION | ECOPRODUTOS"},"content":{"rendered":"[vc_row][vc_column][vc_raw_html]JTNDYSUyMGhyZWYlM0QlMjJqYXZhc2NyaXB0JTNBaGlzdG9yeS5nbyUyOC0xJTI5JTIyJTNFJTNDJTIwQXRyJUMzJUExcyUzQyUyRmElM0U=[\/vc_raw_html][mk_fancy_title size=\u00bb28&#8243; font_family=\u00bbnone\u00bb]AGLOMERADO DE CORCHO EXPANDIDO[\/mk_fancy_title][vc_single_image image=\u00bb1449&#8243; img_size=\u00bbfull\u00bb][mk_fancy_title size=\u00bb20&#8243; font_family=\u00bbnone\u00bb]<strong>Sustentabilidad<\/strong>[\/mk_fancy_title][vc_column_text css=\u00bb.vc_custom_1610108129950{margin-bottom: 0px !important;}\u00bb]\n<p style=\"text-align: center;\">Si hay un material aislante 100% sostenible, es sin duda el aglomerado de corcho expandido. Es unamateria prima natural, ya que procede del alcornocal que se regenera de forma natural, y su procesode fabricaci\u00f3n no tiene ning\u00fan impacto negativo en el medio ambiente (los residuos del corcho seutilizan como combustible y la \u00fanica emisi\u00f3n durante el proceso de fabricaci\u00f3n es vapor de agua).<\/p>\n[\/vc_column_text][mk_fancy_title size=\u00bb20&#8243; font_family=\u00bbnone\u00bb]<strong>Caracteristicas<\/strong>[\/mk_fancy_title][vc_column_text css=\u00bb.vc_custom_1610108159766{margin-bottom: 0px !important;}\u00bb]\n<p style=\"text-align: center;\">Oferece excelentes caracter\u00edsticas t\u00e9rmicas (valor U 0,036 \/ 0,040 W \/ mk), ac\u00fasticas y antivibratorias.Durabilidad pr\u00e1cticamente ilimitada sin p\u00e9rdida de caracter\u00edsticas, a diferencia de los materialesaislantes a base de aceite. Es un material totalmente reciclable.<\/p>\n[\/vc_column_text][mk_fancy_title size=\u00bb20&#8243; font_family=\u00bbnone\u00bb]<strong>Aplicaciones<\/strong>[\/mk_fancy_title][vc_column_text css=\u00bb.vc_custom_1610108177607{margin-bottom: 0px !important;}\u00bb]\n<p style=\"text-align: center;\">Aislamientos t\u00e9rmicos y ac\u00fasticos: cubiertas planas, inclinadas, ajardinadas, paredes dobles simples ylosas. Aislamiento del exterior a la vista o con revestimiento &#8211; Sistema ETICS.<\/p>\n[\/vc_column_text][vc_single_image image=\u00bb2872&#8243; img_size=\u00bbfull\u00bb][\/vc_column][\/vc_row][vc_row][vc_column][mk_padding_divider size=\u00bb60&#8243;][mk_fancy_title size=\u00bb28&#8243; font_family=\u00bbnone\u00bb]MD FACHADA[\/mk_fancy_title][vc_single_image image=\u00bb2873&#8243; img_size=\u00bbfull\u00bb][mk_fancy_title size=\u00bb20&#8243; font_family=\u00bbnone\u00bb]<strong>Sustentabilidad<\/strong>[\/mk_fancy_title][vc_column_text css=\u00bb.vc_custom_1609938402264{margin-bottom: 0px !important;}\u00bb]\n<p style=\"text-align: center;\">El aglomerado de corcho expandido especial <strong>MDFACHADA<\/strong>, material 100% natural sin aditivos e impactos ambientales en su producci\u00f3n, es recomendado para aplicaciones en exteriores y tiene como trabajo de referencia su aplicaci\u00f3n en la fachada principal del pabell\u00f3n de Portugal en la Expo 2000 de Hannover \u2013 los arquitectos \u00c1lvaro Siza Vieira y Souto Moura \u2013 y en Coimbra desde 2002 sin ninguna anomal\u00eda aparente\u2026 Hay muchas otras referencias en Portugal y en el extranjero. Este historial, aunque reciente, nos permite garantizar que su durabilidad, cuando se expone, supere los 10 a\u00f1os, ya que en otras aplicaciones hay material sin p\u00e9rdida de caracter\u00edsticas durante m\u00e1s de 50 a\u00f1os.<\/p>\n[\/vc_column_text][mk_fancy_title size=\u00bb20&#8243; font_family=\u00bbnone\u00bb]<strong>Caracteristicas<\/strong>[\/mk_fancy_title][vc_column_text css=\u00bb.vc_custom_1609938409821{margin-bottom: 0px !important;}\u00bb]\n<p style=\"text-align: center;\">Excelentes caracter\u00edsticas t\u00e9rmicas (\u03bb = 0.043 W\/m \u00b0 C) ac\u00fasticas y antivibraciones. Durabilidad pr\u00e1cticamente ilimitada sin p\u00e9rdida de caracter\u00edsticas, a diferencia de los materiales aislantes cuya origen es el petr\u00f3leo. Es un material totalmente reciclable. Con una densidad entre 140 y 160 kg\/m3 y reacci\u00f3n al fuego Euroclass E.<\/p>\n[\/vc_column_text][mk_fancy_title size=\u00bb20&#8243; font_family=\u00bbnone\u00bb]<strong>Aplicaciones<\/strong>[\/mk_fancy_title][vc_column_text css=\u00bb.vc_custom_1609938432287{margin-bottom: 0px !important;}\u00bb]\n<p style=\"text-align: center;\">Adecuado para aplicaci\u00f3n exterior de fachadas, dependiendo del elemento estructural, debe fijarse mec\u00e1nicamente (tornillo) o pegado.<\/p>\n[\/vc_column_text][vc_single_image image=\u00bb2872&#8243; img_size=\u00bbfull\u00bb][\/vc_column][\/vc_row][vc_row][vc_column][mk_padding_divider size=\u00bb60&#8243;][mk_fancy_title size=\u00bb28&#8243; font_family=\u00bbnone\u00bb]WAVE[\/mk_fancy_title][vc_single_image image=\u00bb2874&#8243; img_size=\u00bbfull\u00bb][mk_fancy_title size=\u00bb20&#8243; font_family=\u00bbnone\u00bb]<strong>Sustentabilidad<\/strong>[\/mk_fancy_title][vc_column_text css=\u00bb.vc_custom_1610108048846{margin-bottom: 0px !important;}\u00bb]\n<p style=\"text-align: center;\">El aglomerado de corcho expandido especial WAVE es un sistema decorativo que permite diversastexturas de acabado en tecnolog\u00eda CNC, que permite la impresi\u00f3n 3D en un material 100% natural ysin aditivos, como el corcho, que adem\u00e1s no tiene impacto ambiental en su producci\u00f3n. Se recomiendapara aplicaciones en interiores.<\/p>\n<p style=\"text-align: center;\">Ya existen muchas referencias en Portugal y en el extranjero para trabajos con este material deacabado. Esta historia, aunque reciente, nos permite garantizar una durabilidad y resistencia mec\u00e1nicamuy considerable.<\/p>\n[\/vc_column_text][mk_fancy_title size=\u00bb20&#8243; font_family=\u00bbnone\u00bb]<strong>Caracteristicas<\/strong>[\/mk_fancy_title][vc_column_text css=\u00bb.vc_custom_1610108017100{margin-bottom: 0px !important;}\u00bb]\n<p style=\"text-align: center;\">Excelentes caracter\u00edsticas t\u00e9rmicas (\u03bb = 0,043 W \/ m \u00b0 C), ac\u00fasticas y antivibratorias. Durabilidadpr\u00e1cticamente ilimitada sin p\u00e9rdida de caracter\u00edsticas, a diferencia de los materiales aislantes a basede aceite. Es un material totalmente reciclable. Con una densidad entre 140 y 160 kg \/ m3 y reacci\u00f3nal fuego Euroclase E.<\/p>\n[\/vc_column_text][mk_fancy_title size=\u00bb20&#8243; font_family=\u00bbnone\u00bb]<strong>Aplicaciones<\/strong>[\/mk_fancy_title][vc_column_text css=\u00bb.vc_custom_1610108004156{margin-bottom: 0px !important;}\u00bb]\n<p style=\"text-align: center;\">Indicado para aplicar en interior de fachadas. Dependiendo del elemento estructural, debe fijarsemec\u00e1nicamente (atornillar) o pegar.<\/p>\n[\/vc_column_text][vc_single_image image=\u00bb2872&#8243; img_size=\u00bbfull\u00bb][\/vc_column][\/vc_row][vc_row][vc_column][mk_fancy_title size=\u00bb20&#8243; font_family=\u00bbnone\u00bb]\n<p style=\"text-align: center;\" align=\"LEFT\"><a href=\"http:\/\/www.amorimisolamentos.com\/\" target=\"_blank\" rel=\"noopener\">Amorim Cork Insulation<\/a><\/p>\n<p style=\"text-align: center;\" align=\"LEFT\">Rua da Corticeira n\u00ba66<\/p>\n<p style=\"text-align: center;\" align=\"LEFT\">4535 \u2013 173 Mozelos I PORTUGAL<\/p>\n<p style=\"text-align: center;\" align=\"LEFT\">Telf +351 22 741 91 00 |Fax +351 22 741 91 01<\/p>\n<p style=\"text-align: center;\"><a href=\"mailto:portugal.aisol@amorim.com\" target=\"_blank\" rel=\"noopener\">portugal.aisol@amorim.com<\/a><\/p>\n[\/mk_fancy_title][\/vc_column][\/vc_row]","protected":false},"excerpt":{"rendered":"<p>[vc_row][vc_column][vc_raw_html]JTNDYSUyMGhyZWYlM0QlMjJqYXZhc2NyaXB0JTNBaGlzdG9yeS5nbyUyOC0xJTI5JTIyJTNFJTNDJTIwQXRyJUMzJUExcyUzQyUyRmElM0U=[\/vc_raw_html][mk_fancy_title size=\u00bb28&#8243; font_family=\u00bbnone\u00bb]AGLOMERADO DE CORCHO EXPANDIDO[\/mk_fancy_title][vc_single_image image=\u00bb1449&#8243; img_size=\u00bbfull\u00bb][mk_fancy_title size=\u00bb20&#8243; font_family=\u00bbnone\u00bb]Sustentabilidad[\/mk_fancy_title][vc_column_text css=\u00bb.vc_custom_1610108129950{margin-bottom: 0px !important;}\u00bb] Si hay un material aislante 100% sostenible, es sin duda el aglomerado de corcho expandido. Es unamateria prima natural, ya que procede del alcornocal que se regenera de forma natural, y su procesode fabricaci\u00f3n no tiene ning\u00fan impacto negativo en el medio [&hellip;]<\/p>\n","protected":false},"author":3,"featured_media":0,"parent":0,"menu_order":0,"comment_status":"closed","ping_status":"closed","template":"","meta":{"_acf_changed":false,"footnotes":""},"class_list":["post-1447","page","type-page","status-publish","hentry"],"acf":[],"_links":{"self":[{"href":"https:\/\/myecobuild.csustentavel.com\/es\/wp-json\/wp\/v2\/pages\/1447"}],"collection":[{"href":"https:\/\/myecobuild.csustentavel.com\/es\/wp-json\/wp\/v2\/pages"}],"about":[{"href":"https:\/\/myecobuild.csustentavel.com\/es\/wp-json\/wp\/v2\/types\/page"}],"author":[{"embeddable":true,"href":"https:\/\/myecobuild.csustentavel.com\/es\/wp-json\/wp\/v2\/users\/3"}],"replies":[{"embeddable":true,"href":"https:\/\/myecobuild.csustentavel.com\/es\/wp-json\/wp\/v2\/comments?post=1447"}],"version-history":[{"count":25,"href":"https:\/\/myecobuild.csustentavel.com\/es\/wp-json\/wp\/v2\/pages\/1447\/revisions"}],"predecessor-version":[{"id":3457,"href":"https:\/\/myecobuild.csustentavel.com\/es\/wp-json\/wp\/v2\/pages\/1447\/revisions\/3457"}],"wp:attachment":[{"href":"https:\/\/myecobuild.csustentavel.com\/es\/wp-json\/wp\/v2\/media?parent=1447"}],"curies":[{"name":"wp","href":"https:\/\/api.w.org\/{rel}","templated":true}]}}