{"id":1454,"date":"2018-07-24T13:17:45","date_gmt":"2018-07-24T13:17:45","guid":{"rendered":"http:\/\/myecobuild.csustentavel.com\/?page_id=1454"},"modified":"2021-01-18T15:09:58","modified_gmt":"2021-01-18T15:09:58","slug":"argex","status":"publish","type":"page","link":"https:\/\/myecobuild.csustentavel.com\/es\/argex\/","title":{"rendered":"Argex"},"content":{"rendered":"[vc_row][vc_column][mk_padding_divider size=\u00bb60&#8243;][mk_fancy_title size=\u00bb28&#8243; font_family=\u00bbnone\u00bb]Agregado Ecol\u00f3gico[\/mk_fancy_title][vc_single_image image=\u00bb1456&#8243; img_size=\u00bbfull\u00bb][mk_fancy_title size=\u00bb20&#8243; font_family=\u00bbnone\u00bb]<strong>Sustentabilidad<\/strong>[\/mk_fancy_title][vc_column_text css=\u00bb.vc_custom_1610108528578{margin-bottom: 0px !important;}\u00bb]\n<p style=\"text-align: center;\">La arcilla expandida <strong>Argex<\/strong> es ideal para una cobertura que combina naturaleza, impermeabilizaci\u00f3n y aislamiento. De las varias capas que componen la cubierta ajardinada, una fundamental es aquella que permite un flujo r\u00e1pido del exceso de agua, evitando que el agua quede acumulada en el sustrato ayudando a las ra\u00edces de las plantas a respirar. El agregado de arcilla expandida es un \u00f3ptimo elemento para drenaje, es una sustancia natural y porosa, no se descompone ni se pudre, es ligero y capaz de almacenar una determinada cantidad de humedad, que se va liberando lentamente. Es un producto no inflamable, inodoro, el\u00e9ctricamente neutro e hipoalerg\u00e9nico.<\/p>\n[\/vc_column_text][mk_fancy_title size=\u00bb20&#8243; font_family=\u00bbnone\u00bb]<strong>Caracteristicas<\/strong>[\/mk_fancy_title][vc_column_text css=\u00bb.vc_custom_1610108543106{margin-bottom: 0px !important;}\u00bb]\n<p style=\"text-align: center;\">Este producto 100% natural no sobrecarga la estructura, ayuda a regular la humedad y mejora la eficiencia t\u00e9rmica y ac\u00fastica de los edificios, lo que permite una reducci\u00f3n de los consumos energ\u00e9ticos. Tambi\u00e9n ofrece una protecci\u00f3n natural al sistema y aumenta la vida \u00fatil de los materiales utilizados en la impermeabilizaci\u00f3n y el aislamiento.<\/p>\n[\/vc_column_text][mk_fancy_title size=\u00bb20&#8243; font_family=\u00bbnone\u00bb]<strong>Aplicaciones<\/strong>[\/mk_fancy_title][vc_column_text css=\u00bb.vc_custom_1610108560767{margin-bottom: 0px !important;}\u00bb]\n<p style=\"text-align: center;\">Argex asegura m\u00faltiples soluciones y aplicaciones. Como aislamiento en losas aligeradas, relleno de caja de aire en paredes dobles para aislamiento, regularizaci\u00f3n de pisos, drenaje de estructuras, sustrato y cobertura de las \u00e1reas ajardinadas, aislamiento de cubiertas planas e inclinadas y aplicaciones geot\u00e9cnicas.<\/p>\n[\/vc_column_text][vc_single_image image=\u00bb2881&#8243; img_size=\u00bbfull\u00bb][mk_fancy_title size=\u00bb20&#8243; font_family=\u00bbnone\u00bb]\n<p style=\"text-align: center;\" align=\"LEFT\"><a href=\"http:\/\/www.argex.pt\/\" target=\"_blank\" rel=\"noopener\">Argex<\/a><\/p>\n<p style=\"text-align: center;\" align=\"LEFT\">Zona Industrial de Bustos Azurveira<\/p>\n<p style=\"text-align: center;\" align=\"LEFT\">3770-011 Bustos, Aveiro I PORTUGAL<\/p>\n<p style=\"text-align: center;\" align=\"LEFT\">Telf+351 234 751 533 | Fax +351 234 751 534<\/p>\n<p style=\"text-align: center;\"><a href=\"mailto:argex@argex.pt\" target=\"_blank\" rel=\"noopener\">argex@argex.pt<\/a><\/p>\n[\/mk_fancy_title][\/vc_column][\/vc_row][vc_row][vc_column][\/vc_column][\/vc_row]","protected":false},"excerpt":{"rendered":"<p>[vc_row][vc_column][mk_padding_divider size=\u00bb60&#8243;][mk_fancy_title size=\u00bb28&#8243; font_family=\u00bbnone\u00bb]Agregado Ecol\u00f3gico[\/mk_fancy_title][vc_single_image image=\u00bb1456&#8243; img_size=\u00bbfull\u00bb][mk_fancy_title size=\u00bb20&#8243; font_family=\u00bbnone\u00bb]Sustentabilidad[\/mk_fancy_title][vc_column_text css=\u00bb.vc_custom_1610108528578{margin-bottom: 0px !important;}\u00bb] La arcilla expandida Argex es ideal para una cobertura que combina naturaleza, impermeabilizaci\u00f3n y aislamiento. De las varias capas que componen la cubierta ajardinada, una fundamental es aquella que permite un flujo r\u00e1pido del exceso de agua, evitando que el agua quede acumulada [&hellip;]<\/p>\n","protected":false},"author":3,"featured_media":0,"parent":0,"menu_order":0,"comment_status":"closed","ping_status":"closed","template":"","meta":{"_acf_changed":false,"footnotes":""},"class_list":["post-1454","page","type-page","status-publish","hentry"],"acf":[],"_links":{"self":[{"href":"https:\/\/myecobuild.csustentavel.com\/es\/wp-json\/wp\/v2\/pages\/1454"}],"collection":[{"href":"https:\/\/myecobuild.csustentavel.com\/es\/wp-json\/wp\/v2\/pages"}],"about":[{"href":"https:\/\/myecobuild.csustentavel.com\/es\/wp-json\/wp\/v2\/types\/page"}],"author":[{"embeddable":true,"href":"https:\/\/myecobuild.csustentavel.com\/es\/wp-json\/wp\/v2\/users\/3"}],"replies":[{"embeddable":true,"href":"https:\/\/myecobuild.csustentavel.com\/es\/wp-json\/wp\/v2\/comments?post=1454"}],"version-history":[{"count":13,"href":"https:\/\/myecobuild.csustentavel.com\/es\/wp-json\/wp\/v2\/pages\/1454\/revisions"}],"predecessor-version":[{"id":3086,"href":"https:\/\/myecobuild.csustentavel.com\/es\/wp-json\/wp\/v2\/pages\/1454\/revisions\/3086"}],"wp:attachment":[{"href":"https:\/\/myecobuild.csustentavel.com\/es\/wp-json\/wp\/v2\/media?parent=1454"}],"curies":[{"name":"wp","href":"https:\/\/api.w.org\/{rel}","templated":true}]}}