{"id":1493,"date":"2018-07-24T22:10:43","date_gmt":"2018-07-24T22:10:43","guid":{"rendered":"http:\/\/myecobuild.csustentavel.com\/?page_id=1493"},"modified":"2021-02-10T17:26:49","modified_gmt":"2021-02-10T17:26:49","slug":"boavista-windows","status":"publish","type":"page","link":"https:\/\/myecobuild.csustentavel.com\/es\/boavista-windows\/","title":{"rendered":"BOAVISTA"},"content":{"rendered":"[vc_row][vc_column][vc_raw_html]JTNDYSUyMGhyZWYlM0QlMjJqYXZhc2NyaXB0JTNBaGlzdG9yeS5nbyUyOC0xJTI5JTIyJTNFJTNDJTIwQXRyJUMzJUExcyUzQyUyRmElM0U=[\/vc_raw_html][mk_fancy_title size=\u00bb28&#8243; font_family=\u00bbnone\u00bb]\n<div class=\"page\" title=\"Page 1\">\n<div class=\"section\">\n<div class=\"layoutArea\">\n<div class=\"column\">\n<div class=\"page\" title=\"Page 1\">\n<div class=\"section\">\n<div class=\"layoutArea\">\n<div class=\"column\">\n<p>SISTEMA BWSL45 EVOLUTION<\/p>\n<\/div>\n<\/div>\n<\/div>\n<\/div>\n<\/div>\n<\/div>\n<\/div>\n<\/div>\n[\/mk_fancy_title][vc_single_image image=\u00bb2903&#8243; img_size=\u00bbfull\u00bb alignment=\u00bbcenter\u00bb][mk_fancy_title size=\u00bb20&#8243; font_family=\u00bbnone\u00bb]<strong>Sustentabilidad<\/strong>[\/mk_fancy_title][vc_column_text css=\u00bb.vc_custom_1612976845404{margin-bottom: 0px !important;}\u00bb]\n<p style=\"text-align: center;\">El sistema BWSL45 Evolution, como el resto de la serie BOAVISTA, est\u00e1 fabricado con perfilesde fibra de vidrio pultrusionados. Este material compuesto se caracteriza por su baja huellaecol\u00f3gica: utilizando energ\u00eda reducida en su proceso de pultrusi\u00f3n (calefacci\u00f3n a solo 80\u00baC),utiliza vidrio reciclado en su composici\u00f3n. Tambi\u00e9n tiene un alto rendimiento, asegurando quelos edificios sean t\u00e9rmicamente m\u00e1s eficientes.<\/p>\n[\/vc_column_text][mk_fancy_title size=\u00bb20&#8243; font_family=\u00bbnone\u00bb]<strong>Caracteristicas<\/strong>[\/mk_fancy_title][vc_column_text css=\u00bb.vc_custom_1612976873346{margin-bottom: 0px !important;}\u00bb]\n<p style=\"text-align: center;\">El BWSL45 Evolution System es el primer sistema deslizante minimalista de BOAVISTA. Con unperfil de cruce de solo 34 mm, garantiza el m\u00e1ximo rendimiento con una vista m\u00ednima delmarco. Al ser bastante vers\u00e1til, se puede construir como bi-rail, tri-rail, etc., con la cantidad dehojas que desee.<\/p>\n[\/vc_column_text][mk_fancy_title size=\u00bb20&#8243; font_family=\u00bbnone\u00bb]<strong>Aplicaciones<\/strong>[\/mk_fancy_title][vc_column_text css=\u00bb.vc_custom_1612976903825{margin-bottom: 0px !important;}\u00bb]\n<p style=\"text-align: center;\">El sistema BWSL45 permite fabricar ventanas y puertas correderas de tama\u00f1o medio a grande.Dadas las caracter\u00edsticas del material del que est\u00e1n fabricados, pueden ser utilizados enaplicaciones exigentes, como la construcci\u00f3n junto al mar, en ambientes agresivos ycontaminados o en zonas de temperaturas extremas. Son muy resistentes a la corrosi\u00f3n.<\/p>\n[\/vc_column_text][vc_single_image image=\u00bb2904&#8243; img_size=\u00bbfull\u00bb][vc_column_text][\/vc_column_text][\/vc_column][\/vc_row][vc_row][vc_column][mk_padding_divider size=\u00bb60&#8243;][mk_fancy_title size=\u00bb28&#8243; font_family=\u00bbnone\u00bb]\n<div class=\"page\" title=\"Page 1\">\n<div class=\"section\">\n<div class=\"layoutArea\">\n<div class=\"column\">\n<div class=\"page\" title=\"Page 1\">\n<div class=\"section\">\n<div class=\"layoutArea\">\n<div class=\"column\">\n<p>SISTEMA BWTT60<\/p>\n<\/div>\n<\/div>\n<\/div>\n<\/div>\n<\/div>\n<\/div>\n<\/div>\n<\/div>\n[\/mk_fancy_title][vc_single_image image=\u00bb2906&#8243; img_size=\u00bbfull\u00bb alignment=\u00bbcenter\u00bb][mk_fancy_title size=\u00bb20&#8243; font_family=\u00bbnone\u00bb]<strong>Sustentabilidad<\/strong>[\/mk_fancy_title][vc_column_text css=\u00bb.vc_custom_1612976960682{margin-bottom: 0px !important;}\u00bb]\n<p style=\"text-align: center;\">El material b\u00e1sico de los marcos BOAVISTA es la s\u00edlice (arena), un recurso abundante deextracci\u00f3n sencilla y respetuoso con el medio ambiente. Esto significa que, desde su origen, lafibra de vidrio tiene una huella ecol\u00f3gica reducida. Si a esto le sumamos un proceso deproducci\u00f3n &#8211; pultrusi\u00f3n &#8211; con bajo consumo energ\u00e9tico y alta durabilidad, obtenemos unproducto que, a lo largo de su ciclo de vida, produce un impacto ambiental reducido en nuestroecosistema. Adem\u00e1s de estos datos, tenemos el excelente desempe\u00f1o de los sistemas demarcos BOAVISTA con valores de transmisi\u00f3n t\u00e9rmica a partir de 0,74 W \/ m2 K, lo quecontribuye a una construcci\u00f3n t\u00e9rmicamente eficiente.<\/p>\n[\/vc_column_text][mk_fancy_title size=\u00bb20&#8243; font_family=\u00bbnone\u00bb]<strong>Caracteristicas<\/strong>[\/mk_fancy_title][vc_column_text css=\u00bb.vc_custom_1612977001443{margin-bottom: 0px !important;}\u00bb]\n<p style=\"text-align: center;\">El sistema BWTT60 permite la fabricaci\u00f3n de ventanas basculantes, abatibles, paneles fijos ypuertas. Soportando hasta 130 kg de peso por hoja, se pueden equipar con bisagras ocultas ode puerta, con varios tipos de cierre y con una amplia gama de tiradores. El sistema BWTT60est\u00e1 fabricado con perfiles pultruidos de fibra de vidrio y se puede pintar en cualquier color. Conexcelentes rendimientos, pueden alcanzar valores de Uw desde 0,74 W \/ m2 K, alcanzando laclase de permeabilidad al aire 4 [la mejor de 4].<\/p>\n[\/vc_column_text][mk_fancy_title size=\u00bb20&#8243; font_family=\u00bbnone\u00bb]<strong>Aplicaciones<\/strong>[\/mk_fancy_title][vc_column_text css=\u00bb.vc_custom_1612977034441{margin-bottom: 0px !important;}\u00bb]\n<p style=\"text-align: center;\">Los marcos BWTT60 se pueden fabricar en m\u00faltiples configuraciones y se pueden utilizar enaplicaciones exigentes, como la construcci\u00f3n junto al mar, en entornos agresivos ycontaminados o en zonas de temperaturas extremas. Son muy resistentes a la corrosi\u00f3n. Sepueden utilizar en arquitectura cl\u00e1sica o moderna.<\/p>\n[\/vc_column_text][vc_single_image image=\u00bb2904&#8243; img_size=\u00bbfull\u00bb][vc_single_image image=\u00bb2907&#8243; img_size=\u00bbfull\u00bb alignment=\u00bbcenter\u00bb][vc_column_text][\/vc_column_text][\/vc_column][\/vc_row][vc_row][vc_column][mk_padding_divider size=\u00bb60&#8243;][mk_fancy_title size=\u00bb28&#8243; font_family=\u00bbnone\u00bb]\n<div class=\"page\" title=\"Page 1\">\n<div class=\"section\">\n<div class=\"layoutArea\">\n<div class=\"column\">\n<div class=\"page\" title=\"Page 1\">\n<div class=\"section\">\n<div class=\"layoutArea\">\n<div class=\"column\">\n<p>SISTEMA BWS35<\/p>\n<\/div>\n<\/div>\n<\/div>\n<\/div>\n<\/div>\n<\/div>\n<\/div>\n<\/div>\n[\/mk_fancy_title][vc_single_image image=\u00bb2910&#8243; img_size=\u00bbfull\u00bb alignment=\u00bbcenter\u00bb][mk_fancy_title size=\u00bb20&#8243; font_family=\u00bbnone\u00bb]<strong>Sustentabilidad<\/strong>[\/mk_fancy_title][vc_column_text css=\u00bb.vc_custom_1612977074506{margin-bottom: 0px !important;}\u00bb]\n<p style=\"text-align: center;\">El material b\u00e1sico de los marcos BOAVISTA es la s\u00edlice (arena), un recurso abundante deextracci\u00f3n sencilla y respetuoso con el medio ambiente. Esto significa que, desde su origen, lafibra de vidrio tiene una huella ecol\u00f3gica reducida. Si a esto le sumamos un proceso deproducci\u00f3n &#8211; pultrusi\u00f3n &#8211; con bajo consumo energ\u00e9tico y alta durabilidad, obtenemos unproducto que, a lo largo de su ciclo de vida, produce un impacto ambiental reducido en nuestroecosistema. Adem\u00e1s de estos datos, contamos con las excelentes prestaciones de los sistemasde marcos BOAVISTA. Con valores de transmisi\u00f3n t\u00e9rmica a partir de 0,74 W \/ m2 K, contribuyeen gran medida a una construcci\u00f3n t\u00e9rmicamente eficiente.<\/p>\n[\/vc_column_text][mk_fancy_title size=\u00bb20&#8243; font_family=\u00bbnone\u00bb]<strong>Caracteristicas<\/strong>[\/mk_fancy_title][vc_column_text css=\u00bb.vc_custom_1612977099298{margin-bottom: 0px !important;}\u00bb]\n<p style=\"text-align: center;\">El sistema BWS35 permite la fabricaci\u00f3n de puertas y ventanas de guillotina simples. Con unfuncionamiento f\u00e1cil y ligero, las hojas m\u00f3viles se pueden abrir para su limpieza, lo que facilitasu mantenimiento. El sistema BWS35 est\u00e1 fabricado con perfiles pultruidos de fibra de vidrio yse puede pintar en cualquier color. Con excelentes prestaciones, puede alcanzar valores de Uwdesde 1,23 W \/ m2 K, alcanzando la clase de permeabilidad al aire 3.<\/p>\n[\/vc_column_text][mk_fancy_title size=\u00bb20&#8243; font_family=\u00bbnone\u00bb]<strong>Aplicaciones<\/strong>[\/mk_fancy_title][vc_column_text css=\u00bb.vc_custom_1612977122444{margin-bottom: 0px !important;}\u00bb]\n<p style=\"text-align: center;\">Los marcos BWS35 permiten fabricar elegantes ventanas de guillotina. Dadas las caracter\u00edsticasdel material del que est\u00e1n fabricados, pueden ser utilizados en aplicaciones exigentes, como laconstrucci\u00f3n junto al mar, en ambientes agresivos y contaminados o en zonas de temperaturasextremas. Son muy resistentes a la corrosi\u00f3n. Son perfectos para proyectos de rehabilitaci\u00f3n.<\/p>\n[\/vc_column_text][vc_single_image image=\u00bb2904&#8243; img_size=\u00bbfull\u00bb][vc_single_image image=\u00bb2911&#8243; img_size=\u00bbfull\u00bb alignment=\u00bbcenter\u00bb][vc_column_text][\/vc_column_text][\/vc_column][\/vc_row][vc_row][vc_column][mk_fancy_title size=\u00bb20&#8243; font_family=\u00bbnone\u00bb]\n<p style=\"text-align: center;\" align=\"LEFT\"><a href=\"http:\/\/www.janelasboavista.com\/\" target=\"_blank\" rel=\"noopener\">BOAVISTA<\/a><\/p>\n<p style=\"text-align: center;\" align=\"LEFT\">Rua da Reboleira, 49 \u2013 2\u00ba Frente<\/p>\n<p style=\"text-align: center;\" align=\"LEFT\">4050 \u2013 492 Porto I PORTUGAL<\/p>\n<p style=\"text-align: center;\" align=\"LEFT\">Telf +351 222 080 777<\/p>\n<p style=\"text-align: center;\"><a href=\"mailto:hello@boavistawindows.com\" target=\"_blank\" rel=\"noopener\">hello@boavistawindows.com<\/a><\/p>\n[\/mk_fancy_title][\/vc_column][\/vc_row]","protected":false},"excerpt":{"rendered":"<p>[vc_row][vc_column][vc_raw_html]JTNDYSUyMGhyZWYlM0QlMjJqYXZhc2NyaXB0JTNBaGlzdG9yeS5nbyUyOC0xJTI5JTIyJTNFJTNDJTIwQXRyJUMzJUExcyUzQyUyRmElM0U=[\/vc_raw_html][mk_fancy_title size=\u00bb28&#8243; font_family=\u00bbnone\u00bb] SISTEMA BWSL45 EVOLUTION [\/mk_fancy_title][vc_single_image image=\u00bb2903&#8243; img_size=\u00bbfull\u00bb alignment=\u00bbcenter\u00bb][mk_fancy_title size=\u00bb20&#8243; font_family=\u00bbnone\u00bb]Sustentabilidad[\/mk_fancy_title][vc_column_text css=\u00bb.vc_custom_1612976845404{margin-bottom: 0px !important;}\u00bb] El sistema BWSL45 Evolution, como el resto de la serie BOAVISTA, est\u00e1 fabricado con perfilesde fibra de vidrio pultrusionados. Este material compuesto se caracteriza por su baja huellaecol\u00f3gica: utilizando energ\u00eda reducida en su proceso de pultrusi\u00f3n (calefacci\u00f3n a solo 80\u00baC),utiliza [&hellip;]<\/p>\n","protected":false},"author":3,"featured_media":0,"parent":0,"menu_order":0,"comment_status":"closed","ping_status":"closed","template":"","meta":{"_acf_changed":false,"footnotes":""},"class_list":["post-1493","page","type-page","status-publish","hentry"],"acf":[],"_links":{"self":[{"href":"https:\/\/myecobuild.csustentavel.com\/es\/wp-json\/wp\/v2\/pages\/1493"}],"collection":[{"href":"https:\/\/myecobuild.csustentavel.com\/es\/wp-json\/wp\/v2\/pages"}],"about":[{"href":"https:\/\/myecobuild.csustentavel.com\/es\/wp-json\/wp\/v2\/types\/page"}],"author":[{"embeddable":true,"href":"https:\/\/myecobuild.csustentavel.com\/es\/wp-json\/wp\/v2\/users\/3"}],"replies":[{"embeddable":true,"href":"https:\/\/myecobuild.csustentavel.com\/es\/wp-json\/wp\/v2\/comments?post=1493"}],"version-history":[{"count":20,"href":"https:\/\/myecobuild.csustentavel.com\/es\/wp-json\/wp\/v2\/pages\/1493\/revisions"}],"predecessor-version":[{"id":3444,"href":"https:\/\/myecobuild.csustentavel.com\/es\/wp-json\/wp\/v2\/pages\/1493\/revisions\/3444"}],"wp:attachment":[{"href":"https:\/\/myecobuild.csustentavel.com\/es\/wp-json\/wp\/v2\/media?parent=1493"}],"curies":[{"name":"wp","href":"https:\/\/api.w.org\/{rel}","templated":true}]}}