{"id":1505,"date":"2018-07-24T22:20:37","date_gmt":"2018-07-24T22:20:37","guid":{"rendered":"http:\/\/myecobuild.csustentavel.com\/?page_id=1505"},"modified":"2021-02-10T18:10:59","modified_gmt":"2021-02-10T18:10:59","slug":"cobert","status":"publish","type":"page","link":"https:\/\/myecobuild.csustentavel.com\/es\/cobert\/","title":{"rendered":"BMI  | ecoprodutos"},"content":{"rendered":"[vc_row][vc_column][vc_raw_html]JTNDYSUyMGhyZWYlM0QlMjJqYXZhc2NyaXB0JTNBaGlzdG9yeS5nbyUyOC0xJTI5JTIyJTNFJTNDJTIwQXRyJUMzJUExcyUzQyUyRmElM0U=[\/vc_raw_html][mk_fancy_title size=\u00bb28&#8243; font_family=\u00bbnone\u00bb]Teja Cer\u00e1mica L\u00f3gica[\/mk_fancy_title][vc_single_image image=\u00bb1508&#8243; img_size=\u00bbfull\u00bb][mk_fancy_title size=\u00bb20&#8243; font_family=\u00bbnone\u00bb]<strong>Sustentabilidad<\/strong>[\/mk_fancy_title][vc_column_text css=\u00bb.vc_custom_1610110776272{margin-bottom: 0px !important;}\u00bb]\n<p style=\"text-align: center;\">La teja L\u00f3gica es fabricada mediante un riguroso proceso, tanto en la selecci\u00f3n de arcillas como en la gesti\u00f3n de los recursos energ\u00e9ticos. Esta marca suele recurrir a estudios y ha implementado procesos de reducci\u00f3n y reutilizaci\u00f3n de energ\u00eda, con el objetivo de reducir el consumo y as\u00ed promover la reducci\u00f3n de emisiones de CO2.<\/p>\n<p style=\"text-align: center;\">La f\u00e1brica donde se producen las tejas L\u00f3gica tambi\u00e9n cuenta con un avanzado control de calidad en todo el proceso, con el fin de reducir sustancialmente los residuos que de ella se derivan.<\/p>\n[\/vc_column_text][mk_fancy_title size=\u00bb20&#8243; font_family=\u00bbnone\u00bb]<strong>Caracteristicas<\/strong>[\/mk_fancy_title][vc_column_text css=\u00bb.vc_custom_1610110766791{margin-bottom: 0px !important;}\u00bb]\n<p style=\"text-align: center;\">La gama L\u00f3gica es compuesta por tres modelos de tejas (Plana, Marsella y Lusa), fabricadas con alta tecnolog\u00eda y un dise\u00f1o innovador. Se prensan en moldes de yeso y se hornean a altas temperaturas en casetes individuales, consiguiendo as\u00ed mayor resistencia, planitud y una m\u00ednima tasa de absorci\u00f3n. Tienen una garant\u00eda de 50 a\u00f1os.<\/p>\n[\/vc_column_text][mk_fancy_title size=\u00bb20&#8243; font_family=\u00bbnone\u00bb]<strong>Aplicaciones<\/strong>[\/mk_fancy_title][vc_column_text css=\u00bb.vc_custom_1610110792639{margin-bottom: 0px !important;}\u00bb]\n<p style=\"text-align: center;\">Las tejas L\u00f3gica se pueden aplicar en cualquier tipo de edificio, desde los m\u00e1s tradicionales hasta los m\u00e1s vanguardistas. Sus diferentes perfiles y colores permiten una perfecta ambientaci\u00f3n arquitect\u00f3nica y paisaj\u00edstica, tanto en obras de rehabilitaci\u00f3n como en obra nueva.<\/p>\n[\/vc_column_text][\/vc_column][\/vc_row][vc_row][vc_column][mk_padding_divider size=\u00bb60&#8243;][mk_fancy_title size=\u00bb28&#8243; font_family=\u00bbnone\u00bb]Figaroll Plus[\/mk_fancy_title][vc_single_image image=\u00bb1512&#8243; img_size=\u00bbfull\u00bb][mk_fancy_title size=\u00bb20&#8243; font_family=\u00bbnone\u00bb]<strong>Sustentabilidad<\/strong>[\/mk_fancy_title][vc_column_text css=\u00bb.vc_custom_1610110813512{margin-bottom: 0px !important;}\u00bb]\n<p style=\"text-align: center;\">La Cumbrera en Seco es una soluci\u00f3n constructiva sostenible que combina varios elementos y que tiene como objetivo la eficacia del proceso constructivo y el buen comportamiento futuro de los edificios, ya que favorece la eficiencia energ\u00e9tica y su durabilidad. Este producto se fabrica mediante complejos procesos patentados de an\u00e1lisis y eficiencia energ\u00e9tica.<\/p>\n<p style=\"text-align: center;\">La banda FIGAROLL PLUS optimiza los recursos energ\u00e9ticos de la casa, permitiendo la ventilaci\u00f3n entre teja y soporte, evitando condensaciones en este espacio.<\/p>\n[\/vc_column_text][mk_fancy_title size=\u00bb20&#8243; font_family=\u00bbnone\u00bb]<strong>Caracteristicas<\/strong>[\/mk_fancy_title][vc_column_text css=\u00bb.vc_custom_1610110821338{margin-bottom: 0px !important;}\u00bb]\n<p style=\"text-align: center;\">FIGAROLL PLUS es una banda premium impermeabilizante para cumbreras en seco. Compuesta por polipropileno hidr\u00f3fugo en la zona central, con doble canal de ventilaci\u00f3n y faldas laterales de aluminio plegado, moldeable y deformable hasta un 50%. Capacidad de ventilaci\u00f3n &gt;150cm\u00b2\/ml.<\/p>\n[\/vc_column_text][mk_fancy_title size=\u00bb20&#8243; font_family=\u00bbnone\u00bb]<strong>Aplicaciones<\/strong>[\/mk_fancy_title][vc_column_text css=\u00bb.vc_custom_1610110830174{margin-bottom: 0px !important;}\u00bb]\n<p style=\"text-align: center;\">Se aplica durante el proceso de construcci\u00f3n de la cumbrera. Es moldeable a cualquier tipo de teja y favorece la construcci\u00f3n en seco, totalmente estanco, ventilado y eficiente en su desempe\u00f1o, con los elementos restantes de la construcci\u00f3n. Instalaci\u00f3n limpia, r\u00e1pida y sencilla.<\/p>\n[\/vc_column_text][vc_single_image image=\u00bb2883&#8243; img_size=\u00bbfull\u00bb][\/vc_column][\/vc_row][vc_row][vc_column][mk_padding_divider size=\u00bb60&#8243;][mk_fancy_title size=\u00bb28&#8243; font_family=\u00bbnone\u00bb]Dryroll para cumbrera en seco[\/mk_fancy_title][vc_single_image image=\u00bb2885&#8243; img_size=\u00bbfull\u00bb][mk_fancy_title size=\u00bb20&#8243; font_family=\u00bbnone\u00bb]<strong>Sustentabilidad<\/strong>[\/mk_fancy_title][vc_column_text css=\u00bb.vc_custom_1610110844673{margin-bottom: 0px !important;}\u00bb]\n<p style=\"text-align: center;\">La Cumbrera en Seco es una soluci\u00f3n constructiva sostenible que combina varios elementos y que tiene como objetivo la eficacia del proceso constructivo y el buen comportamiento futuro de los edificios, ya que favorece la eficiencia energ\u00e9tica y su durabilidad. Este producto se fabrica mediante complejos procesos patentados de an\u00e1lisis y eficiencia energ\u00e9tica.<\/p>\n<p style=\"text-align: center;\">La banda Dryroll optimiza los recursos energ\u00e9ticos de la casa, permitiendo la ventilaci\u00f3n entre teja y soporte, evitando condensaciones en este espacio.<\/p>\n[\/vc_column_text][mk_fancy_title size=\u00bb20&#8243; font_family=\u00bbnone\u00bb]<strong>Caracteristicas<\/strong>[\/mk_fancy_title][vc_column_text css=\u00bb.vc_custom_1610110852089{margin-bottom: 0px !important;}\u00bb]\n<p style=\"text-align: center;\">Dryroll es una banda impermeable para cumbrera ventilada. Est\u00e1 compuesta por tejidos impermeables en la zona central y faldas de aluminio perfiladas, con un coeficiente de estiramiento del 30%. Capacidad de ventilaci\u00f3n &gt;70cm\u00b2\/ml.<\/p>\n[\/vc_column_text][mk_fancy_title size=\u00bb20&#8243; font_family=\u00bbnone\u00bb]<strong>Aplicaciones<\/strong>[\/mk_fancy_title][vc_column_text css=\u00bb.vc_custom_1610110860263{margin-bottom: 0px !important;}\u00bb]\n<p style=\"text-align: center;\">Se aplica durante el proceso de construcci\u00f3n de la cumbrera. Es moldeable a cualquier tipo de teja y favorece la construcci\u00f3n en seco, totalmente estanco, ventilado y eficiente en su desempe\u00f1o, con los elementos restantes de la construcci\u00f3n. Instalaci\u00f3n limpia, r\u00e1pida y sencilla.<\/p>\n[\/vc_column_text][vc_single_image image=\u00bb2883&#8243; img_size=\u00bbfull\u00bb][\/vc_column][\/vc_row][vc_row][vc_column][mk_fancy_title size=\u00bb20&#8243; font_family=\u00bbnone\u00bb]\n<p style=\"text-align: center;\"><a href=\"http:\/\/www.telhas-cobert.com\/\" target=\"_blank\" rel=\"noopener\">BMI Group<\/a><\/p>\n<p style=\"text-align: center;\">Estrada Nacional 361-1<br \/>\n2565-594 Outeiro da Cabe\u00e7a \u2013 Torres Vedras<\/p>\n<p style=\"text-align: center;\">Tel: 261 920 000<br \/>\nFax: 261 920 001<\/p>\n<p style=\"text-align: center;\"><a href=\"mailto:Cobert-telhas@cobert.eu\" target=\"_blank\" rel=\"noopener\">mailto:Cobert-telhas@cobert.eu<\/a><\/p>\n[\/mk_fancy_title][\/vc_column][\/vc_row][vc_row][vc_column][vc_column_text][\/vc_column_text][\/vc_column][\/vc_row]","protected":false},"excerpt":{"rendered":"<p>[vc_row][vc_column][vc_raw_html]JTNDYSUyMGhyZWYlM0QlMjJqYXZhc2NyaXB0JTNBaGlzdG9yeS5nbyUyOC0xJTI5JTIyJTNFJTNDJTIwQXRyJUMzJUExcyUzQyUyRmElM0U=[\/vc_raw_html][mk_fancy_title size=\u00bb28&#8243; font_family=\u00bbnone\u00bb]Teja Cer\u00e1mica L\u00f3gica[\/mk_fancy_title][vc_single_image image=\u00bb1508&#8243; img_size=\u00bbfull\u00bb][mk_fancy_title size=\u00bb20&#8243; font_family=\u00bbnone\u00bb]Sustentabilidad[\/mk_fancy_title][vc_column_text css=\u00bb.vc_custom_1610110776272{margin-bottom: 0px !important;}\u00bb] La teja L\u00f3gica es fabricada mediante un riguroso proceso, tanto en la selecci\u00f3n de arcillas como en la gesti\u00f3n de los recursos energ\u00e9ticos. Esta marca suele recurrir a estudios y ha implementado procesos de reducci\u00f3n y reutilizaci\u00f3n de energ\u00eda, con el objetivo de [&hellip;]<\/p>\n","protected":false},"author":3,"featured_media":0,"parent":0,"menu_order":0,"comment_status":"closed","ping_status":"closed","template":"","meta":{"_acf_changed":false,"footnotes":""},"class_list":["post-1505","page","type-page","status-publish","hentry"],"acf":[],"_links":{"self":[{"href":"https:\/\/myecobuild.csustentavel.com\/es\/wp-json\/wp\/v2\/pages\/1505"}],"collection":[{"href":"https:\/\/myecobuild.csustentavel.com\/es\/wp-json\/wp\/v2\/pages"}],"about":[{"href":"https:\/\/myecobuild.csustentavel.com\/es\/wp-json\/wp\/v2\/types\/page"}],"author":[{"embeddable":true,"href":"https:\/\/myecobuild.csustentavel.com\/es\/wp-json\/wp\/v2\/users\/3"}],"replies":[{"embeddable":true,"href":"https:\/\/myecobuild.csustentavel.com\/es\/wp-json\/wp\/v2\/comments?post=1505"}],"version-history":[{"count":28,"href":"https:\/\/myecobuild.csustentavel.com\/es\/wp-json\/wp\/v2\/pages\/1505\/revisions"}],"predecessor-version":[{"id":3459,"href":"https:\/\/myecobuild.csustentavel.com\/es\/wp-json\/wp\/v2\/pages\/1505\/revisions\/3459"}],"wp:attachment":[{"href":"https:\/\/myecobuild.csustentavel.com\/es\/wp-json\/wp\/v2\/media?parent=1505"}],"curies":[{"name":"wp","href":"https:\/\/api.w.org\/{rel}","templated":true}]}}