{"id":1537,"date":"2018-07-25T16:48:42","date_gmt":"2018-07-25T16:48:42","guid":{"rendered":"http:\/\/myecobuild.csustentavel.com\/?page_id=1537"},"modified":"2021-01-18T15:13:47","modified_gmt":"2021-01-18T15:13:47","slug":"granorte","status":"publish","type":"page","link":"https:\/\/myecobuild.csustentavel.com\/es\/granorte\/","title":{"rendered":"Granorte"},"content":{"rendered":"[vc_row][vc_column][mk_padding_divider size=\u00bb60&#8243;][mk_fancy_title size=\u00bb28&#8243; font_family=\u00bbnone\u00bb]\n<div class=\"page\" title=\"Page 1\">\n<div class=\"section\">\n<div class=\"layoutArea\">\n<div class=\"column\">\n<div class=\"page\" title=\"Page 1\">\n<div class=\"section\">\n<div class=\"layoutArea\">\n<div class=\"column\">\n<div class=\"page\" title=\"Page 1\">\n<div class=\"section\">\n<div class=\"layoutArea\">\n<div class=\"column\">\n<p>Recolour<\/p>\n<\/div>\n<\/div>\n<\/div>\n<\/div>\n<\/div>\n<\/div>\n<\/div>\n<\/div>\n<\/div>\n<\/div>\n<\/div>\n<\/div>\n[\/mk_fancy_title][vc_single_image image=\u00bb1543&#8243; img_size=\u00bbfull\u00bb][mk_fancy_title size=\u00bb20&#8243; font_family=\u00bbnone\u00bb]<strong>Sustentabilidade<\/strong>[\/mk_fancy_title][vc_column_text]\n<div class=\"page\" title=\"Page 1\">\n<div class=\"section\">\n<div class=\"layoutArea\">\n<div class=\"column\">\n<div class=\"page\" title=\"Page 1\">\n<div class=\"section\">\n<div class=\"layoutArea\">\n<div class=\"column\">\n<div class=\"page\" title=\"Page 1\">\n<div class=\"section\">\n<div class=\"layoutArea\">\n<div class=\"column\">\n<p style=\"text-align: center;\">A Granorte desenvolve e produz revestimentos sustent\u00e1veis, ambientalmente respons\u00e1veis e que contribuem para a conserva\u00e7\u00e3o e prote\u00e7\u00e3o das florestas. Os pavimentos em corti\u00e7a RECOLOUR s\u00e3o produzidos, com paix\u00e3o, a partir de corti\u00e7a natural e inspirados na Natureza. A colheita de corti\u00e7a, feita a cada nove anos sem que nenhuma \u00e1rvore seja cortada, \u00e9 uma pr\u00e1tica respons\u00e1vel, com impacto m\u00ednimo no meio ambiente, conservando a biodiversidade e integridade dos ecossistemas. Os pavimentos flutuantes em corti\u00e7a RECOLOUR cont\u00eam mais de 80% de mat\u00e9rias-primas naturais (corti\u00e7a e madeira) e 35% de conte\u00fado reciclado. N\u00e3o cont\u00eam PVC, plastificantes ou outras subst\u00e2ncias perigosas para a sa\u00fade ou o meio ambiente. Produtos certificados FSC\u00ae est\u00e3o dispon\u00edveis mediante solicita\u00e7\u00e3o.<\/p>\n<\/div>\n<\/div>\n<\/div>\n<\/div>\n<\/div>\n<\/div>\n<\/div>\n<\/div>\n<\/div>\n<\/div>\n<\/div>\n<\/div>\n[\/vc_column_text][mk_fancy_title size=\u00bb20&#8243; font_family=\u00bbnone\u00bb]<strong>Caracter\u00edsticas<\/strong>[\/mk_fancy_title][vc_column_text]\n<div class=\"page\" title=\"Page 1\">\n<div class=\"section\">\n<div class=\"layoutArea\">\n<div class=\"column\">\n<div class=\"page\" title=\"Page 1\">\n<div class=\"section\">\n<div class=\"layoutArea\">\n<div class=\"column\">\n<div class=\"page\" title=\"Page 1\">\n<div class=\"section\">\n<div class=\"layoutArea\">\n<div class=\"column\">\n<p style=\"text-align: center;\">A utiliza\u00e7\u00e3o de uma estrutura multicamada que combina a tecnologia com as caracter\u00edsticas exclusivas da corti\u00e7a, permite garantir aos pavimentos flutuantes RECOLOUR uma s\u00e9rie de caracter\u00edsticas \u00fanicas. Para al\u00e9m assegurar um elevado isolamento t\u00e9rmico e ac\u00fastico, destacam-se pela facilidade de aplica\u00e7\u00e3o (uniclic\u00ae) e limpeza, extrema resist\u00eancia ao desgaste, \u00e0 \u00e1gua e a manchas. N\u00e3o absorvem p\u00f3, n\u00e3o causam alergias e s\u00e3o resistentes a bact\u00e9rias e fungos devido \u00e0 prote\u00e7\u00e3o inibidora de microrganismos Microban\u00ae exclusiva. A combina\u00e7\u00e3o perfeita entre sustentabilidade, conforto, higiene e durabilidade.<\/p>\n<\/div>\n<\/div>\n<\/div>\n<\/div>\n<\/div>\n<\/div>\n<\/div>\n<\/div>\n<\/div>\n<\/div>\n<\/div>\n<\/div>\n[\/vc_column_text][mk_fancy_title size=\u00bb20&#8243; font_family=\u00bbnone\u00bb]<strong>Aplica\u00e7\u00f5es<\/strong>[\/mk_fancy_title][vc_column_text]\n<div class=\"page\" title=\"Page 1\">\n<div class=\"section\">\n<div class=\"layoutArea\">\n<div class=\"column\">\n<div class=\"page\" title=\"Page 1\">\n<div class=\"section\">\n<div class=\"layoutArea\">\n<div class=\"column\">\n<div class=\"page\" title=\"Page 1\">\n<div class=\"section\">\n<div class=\"layoutArea\">\n<div class=\"column\">\n<p style=\"text-align: center;\">A variedade de cores, de neutras a v\u00edvidas, e a sua elevada performance, proporcionam uma base excecional para o design criativo na constru\u00e7\u00e3o nova ou de renova\u00e7\u00e3o. Os pavimentos RECOLOUR podem ser usados em aplica\u00e7\u00f5es residenciais ou comerciais e t\u00eam uma garantia estrutural vital\u00edcia e garantia de desgaste de 15 anos residencial ou 5 anos comercial.<\/p>\n<\/div>\n<\/div>\n<\/div>\n<\/div>\n<\/div>\n<\/div>\n<\/div>\n<\/div>\n<\/div>\n<\/div>\n<\/div>\n<\/div>\n[\/vc_column_text][vc_single_image image=\u00bb1540&#8243; img_size=\u00bbfull\u00bb][\/vc_column][\/vc_row][vc_row][vc_column][mk_padding_divider size=\u00bb60&#8243;][mk_fancy_title size=\u00bb28&#8243; font_family=\u00bbnone\u00bb]\n<div class=\"page\" title=\"Page 1\">\n<div class=\"section\">\n<div class=\"layoutArea\">\n<div class=\"column\">\n<div class=\"page\" title=\"Page 2\">\n<div class=\"section\">\n<div class=\"layoutArea\">\n<div class=\"column\">\n<div class=\"page\" title=\"Page 2\">\n<div class=\"section\">\n<div class=\"layoutArea\">\n<div class=\"column\">\n<p>Vita<\/p>\n<\/div>\n<\/div>\n<\/div>\n<\/div>\n<\/div>\n<\/div>\n<\/div>\n<\/div>\n<\/div>\n<\/div>\n<\/div>\n<\/div>\n[\/mk_fancy_title][vc_single_image image=\u00bb1542&#8243; img_size=\u00bbfull\u00bb][mk_fancy_title size=\u00bb20&#8243; font_family=\u00bbnone\u00bb]<strong>Sustentabilidade<\/strong>[\/mk_fancy_title][vc_column_text]\n<div class=\"page\" title=\"Page 1\">\n<div class=\"section\">\n<div class=\"layoutArea\">\n<div class=\"column\">\n<div class=\"page\" title=\"Page 2\">\n<div class=\"section\">\n<div class=\"layoutArea\">\n<div class=\"column\">\n<div class=\"page\" title=\"Page 2\">\n<div class=\"section\">\n<div class=\"layoutArea\">\n<div class=\"column\">\n<div class=\"page\" title=\"Page 2\">\n<div class=\"section\">\n<div class=\"layoutArea\">\n<div class=\"column\">\n<p style=\"text-align: center;\">Os pavimentos de corti\u00e7a da gama VITA s\u00e3o produzidos em corti\u00e7a natural, reciclada a partir dos desperd\u00edcios, res\u00edduos e subprodutos da ind\u00fastria de produ\u00e7\u00e3o de rolhas para vinho. Sendo um produto altamente tecnol\u00f3gico, \u00e9, simultaneamente, um dos revestimentos mais sustent\u00e1veis e ambientalmente respons\u00e1veis, contribuindo de forma decisiva para a conserva\u00e7\u00e3o, prote\u00e7\u00e3o e integridade das florestas e da biodiversidade dos ecossistemas. Os pavimentos VITA s\u00e3o certificados FSC\u00ae e n\u00e3o cont\u00eam PVC, plastificantes ou outras subst\u00e2ncias perigosas para a sa\u00fade ou o meio ambiente.<\/p>\n<\/div>\n<\/div>\n<\/div>\n<\/div>\n<\/div>\n<\/div>\n<\/div>\n<\/div>\n<\/div>\n<\/div>\n<\/div>\n<\/div>\n<\/div>\n<\/div>\n<\/div>\n<\/div>\n[\/vc_column_text][mk_fancy_title size=\u00bb20&#8243; font_family=\u00bbnone\u00bb]<strong>Caracter\u00edsticas<\/strong>[\/mk_fancy_title][vc_column_text]\n<div class=\"page\" title=\"Page 1\">\n<div class=\"section\">\n<div class=\"layoutArea\">\n<div class=\"column\">\n<div class=\"page\" title=\"Page 2\">\n<div class=\"section\">\n<div class=\"layoutArea\">\n<div class=\"column\">\n<div class=\"page\" title=\"Page 2\">\n<div class=\"section\">\n<div class=\"layoutArea\">\n<div class=\"column\">\n<div class=\"page\" title=\"Page 2\">\n<div class=\"section\">\n<div class=\"layoutArea\">\n<div class=\"column\">\n<p style=\"text-align: center;\">Os pavimentos VITA combinam a tecnologia de impress\u00e3o digital direta com a durabilidade e o conforto de uma superf\u00edcie ecol\u00f3gica de corti\u00e7a. Para al\u00e9m da tecnologia inovadora, a est\u00e9tica esteve sempre no cento do seu desenvolvimento. A linha VITA reproduz efeitos \u00fanicos de design de madeira ou azulejo, diretamente na corti\u00e7a, para um visual completamente \u00fanico. Como em todos os produtos de corti\u00e7a da GRANORTE, as caracter\u00edsticas de conforto, higiene e durabilidade est\u00e3o presentes.<\/p>\n<\/div>\n<\/div>\n<\/div>\n<\/div>\n<\/div>\n<\/div>\n<\/div>\n<\/div>\n<\/div>\n<\/div>\n<\/div>\n<\/div>\n<\/div>\n<\/div>\n<\/div>\n<\/div>\n[\/vc_column_text][mk_fancy_title size=\u00bb20&#8243; font_family=\u00bbnone\u00bb]<strong>Aplica\u00e7\u00f5es<\/strong>[\/mk_fancy_title][vc_column_text]\n<div class=\"page\" title=\"Page 2\">\n<div class=\"section\">\n<div class=\"layoutArea\">\n<div class=\"column\">\n<div class=\"page\" title=\"Page 2\">\n<div class=\"section\">\n<div class=\"layoutArea\">\n<div class=\"column\">\n<div class=\"page\" title=\"Page 2\">\n<div class=\"section\">\n<div class=\"layoutArea\">\n<div class=\"column\">\n<p style=\"text-align: center;\">Com uma fabulosa variedade de desenhos, texturas e cores, os pavimentos VITA oferecem a solu\u00e7\u00e3o perfeita para criar magn\u00edficos estilos de decora\u00e7\u00e3o de interiores, do moderno ao tradicional, em que os requisitos de conforto t\u00e9rmico e ac\u00fastico assumam uma import\u00e2ncia preponderante. Os pavimentos VITA podem ser usados em aplica\u00e7\u00f5es residenciais ou comerciais de uso intenso e t\u00eam uma garantia estrutural vital\u00edcia e garantia de desgaste de 20 anos residencial ou 10 anos comercial.<\/p>\n<\/div>\n<\/div>\n<\/div>\n<\/div>\n<\/div>\n<\/div>\n<\/div>\n<\/div>\n<\/div>\n<\/div>\n<\/div>\n<\/div>\n[\/vc_column_text][vc_single_image image=\u00bb1540&#8243; img_size=\u00bbfull\u00bb][\/vc_column][\/vc_row][vc_row][vc_column][mk_padding_divider size=\u00bb60&#8243;][mk_fancy_title size=\u00bb28&#8243; font_family=\u00bbnone\u00bb]\n<div class=\"page\" title=\"Page 1\">\n<div class=\"section\">\n<div class=\"layoutArea\">\n<div class=\"column\">\n<div class=\"page\" title=\"Page 2\">\n<div class=\"section\">\n<div class=\"layoutArea\">\n<div class=\"column\">\n<div class=\"page\" title=\"Page 3\">\n<div class=\"section\">\n<div class=\"layoutArea\">\n<div class=\"column\">\n<div class=\"page\" title=\"Page 3\">\n<div class=\"section\">\n<div class=\"layoutArea\">\n<div class=\"column\">\n<p>3D Forms<\/p>\n<\/div>\n<\/div>\n<\/div>\n<\/div>\n<\/div>\n<\/div>\n<\/div>\n<\/div>\n<\/div>\n<\/div>\n<\/div>\n<\/div>\n<\/div>\n<\/div>\n<\/div>\n<\/div>\n[\/mk_fancy_title][vc_single_image image=\u00bb1541&#8243; img_size=\u00bbfull\u00bb][mk_fancy_title size=\u00bb20&#8243; font_family=\u00bbnone\u00bb]<strong>Sustentabilidade<\/strong>[\/mk_fancy_title][vc_column_text]\n<div class=\"page\" title=\"Page 1\">\n<div class=\"section\">\n<div class=\"layoutArea\">\n<div class=\"column\">\n<div class=\"page\" title=\"Page 2\">\n<div class=\"section\">\n<div class=\"layoutArea\">\n<div class=\"column\">\n<div class=\"page\" title=\"Page 3\">\n<div class=\"section\">\n<div class=\"layoutArea\">\n<div class=\"column\">\n<div class=\"page\" title=\"Page 3\">\n<div class=\"section\">\n<div class=\"layoutArea\">\n<div class=\"column\">\n<div class=\"page\" title=\"Page 3\">\n<div class=\"section\">\n<div class=\"layoutArea\">\n<div class=\"column\">\n<p style=\"text-align: center;\">Desde o in\u00edcio em 1972, que a atividade da GRANORTE passa pela reciclagem de corti\u00e7a, acrescentando valor aos res\u00edduos e subprodutos da ind\u00fastria de produ\u00e7\u00e3o de rolhas de corti\u00e7a natural para vinho. Os m\u00f3dulos de revestimento de paredes 3DFORMS s\u00e3o compostos por cerca de 95% de gr\u00e3os de corti\u00e7a natural, obtidos por tritura\u00e7\u00e3o e granula\u00e7\u00e3o desta mat\u00e9ria-prima sustent\u00e1vel. O agente ligante \u00e9 um pol\u00edmero n\u00e3o-t\u00f3xico, livre de formalde\u00eddo, descrito na lista do FDA de materiais que podem ser usados em contato com alimentos. N\u00e3o cont\u00e9m PVC, plastificantes ou outras subst\u00e2ncias perigosas para a sa\u00fade ou o meio ambiente.<\/p>\n<\/div>\n<\/div>\n<\/div>\n<\/div>\n<\/div>\n<\/div>\n<\/div>\n<\/div>\n<\/div>\n<\/div>\n<\/div>\n<\/div>\n<\/div>\n<\/div>\n<\/div>\n<\/div>\n<\/div>\n<\/div>\n<\/div>\n<\/div>\n[\/vc_column_text][mk_fancy_title size=\u00bb20&#8243; font_family=\u00bbnone\u00bb]<strong>Caracter\u00edsticas<\/strong>[\/mk_fancy_title][vc_column_text]\n<div class=\"page\" title=\"Page 1\">\n<div class=\"section\">\n<div class=\"layoutArea\">\n<div class=\"column\">\n<div class=\"page\" title=\"Page 2\">\n<div class=\"section\">\n<div class=\"layoutArea\">\n<div class=\"column\">\n<div class=\"page\" title=\"Page 3\">\n<div class=\"section\">\n<div class=\"layoutArea\">\n<div class=\"column\">\n<div class=\"page\" title=\"Page 3\">\n<div class=\"section\">\n<div class=\"layoutArea\">\n<div class=\"column\">\n<div class=\"page\" title=\"Page 3\">\n<div class=\"section\">\n<div class=\"layoutArea\">\n<div class=\"column\">\n<p style=\"text-align: center;\">Os m\u00f3dulos 3DFORMS s\u00e3o 95% corti\u00e7a natural, moldados por CNC e terminados com um protetor \u00e0 base de \u00e1gua. Sendo modulares, podem combinar-se em v\u00e1rios arranjos para criar padr\u00f5es tridimensionais \u00fanicos que adicionam profundidade a superf\u00edcies verticais, definindo a identidade do espa\u00e7o. Inspirando-se nos tradicionais azulejos e pain\u00e9is de madeira dos anos 50 e 60, os m\u00f3dulos 3DFORMS projetam um impressionante padr\u00e3o r\u00edtmico atrav\u00e9s da parede.<\/p>\n<\/div>\n<\/div>\n<\/div>\n<\/div>\n<\/div>\n<\/div>\n<\/div>\n<\/div>\n<\/div>\n<\/div>\n<\/div>\n<\/div>\n<\/div>\n<\/div>\n<\/div>\n<\/div>\n<\/div>\n<\/div>\n<\/div>\n<\/div>\n[\/vc_column_text][mk_fancy_title size=\u00bb20&#8243; font_family=\u00bbnone\u00bb]<strong>Aplica\u00e7\u00f5es<\/strong>[\/mk_fancy_title][vc_column_text]\n<div class=\"page\" title=\"Page 2\">\n<div class=\"section\">\n<div class=\"layoutArea\">\n<div class=\"column\">\n<div class=\"page\" title=\"Page 3\">\n<div class=\"section\">\n<div class=\"layoutArea\">\n<div class=\"column\">\n<div class=\"page\" title=\"Page 3\">\n<div class=\"section\">\n<div class=\"layoutArea\">\n<div class=\"column\">\n<div class=\"page\" title=\"Page 3\">\n<div class=\"section\">\n<div class=\"layoutArea\">\n<div class=\"column\">\n<p style=\"text-align: center;\">Oferecendo uma quantidade aparentemente infinita de possibilidades criativas, 3DFORMS proporciona ao projetista uma textura \u00fanica como revestimentos de parede e as propriedades ac\u00fasticas e t\u00e9rmicas intr\u00ednsecas \u00e0 corti\u00e7a contribuem para o desempenho ac\u00fastico e t\u00e9rmico dos edif\u00edcios, melhorando o conforto ambiental e reduzindo os custos energ\u00e9ticos.<\/p>\n<\/div>\n<\/div>\n<\/div>\n<\/div>\n<\/div>\n<\/div>\n<\/div>\n<\/div>\n<\/div>\n<\/div>\n<\/div>\n<\/div>\n<\/div>\n<\/div>\n<\/div>\n<\/div>\n[\/vc_column_text][vc_single_image image=\u00bb1539&#8243; img_size=\u00bbfull\u00bb][mk_fancy_title size=\u00bb20&#8243; font_family=\u00bbnone\u00bb]\n<p style=\"text-align: center;\"><a href=\"http:\/\/www.granorte.pt\/en\/\">GRANORTE \u2013 Revestimentos de Corti\u00e7a, Lda.<\/a><\/p>\n<p style=\"text-align: center;\">Avenida de Santiago, 68<\/p>\n<p style=\"text-align: center;\">4520-470 Rio Me\u00e3o | PORTUGAL<\/p>\n<p style=\"text-align: center;\">Tel: +351 256 783 026<\/p>\n<p style=\"text-align: center;\">Fax: +351 256 781\u00a0562<\/p>\n<p style=\"text-align: center;\">mailto:<a title=\"info@granorte.pt\" href=\"mailto:info@granorte.pt\">info@granorte.pt<\/a><\/p>\n[\/mk_fancy_title][\/vc_column][\/vc_row][vc_row][vc_column][\/vc_column][\/vc_row]","protected":false},"excerpt":{"rendered":"<p>[vc_row][vc_column][mk_padding_divider size=\u00bb60&#8243;][mk_fancy_title size=\u00bb28&#8243; font_family=\u00bbnone\u00bb] Recolour [\/mk_fancy_title][vc_single_image image=\u00bb1543&#8243; img_size=\u00bbfull\u00bb][mk_fancy_title size=\u00bb20&#8243; font_family=\u00bbnone\u00bb]Sustentabilidade[\/mk_fancy_title][vc_column_text] A Granorte desenvolve e produz revestimentos sustent\u00e1veis, ambientalmente respons\u00e1veis e que contribuem para a conserva\u00e7\u00e3o e prote\u00e7\u00e3o das florestas. Os pavimentos em corti\u00e7a RECOLOUR s\u00e3o produzidos, com paix\u00e3o, a partir de corti\u00e7a natural e inspirados na Natureza. A colheita de corti\u00e7a, feita a cada nove [&hellip;]<\/p>\n","protected":false},"author":3,"featured_media":0,"parent":0,"menu_order":0,"comment_status":"closed","ping_status":"closed","template":"","meta":{"_acf_changed":false,"footnotes":""},"class_list":["post-1537","page","type-page","status-publish","hentry"],"acf":[],"_links":{"self":[{"href":"https:\/\/myecobuild.csustentavel.com\/es\/wp-json\/wp\/v2\/pages\/1537"}],"collection":[{"href":"https:\/\/myecobuild.csustentavel.com\/es\/wp-json\/wp\/v2\/pages"}],"about":[{"href":"https:\/\/myecobuild.csustentavel.com\/es\/wp-json\/wp\/v2\/types\/page"}],"author":[{"embeddable":true,"href":"https:\/\/myecobuild.csustentavel.com\/es\/wp-json\/wp\/v2\/users\/3"}],"replies":[{"embeddable":true,"href":"https:\/\/myecobuild.csustentavel.com\/es\/wp-json\/wp\/v2\/comments?post=1537"}],"version-history":[{"count":15,"href":"https:\/\/myecobuild.csustentavel.com\/es\/wp-json\/wp\/v2\/pages\/1537\/revisions"}],"predecessor-version":[{"id":3090,"href":"https:\/\/myecobuild.csustentavel.com\/es\/wp-json\/wp\/v2\/pages\/1537\/revisions\/3090"}],"wp:attachment":[{"href":"https:\/\/myecobuild.csustentavel.com\/es\/wp-json\/wp\/v2\/media?parent=1537"}],"curies":[{"name":"wp","href":"https:\/\/api.w.org\/{rel}","templated":true}]}}