{"id":1604,"date":"2018-07-25T17:24:03","date_gmt":"2018-07-25T17:24:03","guid":{"rendered":"http:\/\/myecobuild.csustentavel.com\/?page_id=1604"},"modified":"2022-09-19T11:29:25","modified_gmt":"2022-09-19T11:29:25","slug":"onduline","status":"publish","type":"page","link":"https:\/\/myecobuild.csustentavel.com\/es\/onduline\/","title":{"rendered":"Onduline | Ecoproductos"},"content":{"rendered":"[vc_row][vc_column][vc_raw_html]JTNDYSUyMGhyZWYlM0QlMjJqYXZhc2NyaXB0JTNBaGlzdG9yeS5nbyUyOC0xJTI5JTIyJTNFJTNDJTIwQXRyJUMzJUExcyUzQyUyRmElM0UlMEE=[\/vc_raw_html][mk_padding_divider size=\u00bb60&#8243;][mk_fancy_title size=\u00bb28&#8243; font_family=\u00bbnone\u00bb]BAJO TEJA<br \/>\n[\/mk_fancy_title][vc_single_image image=\u00bb1551&#8243; img_size=\u00bbfull\u00bb][mk_fancy_title size=\u00bb20&#8243; font_family=\u00bbnone\u00bb]<strong>Sostenibilidad<\/strong>[\/mk_fancy_title][vc_column_text css=\u00bb.vc_custom_1663586116371{margin-bottom: 0px !important;}\u00bb]\n<p style=\"text-align: center;\">Con la implementaci\u00f3n de tecnolog\u00edas de vanguardia e innovaci\u00f3n en la fabricaci\u00f3n de sus <strong>placas de bajo teja, Onduline<\/strong> reduce la huella de carbono con un bajo consumo de energ\u00eda primaria. La ligereza de este material permite un transporte m\u00e1s eficaz, reduciendo as\u00ed las emisiones de CO2, y su composici\u00f3n permite el reciclaje de una alta cantidad de material al a\u00f1o. Los certificados recientes demuestran la preocupaci\u00f3n permanente de la empresa con respecto al tema de la calidad ambiental.<\/p>\n[\/vc_column_text][mk_fancy_title size=\u00bb20&#8243; font_family=\u00bbnone\u00bb]<strong>Caracteristicas<\/strong>[\/mk_fancy_title][vc_column_text css=\u00bb.vc_custom_1663586133256{margin-bottom: 0px !important;}\u00bb]\n<p style=\"text-align: center;\">Las placas de bajo teja Onduline son ligeras, lo que facilita la instalaci\u00f3n y reduce los costos de mano de obra. Son impermeables al agua (30 a\u00f1os de garant\u00eda). La ventilaci\u00f3n constante entre todos los elementos del techo aumenta su durabilidad.<\/p>\n[\/vc_column_text][mk_fancy_title size=\u00bb20&#8243; font_family=\u00bbnone\u00bb]<strong>Aplicaciones<\/strong>[\/mk_fancy_title][vc_column_text css=\u00bb.vc_custom_1663586149509{margin-bottom: 0px !important;}\u00bb]\n<p style=\"text-align: center;\">Las placas de bajo teja Onduline se adaptan f\u00e1cilmente a la rehabilitaci\u00f3n de cubiertas inclinadas de teja cer\u00e1mica. En rehabilitaci\u00f3n, su uso permite reducir al m\u00ednimo posible los cambios en la configuraci\u00f3n de cobertura, reduciendo costes.<\/p>\n[\/vc_column_text][vc_single_image image=\u00bb1550&#8243; img_size=\u00bbfull\u00bb][\/vc_column][\/vc_row][vc_row][vc_column][mk_fancy_title size=\u00bb28&#8243; font_family=\u00bbnone\u00bb]ONDULINE ENERGY[\/mk_fancy_title][vc_single_image image=\u00bb4340&#8243; img_size=\u00bbfull\u00bb][mk_fancy_title size=\u00bb20&#8243; font_family=\u00bbnone\u00bb]<strong>Sostenibilidad<\/strong>[\/mk_fancy_title][vc_column_text css=\u00bb.vc_custom_1663586284775{margin-bottom: 0px !important;}\u00bb]\n<p style=\"text-align: center;\">Onduline Energy es una nueva soluci\u00f3n de aislamiento de Onduline. Con este material 100% natural, Onduline completa su oferta para cubiertas con una soluci\u00f3n que garantiza un mayor confort t\u00e9rmico, reducci\u00f3n del ruido y, en consecuencia, una mayor sostenibilidad.<\/p>\n[\/vc_column_text][mk_fancy_title size=\u00bb20&#8243; font_family=\u00bbnone\u00bb]<strong>Caracteristicas<\/strong>[\/mk_fancy_title][vc_column_text css=\u00bb.vc_custom_1663586292726{margin-bottom: 0px !important;}\u00bb]\n<p style=\"text-align: center;\">Onduline Energy es compuesto por lana de roca bicapa de alta densidad (100\/180 kg\/m3), lo que le confiere grandes cualidades de aislamiento t\u00e9rmico, ac\u00fastico y resistencia al fuego.<\/p>\n[\/vc_column_text][mk_fancy_title size=\u00bb20&#8243; font_family=\u00bbnone\u00bb]<strong>Aplicaciones<\/strong>[\/mk_fancy_title][vc_column_text css=\u00bb.vc_custom_1663586303295{margin-bottom: 0px !important;}\u00bb]\n<p style=\"text-align: center;\">Onduline Energy est\u00e1 especialmente indicado para ser aplicado en cubiertas, pero puede tener otros usos m\u00e1s comunes para la lana de roca.<\/p>\n[\/vc_column_text][vc_single_image image=\u00bb4341&#8243; img_size=\u00bbfull\u00bb][\/vc_column][\/vc_row][vc_row][vc_column][mk_fancy_title size=\u00bb28&#8243; font_family=\u00bbnone\u00bb]ONDUTHERM WALL<br \/>\n[\/mk_fancy_title][vc_single_image image=\u00bb4338&#8243; img_size=\u00bbfull\u00bb][mk_fancy_title size=\u00bb20&#8243; font_family=\u00bbnone\u00bb]<strong>Sostenibilidad<\/strong>[\/mk_fancy_title][vc_column_text css=\u00bb.vc_custom_1663586367229{margin-bottom: 0px !important;}\u00bb]\n<p style=\"text-align: center;\">ONDUTHERM\u00ae WALL es un sistema constructivo que permite aislar desde el interior, siempre que no sea posible realizar aislamiento t\u00e9rmico desde el exterior o cuando sea importante preservar el patrimonio, manteniendo la fachada original.<br \/>\nEste sistema tambi\u00e9n permite realizar tabiques, con un m\u00ednimo o nulo uso de perfiles met\u00e1licos, reduciendo los puentes t\u00e9rmicos y facilitando la instalaci\u00f3n de la soluci\u00f3n.<\/p>\n[\/vc_column_text][mk_fancy_title size=\u00bb20&#8243; font_family=\u00bbnone\u00bb]<strong>Caracteristicas<\/strong>[\/mk_fancy_title][vc_column_text css=\u00bb.vc_custom_1663586376910{margin-bottom: 0px !important;}\u00bb]\n<p style=\"text-align: center;\">Este sistema es formado por bloques macho-hembra en los 4 lados, compuesto por aislamiento t\u00e9rmico en lana de roca por los 2 lados exteriores y una capa de OSB en su n\u00facleo. El sistema se puede recubrir con un acabado de elecci\u00f3n (para recubrimientos fijados mec\u00e1nicamente).<\/p>\n[\/vc_column_text][mk_fancy_title size=\u00bb20&#8243; font_family=\u00bbnone\u00bb]<strong>Aplicaciones<\/strong>[\/mk_fancy_title][vc_column_text css=\u00bb.vc_custom_1663586383472{margin-bottom: 0px !important;}\u00bb]\n<p style=\"text-align: center;\">Revestimiento de paredes interiores con aislamiento.<\/p>\n[\/vc_column_text][\/vc_column][\/vc_row][vc_row][vc_column][mk_fancy_title size=\u00bb20&#8243; font_family=\u00bbnone\u00bb]\n<p style=\"text-align: center;\"><a href=\"https:\/\/pt.onduline.com\/\">Onduline \u2013 Materiais de Constru\u00e7\u00e3o, S.A.<\/a><\/p>\n<p style=\"text-align: center;\">Rua das Lages, 524 4410-272 Vila Nova de Gaia | Portugal<\/p>\n<p style=\"text-align: center;\">Telef. +351 227 151 230 | +351 227 123 788<\/p>\n<p style=\"text-align: center;\"><a href=\"mailto:info@onduline.pt\">info@onduline.pt<\/a><\/p>\n[\/mk_fancy_title][\/vc_column][\/vc_row]","protected":false},"excerpt":{"rendered":"<p>[vc_row][vc_column][vc_raw_html]JTNDYSUyMGhyZWYlM0QlMjJqYXZhc2NyaXB0JTNBaGlzdG9yeS5nbyUyOC0xJTI5JTIyJTNFJTNDJTIwQXRyJUMzJUExcyUzQyUyRmElM0UlMEE=[\/vc_raw_html][mk_padding_divider size=\u00bb60&#8243;][mk_fancy_title size=\u00bb28&#8243; font_family=\u00bbnone\u00bb]BAJO TEJA [\/mk_fancy_title][vc_single_image image=\u00bb1551&#8243; img_size=\u00bbfull\u00bb][mk_fancy_title size=\u00bb20&#8243; font_family=\u00bbnone\u00bb]Sostenibilidad[\/mk_fancy_title][vc_column_text css=\u00bb.vc_custom_1663586116371{margin-bottom: 0px !important;}\u00bb] Con la implementaci\u00f3n de tecnolog\u00edas de vanguardia e innovaci\u00f3n en la fabricaci\u00f3n de sus placas de bajo teja, Onduline reduce la huella de carbono con un bajo consumo de energ\u00eda primaria. La ligereza de este material permite un transporte m\u00e1s eficaz, reduciendo [&hellip;]<\/p>\n","protected":false},"author":3,"featured_media":0,"parent":0,"menu_order":0,"comment_status":"closed","ping_status":"closed","template":"","meta":{"_acf_changed":false,"footnotes":""},"class_list":["post-1604","page","type-page","status-publish","hentry"],"acf":[],"_links":{"self":[{"href":"https:\/\/myecobuild.csustentavel.com\/es\/wp-json\/wp\/v2\/pages\/1604"}],"collection":[{"href":"https:\/\/myecobuild.csustentavel.com\/es\/wp-json\/wp\/v2\/pages"}],"about":[{"href":"https:\/\/myecobuild.csustentavel.com\/es\/wp-json\/wp\/v2\/types\/page"}],"author":[{"embeddable":true,"href":"https:\/\/myecobuild.csustentavel.com\/es\/wp-json\/wp\/v2\/users\/3"}],"replies":[{"embeddable":true,"href":"https:\/\/myecobuild.csustentavel.com\/es\/wp-json\/wp\/v2\/comments?post=1604"}],"version-history":[{"count":16,"href":"https:\/\/myecobuild.csustentavel.com\/es\/wp-json\/wp\/v2\/pages\/1604\/revisions"}],"predecessor-version":[{"id":4345,"href":"https:\/\/myecobuild.csustentavel.com\/es\/wp-json\/wp\/v2\/pages\/1604\/revisions\/4345"}],"wp:attachment":[{"href":"https:\/\/myecobuild.csustentavel.com\/es\/wp-json\/wp\/v2\/media?parent=1604"}],"curies":[{"name":"wp","href":"https:\/\/api.w.org\/{rel}","templated":true}]}}