{"id":1618,"date":"2018-07-25T19:14:57","date_gmt":"2018-07-25T19:14:57","guid":{"rendered":"http:\/\/myecobuild.csustentavel.com\/?page_id=1618"},"modified":"2021-02-10T17:43:43","modified_gmt":"2021-02-10T17:43:43","slug":"preceram","status":"publish","type":"page","link":"https:\/\/myecobuild.csustentavel.com\/es\/preceram\/","title":{"rendered":"Preceram"},"content":{"rendered":"[vc_row][vc_column][vc_raw_html]JTNDYSUyMGhyZWYlM0QlMjJqYXZhc2NyaXB0JTNBaGlzdG9yeS5nbyUyOC0xJTI5JTIyJTNFJTNDJTIwQXRyJUMzJUExcyUzQyUyRmElM0U=[\/vc_raw_html][mk_fancy_title size=\u00bb28&#8243; font_family=\u00bbnone\u00bb]LADRILLO T\u00c9RMICO Y AC\u00daSTICO<br \/>\n[\/mk_fancy_title][vc_single_image image=\u00bb1545&#8243; img_size=\u00bbfull\u00bb][mk_fancy_title size=\u00bb20&#8243; font_family=\u00bbnone\u00bb]<strong>Sustentabilidad<\/strong>[\/mk_fancy_title][vc_column_text css=\u00bb.vc_custom_1612978964963{margin-bottom: 0px !important;}\u00bb]\n<p style=\"text-align: center;\">El ladrillo t\u00e9rmico y ac\u00fastico Preceram est\u00e1 indicado para la construcci\u00f3n de muros demamposter\u00eda m\u00e1s eficientes t\u00e9rmicamente. Su resistencia t\u00e9rmica es el doble que la de unladrillo tradicional equivalente. Siendo ladrillos con agujeros verticales que encajan lateralmenteentre s\u00ed, favorecen la alineaci\u00f3n y plomada del muro, reduciendo el tiempo de ejecuci\u00f3n y elconsumo de mortero. La apuesta por muros m\u00e1s eficientes permite minimizar el derroche deenerg\u00eda por climatizaci\u00f3n, lo que supone un ahorro anual de varios cientos de euros.<\/p>\n[\/vc_column_text][mk_fancy_title size=\u00bb20&#8243; font_family=\u00bbnone\u00bb]<strong>Caracteristicas<\/strong>[\/mk_fancy_title][vc_column_text css=\u00bb.vc_custom_1612978986587{margin-bottom: 0px !important;}\u00bb]\n<p style=\"text-align: center;\">Ideal para la construcci\u00f3n de muros de mamposter\u00eda m\u00e1s econ\u00f3micos, de montaje m\u00e1s sencillodonde se requieran ambientes con condiciones t\u00e9rmicas y ac\u00fasticas estables y controladas. Esteproducto de alta resistencia mec\u00e1nica, potencia una buena clasificaci\u00f3n energ\u00e9tica, ahorrarecursos y aporta confort en interiores.<\/p>\n[\/vc_column_text][mk_fancy_title size=\u00bb20&#8243; font_family=\u00bbnone\u00bb]<strong>Aplicaciones<\/strong>[\/mk_fancy_title][vc_column_text css=\u00bb.vc_custom_1612979009203{margin-bottom: 0px !important;}\u00bb]\n<p style=\"text-align: center;\">Construcci\u00f3n de paredes protegidas simples o dobles (con yeso o revestimiento), no resistentesy sujetas a exposici\u00f3n pasiva, con requisitos ac\u00fasticos, t\u00e9rmicos y de resistencia al fuego.<\/p>\n[\/vc_column_text][vc_single_image image=\u00bb1544&#8243; img_size=\u00bbfull\u00bb][mk_fancy_title size=\u00bb20&#8243; font_family=\u00bbnone\u00bb]\n<p style=\"text-align: center;\" align=\"LEFT\"><a href=\"http:\/\/www.preceram.pt\/\" target=\"_blank\" rel=\"noopener\">Preceram<\/a><\/p>\n<p style=\"text-align: center;\" align=\"LEFT\">Travasso \u2013 Apartado 31<\/p>\n<p style=\"text-align: center;\" align=\"LEFT\">3101-901 Pombal<\/p>\n<p style=\"text-align: center;\" align=\"LEFT\">Telf +351 236 210 160 | Telf +351 236 107 902 | Fax +351 236 210 169<\/p>\n<p style=\"text-align: center;\"><a href=\"mailto:preceram@preceram.pt\">preceram@preceram.pt<\/a><\/p>\n[\/mk_fancy_title][\/vc_column][\/vc_row][vc_row][vc_column][\/vc_column][\/vc_row]","protected":false},"excerpt":{"rendered":"<p>[vc_row][vc_column][vc_raw_html]JTNDYSUyMGhyZWYlM0QlMjJqYXZhc2NyaXB0JTNBaGlzdG9yeS5nbyUyOC0xJTI5JTIyJTNFJTNDJTIwQXRyJUMzJUExcyUzQyUyRmElM0U=[\/vc_raw_html][mk_fancy_title size=\u00bb28&#8243; font_family=\u00bbnone\u00bb]LADRILLO T\u00c9RMICO Y AC\u00daSTICO [\/mk_fancy_title][vc_single_image image=\u00bb1545&#8243; img_size=\u00bbfull\u00bb][mk_fancy_title size=\u00bb20&#8243; font_family=\u00bbnone\u00bb]Sustentabilidad[\/mk_fancy_title][vc_column_text css=\u00bb.vc_custom_1612978964963{margin-bottom: 0px !important;}\u00bb] El ladrillo t\u00e9rmico y ac\u00fastico Preceram est\u00e1 indicado para la construcci\u00f3n de muros demamposter\u00eda m\u00e1s eficientes t\u00e9rmicamente. Su resistencia t\u00e9rmica es el doble que la de unladrillo tradicional equivalente. Siendo ladrillos con agujeros verticales que encajan lateralmenteentre s\u00ed, favorecen la alineaci\u00f3n [&hellip;]<\/p>\n","protected":false},"author":3,"featured_media":0,"parent":0,"menu_order":0,"comment_status":"closed","ping_status":"closed","template":"","meta":{"_acf_changed":false,"footnotes":""},"class_list":["post-1618","page","type-page","status-publish","hentry"],"acf":[],"_links":{"self":[{"href":"https:\/\/myecobuild.csustentavel.com\/es\/wp-json\/wp\/v2\/pages\/1618"}],"collection":[{"href":"https:\/\/myecobuild.csustentavel.com\/es\/wp-json\/wp\/v2\/pages"}],"about":[{"href":"https:\/\/myecobuild.csustentavel.com\/es\/wp-json\/wp\/v2\/types\/page"}],"author":[{"embeddable":true,"href":"https:\/\/myecobuild.csustentavel.com\/es\/wp-json\/wp\/v2\/users\/3"}],"replies":[{"embeddable":true,"href":"https:\/\/myecobuild.csustentavel.com\/es\/wp-json\/wp\/v2\/comments?post=1618"}],"version-history":[{"count":8,"href":"https:\/\/myecobuild.csustentavel.com\/es\/wp-json\/wp\/v2\/pages\/1618\/revisions"}],"predecessor-version":[{"id":3446,"href":"https:\/\/myecobuild.csustentavel.com\/es\/wp-json\/wp\/v2\/pages\/1618\/revisions\/3446"}],"wp:attachment":[{"href":"https:\/\/myecobuild.csustentavel.com\/es\/wp-json\/wp\/v2\/media?parent=1618"}],"curies":[{"name":"wp","href":"https:\/\/api.w.org\/{rel}","templated":true}]}}