{"id":1621,"date":"2018-07-25T19:18:53","date_gmt":"2018-07-25T19:18:53","guid":{"rendered":"http:\/\/myecobuild.csustentavel.com\/?page_id=1621"},"modified":"2021-02-10T18:38:36","modified_gmt":"2021-02-10T18:38:36","slug":"saint-gobain","status":"publish","type":"page","link":"https:\/\/myecobuild.csustentavel.com\/es\/saint-gobain\/","title":{"rendered":"Saint Gobain Glass"},"content":{"rendered":"[vc_row][vc_column][vc_raw_html]JTNDYSUyMGhyZWYlM0QlMjJqYXZhc2NyaXB0JTNBaGlzdG9yeS5nbyUyOC0xJTI5JTIyJTNFJTNDJTIwQXRyJUMzJUExcyUzQyUyRmElM0U=[\/vc_raw_html][mk_fancy_title size=\u00bb28&#8243; font_family=\u00bbnone\u00bb]VIDRO SGG CLIMALIT PLUS[\/mk_fancy_title][vc_single_image image=\u00bb1578&#8243; img_size=\u00bbfull\u00bb][mk_fancy_title size=\u00bb20&#8243; font_family=\u00bbnone\u00bb]<strong>Sustentabilidade<\/strong>[\/mk_fancy_title][vc_column_text css=\u00bb.vc_custom_1610458743594{margin-bottom: 0px !important;}\u00bb]\n<p style=\"text-align: center;\">Em prol da sustentabilidade, engenheiros e arquitectos buscam constantemente alternativas para que os edif\u00edcios influenciem o menos poss\u00edvel o ambiente. Devido \u00e0 sua versatilidade, o vidro \u00e9 um material que tem conquistado espa\u00e7o nos dossiers destes profissionais, n\u00e3o s\u00f3 por ser 100% recicl\u00e1vel, mas tamb\u00e9m por ter uma grande capacidade de aliar est\u00e9tica e alto desempenho.<\/p>\n[\/vc_column_text][mk_fancy_title size=\u00bb20&#8243; font_family=\u00bbnone\u00bb]<strong>Caracter\u00edsticas<\/strong>[\/mk_fancy_title][vc_column_text css=\u00bb.vc_custom_1610458752091{margin-bottom: 0px !important;}\u00bb]\n<p style=\"text-align: center;\">As caracter\u00edsticas do vidro SGG CLIMALIT PLUS\u00ae tornam-no num vidro \u00fanico que alcan\u00e7a um n\u00edvel de isolamento at\u00e9 3 vezes maior que um vidro duplo b\u00e1sico, conseguindo manter uma \u00f3tima sensa\u00e7\u00e3o t\u00e9rmica no inverno. No ver\u00e3o, o SGG Climalit Plus pode reduzir a metade a entrada de energia solar direta, comparativamente a um vidro duplo b\u00e1sico, ajudando a manter uma temperatura agrad\u00e1vel no interior do espa\u00e7o. Com o SGG Climalit Plus poder\u00e1 desfrutar de espa\u00e7os mais confort\u00e1veis.<\/p>\n[\/vc_column_text][mk_fancy_title size=\u00bb20&#8243; font_family=\u00bbnone\u00bb]<strong>Aplica\u00e7\u00f5es<\/strong>[\/mk_fancy_title][vc_column_text css=\u00bb.vc_custom_1610458762101{margin-bottom: 0px !important;}\u00bb]\n<p style=\"text-align: center;\">A variedade dos produtos de que a Saint-Gobain Glass disp\u00f5e, pelas suas fun\u00e7\u00f5es, oferece actualmente ao projectista uma grande liberdade de cria\u00e7\u00e3o na constru\u00e7\u00e3o nova ou de renova\u00e7\u00e3o, possibilitando uma resposta concreta e de performance \u00e0s exig\u00eancias dos intervenientes da constru\u00e7\u00e3o.<\/p>\n[\/vc_column_text][vc_single_image image=\u00bb2952&#8243; img_size=\u00bbfull\u00bb][\/vc_column][\/vc_row][vc_row][vc_column][mk_padding_divider size=\u00bb60&#8243;][mk_fancy_title size=\u00bb28&#8243; font_family=\u00bbnone\u00bb]ESPELHO SGG MIRALITE NATURA[\/mk_fancy_title][vc_single_image image=\u00bb2955&#8243; img_size=\u00bbfull\u00bb][mk_fancy_title size=\u00bb20&#8243; font_family=\u00bbnone\u00bb]<strong>Sustentabilidade<\/strong>[\/mk_fancy_title][vc_column_text css=\u00bb.vc_custom_1610456936602{margin-bottom: 0px !important;}\u00bb]\n<p style=\"text-align: center;\">O novo espelho SGG MIRALITE NATURA respeita o ambiente e a sa\u00fade das pessoas, traduzindo os valores fundamentais da Saint-Gobain Glass. Combina a efici\u00eancia ambiental \u00fanica, uma vez que n\u00e3o incorpora chumbo na pintura de protec\u00e7\u00e3o e utiliza um m\u00ednimo de solventes, garantindo uma qualidade superior, consequ\u00eancia da cont\u00ednua capacidade de inova\u00e7\u00e3o da Saint-Gobain Glass. Os seus componentes incorporam 30% de vidro reciclado, na sua fabrica\u00e7\u00e3o \u00e9 reutilizada 30% da \u00e1gua e 100% dos metais e vidro s\u00e3o reencaminhados para reciclagem.<\/p>\n[\/vc_column_text][mk_fancy_title size=\u00bb20&#8243; font_family=\u00bbnone\u00bb]<strong>Caracter\u00edsticas<\/strong>[\/mk_fancy_title][vc_column_text css=\u00bb.vc_custom_1610456944780{margin-bottom: 0px !important;}\u00bb]\n<p style=\"text-align: center;\">As suas a caracter\u00edsticas permitem a sua f\u00e1cil transforma\u00e7\u00e3o e manufactura, garantindo ao mesmo tempo conforto e durabilidade excepcionais aos seus utilizadores. SGG Miralite Natura incorpora SGG Planiclear, um vidro mais transparente e de tom mais claro, garantindo-se assim um reflexo puro e um brilho intenso.<\/p>\n[\/vc_column_text][mk_fancy_title size=\u00bb20&#8243; font_family=\u00bbnone\u00bb]<strong>Aplica\u00e7\u00f5es<\/strong>[\/mk_fancy_title][vc_column_text css=\u00bb.vc_custom_1610456953899{margin-bottom: 0px !important;}\u00bb]\n<p style=\"text-align: center;\">SGG Miralite Natura proporciona maior luminosidade e cria um sentido de maior conforto, sendo o complemento ideal na decora\u00e7\u00e3o de qualquer ambiente. \u00c9 pass\u00edvel de ser cortado em qualquer forma geom\u00e9trica. Pode ser perfurado e arestado em diversos formatos bem como personalizado com log\u00f3tipos, foscagem a areia ou grava\u00e7\u00f5es na face oposta.<\/p>\n[\/vc_column_text][vc_single_image image=\u00bb2952&#8243; img_size=\u00bbfull\u00bb][\/vc_column][\/vc_row][vc_row][vc_column][mk_padding_divider size=\u00bb60&#8243;][mk_fancy_title size=\u00bb28&#8243; font_family=\u00bbnone\u00bb]PROTEC\u00c7\u00c3O DE DUCHE SGG STADIP[\/mk_fancy_title][vc_single_image image=\u00bb2956&#8243; img_size=\u00bbfull\u00bb][mk_fancy_title size=\u00bb20&#8243; font_family=\u00bbnone\u00bb]<strong>Sustentabilidade<\/strong>[\/mk_fancy_title][vc_column_text css=\u00bb.vc_custom_1610457077994{margin-bottom: 0px !important;}\u00bb]\n<p style=\"text-align: center;\">Os vidros laminados de seguran\u00e7a s\u00e3o compostos por dois ou mais vidros atrav\u00e9s de um ou mais filmes de polivinil butiral (PVB). Os vidros SGG STADIP s\u00e3o compostos por um \u00fanico filme de PVB com uma espessura nominal de 0.38 mm e os SGG STADIP PROTECT tem uma espessura nominal de 0.76 mm. Os produtos da gama SGG STADIP e SGG STADIP PROTECT cumprem os requisitos das normas EN 12543 e EN 14449 e evidenciam marca\u00e7\u00e3o CE. No processo de fabrico \u00e9 reutilizada 30% da \u00e1gua e encaminhado para reciclagem 100% dos metais e desperd\u00edcios de vidro.<\/p>\n[\/vc_column_text][mk_fancy_title size=\u00bb20&#8243; font_family=\u00bbnone\u00bb]<strong>Caracter\u00edsticas<\/strong>[\/mk_fancy_title][vc_column_text css=\u00bb.vc_custom_1610458125293{margin-bottom: 0px !important;}\u00bb]\n<p style=\"text-align: center;\">Estas vidros s\u00e3o extremamente seguros. Em caso de rotura do vidro, o ou os filmes de PVB mant\u00eam os fragmentos agregados. No caso duma utiliza\u00e7\u00e3o convencional, a integridade e a resist\u00eancia residual do vidro mant\u00eam-se at\u00e9 que seja poss\u00edvel substitu\u00ed-lo.<\/p>\n[\/vc_column_text][mk_fancy_title size=\u00bb20&#8243; font_family=\u00bbnone\u00bb]<strong>Aplica\u00e7\u00f5es<\/strong>[\/mk_fancy_title][vc_column_text css=\u00bb.vc_custom_1610458138921{margin-bottom: 0px !important;}\u00bb]\n<p style=\"text-align: center;\">SGG STADIP e SGG STADIP PROTECT s\u00e3o indicados para qualquer protec\u00e7\u00e3o de duche.<\/p>\n[\/vc_column_text][vc_single_image image=\u00bb2952&#8243; img_size=\u00bbfull\u00bb][\/vc_column][\/vc_row][vc_row][vc_column][\/vc_column][\/vc_row][vc_row][vc_column][mk_fancy_title size=\u00bb20&#8243; font_family=\u00bbnone\u00bb]\n<p style=\"text-align: center;\" align=\"LEFT\">SAINT-GOBAIN GLASS<\/p>\n<p style=\"text-align: center;\" align=\"LEFT\">Estrada Nacional 10<\/p>\n<p style=\"text-align: center;\" align=\"LEFT\">2696-652 Santa Iria de Az\u00f3ia<br \/>\nPORTUGAL<\/p>\n<p style=\"text-align: center;\" align=\"LEFT\">Telf +351<a class=\"fl r-ip_7LsDT3_po\" title=\"Telefonar atrav\u00e9s do Hangouts\" data-number=\"+351219534600\" data-pstn-out-call-url=\"\" data-rtid=\"ip_7LsDT3_po\" data-ved=\"0ahUKEwjjloqilNfWAhWIHxoKHVZ_DQAQkAgImwEoADAQ\">21 953 4600<\/a><\/p>\n[\/mk_fancy_title][\/vc_column][\/vc_row]","protected":false},"excerpt":{"rendered":"<p>[vc_row][vc_column][vc_raw_html]JTNDYSUyMGhyZWYlM0QlMjJqYXZhc2NyaXB0JTNBaGlzdG9yeS5nbyUyOC0xJTI5JTIyJTNFJTNDJTIwQXRyJUMzJUExcyUzQyUyRmElM0U=[\/vc_raw_html][mk_fancy_title size=\u00bb28&#8243; font_family=\u00bbnone\u00bb]VIDRO SGG CLIMALIT PLUS[\/mk_fancy_title][vc_single_image image=\u00bb1578&#8243; img_size=\u00bbfull\u00bb][mk_fancy_title size=\u00bb20&#8243; font_family=\u00bbnone\u00bb]Sustentabilidade[\/mk_fancy_title][vc_column_text css=\u00bb.vc_custom_1610458743594{margin-bottom: 0px !important;}\u00bb] Em prol da sustentabilidade, engenheiros e arquitectos buscam constantemente alternativas para que os edif\u00edcios influenciem o menos poss\u00edvel o ambiente. Devido \u00e0 sua versatilidade, o vidro \u00e9 um material que tem conquistado espa\u00e7o nos dossiers destes profissionais, n\u00e3o s\u00f3 por ser 100% [&hellip;]<\/p>\n","protected":false},"author":3,"featured_media":0,"parent":0,"menu_order":0,"comment_status":"closed","ping_status":"closed","template":"","meta":{"_acf_changed":false,"footnotes":""},"class_list":["post-1621","page","type-page","status-publish","hentry"],"acf":[],"_links":{"self":[{"href":"https:\/\/myecobuild.csustentavel.com\/es\/wp-json\/wp\/v2\/pages\/1621"}],"collection":[{"href":"https:\/\/myecobuild.csustentavel.com\/es\/wp-json\/wp\/v2\/pages"}],"about":[{"href":"https:\/\/myecobuild.csustentavel.com\/es\/wp-json\/wp\/v2\/types\/page"}],"author":[{"embeddable":true,"href":"https:\/\/myecobuild.csustentavel.com\/es\/wp-json\/wp\/v2\/users\/3"}],"replies":[{"embeddable":true,"href":"https:\/\/myecobuild.csustentavel.com\/es\/wp-json\/wp\/v2\/comments?post=1621"}],"version-history":[{"count":16,"href":"https:\/\/myecobuild.csustentavel.com\/es\/wp-json\/wp\/v2\/pages\/1621\/revisions"}],"predecessor-version":[{"id":3473,"href":"https:\/\/myecobuild.csustentavel.com\/es\/wp-json\/wp\/v2\/pages\/1621\/revisions\/3473"}],"wp:attachment":[{"href":"https:\/\/myecobuild.csustentavel.com\/es\/wp-json\/wp\/v2\/media?parent=1621"}],"curies":[{"name":"wp","href":"https:\/\/api.w.org\/{rel}","templated":true}]}}