{"id":1624,"date":"2018-07-26T09:00:14","date_gmt":"2018-07-26T09:00:14","guid":{"rendered":"http:\/\/myecobuild.csustentavel.com\/?page_id=1624"},"modified":"2021-02-15T17:54:30","modified_gmt":"2021-02-15T17:54:30","slug":"sanindusa","status":"publish","type":"page","link":"https:\/\/myecobuild.csustentavel.com\/es\/sanindusa\/","title":{"rendered":"Sanindusa | Ecoprodutos"},"content":{"rendered":"[vc_row][vc_column][vc_raw_html]JTNDYSUyMGhyZWYlM0QlMjJqYXZhc2NyaXB0JTNBaGlzdG9yeS5nbyUyOC0xJTI5JTIyJTNFJTNDJTIwQXRyJUMzJUExcyUzQyUyRmElM0U=[\/vc_raw_html][mk_fancy_title size=\u00bb28&#8243; font_family=\u00bbnone\u00bb]LIKE \u2013 Urinol sin agua[\/mk_fancy_title][vc_single_image image=\u00bb1574&#8243; img_size=\u00bbfull\u00bb][mk_fancy_title size=\u00bb20&#8243; font_family=\u00bbnone\u00bb]<strong>Sustentabilidad<\/strong>[\/mk_fancy_title][vc_column_text css=\u00bb.vc_custom_1612979157777{margin-bottom: 0px !important;}\u00bb]\n<p style=\"text-align: center;\">El urinario Like tiene el ahorro de agua como concepto b\u00e1sico. Para ello, todo su desarrollo secentr\u00f3 en el uso de esta, o mejor dicho, en su no uso. El urinario funciona sin enjuague de agua,lo que permite un importante ahorro en su consumo, ya que solo se utiliza ocasionalmente enel proceso de limpieza. Este sistema permite un ahorro anual entre 80 y 120 mil litros de agua.<\/p>\n[\/vc_column_text][mk_fancy_title size=\u00bb20&#8243; font_family=\u00bbnone\u00bb]<strong>Caracteristicas<\/strong>[\/mk_fancy_title][vc_column_text css=\u00bb.vc_custom_1612979207610{margin-bottom: 0px !important;}\u00bb]\n<p style=\"text-align: center;\">Este urinario cuenta con una v\u00e1lvula de descarga que est\u00e1 compuesta por una membrana desellado, cuya funci\u00f3n es evitar la salida de olores y tiene un anillo desodorante, que garantiza unaroma agradable. Todos los productos qu\u00edmicos utilizados en la composici\u00f3n del anillodesodorante son seguros para el medio ambiente. El sistema es funcional, sencillo y pr\u00e1ctico. Lamembrana solo permite que los l\u00edquidos ingresen al sistema de drenaje, no el reflujo.<\/p>\n[\/vc_column_text][mk_fancy_title size=\u00bb20&#8243; font_family=\u00bbnone\u00bb]<strong>Aplicaciones<\/strong>[\/mk_fancy_title][vc_column_text css=\u00bb.vc_custom_1612979246194{margin-bottom: 0px !important;}\u00bb]\n<p style=\"text-align: center;\">F\u00e1cil y r\u00e1pido de instalar, es ideal para ba\u00f1os en espacios p\u00fablicos y privados.<\/p>\n[\/vc_column_text][vc_single_image image=\u00bb1576&#8243; img_size=\u00bbfull\u00bb][\/vc_column][\/vc_row][vc_row][vc_column][mk_padding_divider size=\u00bb60&#8243;][mk_fancy_title size=\u00bb28&#8243; font_family=\u00bbnone\u00bb]Sistema Cold Open[\/mk_fancy_title][vc_single_image image=\u00bb1575&#8243; img_size=\u00bbfull\u00bb][mk_fancy_title size=\u00bb20&#8243; font_family=\u00bbnone\u00bb]<strong>Sustentabilidad<\/strong>[\/mk_fancy_title][vc_column_text css=\u00bb.vc_custom_1612979311123{margin-bottom: 0px !important;}\u00bb]\n<p style=\"text-align: center;\">M\u00e1s que mezcladores con un dise\u00f1o moderno y elegante, el sistema Cold Open de Sanindusapresenta una soluci\u00f3n que potencia el ahorro de agua y energ\u00eda, aportando ventajasmedioambientales y econ\u00f3micas al usuario. Es una opci\u00f3n m\u00e1s eficiente y econ\u00f3mica que, aprimera vista, puede pasar desapercibida, pero a la larga ser\u00e1 ventajosa y repercutir\u00e1 en lasfacturas de luz y agua de los consumidores. Este mecanismo permite un importante ahorro derecursos.<\/p>\n[\/vc_column_text][mk_fancy_title size=\u00bb20&#8243; font_family=\u00bbnone\u00bb]<strong>Caracteristicas<\/strong>[\/mk_fancy_title][vc_column_text css=\u00bb.vc_custom_1612979333125{margin-bottom: 0px !important;}\u00bb]\n<p style=\"text-align: center;\">Con este sistema, la manija del grifo gira 90 grados, en sentido horario, con la rotaci\u00f3n hacia ellado derecho bloqueada. Cuando la apertura del agua se inicia en posici\u00f3n frontal, el equipoevita el arranque innecesario del calentador de agua o el uso de agua caliente del termoacumulador, lo que se traduce en un ahorro de recursos. En mezcladores equipados concartuchos Cold Open, el agua se puede abrir en cualquier punto de rotaci\u00f3n del mango.<\/p>\n[\/vc_column_text][mk_fancy_title size=\u00bb20&#8243; font_family=\u00bbnone\u00bb]<strong>Aplicaciones<\/strong>[\/mk_fancy_title][vc_column_text css=\u00bb.vc_custom_1612979356243{margin-bottom: 0px !important;}\u00bb]\n<p style=\"text-align: center;\">Este sistema equipa los modelos Torus e Icon de Sanindusa.<\/p>\n[\/vc_column_text][vc_single_image image=\u00bb1576&#8243; img_size=\u00bbfull\u00bb][mk_fancy_title size=\u00bb20&#8243; font_family=\u00bbnone\u00bb]\n<p style=\"text-align: center;\"><a href=\"http:\/\/www.sanindusa.pt\/\" target=\"_blank\" rel=\"noopener\">SANINDUSA<\/a><\/p>\n<p style=\"text-align: center;\">Zona Industrial Aveiro Sul<br \/>\nApartado 43<br \/>\n3811-901 Aveiro<br \/>\nPortugal<\/p>\n<p style=\"text-align: center;\">T +351 234 940 250<br \/>\nF + 351 234 940 266<\/p>\n<p style=\"text-align: center;\"><a href=\"mailto:sanindusa@sanindusa.pt\" target=\"_blank\" rel=\"noopener\">sanindusa@sanindusa.pt<\/a><\/p>\n[\/mk_fancy_title][\/vc_column][\/vc_row][vc_row][vc_column][\/vc_column][\/vc_row]","protected":false},"excerpt":{"rendered":"<p>[vc_row][vc_column][vc_raw_html]JTNDYSUyMGhyZWYlM0QlMjJqYXZhc2NyaXB0JTNBaGlzdG9yeS5nbyUyOC0xJTI5JTIyJTNFJTNDJTIwQXRyJUMzJUExcyUzQyUyRmElM0U=[\/vc_raw_html][mk_fancy_title size=\u00bb28&#8243; font_family=\u00bbnone\u00bb]LIKE \u2013 Urinol sin agua[\/mk_fancy_title][vc_single_image image=\u00bb1574&#8243; img_size=\u00bbfull\u00bb][mk_fancy_title size=\u00bb20&#8243; font_family=\u00bbnone\u00bb]Sustentabilidad[\/mk_fancy_title][vc_column_text css=\u00bb.vc_custom_1612979157777{margin-bottom: 0px !important;}\u00bb] El urinario Like tiene el ahorro de agua como concepto b\u00e1sico. Para ello, todo su desarrollo secentr\u00f3 en el uso de esta, o mejor dicho, en su no uso. El urinario funciona sin enjuague de agua,lo que permite un importante ahorro [&hellip;]<\/p>\n","protected":false},"author":3,"featured_media":0,"parent":0,"menu_order":0,"comment_status":"closed","ping_status":"closed","template":"","meta":{"_acf_changed":false,"footnotes":""},"class_list":["post-1624","page","type-page","status-publish","hentry"],"acf":[],"_links":{"self":[{"href":"https:\/\/myecobuild.csustentavel.com\/es\/wp-json\/wp\/v2\/pages\/1624"}],"collection":[{"href":"https:\/\/myecobuild.csustentavel.com\/es\/wp-json\/wp\/v2\/pages"}],"about":[{"href":"https:\/\/myecobuild.csustentavel.com\/es\/wp-json\/wp\/v2\/types\/page"}],"author":[{"embeddable":true,"href":"https:\/\/myecobuild.csustentavel.com\/es\/wp-json\/wp\/v2\/users\/3"}],"replies":[{"embeddable":true,"href":"https:\/\/myecobuild.csustentavel.com\/es\/wp-json\/wp\/v2\/comments?post=1624"}],"version-history":[{"count":19,"href":"https:\/\/myecobuild.csustentavel.com\/es\/wp-json\/wp\/v2\/pages\/1624\/revisions"}],"predecessor-version":[{"id":3515,"href":"https:\/\/myecobuild.csustentavel.com\/es\/wp-json\/wp\/v2\/pages\/1624\/revisions\/3515"}],"wp:attachment":[{"href":"https:\/\/myecobuild.csustentavel.com\/es\/wp-json\/wp\/v2\/media?parent=1624"}],"curies":[{"name":"wp","href":"https:\/\/api.w.org\/{rel}","templated":true}]}}