{"id":1632,"date":"2018-07-26T09:18:11","date_gmt":"2018-07-26T09:18:11","guid":{"rendered":"http:\/\/myecobuild.csustentavel.com\/?page_id=1632"},"modified":"2021-02-19T17:38:38","modified_gmt":"2021-02-19T17:38:38","slug":"secil-argamassas","status":"publish","type":"page","link":"https:\/\/myecobuild.csustentavel.com\/es\/secil-argamassas\/","title":{"rendered":"SECILTEK"},"content":{"rendered":"[vc_row][vc_column][vc_raw_html]JTNDYSUyMGhyZWYlM0QlMjJqYXZhc2NyaXB0JTNBaGlzdG9yeS5nbyUyOC0xJTI5JTIyJTNFJTNDJTIwQXRyJUMzJUExcyUzQyUyRmElM0U=[\/vc_raw_html][mk_fancy_title size=\u00bb28&#8243; font_family=\u00bbnone\u00bb]ISOVIT CORK[\/mk_fancy_title][vc_single_image image=\u00bb1573&#8243; img_size=\u00bbfull\u00bb][mk_fancy_title size=\u00bb20&#8243; font_family=\u00bbnone\u00bb]<strong>Sustentabilidad<\/strong>[\/mk_fancy_title][vc_column_text css=\u00bb.vc_custom_1612979511284{margin-bottom: 0px !important;}\u00bb]\n<p style=\"text-align: center;\">ISOVIT CORK es un sistema de aislamiento t\u00e9rmico exterior compuesto por paneles deaglomerado de corcho negro (ICB), mortero de uni\u00f3n y esparcimiento a base de Cal Hidr\u00e1ulicaNatural (NHL) y granulado de corcho, protegido por mortero de acabado tambi\u00e9n formulado abase de NHL y pintura de silicato, un sistema con excelente desempe\u00f1o ambiental, t\u00e9rmico yac\u00fastico.<\/p>\n[\/vc_column_text][mk_fancy_title size=\u00bb20&#8243; font_family=\u00bbnone\u00bb]<strong>Caracteristicas<\/strong>[\/mk_fancy_title][vc_column_text css=\u00bb.vc_custom_1612979531178{margin-bottom: 0px !important;}\u00bb]\n<p style=\"text-align: center;\">Gracias al retardo t\u00e9rmico proporcionado por los paneles ICB, una caracter\u00edstica \u00fanica de esteaislante t\u00e9rmico, el rendimiento t\u00e9rmico se combina con el rendimiento medioambiental. Losmorteros de este sistema, al estar formulados exclusivamente a base de NHL, permiten laabsorci\u00f3n de CO2 a lo largo de su vida \u00fatil. Con la incorporaci\u00f3n de corcho granulado, tambi\u00e9nes posible sustituir agregados, recurso no renovable, aumentando el rendimiento del productoen la aplicaci\u00f3n y disminuyendo la emisi\u00f3n de CO2 durante el transporte (reducci\u00f3n de peso).Debido a su alta deformabilidad, puede soportar ciclos de congelaci\u00f3n-descongelaci\u00f3n conexcelente comportamiento y durabilidad garantizada.<\/p>\n[\/vc_column_text][mk_fancy_title size=\u00bb20&#8243; font_family=\u00bbnone\u00bb]<strong>Aplicaciones<\/strong>[\/mk_fancy_title][vc_column_text css=\u00bb.vc_custom_1612979551474{margin-bottom: 0px !important;}\u00bb]\n<p style=\"text-align: center;\">Se trata de un sistema destinado a obra nueva y rehabilitaci\u00f3n, ya que es compatible consoportes antiguos y se puede aplicar tanto en interior como en exterior.<\/p>\n[\/vc_column_text][vc_single_image image=\u00bb1572&#8243; img_size=\u00bbfull\u00bb][\/vc_column][\/vc_row][vc_row][vc_column][mk_padding_divider size=\u00bb60&#8243;][mk_fancy_title size=\u00bb28&#8243; font_family=\u00bbnone\u00bb]ecoCORK Lime (NHL)[\/mk_fancy_title][vc_single_image image=\u00bb1571&#8243; img_size=\u00bbfull\u00bb][mk_fancy_title size=\u00bb20&#8243; font_family=\u00bbnone\u00bb]<strong>Sustentabilidad<\/strong>[\/mk_fancy_title][vc_column_text css=\u00bb.vc_custom_1612979603058{margin-bottom: 0px !important;}\u00bb]\n<p style=\"text-align: center;\">El yeso t\u00e9rmico ECOCORK LIME es un yeso termoaislante, del exterior o del interior, a baseexclusivamente de Cal Hidr\u00e1ulica Natural (NHL) y agregados ligeros, naturales y renovables enforma de granulado de corcho expandido. ECOCORK LIME tiene un excelente comportamientohigrot\u00e9rmico, contribuyendo a la protecci\u00f3n de edificios antiguos e hist\u00f3ricos y promoviendo sudurabilidad.<\/p>\n[\/vc_column_text][mk_fancy_title size=\u00bb20&#8243; font_family=\u00bbnone\u00bb]<strong>Caracteristicas<\/strong>[\/mk_fancy_title][vc_column_text css=\u00bb.vc_custom_1612979621324{margin-bottom: 0px !important;}\u00bb]\n<p style=\"text-align: center;\">La cal hidr\u00e1ulica natural combinada con corcho es sin\u00f3nimo de un alto rendimientomedioambiental y un rendimiento t\u00e9rmico y ac\u00fastico mejorado del edificio. Al ser un productoligero, proporciona un buen desempe\u00f1o en obra, reduciendo la cantidad de materialesutilizados por m2 de construcci\u00f3n. ECOCORK LIME es una soluci\u00f3n reciclable, permeable al vaporde agua, de alta durabilidad (excelente comportamiento en ciclos hielo \/ deshielo) y excelentedeformabilidad.<\/p>\n[\/vc_column_text][mk_fancy_title size=\u00bb20&#8243; font_family=\u00bbnone\u00bb]<strong>Aplicaciones<\/strong>[\/mk_fancy_title][vc_column_text css=\u00bb.vc_custom_1612979644364{margin-bottom: 0px !important;}\u00bb]\n<p style=\"text-align: center;\">El yeso t\u00e9rmico ECOCORK LIME Cal es apto para rehabilitaci\u00f3n y se puede aplicar sobre el soporteexistente, tanto en el interior como en el exterior de antiguas edificaciones, aumentando surendimiento t\u00e9rmico<\/p>\n[\/vc_column_text][vc_single_image image=\u00bb1572&#8243; img_size=\u00bbfull\u00bb][\/vc_column][\/vc_row][vc_row][vc_column][mk_padding_divider size=\u00bb60&#8243;][mk_fancy_title size=\u00bb28&#8243; font_family=\u00bbnone\u00bb]EcoCORK Floor[\/mk_fancy_title][vc_single_image image=\u00bb1570&#8243; img_size=\u00bbfull\u00bb][mk_fancy_title size=\u00bb20&#8243; font_family=\u00bbnone\u00bb]<strong>Sustentabilidad<\/strong>[\/mk_fancy_title][vc_column_text css=\u00bb.vc_custom_1612979702378{margin-bottom: 0px !important;}\u00bb]\n<p style=\"text-align: center;\">El mortero ligero ECOCORK FLOOR incorpora agregados de corcho para la ejecuci\u00f3n de la capade relleno y nivelaci\u00f3n en pavimentos interiores, con mejores prestaciones t\u00e9rmicas y ac\u00fasticas.Por ser un material liviano, brinda un buen desempe\u00f1o en obra, reduciendo la cantidad demateriales utilizados por m2 de construcci\u00f3n. Reducci\u00f3n del 80% del volumen en el consumo deinertes no renovables.<\/p>\n[\/vc_column_text][mk_fancy_title size=\u00bb20&#8243; font_family=\u00bbnone\u00bb]<strong>Caracteristicas<\/strong>[\/mk_fancy_title][vc_column_text css=\u00bb.vc_custom_1612979723987{margin-bottom: 0px !important;}\u00bb]\n<p style=\"text-align: center;\">Mortero aligerado de excelente comportamiento t\u00e9rmico y ac\u00fastico, de larga duraci\u00f3n,reciclable, de alto rendimiento y incorpora materia prima natural y renovable.<\/p>\n[\/vc_column_text][mk_fancy_title size=\u00bb20&#8243; font_family=\u00bbnone\u00bb]<strong>Aplicaciones<\/strong>[\/mk_fancy_title][vc_column_text css=\u00bb.vc_custom_1612979750019{margin-bottom: 0px !important;}\u00bb]\n<p style=\"text-align: center;\">Ejecuci\u00f3n de capas ligeras de relleno y regularizaci\u00f3n de suelos interiores.<\/p>\n[\/vc_column_text][vc_single_image image=\u00bb1572&#8243; img_size=\u00bbfull\u00bb][mk_fancy_title size=\u00bb20&#8243; font_family=\u00bbnone\u00bb]\n<p style=\"text-align: center;\" align=\"LEFT\"><a href=\"http:\/\/www.secilargamassas.pt\/\" target=\"_blank\" rel=\"noopener\">SECILTEK<\/a><\/p>\n<p style=\"text-align: center;\" align=\"LEFT\">Secil Martingan\u00e7a SA, Maceira \u2013 Leiria<\/p>\n<p style=\"text-align: center;\" align=\"LEFT\">2409 909 Maceira LRA I PORTUGAL<\/p>\n<p style=\"text-align: center;\" align=\"LEFT\">Telf +351 244 770 220 | Fax +351 244 777 997<\/p>\n<p style=\"text-align: center;\"><a href=\"mailto:comercial@secilargamassas.pt\" target=\"_blank\" rel=\"noopener\">comercial@secilargamassas.pt<\/a><\/p>\n[\/mk_fancy_title][\/vc_column][\/vc_row][vc_row][vc_column][\/vc_column][\/vc_row]","protected":false},"excerpt":{"rendered":"<p>[vc_row][vc_column][vc_raw_html]JTNDYSUyMGhyZWYlM0QlMjJqYXZhc2NyaXB0JTNBaGlzdG9yeS5nbyUyOC0xJTI5JTIyJTNFJTNDJTIwQXRyJUMzJUExcyUzQyUyRmElM0U=[\/vc_raw_html][mk_fancy_title size=\u00bb28&#8243; font_family=\u00bbnone\u00bb]ISOVIT CORK[\/mk_fancy_title][vc_single_image image=\u00bb1573&#8243; img_size=\u00bbfull\u00bb][mk_fancy_title size=\u00bb20&#8243; font_family=\u00bbnone\u00bb]Sustentabilidad[\/mk_fancy_title][vc_column_text css=\u00bb.vc_custom_1612979511284{margin-bottom: 0px !important;}\u00bb] ISOVIT CORK es un sistema de aislamiento t\u00e9rmico exterior compuesto por paneles deaglomerado de corcho negro (ICB), mortero de uni\u00f3n y esparcimiento a base de Cal Hidr\u00e1ulicaNatural (NHL) y granulado de corcho, protegido por mortero de acabado tambi\u00e9n formulado abase de NHL y pintura [&hellip;]<\/p>\n","protected":false},"author":3,"featured_media":0,"parent":0,"menu_order":0,"comment_status":"closed","ping_status":"closed","template":"","meta":{"_acf_changed":false,"footnotes":""},"class_list":["post-1632","page","type-page","status-publish","hentry"],"acf":[],"_links":{"self":[{"href":"https:\/\/myecobuild.csustentavel.com\/es\/wp-json\/wp\/v2\/pages\/1632"}],"collection":[{"href":"https:\/\/myecobuild.csustentavel.com\/es\/wp-json\/wp\/v2\/pages"}],"about":[{"href":"https:\/\/myecobuild.csustentavel.com\/es\/wp-json\/wp\/v2\/types\/page"}],"author":[{"embeddable":true,"href":"https:\/\/myecobuild.csustentavel.com\/es\/wp-json\/wp\/v2\/users\/3"}],"replies":[{"embeddable":true,"href":"https:\/\/myecobuild.csustentavel.com\/es\/wp-json\/wp\/v2\/comments?post=1632"}],"version-history":[{"count":23,"href":"https:\/\/myecobuild.csustentavel.com\/es\/wp-json\/wp\/v2\/pages\/1632\/revisions"}],"predecessor-version":[{"id":3592,"href":"https:\/\/myecobuild.csustentavel.com\/es\/wp-json\/wp\/v2\/pages\/1632\/revisions\/3592"}],"wp:attachment":[{"href":"https:\/\/myecobuild.csustentavel.com\/es\/wp-json\/wp\/v2\/media?parent=1632"}],"curies":[{"name":"wp","href":"https:\/\/api.w.org\/{rel}","templated":true}]}}