{"id":1642,"date":"2018-07-26T09:32:41","date_gmt":"2018-07-26T09:32:41","guid":{"rendered":"http:\/\/myecobuild.csustentavel.com\/?page_id=1642"},"modified":"2021-02-10T18:44:18","modified_gmt":"2021-02-10T18:44:18","slug":"tisem","status":"publish","type":"page","link":"https:\/\/myecobuild.csustentavel.com\/es\/tisem\/","title":{"rendered":"Tisem"},"content":{"rendered":"[vc_row][vc_column][vc_raw_html]JTNDYSUyMGhyZWYlM0QlMjJqYXZhc2NyaXB0JTNBaGlzdG9yeS5nbyUyOC0xJTI5JTIyJTNFJTNDJTIwVm9sdGFyJTNDJTJGYSUzRQ==[\/vc_raw_html][mk_fancy_title size=\u00bb28&#8243; font_family=\u00bbnone\u00bb]MADERA LAMINADA ENCOLADA (CLT)<br \/>\n[\/mk_fancy_title][vc_single_image image=\u00bb1569&#8243; img_size=\u00bbfull\u00bb][mk_fancy_title size=\u00bb20&#8243; font_family=\u00bbnone\u00bb]<strong>Sustentabilidad<\/strong>[\/mk_fancy_title][vc_column_text css=\u00bb.vc_custom_1612982623964{margin-bottom: 0px !important;}\u00bb]\n<p style=\"text-align: center;\">TISEM opera en el \u00e1rea de construcci\u00f3n de madera y sostenibilidad, siendo asesores calificados en el sistema BREEAM, dise\u00f1adores Passive House y proveedores de soluciones con un sistema de construcci\u00f3n en paneles de madera CLT (representaci\u00f3n de KLH). El gran potencial en t\u00e9rminos de sostenibilidad est\u00e1 relacionado con la reducci\u00f3n de energ\u00eda necesaria para la construcci\u00f3n (producci\u00f3n de materiales y ejecuci\u00f3n en el sitio), o con la reducci\u00f3n de energ\u00eda en la fase de exploraci\u00f3n, debido a la gran eficiencia energ\u00e9tica del sistema de construcci\u00f3n. Tambi\u00e9n existe la mitigaci\u00f3n de las emisiones de carbono debido al hecho de que los edificios de madera aumentan el secuestro de carbono a largo plazo.<\/p>\n[\/vc_column_text][mk_fancy_title size=\u00bb20&#8243; font_family=\u00bbnone\u00bb]<strong>Caracteristicas<\/strong>[\/mk_fancy_title][vc_column_text css=\u00bb.vc_custom_1612982637939{margin-bottom: 0px !important;}\u00bb]\n<p style=\"text-align: center;\">Los paneles CLT (Cross Laminated Timber) fabricados en Austria por KLH Massivholz GmbH son un producto estructural de madera fabricado a partir de l\u00e1minas de madera maciza encolada, procedentes de bosques sostenibles.<\/p>\n[\/vc_column_text][mk_fancy_title size=\u00bb20&#8243; font_family=\u00bbnone\u00bb]<strong>Aplicaciones<\/strong>[\/mk_fancy_title][vc_column_text css=\u00bb.vc_custom_1612982654204{margin-bottom: 0px !important;}\u00bb]\n<p style=\"text-align: center;\">Este sistema permite ejecutar paredes, pisos y techos y acumular funciones estructurales, de compartimentaci\u00f3n y revestimiento. Se entregan en el sitio en las dimensiones finales del proyecto.<\/p>\n[\/vc_column_text][vc_single_image image=\u00bb1568&#8243; img_size=\u00bbfull\u00bb][mk_fancy_title size=\u00bb20&#8243; font_family=\u00bbnone\u00bb]\n<p style=\"text-align: center;\"><a href=\"http:\/\/www.tisem.pt\/\" target=\"_blank\" rel=\"noopener\">TISEM, Lda<\/a><\/p>\n<p style=\"text-align: center;\">Centro de Actividades<\/p>\n<p style=\"text-align: center;\">Rua Arnaldo Sobral, 49, Sala 207<\/p>\n<p style=\"text-align: center;\">3080-048 Figueira da Foz<\/p>\n<p style=\"text-align: center;\">Portugal<\/p>\n<p style=\"text-align: center;\">T +351 233 426 929<\/p>\n<p style=\"text-align: center;\"><a href=\"mailto:geral@tisem.pt\">geral@tisem.pt<\/a><\/p>\n[\/mk_fancy_title][\/vc_column][\/vc_row][vc_row][vc_column][\/vc_column][\/vc_row]","protected":false},"excerpt":{"rendered":"<p>[vc_row][vc_column][vc_raw_html]JTNDYSUyMGhyZWYlM0QlMjJqYXZhc2NyaXB0JTNBaGlzdG9yeS5nbyUyOC0xJTI5JTIyJTNFJTNDJTIwVm9sdGFyJTNDJTJGYSUzRQ==[\/vc_raw_html][mk_fancy_title size=\u00bb28&#8243; font_family=\u00bbnone\u00bb]MADERA LAMINADA ENCOLADA (CLT) [\/mk_fancy_title][vc_single_image image=\u00bb1569&#8243; img_size=\u00bbfull\u00bb][mk_fancy_title size=\u00bb20&#8243; font_family=\u00bbnone\u00bb]Sustentabilidad[\/mk_fancy_title][vc_column_text css=\u00bb.vc_custom_1612982623964{margin-bottom: 0px !important;}\u00bb] TISEM opera en el \u00e1rea de construcci\u00f3n de madera y sostenibilidad, siendo asesores calificados en el sistema BREEAM, dise\u00f1adores Passive House y proveedores de soluciones con un sistema de construcci\u00f3n en paneles de madera CLT (representaci\u00f3n de KLH). El gran potencial [&hellip;]<\/p>\n","protected":false},"author":3,"featured_media":0,"parent":0,"menu_order":0,"comment_status":"closed","ping_status":"closed","template":"","meta":{"_acf_changed":false,"footnotes":""},"class_list":["post-1642","page","type-page","status-publish","hentry"],"acf":[],"_links":{"self":[{"href":"https:\/\/myecobuild.csustentavel.com\/es\/wp-json\/wp\/v2\/pages\/1642"}],"collection":[{"href":"https:\/\/myecobuild.csustentavel.com\/es\/wp-json\/wp\/v2\/pages"}],"about":[{"href":"https:\/\/myecobuild.csustentavel.com\/es\/wp-json\/wp\/v2\/types\/page"}],"author":[{"embeddable":true,"href":"https:\/\/myecobuild.csustentavel.com\/es\/wp-json\/wp\/v2\/users\/3"}],"replies":[{"embeddable":true,"href":"https:\/\/myecobuild.csustentavel.com\/es\/wp-json\/wp\/v2\/comments?post=1642"}],"version-history":[{"count":12,"href":"https:\/\/myecobuild.csustentavel.com\/es\/wp-json\/wp\/v2\/pages\/1642\/revisions"}],"predecessor-version":[{"id":3481,"href":"https:\/\/myecobuild.csustentavel.com\/es\/wp-json\/wp\/v2\/pages\/1642\/revisions\/3481"}],"wp:attachment":[{"href":"https:\/\/myecobuild.csustentavel.com\/es\/wp-json\/wp\/v2\/media?parent=1642"}],"curies":[{"name":"wp","href":"https:\/\/api.w.org\/{rel}","templated":true}]}}