{"id":1663,"date":"2018-07-26T11:07:20","date_gmt":"2018-07-26T11:07:20","guid":{"rendered":"http:\/\/myecobuild.csustentavel.com\/?page_id=1663"},"modified":"2021-02-10T18:36:07","modified_gmt":"2021-02-10T18:36:07","slug":"premiertech","status":"publish","type":"page","link":"https:\/\/myecobuild.csustentavel.com\/es\/premiertech\/","title":{"rendered":"Premiertech"},"content":{"rendered":"[vc_row][vc_column][vc_raw_html]JTNDYSUyMGhyZWYlM0QlMjJqYXZhc2NyaXB0JTNBaGlzdG9yeS5nbyUyOC0xJTI5JTIyJTNFJTNDJTIwQXRyJUMzJUExcyUzQyUyRmElM0U=[\/vc_raw_html][mk_fancy_title size=\u00bb28&#8243; font_family=\u00bbnone\u00bb]SUAL SISTEMA DE UTILIZACI\u00d3N DE AGUA DE LLUVIA<br \/>\n[\/mk_fancy_title][vc_single_image image=\u00bb1668&#8243; img_size=\u00bbfull\u00bb][mk_fancy_title size=\u00bb20&#8243; font_family=\u00bbnone\u00bb]<strong>Sustentabilidad<\/strong>[\/mk_fancy_title][vc_column_text css=\u00bb.vc_custom_1612982060970{margin-bottom: 0px !important;}\u00bb]\n<p style=\"text-align: center;\">Actualmente, alrededor del 50% del uso del agua en un hogar puede ser reemplazado por agua de lluvia, lo que representa un ahorro de un recurso para la vida, no solo econ\u00f3micamente, sino tambi\u00e9n en t\u00e9rminos de energ\u00eda y medio ambiente. El agua de lluvia se puede usar para reemplazar el agua potable en una amplia variedad de operaciones, como descargas en sanitarios, lavar pisos, lavarropas, limpiar y regar el jard\u00edn.<\/p>\n<p style=\"text-align: center;\">Con el uso de este Sistema de Utilizaci\u00f3n de Agua de Lluvia (SUAL) podemos preservar los recursos naturales (agua), reduciendo su consumo y contribuyendo as\u00ed a su preservaci\u00f3n y uso sostenible.<\/p>\n[\/vc_column_text][mk_fancy_title size=\u00bb20&#8243; font_family=\u00bbnone\u00bb]<strong>Caracteristicas<\/strong>[\/mk_fancy_title][vc_column_text css=\u00bb.vc_custom_1612982074227{margin-bottom: 0px !important;}\u00bb]\n<p style=\"text-align: center;\">Sistema compuesto por tres \u00f3rganos principales: Filtro de agua de lluvia, Dep\u00f3sito de almacenamiento y Grupo de hidropresores. Instalaci\u00f3n f\u00e1cil y r\u00e1pida y bajo mantenimiento.<\/p>\n[\/vc_column_text][mk_fancy_title size=\u00bb20&#8243; font_family=\u00bbnone\u00bb]<strong>Aplicaciones<\/strong>[\/mk_fancy_title][vc_column_text css=\u00bb.vc_custom_1612982090476{margin-bottom: 0px !important;}\u00bb]\n<p style=\"text-align: center;\">SUAL est\u00e1 destinado a viviendas unifamiliares, edificios, desarrollos tur\u00edsticos, edificios industriales, etc.<\/p>\n[\/vc_column_text][vc_single_image image=\u00bb1658&#8243; img_size=\u00bbfull\u00bb][\/vc_column][\/vc_row][vc_row][vc_column][mk_padding_divider size=\u00bb60&#8243;][mk_fancy_title size=\u00bb28&#8243; font_family=\u00bbnone\u00bb]ECOFLO\u00ae<br \/>\n[\/mk_fancy_title][vc_single_image image=\u00bb1667&#8243; img_size=\u00bbfull\u00bb][mk_fancy_title size=\u00bb20&#8243; font_family=\u00bbnone\u00bb]<strong>Sustentabilidad<\/strong>[\/mk_fancy_title][vc_column_text css=\u00bb.vc_custom_1612982108699{margin-bottom: 0px !important;}\u00bb]\n<p style=\"text-align: center;\">Dado que en nuestro pa\u00eds predominan los peque\u00f1os asentamientos de poblaci\u00f3n, algunos a\u00fan sin ning\u00fan sistema de tratamiento de aguas residuales y otros atendidos por tanques s\u00e9pticos que han demostrado no tener la eficiencia deseada, es necesario contar con soluciones de tratamiento efectivas y de f\u00e1cil operaci\u00f3n y mantenimiento. El sistema ECOFLO\u00ae consta de equipos para tratar aguas residuales dom\u00e9sticas, que no requieren electricidad, con el uso y la mejora de un residuo que es la c\u00e1scara de coco.<\/p>\n[\/vc_column_text][mk_fancy_title size=\u00bb20&#8243; font_family=\u00bbnone\u00bb]<strong>Caracteristicas<\/strong>[\/mk_fancy_title][vc_column_text css=\u00bb.vc_custom_1612982130326{margin-bottom: 0px !important;}\u00bb]\n<p style=\"text-align: center;\">Con m\u00e1s de 120,000 unidades vendidas e instaladas en todo el mundo, este sistema consiste en un tanque s\u00e9ptico seguido de un filtro compacto de fragmentos de c\u00e1scara de coco, suministrado listo para instalar. Las soluciones ECOFLO\u00ae se adaptan a todo tipo de espacios al aire libre, son compactas, ecol\u00f3gicas (medios de filtro org\u00e1nicos, vegetales y recuperables), tienen bajo mantenimiento, gran durabilidad, no tienen consumo de energ\u00eda ni regulaciones de tratamiento. Debido a su gran rendimiento, el medio filtrante \u00abde fragmentos de c\u00e1scara de coco\u00bb es el centro de nuestra tecnolog\u00eda (patente europea atribuida al 19-09-2003, n\u00famero EP 1539325B1).<\/p>\n[\/vc_column_text][mk_fancy_title size=\u00bb20&#8243; font_family=\u00bbnone\u00bb]<strong>Aplicaciones<\/strong>[\/mk_fancy_title][vc_column_text css=\u00bb.vc_custom_1612982144753{margin-bottom: 0px !important;}\u00bb]\n<p style=\"text-align: center;\">Las soluciones ECOFLO\u00ae est\u00e1n destinadas a viviendas unifamiliares, peque\u00f1os asentamientos de poblaci\u00f3n, complejos de turismo rural, etc. Son la soluci\u00f3n ideal para proyectos ubicados en \u00e1reas sensibles o parques naturales.<\/p>\n[\/vc_column_text][vc_single_image image=\u00bb1658&#8243; img_size=\u00bbfull\u00bb][mk_fancy_title size=\u00bb20&#8243; font_family=\u00bbnone\u00bb]\n<p style=\"text-align: center;\"><a href=\"http:\/\/www.premiertech.pt\/\" target=\"_blank\" rel=\"noopener\">\u201cPremier Tech Aqua\u201d<br \/>\n<\/a><\/p>\n<p style=\"text-align: center;\">Rua da Cer\u00e2mica \u2013 Broega<\/p>\n<p style=\"text-align: center;\">2870-502 MONTIJO PORTUGAL<\/p>\n<p style=\"text-align: center;\">Telef +351 21 192 67 20 I\u00a0Fax +351 21 192 67 29<\/p>\n<p style=\"text-align: center;\"><a href=\"mailto:ptiberoto@premiertech.com\" target=\"_blank\" rel=\"noopener\">ptiberoto@premiertech.com<\/a><\/p>\n[\/mk_fancy_title][\/vc_column][\/vc_row][vc_row][vc_column][\/vc_column][\/vc_row]","protected":false},"excerpt":{"rendered":"<p>[vc_row][vc_column][vc_raw_html]JTNDYSUyMGhyZWYlM0QlMjJqYXZhc2NyaXB0JTNBaGlzdG9yeS5nbyUyOC0xJTI5JTIyJTNFJTNDJTIwQXRyJUMzJUExcyUzQyUyRmElM0U=[\/vc_raw_html][mk_fancy_title size=\u00bb28&#8243; font_family=\u00bbnone\u00bb]SUAL SISTEMA DE UTILIZACI\u00d3N DE AGUA DE LLUVIA [\/mk_fancy_title][vc_single_image image=\u00bb1668&#8243; img_size=\u00bbfull\u00bb][mk_fancy_title size=\u00bb20&#8243; font_family=\u00bbnone\u00bb]Sustentabilidad[\/mk_fancy_title][vc_column_text css=\u00bb.vc_custom_1612982060970{margin-bottom: 0px !important;}\u00bb] Actualmente, alrededor del 50% del uso del agua en un hogar puede ser reemplazado por agua de lluvia, lo que representa un ahorro de un recurso para la vida, no solo econ\u00f3micamente, sino tambi\u00e9n en t\u00e9rminos de [&hellip;]<\/p>\n","protected":false},"author":3,"featured_media":0,"parent":0,"menu_order":0,"comment_status":"closed","ping_status":"closed","template":"","meta":{"_acf_changed":false,"footnotes":""},"class_list":["post-1663","page","type-page","status-publish","hentry"],"acf":[],"_links":{"self":[{"href":"https:\/\/myecobuild.csustentavel.com\/es\/wp-json\/wp\/v2\/pages\/1663"}],"collection":[{"href":"https:\/\/myecobuild.csustentavel.com\/es\/wp-json\/wp\/v2\/pages"}],"about":[{"href":"https:\/\/myecobuild.csustentavel.com\/es\/wp-json\/wp\/v2\/types\/page"}],"author":[{"embeddable":true,"href":"https:\/\/myecobuild.csustentavel.com\/es\/wp-json\/wp\/v2\/users\/3"}],"replies":[{"embeddable":true,"href":"https:\/\/myecobuild.csustentavel.com\/es\/wp-json\/wp\/v2\/comments?post=1663"}],"version-history":[{"count":17,"href":"https:\/\/myecobuild.csustentavel.com\/es\/wp-json\/wp\/v2\/pages\/1663\/revisions"}],"predecessor-version":[{"id":3470,"href":"https:\/\/myecobuild.csustentavel.com\/es\/wp-json\/wp\/v2\/pages\/1663\/revisions\/3470"}],"wp:attachment":[{"href":"https:\/\/myecobuild.csustentavel.com\/es\/wp-json\/wp\/v2\/media?parent=1663"}],"curies":[{"name":"wp","href":"https:\/\/api.w.org\/{rel}","templated":true}]}}