{"id":1937,"date":"2019-12-28T17:23:54","date_gmt":"2019-12-28T17:23:54","guid":{"rendered":"https:\/\/myecobuild.csustentavel.com\/?page_id=1937"},"modified":"2022-04-06T16:38:38","modified_gmt":"2022-04-06T16:38:38","slug":"autoclismos","status":"publish","type":"page","link":"https:\/\/myecobuild.csustentavel.com\/es\/instalacoes-sanitarias\/autoclismos\/","title":{"rendered":"Cisternas"},"content":{"rendered":"[vc_row][vc_column][vc_raw_html]JTNDYSUyMGhyZWYlM0QlMjJodHRwJTNBJTJGJTJGbXllY29idWlsZC5jc3VzdGVudGF2ZWwuY29tJTJGJTIyJTNFJTNDJTIwQXRyJUMzJUExcyUzQyUyRmElM0U=[\/vc_raw_html][\/vc_column][\/vc_row][vc_row fullwidth=\u00bbtrue\u00bb][vc_column width=\u00bb1\/2&#8243;][mk_fancy_title color=\u00bb#000000&#8243; size=\u00bb20&#8243; line_height=\u00bb135&#8243; txt_transform=\u00bbnone\u00bb font_family=\u00bbnone\u00bb align=\u00bbcenter\u00bb]Cuando elegimos piezas sanitarias para nuestra casa, debemos dar prioridad a las que se fabrican en nuestro pa\u00eds yque se comercializan a precios justos. Debemos tambi\u00e9n considerar la utilizaci\u00f3n y utilidad de las piezas, abdicandode ba\u00f1eras de hidromasaje, por ejemplo, si sabemos que es poco probable darle uso.[\/mk_fancy_title][\/vc_column][vc_column width=\u00bb1\/2&#8243;]<div class='ult_hotspot_container ult-adjust-bottom-margin ult-hotspot-tooltip-wrapper autoclismo-esconder' style=>  <img class='ult_hotspot_image' src=https:\/\/myecobuild.csustentavel.com\/wp-content\/uploads\/2019\/12\/9.a.jpg alt='null'\/>     <div class='utl-hotspot-items ult-hotspot-item'><div class='ult-hotspot-item ' style='top:-webkit-calc(47.36791730474732% - 20px);top:-moz-calc(47.36791730474732% - 20px);top:calc(47.36791730474732% - 20px);left: -webkit-calc(68.67712220149254% - 20px);left: -moz-calc(68.67712220149254% - 20px);left: calc(68.67712220149254% - 20px);' >  <div style='z-index: 39;position: relative;'>   <a data-link_style='tootip' data-mycust-id=\"hotspot-tooltip-9927\"  data-ultimate-target='#hotspot-tooltip-9927 .ult-tooltipster-content'  data-responsive-json-new='{\"font-size\":\"desktop:18px;\",\"line-height\":\"\"}' data-tooltip-content-style=\"width:300px;padding:5px;\"data-tooltip-base-style=\"background-color:#f7f9f2;color:#4c4c4c;text-align:center;\" data-bubble-arrow=\"true\" data-tooltipanimation=\"glow\"data-trigger=\"click\"data-tooltip-offsety=\"20\" class='ult-tooltipstered ult-hotspot-tooltip' href='#' data-status='show'><div class=\"ult-just-icon-wrapper  \"><div class=\"align-icon\" style=\"text-align:center;\">\n<div class=\"aio-icon  \"  style=\"color:#f43711;font-size:40px;display:inline-block;\">\n\t<i class=\"Defaults-map-marker\"><\/i>\n<\/div><\/div><\/div><span class='hotspot-tooltip-content'>\n&lt;h5 style=&#039;text-align: center;&#039;&gt;&lt;strong&gt;M\u00d3DULO SANITARIO QR-INOX&lt;\/strong&gt;&lt;\/h5&gt;\n&lt;h5 style=&#039;text-align: center;&#039;&gt;&lt;a href=&#039;https:\/\/myecobuild.csustentavel.com\/instalacoes-sanitarias\/autoclismos\/empresas-autoclismos\/&#039;&gt;Ver empresas&lt;\/a&gt;&lt;\/h5&gt;\n&lt;p&gt;<\/span>  <\/a> <\/div><!-- ICON WRAP --> <div class='ult-glow' style=&quot;background-color:#eeee22&quot;><\/div><\/div><div class='ult-hotspot-item ' style='top:-webkit-calc(40.090705765407556% - 10px);top:-moz-calc(40.090705765407556% - 10px);top:calc(40.090705765407556% - 10px);left: -webkit-calc(29.81293004587156% - 10px);left: -moz-calc(29.81293004587156% - 10px);left: calc(29.81293004587156% - 10px);' >  <div style='z-index: 39;position: relative;'>   <a data-link_style='tootip' data-mycust-id=\"hotspot-tooltip-1585\"  data-ultimate-target='#hotspot-tooltip-1585 .ult-tooltipster-content'  data-responsive-json-new='{\"font-size\":\"desktop:18px;\",\"line-height\":\"\"}' data-tooltip-content-style=\"width:300px;padding:5px;\"data-tooltip-base-style=\"background-color:#f7f9f2;color:#4c4c4c;text-align:center;\" data-bubble-arrow=\"true\" data-tooltipanimation=\"glow\"data-trigger=\"click\"data-tooltip-offsety=\"10\" class='ult-tooltipstered ult-hotspot-tooltip' href='#' data-status='show'><div class=\"ult-just-icon-wrapper  \"><div class=\"align-icon\" style=\"text-align:center;\">\n<div class=\"aio-icon  \"  style=\"color:#33a83b;font-size:20px;display:inline-block;\">\n\t<i class=\"Defaults-map-marker\"><\/i>\n<\/div><\/div><\/div><span class='hotspot-tooltip-content'>&lt;\/p&gt;\n&lt;h5 style=&#039;text-align: center;&#039;&gt;&lt;strong&gt;\u00a0GRIFOS Y ACCESORIOS&lt;\/strong&gt;&lt;\/h5&gt;\n&lt;h5 style=&#039;text-align: center;&#039;&gt;&lt;a href=&#039;http:\/\/myecobuild.csustentavel.com\/instalacoes-sanitarias\/torneiras-e-acessorios\/empresas-torneiras-e-acessorios\/&#039;&gt;Ver empresas&lt;\/a&gt;&lt;\/h5&gt;\n&lt;p&gt;<\/span>  <\/a> <\/div><!-- ICON WRAP --><\/div><div class='ult-hotspot-item ' style='top:-webkit-calc(24.18613320079523% - 10px);top:-moz-calc(24.18613320079523% - 10px);top:calc(24.18613320079523% - 10px);left: -webkit-calc(80.95971903669725% - 10px);left: -moz-calc(80.95971903669725% - 10px);left: calc(80.95971903669725% - 10px);' >  <div style='z-index: 39;position: relative;'>   <a data-link_style='tootip' data-mycust-id=\"hotspot-tooltip-4761\"  data-ultimate-target='#hotspot-tooltip-4761 .ult-tooltipster-content'  data-responsive-json-new='{\"font-size\":\"desktop:18px;\",\"line-height\":\"\"}' data-tooltip-content-style=\"width:300px;padding:5px;\"data-tooltip-base-style=\"background-color:#f7f9f2;color:#4c4c4c;text-align:center;\" data-bubble-arrow=\"true\" data-tooltipanimation=\"glow\"data-trigger=\"click\"data-tooltip-offsety=\"10\" class='ult-tooltipstered ult-hotspot-tooltip' href='#' data-status='show'><div class=\"ult-just-icon-wrapper  \"><div class=\"align-icon\" style=\"text-align:center;\">\n<div class=\"aio-icon  \"  style=\"color:#33a83b;font-size:20px;display:inline-block;\">\n\t<i class=\"Defaults-map-marker\"><\/i>\n<\/div><\/div><\/div><span class='hotspot-tooltip-content'>&lt;\/p&gt;\n&lt;h5 style=&#039;text-align: center;&#039;&gt;&lt;strong&gt;\u00a0PLACA DE YESO&lt;\/strong&gt;&lt;\/h5&gt;\n&lt;h5 style=&#039;text-align: center;&#039;&gt;&lt;a href=&#039;http:\/\/myecobuild.csustentavel.com\/paredes-interiores\/revestimento-interior\/empresas-perfis-de-aco-e-placa-de-gesso\/&#039;&gt;Ver empresas&lt;\/a&gt;&lt;\/h5&gt;\n&lt;p&gt;<\/span>  <\/a> <\/div><!-- ICON WRAP --><\/div>\n<\/div>     <div style='color:#000;' data-image='    '><\/div><\/div><div class='ult_hotspot_container ult-adjust-bottom-margin ult-hotspot-tooltip-wrapper autoclismo-esconder' style=>  <img class='ult_hotspot_image' src=https:\/\/myecobuild.csustentavel.com\/wp-content\/uploads\/2019\/12\/37.jpg alt='null'\/>     <div class='utl-hotspot-items ult-hotspot-item'><div class='ult-hotspot-item ' style='top:-webkit-calc(36.21134020618557% - 20px);top:-moz-calc(36.21134020618557% - 20px);top:calc(36.21134020618557% - 20px);left: -webkit-calc(31.225099601593627% - 20px);left: -moz-calc(31.225099601593627% - 20px);left: calc(31.225099601593627% - 20px);' >  <div style='z-index: 39;position: relative;'>   <a data-link_style='tootip' data-mycust-id=\"hotspot-tooltip-6488\"  data-ultimate-target='#hotspot-tooltip-6488 .ult-tooltipster-content'  data-responsive-json-new='{\"font-size\":\"desktop:18px;\",\"line-height\":\"\"}' data-tooltip-content-style=\"width:300px;padding:5px;\"data-tooltip-base-style=\"background-color:#f7f9f2;color:#4c4c4c;text-align:center;\" data-bubble-arrow=\"true\" data-tooltipanimation=\"glow\"data-trigger=\"click\"data-tooltip-offsety=\"20\" class='ult-tooltipstered ult-hotspot-tooltip' href='#' data-status='show'><div class=\"ult-just-icon-wrapper  \"><div class=\"align-icon\" style=\"text-align:center;\">\n<div class=\"aio-icon  \"  style=\"color:#f43711;font-size:40px;display:inline-block;\">\n\t<i class=\"Defaults-map-marker\"><\/i>\n<\/div><\/div><\/div><span class='hotspot-tooltip-content'>\n&lt;h5 style=&#039;text-align: center;&#039;&gt;&lt;strong&gt;CISTERNA HYDROBOOST&lt;\/strong&gt;&lt;\/h5&gt;\n&lt;h5 style=&#039;text-align: center;&#039;&gt;&lt;a href=&#039;http:\/\/myecobuild.csustentavel.com\/instalacoes-sanitarias\/empresas-autoclismos&#039;&gt;Ver empresas&lt;\/a&gt;&lt;\/h5&gt;\n&lt;p&gt;<\/span>  <\/a> <\/div><!-- ICON WRAP --> <div class='ult-glow' style=&quot;background-color:#eeee22&quot;><\/div><\/div><div class='ult-hotspot-item ' style='top:-webkit-calc(42.06829896907217% - 10px);top:-moz-calc(42.06829896907217% - 10px);top:calc(42.06829896907217% - 10px);left: -webkit-calc(71.24626494023904% - 10px);left: -moz-calc(71.24626494023904% - 10px);left: calc(71.24626494023904% - 10px);' >  <div style='z-index: 39;position: relative;'>   <a data-link_style='tootip' data-mycust-id=\"hotspot-tooltip-4804\"  data-ultimate-target='#hotspot-tooltip-4804 .ult-tooltipster-content'  data-responsive-json-new='{\"font-size\":\"desktop:18px;\",\"line-height\":\"\"}' data-tooltip-content-style=\"width:300px;padding:5px;\"data-tooltip-base-style=\"background-color:#f7f9f2;color:#4c4c4c;text-align:center;\" data-bubble-arrow=\"true\" data-tooltipanimation=\"glow\"data-trigger=\"click\"data-tooltip-offsety=\"10\" class='ult-tooltipstered ult-hotspot-tooltip' href='#' data-status='show'><div class=\"ult-just-icon-wrapper  \"><div class=\"align-icon\" style=\"text-align:center;\">\n<div class=\"aio-icon  \"  style=\"color:#33a83b;font-size:20px;display:inline-block;\">\n\t<i class=\"Defaults-map-marker\"><\/i>\n<\/div><\/div><\/div><span class='hotspot-tooltip-content'>&lt;\/p&gt;\n&lt;h5 style=&#039;text-align: center;&#039;&gt;&lt;strong&gt;\u00a0GRIFOS Y ACCESORIOS&lt;\/strong&gt;&lt;\/h5&gt;\n&lt;h5 style=&#039;text-align: center;&#039;&gt;&lt;a href=&#039;http:\/\/myecobuild.csustentavel.com\/instalacoes-sanitarias\/torneiras-e-acessorios\/empresas-torneiras-e-acessorios\/&#039;&gt;Ver empresas&lt;\/a&gt;&lt;\/h5&gt;\n&lt;p&gt;<\/span>  <\/a> <\/div><!-- ICON WRAP --><\/div><div class='ult-hotspot-item ' style='top:-webkit-calc(10.776417525773196% - 10px);top:-moz-calc(10.776417525773196% - 10px);top:calc(10.776417525773196% - 10px);left: -webkit-calc(86.136703187251% - 10px);left: -moz-calc(86.136703187251% - 10px);left: calc(86.136703187251% - 10px);' >  <div style='z-index: 39;position: relative;'>   <a data-link_style='tootip' data-mycust-id=\"hotspot-tooltip-9593\"  data-ultimate-target='#hotspot-tooltip-9593 .ult-tooltipster-content'  data-responsive-json-new='{\"font-size\":\"desktop:18px;\",\"line-height\":\"\"}' data-tooltip-content-style=\"width:300px;padding:5px;\"data-tooltip-base-style=\"background-color:#f7f9f2;color:#4c4c4c;text-align:center;\" data-bubble-arrow=\"true\" data-tooltipanimation=\"glow\"data-trigger=\"click\"data-tooltip-offsety=\"10\" class='ult-tooltipstered ult-hotspot-tooltip' href='#' data-status='show'><div class=\"ult-just-icon-wrapper  \"><div class=\"align-icon\" style=\"text-align:center;\">\n<div class=\"aio-icon  \"  style=\"color:#33a83b;font-size:20px;display:inline-block;\">\n\t<i class=\"Defaults-map-marker\"><\/i>\n<\/div><\/div><\/div><span class='hotspot-tooltip-content'>&lt;\/p&gt;\n&lt;h5 style=&#039;text-align: center;&#039;&gt;&lt;strong&gt;PLACA DE YESO&lt;br \/&gt;\n&lt;\/strong&gt;&lt;\/h5&gt;\n&lt;h5 style=&#039;text-align: center;&#039;&gt;&lt;a href=&#039;http:\/\/myecobuild.csustentavel.com\/paredes-interiores\/revestimento-interior\/empresas-perfis-de-aco-e-placa-de-gesso\/&#039;&gt;Ver empresas&lt;\/a&gt;&lt;\/h5&gt;\n&lt;p&gt;<\/span>  <\/a> <\/div><!-- ICON WRAP --><\/div><div class='ult-hotspot-item ' style='top:-webkit-calc(40.141752577319586% - 10px);top:-moz-calc(40.141752577319586% - 10px);top:calc(40.141752577319586% - 10px);left: -webkit-calc(88.52714143426294% - 10px);left: -moz-calc(88.52714143426294% - 10px);left: calc(88.52714143426294% - 10px);' >  <div style='z-index: 39;position: relative;'>   <a data-link_style='tootip' data-mycust-id=\"hotspot-tooltip-8418\"  data-ultimate-target='#hotspot-tooltip-8418 .ult-tooltipster-content'  data-responsive-json-new='{\"font-size\":\"desktop:18px;\",\"line-height\":\"\"}' data-tooltip-content-style=\"width:300px;padding:5px;\"data-tooltip-base-style=\"background-color:#f7f9f2;color:#4c4c4c;text-align:center;\" data-bubble-arrow=\"true\" data-tooltipanimation=\"glow\"data-trigger=\"click\"data-tooltip-offsety=\"10\" class='ult-tooltipstered ult-hotspot-tooltip' href='#' data-status='show'><div class=\"ult-just-icon-wrapper  \"><div class=\"align-icon\" style=\"text-align:center;\">\n<div class=\"aio-icon  \"  style=\"color:#33a83b;font-size:20px;display:inline-block;\">\n\t<i class=\"Defaults-map-marker\"><\/i>\n<\/div><\/div><\/div><span class='hotspot-tooltip-content'>&lt;\/p&gt;\n&lt;h5 style=&#039;text-align: center;&#039;&gt;&lt;strong&gt;LADRILLO T\u00c9RMICO&lt;\/strong&gt;&lt;\/h5&gt;\n&lt;h5 style=&#039;text-align: center;&#039;&gt;&lt;a href=&#039;https:\/\/myecobuild.csustentavel.com\/paredes-exteriores\/estrutura\/empresas-tijolos\/&#039;&gt;Ver empresas&lt;\/a&gt;&lt;\/h5&gt;\n&lt;p&gt;<\/span>  <\/a> <\/div><!-- ICON WRAP --><\/div><div class='ult-hotspot-item ' style='top:-webkit-calc(30.45103092783505% - 10px);top:-moz-calc(30.45103092783505% - 10px);top:calc(30.45103092783505% - 10px);left: -webkit-calc(76.77415338645417% - 10px);left: -moz-calc(76.77415338645417% - 10px);left: calc(76.77415338645417% - 10px);' >  <div style='z-index: 39;position: relative;'>   <a data-link_style='tootip' data-mycust-id=\"hotspot-tooltip-5483\"  data-ultimate-target='#hotspot-tooltip-5483 .ult-tooltipster-content'  data-responsive-json-new='{\"font-size\":\"desktop:18px;\",\"line-height\":\"\"}' data-tooltip-content-style=\"width:300px;padding:5px;\"data-tooltip-base-style=\"background-color:#f7f9f2;color:#4c4c4c;text-align:center;\" data-bubble-arrow=\"true\" data-tooltipanimation=\"glow\"data-trigger=\"click\"data-tooltip-offsety=\"10\" class='ult-tooltipstered ult-hotspot-tooltip' href='#' data-status='show'><div class=\"ult-just-icon-wrapper  \"><div class=\"align-icon\" style=\"text-align:center;\">\n<div class=\"aio-icon  \"  style=\"color:#33a83b;font-size:20px;display:inline-block;\">\n\t<i class=\"Defaults-map-marker\"><\/i>\n<\/div><\/div><\/div><span class='hotspot-tooltip-content'>&lt;\/p&gt;\n&lt;h5 style=&#039;text-align: center;&#039;&gt;ESPEJOS WC&lt;\/h5&gt;\n&lt;h5 style=&#039;text-align: center;&#039;&gt;&lt;a href=&#039;https:\/\/myecobuild.csustentavel.com\/janelas\/vidro\/empresas-vidro\/&#039;&gt;Ver empresas&lt;\/a&gt;&lt;\/h5&gt;\n&lt;p&gt;<\/span>  <\/a> <\/div><!-- ICON WRAP --><\/div>\n<\/div>     <div style='color:#000;' data-image='    '><\/div><\/div><div class='ult_hotspot_container ult-adjust-bottom-margin ult-hotspot-tooltip-wrapper autoclismo-esconder' style=>  <img class='ult_hotspot_image' src=https:\/\/myecobuild.csustentavel.com\/wp-content\/uploads\/2019\/12\/36..jpg alt='null'\/>     <div class='utl-hotspot-items ult-hotspot-item'><div class='ult-hotspot-item ' style='top:-webkit-calc(28.184751434034418% - 20px);top:-moz-calc(28.184751434034418% - 20px);top:calc(28.184751434034418% - 20px);left: -webkit-calc(60.98768736616702% - 20px);left: -moz-calc(60.98768736616702% - 20px);left: calc(60.98768736616702% - 20px);' >  <div style='z-index: 39;position: relative;'>   <a data-link_style='tootip' data-mycust-id=\"hotspot-tooltip-3965\"  data-ultimate-target='#hotspot-tooltip-3965 .ult-tooltipster-content'  data-responsive-json-new='{\"font-size\":\"desktop:18px;\",\"line-height\":\"\"}' data-tooltip-content-style=\"width:300px;padding:5px;\"data-tooltip-base-style=\"background-color:#f7f9f2;color:#4c4c4c;text-align:center;\" data-bubble-arrow=\"true\" data-tooltipanimation=\"glow\"data-trigger=\"click\"data-tooltip-offsety=\"20\" class='ult-tooltipstered ult-hotspot-tooltip' href='#' data-status='show'><div class=\"ult-just-icon-wrapper  \"><div class=\"align-icon\" style=\"text-align:center;\">\n<div class=\"aio-icon  \"  style=\"color:#f43711;font-size:40px;display:inline-block;\">\n\t<i class=\"Defaults-map-marker\"><\/i>\n<\/div><\/div><\/div><span class='hotspot-tooltip-content'>\n&lt;h5 style=&#039;text-align: center;&#039;&gt;&lt;strong&gt;GRIFO FLOTANTE AZUR PLUS PARA AHORRAR AGUA&lt;\/strong&gt;&lt;\/h5&gt;\n&lt;p&gt;&lt;!--\n\n\n\n\n&lt;h5 style=&#039;text-align: center;&#039;&gt;(AUTOCLISMO)&lt;\/h5&gt;\n\n\n\n\n--&gt;&lt;\/p&gt;\n&lt;h5 style=&#039;text-align: center;&#039;&gt;&lt;a href=&#039;http:\/\/myecobuild.csustentavel.com\/instalacoes-sanitarias\/empresas-autoclismos&#039;&gt;Ver empresas&lt;\/a&gt;&lt;\/h5&gt;\n&lt;p&gt;<\/span>  <\/a> <\/div><!-- ICON WRAP --> <div class='ult-glow' style=&quot;background-color:#eeee22&quot;><\/div><\/div><div class='ult-hotspot-item ' style='top:-webkit-calc(41.04923518164436% - 10px);top:-moz-calc(41.04923518164436% - 10px);top:calc(41.04923518164436% - 10px);left: -webkit-calc(24.565042826552464% - 10px);left: -moz-calc(24.565042826552464% - 10px);left: calc(24.565042826552464% - 10px);' >  <div style='z-index: 39;position: relative;'>   <a data-link_style='tootip' data-mycust-id=\"hotspot-tooltip-1779\"  data-ultimate-target='#hotspot-tooltip-1779 .ult-tooltipster-content'  data-responsive-json-new='{\"font-size\":\"desktop:18px;\",\"line-height\":\"\"}' data-tooltip-content-style=\"width:300px;padding:5px;\"data-tooltip-base-style=\"background-color:#f7f9f2;color:#4c4c4c;text-align:center;\" data-bubble-arrow=\"true\" data-tooltipanimation=\"glow\"data-trigger=\"click\"data-tooltip-offsety=\"10\" class='ult-tooltipstered ult-hotspot-tooltip' href='#' data-status='show'><div class=\"ult-just-icon-wrapper  \"><div class=\"align-icon\" style=\"text-align:center;\">\n<div class=\"aio-icon  \"  style=\"color:#33a83b;font-size:20px;display:inline-block;\">\n\t<i class=\"Defaults-map-marker\"><\/i>\n<\/div><\/div><\/div><span class='hotspot-tooltip-content'>&lt;\/p&gt;\n&lt;h5 style=&#039;text-align: center;&#039;&gt;&lt;strong&gt;GRIFOS Y ACCESORIOS&lt;\/strong&gt;&lt;\/h5&gt;\n&lt;h5 style=&#039;text-align: center;&#039;&gt;&lt;a href=&#039;http:\/\/myecobuild.csustentavel.com\/instalacoes-sanitarias\/torneiras-e-acessorios\/empresas-torneiras-e-acessorios\/&#039;&gt;Ver empresas&lt;\/a&gt;&lt;\/h5&gt;\n&lt;p&gt;<\/span>  <\/a> <\/div><!-- ICON WRAP --><\/div><div class='ult-hotspot-item ' style='top:-webkit-calc(8.753585086042065% - 10px);top:-moz-calc(8.753585086042065% - 10px);top:calc(8.753585086042065% - 10px);left: -webkit-calc(4.550321199143468% - 10px);left: -moz-calc(4.550321199143468% - 10px);left: calc(4.550321199143468% - 10px);' >  <div style='z-index: 39;position: relative;'>   <a data-link_style='tootip' data-mycust-id=\"hotspot-tooltip-6868\"  data-ultimate-target='#hotspot-tooltip-6868 .ult-tooltipster-content'  data-responsive-json-new='{\"font-size\":\"desktop:18px;\",\"line-height\":\"\"}' data-tooltip-content-style=\"width:300px;padding:5px;\"data-tooltip-base-style=\"background-color:#f7f9f2;color:#4c4c4c;text-align:center;\" data-bubble-arrow=\"true\" data-tooltipanimation=\"glow\"data-trigger=\"click\"data-tooltip-offsety=\"10\" class='ult-tooltipstered ult-hotspot-tooltip' href='#' data-status='show'><div class=\"ult-just-icon-wrapper  \"><div class=\"align-icon\" style=\"text-align:center;\">\n<div class=\"aio-icon  \"  style=\"color:#33a83b;font-size:20px;display:inline-block;\">\n\t<i class=\"Defaults-map-marker\"><\/i>\n<\/div><\/div><\/div><span class='hotspot-tooltip-content'>&lt;\/p&gt;\n&lt;h5 style=&#039;text-align: center;&#039;&gt;&lt;strong&gt;PLACA DE YESO&lt;\/strong&gt;&lt;\/h5&gt;\n&lt;h5 style=&#039;text-align: center;&#039;&gt;&lt;a href=&#039;http:\/\/myecobuild.csustentavel.com\/paredes-interiores\/revestimento-interior\/empresas-perfis-de-aco-e-placa-de-gesso\/&#039;&gt;Ver empresas&lt;\/a&gt;&lt;\/h5&gt;\n&lt;p&gt;<\/span>  <\/a> <\/div><!-- ICON WRAP --><\/div><div class='ult-hotspot-item ' style='top:-webkit-calc(28.7703154875717% - 10px);top:-moz-calc(28.7703154875717% - 10px);top:calc(28.7703154875717% - 10px);left: -webkit-calc(16.816113490364025% - 10px);left: -moz-calc(16.816113490364025% - 10px);left: calc(16.816113490364025% - 10px);' >  <div style='z-index: 39;position: relative;'>   <a data-link_style='tootip' data-mycust-id=\"hotspot-tooltip-6808\"  data-ultimate-target='#hotspot-tooltip-6808 .ult-tooltipster-content'  data-responsive-json-new='{\"font-size\":\"desktop:18px;\",\"line-height\":\"\"}' data-tooltip-content-style=\"width:300px;padding:5px;\"data-tooltip-base-style=\"background-color:#f7f9f2;color:#4c4c4c;text-align:center;\" data-bubble-arrow=\"true\" data-tooltipanimation=\"glow\"data-trigger=\"click\"data-tooltip-offsety=\"10\" class='ult-tooltipstered ult-hotspot-tooltip' href='#' data-status='show'><div class=\"ult-just-icon-wrapper  \"><div class=\"align-icon\" style=\"text-align:center;\">\n<div class=\"aio-icon  \"  style=\"color:#33a83b;font-size:20px;display:inline-block;\">\n\t<i class=\"Defaults-map-marker\"><\/i>\n<\/div><\/div><\/div><span class='hotspot-tooltip-content'>&lt;\/p&gt;\n&lt;h5 style=&#039;text-align: center;&#039;&gt;&lt;strong&gt;ESPEJOS WC&lt;\/strong&gt;&lt;\/h5&gt;\n&lt;h5 style=&#039;text-align: center;&#039;&gt;&lt;a href=&#039;https:\/\/myecobuild.csustentavel.com\/janelas\/vidro\/empresas-vidro\/&#039;&gt;Ver empresas&lt;\/a&gt;&lt;\/h5&gt;\n&lt;p&gt;<\/span>  <\/a> <\/div><!-- ICON WRAP --><\/div>\n<\/div>     <div style='color:#000;' data-image='    '><\/div><\/div>[\/vc_column][\/vc_row]","protected":false},"excerpt":{"rendered":"<p>[vc_row][vc_column][vc_raw_html]JTNDYSUyMGhyZWYlM0QlMjJodHRwJTNBJTJGJTJGbXllY29idWlsZC5jc3VzdGVudGF2ZWwuY29tJTJGJTIyJTNFJTNDJTIwQXRyJUMzJUExcyUzQyUyRmElM0U=[\/vc_raw_html][\/vc_column][\/vc_row][vc_row fullwidth=\u00bbtrue\u00bb][vc_column width=\u00bb1\/2&#8243;][mk_fancy_title color=\u00bb#000000&#8243; size=\u00bb20&#8243; line_height=\u00bb135&#8243; txt_transform=\u00bbnone\u00bb font_family=\u00bbnone\u00bb align=\u00bbcenter\u00bb]Cuando elegimos piezas sanitarias para nuestra casa, debemos dar prioridad a las que se fabrican en nuestro pa\u00eds yque se comercializan a precios justos. Debemos tambi\u00e9n considerar la utilizaci\u00f3n y utilidad de las piezas, abdicandode ba\u00f1eras de hidromasaje, por ejemplo, si sabemos que es poco probable darle [&hellip;]<\/p>\n","protected":false},"author":3,"featured_media":0,"parent":372,"menu_order":0,"comment_status":"closed","ping_status":"closed","template":"","meta":{"_acf_changed":false,"footnotes":""},"class_list":["post-1937","page","type-page","status-publish","hentry"],"acf":[],"_links":{"self":[{"href":"https:\/\/myecobuild.csustentavel.com\/es\/wp-json\/wp\/v2\/pages\/1937"}],"collection":[{"href":"https:\/\/myecobuild.csustentavel.com\/es\/wp-json\/wp\/v2\/pages"}],"about":[{"href":"https:\/\/myecobuild.csustentavel.com\/es\/wp-json\/wp\/v2\/types\/page"}],"author":[{"embeddable":true,"href":"https:\/\/myecobuild.csustentavel.com\/es\/wp-json\/wp\/v2\/users\/3"}],"replies":[{"embeddable":true,"href":"https:\/\/myecobuild.csustentavel.com\/es\/wp-json\/wp\/v2\/comments?post=1937"}],"version-history":[{"count":31,"href":"https:\/\/myecobuild.csustentavel.com\/es\/wp-json\/wp\/v2\/pages\/1937\/revisions"}],"predecessor-version":[{"id":4041,"href":"https:\/\/myecobuild.csustentavel.com\/es\/wp-json\/wp\/v2\/pages\/1937\/revisions\/4041"}],"up":[{"embeddable":true,"href":"https:\/\/myecobuild.csustentavel.com\/es\/wp-json\/wp\/v2\/pages\/372"}],"wp:attachment":[{"href":"https:\/\/myecobuild.csustentavel.com\/es\/wp-json\/wp\/v2\/media?parent=1937"}],"curies":[{"name":"wp","href":"https:\/\/api.w.org\/{rel}","templated":true}]}}