{"id":1988,"date":"2019-12-30T18:08:25","date_gmt":"2019-12-30T18:08:25","guid":{"rendered":"https:\/\/myecobuild.csustentavel.com\/?page_id=1988"},"modified":"2021-02-10T18:39:41","modified_gmt":"2021-02-10T18:39:41","slug":"sanitana-ecoprodutos","status":"publish","type":"page","link":"https:\/\/myecobuild.csustentavel.com\/es\/sanitana-ecoprodutos\/","title":{"rendered":"SANITANA | ECOPRODUTOS"},"content":{"rendered":"[vc_row][vc_column][vc_raw_html]JTNDYSUyMGhyZWYlM0QlMjJqYXZhc2NyaXB0JTNBaGlzdG9yeS5nbyUyOC0xJTI5JTIyJTNFJTNDJTIwQXRyJUMzJUExcyUzQyUyRmElM0U=[\/vc_raw_html][mk_fancy_title size=\u00bb28&#8243; font_family=\u00bbnone\u00bb]Be You[\/mk_fancy_title][vc_single_image image=\u00bb1989&#8243; img_size=\u00bbfull\u00bb alignment=\u00bbcenter\u00bb][mk_fancy_title size=\u00bb20&#8243; font_family=\u00bbnone\u00bb]\n<p style=\"text-align: center;\"><strong>Sustentabilidade<\/strong><\/p>\n[\/mk_fancy_title][vc_column_text css=\u00bb.vc_custom_1611235749660{margin-bottom: 0px !important;}\u00bb]\n<p style=\"text-align: center;\">Se procura reduzir o seu consumo de \u00e1gua, optar por uma sanita com dupla descarga pode ser a mudan\u00e7a mais eficaz que pode fazer. A descarga ecol\u00f3gica da BE YOU \u2013 3 ou 4,5 L \u2013 permite fazer a limpeza da sanita sem sacrif\u00edcio de performance e, sobretudo, sem desperd\u00edcio de um bem t\u00e3o precioso como a \u00e1gua.<\/p>\n[\/vc_column_text][mk_fancy_title size=\u00bb20&#8243; font_family=\u00bbnone\u00bb]\n<p style=\"text-align: center;\"><strong>Caracter\u00edsticas<\/strong><\/p>\n[\/mk_fancy_title][vc_column_text css=\u00bb.vc_custom_1611235756048{margin-bottom: 0px !important;}\u00bb]\n<p style=\"text-align: center;\">Esta sanita compacta b.t.w. (back to wall) tem sa\u00edda dual e tanque equipado com mecanismo que permite dupla descarga ecol\u00f3gica \u2013 3 ou 4,5 L. Sanita, tanque e tampo vendidos separadamente \u2013 os respetivos acess\u00f3rios est\u00e3o inclu\u00eddos.<\/p>\n[\/vc_column_text][mk_fancy_title size=\u00bb20&#8243; font_family=\u00bbnone\u00bb]\n<p style=\"text-align: center;\"><strong>Aplica\u00e7\u00f5es<\/strong><\/p>\n[\/mk_fancy_title][vc_column_text css=\u00bb.vc_custom_1611235763432{margin-bottom: 0px !important;}\u00bb]\n<p style=\"text-align: center;\">De instala\u00e7\u00e3o simples e para todo o tipo de casas de banho \u2013 p\u00fablicas ou privadas.<\/p>\n[\/vc_column_text][vc_single_image image=\u00bb1990&#8243; img_size=\u00bbfull\u00bb][mk_fancy_title size=\u00bb28&#8243; font_family=\u00bbnone\u00bb]ORBIS[\/mk_fancy_title][vc_single_image image=\u00bb1995&#8243; img_size=\u00bbfull\u00bb alignment=\u00bbcenter\u00bb][mk_fancy_title size=\u00bb20&#8243; font_family=\u00bbnone\u00bb]\n<p style=\"text-align: center;\"><strong>Sustentabilidade<\/strong><\/p>\n[\/mk_fancy_title][vc_column_text css=\u00bb.vc_custom_1611235775656{margin-bottom: 0px !important;}\u00bb]\n<p style=\"text-align: center;\">Poupar \u00e1gua e energia nunca foi t\u00e3o f\u00e1cil. Com a torneira Orbis associa n\u00e3o s\u00f3 desenho como tecnologia, nomeadamente a cold start, que impede o consumo de recursos extra ao ativar apenas a \u00e1gua fria na abertura da torneira na posi\u00e7\u00e3o central. O seu perlator ecol\u00f3gico enriquece tamb\u00e9m \u00e1gua com ar para poupan\u00e7a sem esfor\u00e7o.<\/p>\n[\/vc_column_text][mk_fancy_title size=\u00bb20&#8243; font_family=\u00bbnone\u00bb]\n<p style=\"text-align: center;\"><strong>Caracter\u00edsticas<\/strong><\/p>\n[\/mk_fancy_title][vc_column_text css=\u00bb.vc_custom_1611235783168{margin-bottom: 0px !important;}\u00bb]\n<p style=\"text-align: center;\">Esta torneira para lavat\u00f3rio possui cartucho de discos cer\u00e2micos e perlator ecol\u00f3gicos e tem a tecnologia cold start (abertura em frio). O kit de fixa\u00e7\u00e3o e liga\u00e7\u00f5es flex\u00edveis est\u00e3o inclu\u00eddos.<\/p>\n[\/vc_column_text][mk_fancy_title size=\u00bb20&#8243; font_family=\u00bbnone\u00bb]\n<p style=\"text-align: center;\"><strong>Aplica\u00e7\u00f5es<\/strong><\/p>\n[\/mk_fancy_title][vc_column_text css=\u00bb.vc_custom_1611235790218{margin-bottom: 0px !important;}\u00bb]\n<p style=\"text-align: center;\">De instala\u00e7\u00e3o simples e para todo o tipo de casas de banho \u2013 p\u00fablicas ou privadas.<\/p>\n[\/vc_column_text][vc_single_image image=\u00bb1990&#8243; img_size=\u00bbfull\u00bb][mk_fancy_title size=\u00bb28&#8243; font_family=\u00bbnone\u00bb]Balance[\/mk_fancy_title][vc_single_image image=\u00bb1997&#8243; img_size=\u00bbfull\u00bb alignment=\u00bbcenter\u00bb][mk_fancy_title size=\u00bb20&#8243; font_family=\u00bbnone\u00bb]\n<p style=\"text-align: center;\"><strong>Sustentabilidade<\/strong><\/p>\n[\/mk_fancy_title][vc_column_text css=\u00bb.vc_custom_1611235806275{margin-bottom: 0px !important;}\u00bb]\n<p style=\"text-align: center;\">Menos \u00e1gua e energia. Fluxo perfeito. A torneira BALANCE tem tecnologia cold start (abertura em frio), o que lhe permite poupar energia. Sempre a abrir a torneira na posi\u00e7\u00e3o central apenas a \u00e1gua fria ser\u00e1 ativada. Tem tamb\u00e9m perlator ecol\u00f3gico, que enriquece a \u00e1gua com ar para um fluxo mais volumoso, preciso e suave. Poupan\u00e7a sem esfor\u00e7o.<\/p>\n[\/vc_column_text][mk_fancy_title size=\u00bb20&#8243; font_family=\u00bbnone\u00bb]\n<p style=\"text-align: center;\"><strong>Caracter\u00edsticas<\/strong><\/p>\n[\/mk_fancy_title][vc_column_text css=\u00bb.vc_custom_1611235812833{margin-bottom: 0px !important;}\u00bb]\n<p style=\"text-align: center;\">Esta torneira para lavat\u00f3rio possui cartucho de discos cer\u00e2micos e perlator ecol\u00f3gicos e tem a tecnologia cold start. O kit de fixa\u00e7\u00e3o e liga\u00e7\u00f5es flex\u00edveis est\u00e3o inclu\u00eddos.<\/p>\n[\/vc_column_text][mk_fancy_title size=\u00bb20&#8243; font_family=\u00bbnone\u00bb]\n<p style=\"text-align: center;\"><strong>Aplica\u00e7\u00f5es<\/strong><\/p>\n[\/mk_fancy_title][vc_column_text css=\u00bb.vc_custom_1611235820120{margin-bottom: 0px !important;}\u00bb]\n<p style=\"text-align: center;\">De instala\u00e7\u00e3o simples e para todo o tipo de casas de banho \u2013 p\u00fablicas ou privadas.<\/p>\n[\/vc_column_text][vc_single_image image=\u00bb1990&#8243; img_size=\u00bbfull\u00bb][mk_fancy_title size=\u00bb20&#8243; font_family=\u00bbnone\u00bb]\n<p style=\"text-align: center;\"><strong><a href=\"http:\/\/www.sanitana.com\/\">SANITANA<\/a><\/strong><\/p>\n<p style=\"text-align: center;\">Sanitana, F\u00e1brica de Sanit\u00e1rios de Anadia, S.A.<br \/>\nAv. Alto das Domingas, 41<br \/>\nZona Industrial Almas das Domingas<br \/>\n3780-244 Aguim, Anadia<\/p>\n<p style=\"text-align: center;\"><a href=\"mailto:lina.sousa@sanitana.pt\">lina.sousa@sanitana.pt<\/a><\/p>\n[\/mk_fancy_title][\/vc_column][\/vc_row][vc_row][vc_column][\/vc_column][\/vc_row]","protected":false},"excerpt":{"rendered":"<p>[vc_row][vc_column][vc_raw_html]JTNDYSUyMGhyZWYlM0QlMjJqYXZhc2NyaXB0JTNBaGlzdG9yeS5nbyUyOC0xJTI5JTIyJTNFJTNDJTIwQXRyJUMzJUExcyUzQyUyRmElM0U=[\/vc_raw_html][mk_fancy_title size=\u00bb28&#8243; font_family=\u00bbnone\u00bb]Be You[\/mk_fancy_title][vc_single_image image=\u00bb1989&#8243; img_size=\u00bbfull\u00bb alignment=\u00bbcenter\u00bb][mk_fancy_title size=\u00bb20&#8243; font_family=\u00bbnone\u00bb] Sustentabilidade [\/mk_fancy_title][vc_column_text css=\u00bb.vc_custom_1611235749660{margin-bottom: 0px !important;}\u00bb] Se procura reduzir o seu consumo de \u00e1gua, optar por uma sanita com dupla descarga pode ser a mudan\u00e7a mais eficaz que pode fazer. A descarga ecol\u00f3gica da BE YOU \u2013 3 ou 4,5 L \u2013 permite fazer a limpeza da [&hellip;]<\/p>\n","protected":false},"author":3,"featured_media":0,"parent":0,"menu_order":0,"comment_status":"closed","ping_status":"closed","template":"","meta":{"_acf_changed":false,"footnotes":""},"class_list":["post-1988","page","type-page","status-publish","hentry"],"acf":[],"_links":{"self":[{"href":"https:\/\/myecobuild.csustentavel.com\/es\/wp-json\/wp\/v2\/pages\/1988"}],"collection":[{"href":"https:\/\/myecobuild.csustentavel.com\/es\/wp-json\/wp\/v2\/pages"}],"about":[{"href":"https:\/\/myecobuild.csustentavel.com\/es\/wp-json\/wp\/v2\/types\/page"}],"author":[{"embeddable":true,"href":"https:\/\/myecobuild.csustentavel.com\/es\/wp-json\/wp\/v2\/users\/3"}],"replies":[{"embeddable":true,"href":"https:\/\/myecobuild.csustentavel.com\/es\/wp-json\/wp\/v2\/comments?post=1988"}],"version-history":[{"count":13,"href":"https:\/\/myecobuild.csustentavel.com\/es\/wp-json\/wp\/v2\/pages\/1988\/revisions"}],"predecessor-version":[{"id":3475,"href":"https:\/\/myecobuild.csustentavel.com\/es\/wp-json\/wp\/v2\/pages\/1988\/revisions\/3475"}],"wp:attachment":[{"href":"https:\/\/myecobuild.csustentavel.com\/es\/wp-json\/wp\/v2\/media?parent=1988"}],"curies":[{"name":"wp","href":"https:\/\/api.w.org\/{rel}","templated":true}]}}