{"id":2025,"date":"2020-01-10T11:32:10","date_gmt":"2020-01-10T11:32:10","guid":{"rendered":"https:\/\/myecobuild.csustentavel.com\/?page_id=2025"},"modified":"2021-02-19T17:36:57","modified_gmt":"2021-02-19T17:36:57","slug":"rockwool-ecoprodutos","status":"publish","type":"page","link":"https:\/\/myecobuild.csustentavel.com\/es\/rockwool-ecoprodutos\/","title":{"rendered":"ROCKWOOL | ECOPRODUTOS"},"content":{"rendered":"[vc_row][vc_column][vc_raw_html]JTNDYSUyMGhyZWYlM0QlMjJqYXZhc2NyaXB0JTNBaGlzdG9yeS5nbyUyOC0xJTI5JTIyJTNFJTNDJTIwQXRyJUMzJUExcyUzQyUyRmElM0U=[\/vc_raw_html][mk_fancy_title size=\u00bb28&#8243; font_family=\u00bbnone\u00bb]LANA DE ROCA GRANULADA<br \/>\n[\/mk_fancy_title][vc_single_image image=\u00bb2027&#8243; img_size=\u00bbfull\u00bb alignment=\u00bbcenter\u00bb][mk_fancy_title size=\u00bb20&#8243; font_family=\u00bbnone\u00bb]\n<p style=\"text-align: center;\"><strong>Sustentabilidad<\/strong><\/p>\n[\/mk_fancy_title][vc_column_text css=\u00bb.vc_custom_1613755998698{margin-bottom: 0px !important;}\u00bb]\n<p style=\"text-align: center;\">La roca es una de las materias primas m\u00e1s abundantes del planeta. Sin embargo, y para hacer un mejor uso de los recursos de nuestro planeta, ROCKWOOL ha desarrollado una tecnolog\u00eda que permite utilizar los desechos de otras industrias como materia prima alternativa.<\/p>\n<p style=\"text-align: center;\">La lana de roca es reciclable y duradera, y se puede quitar f\u00e1cilmente cuando un edificio se renueva o se demuele, y se recicla para producir nuevos productos. De hecho, la lana de roca se puede reciclar una y otra vez en nueva lana de roca. Los productos Rockwool permiten as\u00ed cumplir con la econom\u00eda circular en el sector de la construcci\u00f3n.<\/p>\n[\/vc_column_text][mk_fancy_title size=\u00bb20&#8243; font_family=\u00bbnone\u00bb]\n<p style=\"text-align: center;\"><strong>Caracteristicas<\/strong><\/p>\n[\/mk_fancy_title][vc_column_text css=\u00bb.vc_custom_1613756011418{margin-bottom: 0px !important;}\u00bb]\n<p style=\"text-align: center;\">Este aislamiento se presenta en forma de gr\u00e1nulos, que pueden inyectarse en espacios vac\u00edos de los elementos constructivos.<\/p>\n[\/vc_column_text][mk_fancy_title size=\u00bb20&#8243; font_family=\u00bbnone\u00bb]\n<p style=\"text-align: center;\"><strong>Aplicaciones<\/strong><\/p>\n[\/mk_fancy_title][vc_column_text css=\u00bb.vc_custom_1613756027389{margin-bottom: 0px !important;}\u00bb]\n<p style=\"text-align: center;\">Este granulado se instala con una m\u00e1quina neum\u00e1tica. Es adecuado para rehabilitaci\u00f3n, para llenar espacios vac\u00edos en paredes dobles y paredes de cart\u00f3n yeso.<\/p>\n[\/vc_column_text][vc_single_image image=\u00bb2029&#8243; img_size=\u00bbfull\u00bb][mk_fancy_title size=\u00bb28&#8243; font_family=\u00bbnone\u00bb]MANTA DE LANA DE ROCA<br \/>\n[\/mk_fancy_title][vc_single_image image=\u00bb2030&#8243; img_size=\u00bbfull\u00bb alignment=\u00bbcenter\u00bb][mk_fancy_title size=\u00bb20&#8243; font_family=\u00bbnone\u00bb]\n<p style=\"text-align: center;\"><strong>Sustentabilidad<\/strong><\/p>\n[\/mk_fancy_title][vc_column_text css=\u00bb.vc_custom_1613756072198{margin-bottom: 0px !important;}\u00bb]\n<p style=\"text-align: center;\">La roca es una de las materias primas m\u00e1s abundantes del planeta. Sin embargo, y para hacer un mejor uso de los recursos de nuestro planeta, ROCKWOOL ha desarrollado una tecnolog\u00eda que permite utilizar los desechos de otras industrias como materia prima alternativa.<\/p>\n<p style=\"text-align: center;\">La lana de roca es reciclable y duradera, y se puede quitar f\u00e1cilmente cuando un edificio se renueva o se demuele, y se recicla para producir nuevos productos. De hecho, la lana de roca se puede reciclar una y otra vez en nueva lana de roca. Los productos Rockwool permiten as\u00ed cumplir con la econom\u00eda circular en el sector de la construcci\u00f3n.<\/p>\n[\/vc_column_text][mk_fancy_title size=\u00bb20&#8243; font_family=\u00bbnone\u00bb]\n<p style=\"text-align: center;\"><strong>Caracteristicas<\/strong><\/p>\n[\/mk_fancy_title][vc_column_text css=\u00bb.vc_custom_1613756098300{margin-bottom: 0px !important;}\u00bb]\n<p style=\"text-align: center;\">Este aislamiento se presenta en forma de una manta de lana de roca muy ligera y la manta est\u00e1 cubierta por un lado con papel kraft o papel de aluminio. En ambos casos tiene una barrera anti-vapor.<\/p>\n[\/vc_column_text][mk_fancy_title size=\u00bb20&#8243; font_family=\u00bbnone\u00bb]\n<p style=\"text-align: center;\"><strong>Aplicaciones<\/strong><\/p>\n[\/mk_fancy_title][vc_column_text css=\u00bb.vc_custom_1613756105650{margin-bottom: 0px !important;}\u00bb]\n<p style=\"text-align: center;\">Es muy f\u00e1cil de instalar y no se puede instalar en posici\u00f3n vertical. Adecuado para aplicaciones en techos ocultos o falsos techos.<\/p>\n[\/vc_column_text][vc_single_image image=\u00bb2029&#8243; img_size=\u00bbfull\u00bb][mk_fancy_title size=\u00bb28&#8243; font_family=\u00bbnone\u00bb]VENTIROCK DUO PARA FACHADAS VENTILADAS<br \/>\n[\/mk_fancy_title][vc_single_image image=\u00bb2031&#8243; img_size=\u00bbfull\u00bb alignment=\u00bbcenter\u00bb][mk_fancy_title size=\u00bb20&#8243; font_family=\u00bbnone\u00bb]\n<p style=\"text-align: center;\"><strong>Sustentabilidad<\/strong><\/p>\n[\/mk_fancy_title][vc_column_text css=\u00bb.vc_custom_1613756140796{margin-bottom: 0px !important;}\u00bb]\n<p style=\"text-align: center;\">La roca es una de las materias primas m\u00e1s abundantes del planeta. Sin embargo, y para hacer un mejor uso de los recursos de nuestro planeta, ROCKWOOL ha desarrollado una tecnolog\u00eda que permite utilizar los desechos de otras industrias como materia prima alternativa.<\/p>\n<p style=\"text-align: center;\">La lana de roca es reciclable y duradera, y se puede quitar f\u00e1cilmente cuando un edificio se renueva o se demuele, y se recicla para producir nuevos productos. De hecho, la lana de roca se puede reciclar una y otra vez en nueva lana de roca. Los productos Rockwool permiten as\u00ed cumplir con la econom\u00eda circular en el sector de la construcci\u00f3n.<\/p>\n[\/vc_column_text][mk_fancy_title size=\u00bb20&#8243; font_family=\u00bbnone\u00bb]\n<p style=\"text-align: center;\"><strong>Caracteristicas<\/strong><\/p>\n[\/mk_fancy_title][vc_column_text css=\u00bb.vc_custom_1613756210762{margin-bottom: 0px !important;}\u00bb]\n<p style=\"text-align: center;\">La gama de aislamiento ofrece una excelente protecci\u00f3n contra incendios y un alto rendimiento t\u00e9rmico y ac\u00fastico para fachadas ventiladas. Es un aislamiento continuo exterior t\u00e9rmico y ac\u00fastico y est\u00e1 compuesto por una hoja interior (pesada o ligera), una estructura de madera y por el revestimiento exterior.<\/p>\n[\/vc_column_text][mk_fancy_title size=\u00bb20&#8243; font_family=\u00bbnone\u00bb]\n<p style=\"text-align: center;\"><strong>Aplicaciones<\/strong><\/p>\n[\/mk_fancy_title][vc_column_text css=\u00bb.vc_custom_1613756202187{margin-bottom: 0px !important;}\u00bb]\n<p style=\"text-align: center;\">Es indicado para fachadas ventiladas, en particular, para estructuras de madera o de aluminio. La cara interna se a\u00edsla con los paneles de lana de roca de doble densidad VENTIROCK DUO, dejando una c\u00e1mara de aire ventilado entre ellos y la hoja externa.<\/p>\n[\/vc_column_text][vc_single_image image=\u00bb2029&#8243; img_size=\u00bbfull\u00bb][mk_fancy_title size=\u00bb20&#8243; font_family=\u00bbnone\u00bb]\n<p class=\"O2-footer__contact__info__item\" style=\"text-align: center;\"><strong><a href=\"https:\/\/www.rockwool.pt\/\">ROCKWOOL <\/a><\/strong><br \/>\nCtra. de Zaragoza. Km. 53,5 \/ N-121<br \/>\n31380, Caparroso, Navarra<\/p>\n<p class=\"O2-footer__contact__info__item\" style=\"text-align: center;\">ESPANHA<\/p>\n<p style=\"text-align: center;\"><a href=\"enrique.gomez@rockwool.com\">enrique.gomez@rockwool.com<\/a><\/p>\n[\/mk_fancy_title][\/vc_column][\/vc_row][vc_row][vc_column][\/vc_column][\/vc_row]","protected":false},"excerpt":{"rendered":"<p>[vc_row][vc_column][vc_raw_html]JTNDYSUyMGhyZWYlM0QlMjJqYXZhc2NyaXB0JTNBaGlzdG9yeS5nbyUyOC0xJTI5JTIyJTNFJTNDJTIwQXRyJUMzJUExcyUzQyUyRmElM0U=[\/vc_raw_html][mk_fancy_title size=\u00bb28&#8243; font_family=\u00bbnone\u00bb]LANA DE ROCA GRANULADA [\/mk_fancy_title][vc_single_image image=\u00bb2027&#8243; img_size=\u00bbfull\u00bb alignment=\u00bbcenter\u00bb][mk_fancy_title size=\u00bb20&#8243; font_family=\u00bbnone\u00bb] Sustentabilidad [\/mk_fancy_title][vc_column_text css=\u00bb.vc_custom_1613755998698{margin-bottom: 0px !important;}\u00bb] La roca es una de las materias primas m\u00e1s abundantes del planeta. Sin embargo, y para hacer un mejor uso de los recursos de nuestro planeta, ROCKWOOL ha desarrollado una tecnolog\u00eda que permite utilizar los desechos de otras [&hellip;]<\/p>\n","protected":false},"author":3,"featured_media":0,"parent":0,"menu_order":0,"comment_status":"closed","ping_status":"closed","template":"","meta":{"_acf_changed":false,"footnotes":""},"class_list":["post-2025","page","type-page","status-publish","hentry"],"acf":[],"_links":{"self":[{"href":"https:\/\/myecobuild.csustentavel.com\/es\/wp-json\/wp\/v2\/pages\/2025"}],"collection":[{"href":"https:\/\/myecobuild.csustentavel.com\/es\/wp-json\/wp\/v2\/pages"}],"about":[{"href":"https:\/\/myecobuild.csustentavel.com\/es\/wp-json\/wp\/v2\/types\/page"}],"author":[{"embeddable":true,"href":"https:\/\/myecobuild.csustentavel.com\/es\/wp-json\/wp\/v2\/users\/3"}],"replies":[{"embeddable":true,"href":"https:\/\/myecobuild.csustentavel.com\/es\/wp-json\/wp\/v2\/comments?post=2025"}],"version-history":[{"count":11,"href":"https:\/\/myecobuild.csustentavel.com\/es\/wp-json\/wp\/v2\/pages\/2025\/revisions"}],"predecessor-version":[{"id":3591,"href":"https:\/\/myecobuild.csustentavel.com\/es\/wp-json\/wp\/v2\/pages\/2025\/revisions\/3591"}],"wp:attachment":[{"href":"https:\/\/myecobuild.csustentavel.com\/es\/wp-json\/wp\/v2\/media?parent=2025"}],"curies":[{"name":"wp","href":"https:\/\/api.w.org\/{rel}","templated":true}]}}