{"id":2086,"date":"2020-02-25T22:27:15","date_gmt":"2020-02-25T22:27:15","guid":{"rendered":"https:\/\/myecobuild.csustentavel.com\/?page_id=2086"},"modified":"2021-02-19T17:23:15","modified_gmt":"2021-02-19T17:23:15","slug":"extruplas-ecoprodutos","status":"publish","type":"page","link":"https:\/\/myecobuild.csustentavel.com\/es\/extruplas-ecoprodutos\/","title":{"rendered":"EXTRUPL\u00c1S | ECOPRODUTOS"},"content":{"rendered":"[vc_row][vc_column][vc_raw_html]JTNDYSUyMGhyZWYlM0QlMjJqYXZhc2NyaXB0JTNBaGlzdG9yeS5nbyUyOC0xJTI5JTIyJTNFJTNDJTIwQXRyJUMzJUExcyUzQyUyRmElM0U=[\/vc_raw_html][mk_fancy_title size=\u00bb28&#8243; font_family=\u00bbnone\u00bb]\n<p class=\"page-title \">ECOPUNTO<\/p>\n[\/mk_fancy_title][vc_single_image image=\u00bb2075&#8243; img_size=\u00bbfull\u00bb alignment=\u00bbcenter\u00bb][mk_fancy_title size=\u00bb20&#8243; font_family=\u00bbnone\u00bb]\n<p style=\"text-align: center;\"><strong>Sustentabilidad<\/strong><\/p>\n[\/mk_fancy_title][vc_column_text css=\u00bb.vc_custom_1613755159547{margin-bottom: 0px !important;}\u00bb]\n<p style=\"text-align: center;\">Extrupl\u00e1s se preocupa por producir los muebles ideales para ambientes al aire libre, combinando el factor de sostenibilidad con el design, el confort y la ergonom\u00eda de la pieza.<\/p>\n[\/vc_column_text][mk_fancy_title size=\u00bb20&#8243; font_family=\u00bbnone\u00bb]\n<p style=\"text-align: center;\"><strong>Caracteristicas<\/strong><\/p>\n[\/mk_fancy_title][vc_column_text css=\u00bb.vc_custom_1613755208684{margin-bottom: 0px !important;}\u00bb]\n<p style=\"text-align: center;\">De este modo, tenemos a su disposici\u00f3n numerosos muebles, fabricados en pl\u00e1stico 100% reciclado. Este material permite que el mantenimiento sea pr\u00e1cticamente nulo en comparaci\u00f3n con otros materiales. \u00a1Son piezas s\u00f3lidas que se adaptan f\u00e1cilmente a cualquier proyecto!<\/p>\n[\/vc_column_text][mk_fancy_title size=\u00bb20&#8243; font_family=\u00bbnone\u00bb]\n<p style=\"text-align: center;\"><strong>Aplicaciones<\/strong><\/p>\n[\/mk_fancy_title][vc_column_text css=\u00bb.vc_custom_1613755217756{margin-bottom: 0px !important;}\u00bb]\n<p style=\"text-align: center;\">Bancos, mesas, macetas, cestas de papel, papeleras, estanter\u00edas para bicicletas, tableros de informaci\u00f3n, carteles, tableros de posicionamiento, tableros de golf, cercas, refugios. Y circuito de mantenimiento.<\/p>\n[\/vc_column_text][vc_single_image image=\u00bb2090&#8243; img_size=\u00bbfull\u00bb][mk_fancy_title size=\u00bb28&#8243; font_family=\u00bbnone\u00bb]CAMA DE PLAYA<br \/>\n[\/mk_fancy_title][vc_single_image image=\u00bb2096&#8243; img_size=\u00bbfull\u00bb alignment=\u00bbcenter\u00bb][mk_fancy_title size=\u00bb20&#8243; font_family=\u00bbnone\u00bb]\n<p style=\"text-align: center;\"><strong>Sustentabilidad<\/strong><\/p>\n[\/mk_fancy_title][vc_column_text css=\u00bb.vc_custom_1613755287810{margin-bottom: 0px !important;}\u00bb]\n<p style=\"text-align: center;\">Debido a su resistencia a la intemperie, el material Extrupl\u00e1s es ideal para aplicaci\u00f3n en lugares junto al mar. Los muebles de playa Extrupl\u00e1s son una excelente opci\u00f3n para complementar seg\u00fan las necesidades, tanto funcionales como decorativas.<\/p>\n[\/vc_column_text][mk_fancy_title size=\u00bb20&#8243; font_family=\u00bbnone\u00bb]\n<p style=\"text-align: center;\"><strong>Caracteristicas<\/strong><\/p>\n[\/mk_fancy_title][vc_column_text css=\u00bb.vc_custom_1613755296644{margin-bottom: 0px !important;}\u00bb]\n<p style=\"text-align: center;\">La durabilidad y resistencia del material Extrupl\u00e1s, junto con la reducci\u00f3n de los costos de mantenimiento, permiten un r\u00e1pido retorno de la inversi\u00f3n.<\/p>\n[\/vc_column_text][mk_fancy_title size=\u00bb20&#8243; font_family=\u00bbnone\u00bb]\n<p style=\"text-align: center;\"><strong>Aplicaciones<\/strong><\/p>\n[\/mk_fancy_title][vc_column_text css=\u00bb.vc_custom_1613755305604{margin-bottom: 0px !important;}\u00bb]\n<p style=\"text-align: center;\">Producimos sombrillas, toldos, tumbonas, sillas, duchas y platos de ducha; cintas de correr, entre otros.<\/p>\n[\/vc_column_text][vc_single_image image=\u00bb2090&#8243; img_size=\u00bbfull\u00bb][mk_fancy_title size=\u00bb28&#8243; font_family=\u00bbnone\u00bb]BANCO DE JARD\u00cdN<br \/>\n[\/mk_fancy_title][vc_single_image image=\u00bb2098&#8243; img_size=\u00bbfull\u00bb alignment=\u00bbcenter\u00bb][mk_fancy_title size=\u00bb20&#8243; font_family=\u00bbnone\u00bb]\n<p style=\"text-align: center;\"><strong>Sustentabilidad<\/strong><\/p>\n[\/mk_fancy_title][vc_column_text css=\u00bb.vc_custom_1613755374748{margin-bottom: 0px !important;}\u00bb]\n<p style=\"text-align: center;\">Extrupl\u00e1s se preocupa por producir los muebles ideales para ambientes al aire libre, combinando el factor de sostenibilidad con el design, el confort y la ergonom\u00eda de la pieza.<\/p>\n[\/vc_column_text][mk_fancy_title size=\u00bb20&#8243; font_family=\u00bbnone\u00bb]\n<p style=\"text-align: center;\"><strong>Caracteristicas<\/strong><\/p>\n[\/mk_fancy_title][vc_column_text css=\u00bb.vc_custom_1613755382242{margin-bottom: 0px !important;}\u00bb]\n<p style=\"text-align: center;\">De este modo, tenemos a su disposici\u00f3n numerosos muebles, fabricados en pl\u00e1stico 100% reciclado. Este material permite que el mantenimiento sea pr\u00e1cticamente nulo en comparaci\u00f3n con otros materiales. \u00a1Son piezas s\u00f3lidas que se adaptan f\u00e1cilmente a cualquier proyecto!<\/p>\n[\/vc_column_text][mk_fancy_title size=\u00bb20&#8243; font_family=\u00bbnone\u00bb]\n<p style=\"text-align: center;\"><strong>Aplicaciones<\/strong><\/p>\n[\/mk_fancy_title][vc_column_text css=\u00bb.vc_custom_1613755391379{margin-bottom: 0px !important;}\u00bb]\n<p style=\"text-align: center;\">Bancos, mesas, macetas, cestas de papel, papeleras, estanter\u00edas para bicicletas, tableros de informaci\u00f3n, carteles, tableros de posicionamiento, tableros de golf, cercas, refugios. Y circuito de mantenimiento.<\/p>\n[\/vc_column_text][vc_single_image image=\u00bb2090&#8243; img_size=\u00bbfull\u00bb][\/vc_column][\/vc_row][vc_row][vc_column][\/vc_column][\/vc_row][vc_row][vc_column][mk_fancy_title size=\u00bb20&#8243; font_family=\u00bbnone\u00bb]\n<p style=\"text-align: center;\" align=\"LEFT\"><a href=\"http:\/\/www.extruplas.com\/pt\/\">Extrupl\u00e1s<\/a><\/p>\n<p style=\"text-align: center;\" align=\"LEFT\">Rua dos Serralheiros, 6<\/p>\n<p style=\"text-align: center;\" align=\"LEFT\">Estrada do Marco do Grilo<br \/>\nPORTUGAL<\/p>\n<p style=\"text-align: center;\" align=\"LEFT\">Telf +212 104 348<\/p>\n<p style=\"text-align: center;\">geral@extruplas.com<\/p>\n[\/mk_fancy_title][\/vc_column][\/vc_row]","protected":false},"excerpt":{"rendered":"<p>[vc_row][vc_column][vc_raw_html]JTNDYSUyMGhyZWYlM0QlMjJqYXZhc2NyaXB0JTNBaGlzdG9yeS5nbyUyOC0xJTI5JTIyJTNFJTNDJTIwQXRyJUMzJUExcyUzQyUyRmElM0U=[\/vc_raw_html][mk_fancy_title size=\u00bb28&#8243; font_family=\u00bbnone\u00bb] ECOPUNTO [\/mk_fancy_title][vc_single_image image=\u00bb2075&#8243; img_size=\u00bbfull\u00bb alignment=\u00bbcenter\u00bb][mk_fancy_title size=\u00bb20&#8243; font_family=\u00bbnone\u00bb] Sustentabilidad [\/mk_fancy_title][vc_column_text css=\u00bb.vc_custom_1613755159547{margin-bottom: 0px !important;}\u00bb] Extrupl\u00e1s se preocupa por producir los muebles ideales para ambientes al aire libre, combinando el factor de sostenibilidad con el design, el confort y la ergonom\u00eda de la pieza. [\/vc_column_text][mk_fancy_title size=\u00bb20&#8243; font_family=\u00bbnone\u00bb] Caracteristicas [\/mk_fancy_title][vc_column_text css=\u00bb.vc_custom_1613755208684{margin-bottom: 0px !important;}\u00bb] De este modo, [&hellip;]<\/p>\n","protected":false},"author":3,"featured_media":0,"parent":0,"menu_order":0,"comment_status":"closed","ping_status":"closed","template":"","meta":{"_acf_changed":false,"footnotes":""},"class_list":["post-2086","page","type-page","status-publish","hentry"],"acf":[],"_links":{"self":[{"href":"https:\/\/myecobuild.csustentavel.com\/es\/wp-json\/wp\/v2\/pages\/2086"}],"collection":[{"href":"https:\/\/myecobuild.csustentavel.com\/es\/wp-json\/wp\/v2\/pages"}],"about":[{"href":"https:\/\/myecobuild.csustentavel.com\/es\/wp-json\/wp\/v2\/types\/page"}],"author":[{"embeddable":true,"href":"https:\/\/myecobuild.csustentavel.com\/es\/wp-json\/wp\/v2\/users\/3"}],"replies":[{"embeddable":true,"href":"https:\/\/myecobuild.csustentavel.com\/es\/wp-json\/wp\/v2\/comments?post=2086"}],"version-history":[{"count":17,"href":"https:\/\/myecobuild.csustentavel.com\/es\/wp-json\/wp\/v2\/pages\/2086\/revisions"}],"predecessor-version":[{"id":3588,"href":"https:\/\/myecobuild.csustentavel.com\/es\/wp-json\/wp\/v2\/pages\/2086\/revisions\/3588"}],"wp:attachment":[{"href":"https:\/\/myecobuild.csustentavel.com\/es\/wp-json\/wp\/v2\/media?parent=2086"}],"curies":[{"name":"wp","href":"https:\/\/api.w.org\/{rel}","templated":true}]}}