{"id":2126,"date":"2020-02-26T00:35:33","date_gmt":"2020-02-26T00:35:33","guid":{"rendered":"https:\/\/myecobuild.csustentavel.com\/?page_id=2126"},"modified":"2021-02-10T18:30:58","modified_gmt":"2021-02-10T18:30:58","slug":"heaboo-ecoprodutos","status":"publish","type":"page","link":"https:\/\/myecobuild.csustentavel.com\/es\/heaboo-ecoprodutos\/","title":{"rendered":"HEABOO | ECOPRODUTOS"},"content":{"rendered":"[vc_row][vc_column][vc_raw_html]JTNDYSUyMGhyZWYlM0QlMjJqYXZhc2NyaXB0JTNBaGlzdG9yeS5nbyUyOC0xJTI5JTIyJTNFJTNDJTIwVm9sdGFyJTNDJTJGYSUzRQ==[\/vc_raw_html][mk_fancy_title size=\u00bb28&#8243; font_family=\u00bbnone\u00bb]Hoterway One[\/mk_fancy_title][vc_single_image image=\u00bb2129&#8243; img_size=\u00bbfull\u00bb alignment=\u00bbcenter\u00bb][mk_fancy_title size=\u00bb20&#8243; font_family=\u00bbnone\u00bb]\n<p style=\"text-align: center;\"><strong>Sustentabilidade<\/strong><\/p>\n[\/mk_fancy_title][vc_column_text css=\u00bb.vc_custom_1611229216569{margin-bottom: 0px !important;}\u00bb]\n<p style=\"text-align: center;\">No nosso planeta, apenas 0,5% da \u00e1gua \u00e9 pot\u00e1vel e dispon\u00edvel para consumo. O Hoterway \u00e9 o primeiro produto no mundo que evita o desperd\u00edcio de \u00e1gua no banho enquanto espera que \u00e1gua aque\u00e7a, sem consumir energia.<\/p>\n[\/vc_column_text][mk_fancy_title size=\u00bb20&#8243; font_family=\u00bbnone\u00bb]\n<p style=\"text-align: center;\"><strong>Caracter\u00edsticas<\/strong><\/p>\n[\/mk_fancy_title][vc_column_text css=\u00bb.vc_custom_1611229224908{margin-bottom: 0px !important;}\u00bb]\n<p style=\"text-align: center;\">Os produtos Hoterway ONE incluem uma bateria t\u00e9rmica que permite aquecer \u00e1gua instantaneamente. Essa bateria baseia-se num processo de armazenamento e descarga de calor, sem qualquer liga\u00e7\u00e3o el\u00e9trica, que n\u00e3o perde performance ao longo dos anos e n\u00e3o necessita de manuten\u00e7\u00e3o.<\/p>\n[\/vc_column_text][mk_fancy_title size=\u00bb20&#8243; font_family=\u00bbnone\u00bb]\n<p style=\"text-align: center;\"><strong>Aplica\u00e7\u00f5es<\/strong><\/p>\n[\/mk_fancy_title][vc_column_text css=\u00bb.vc_custom_1611229231849{margin-bottom: 0px !important;}\u00bb]\n<p style=\"text-align: center;\">Hoterway ONE \u00e9 uma coluna de duche de f\u00e1cil instala\u00e7\u00e3o, tipo \u201cfa\u00e7a voc\u00ea mesmo\u201d. Com aplica\u00e7\u00e3o universal em banheiras e polibans, necessita apenas de 2 furos de suporte e liga\u00e7\u00e3o de duas mangueiras flex\u00edveis.<\/p>\n[\/vc_column_text][vc_single_image image=\u00bb2131&#8243; img_size=\u00bbfull\u00bb][mk_fancy_title size=\u00bb28&#8243; font_family=\u00bbnone\u00bb]Hoterway Hotbox[\/mk_fancy_title][vc_single_image image=\u00bb2132&#8243; img_size=\u00bbfull\u00bb alignment=\u00bbcenter\u00bb][mk_fancy_title size=\u00bb20&#8243; font_family=\u00bbnone\u00bb]\n<p style=\"text-align: center;\"><strong>Sustentabilidade<\/strong><\/p>\n[\/mk_fancy_title][vc_column_text css=\u00bb.vc_custom_1611229250000{margin-bottom: 0px !important;}\u00bb]\n<p style=\"text-align: center;\">No nosso planeta, apenas 0,5% da \u00e1gua \u00e9 pot\u00e1vel e dispon\u00edvel para consumo. O Hoterway \u00e9 o primeiro produto no mundo que evita o desperd\u00edcio de \u00e1gua no banho enquanto espera que \u00e1gua aque\u00e7a, sem consumir energia.<\/p>\n[\/vc_column_text][mk_fancy_title size=\u00bb20&#8243; font_family=\u00bbnone\u00bb]\n<p style=\"text-align: center;\"><strong>Caracter\u00edsticas<\/strong><\/p>\n[\/mk_fancy_title][vc_column_text css=\u00bb.vc_custom_1611229256584{margin-bottom: 0px !important;}\u00bb]\n<p style=\"text-align: center;\">Os produtos Hoterway ONE incluem uma bateria t\u00e9rmica que permite aquecer \u00e1gua instantaneamente. Essa bateria baseia-se num processo de armazenamento e descarga de calor, sem qualquer liga\u00e7\u00e3o el\u00e9trica, que n\u00e3o perde performance ao longo dos anos e n\u00e3o necessita de manuten\u00e7\u00e3o.<\/p>\n[\/vc_column_text][mk_fancy_title size=\u00bb20&#8243; font_family=\u00bbnone\u00bb]\n<p style=\"text-align: center;\"><strong>Aplica\u00e7\u00f5es<\/strong><\/p>\n[\/mk_fancy_title][vc_column_text css=\u00bb.vc_custom_1611229263273{margin-bottom: 0px !important;}\u00bb]\n<p style=\"text-align: center;\">Hoterway ONE \u00e9 uma coluna de duche de f\u00e1cil instala\u00e7\u00e3o, tipo \u201cfa\u00e7a voc\u00ea mesmo\u201d. Com aplica\u00e7\u00e3o universal em banheiras e polibans, necessita apenas de 2 furos de suporte e liga\u00e7\u00e3o de duas mangueiras flex\u00edveis.<\/p>\n[\/vc_column_text][vc_single_image image=\u00bb2131&#8243; img_size=\u00bbfull\u00bb][mk_fancy_title size=\u00bb20&#8243; font_family=\u00bbnone\u00bb]\n<p style=\"text-align: center;\"><a href=\"https:\/\/www.heaboo.com\/\">HEABOO<\/a><\/p>\n<p style=\"text-align: center;\">TABpark Zona Industrial de Taboeira, lote 27, fra\u00e7\u00e3o G<\/p>\n<p style=\"text-align: center;\">3800-055 Aveiro<\/p>\n<p>&nbsp;<\/p>\n[\/mk_fancy_title][\/vc_column][\/vc_row][vc_row][vc_column][\/vc_column][\/vc_row]","protected":false},"excerpt":{"rendered":"<p>[vc_row][vc_column][vc_raw_html]JTNDYSUyMGhyZWYlM0QlMjJqYXZhc2NyaXB0JTNBaGlzdG9yeS5nbyUyOC0xJTI5JTIyJTNFJTNDJTIwVm9sdGFyJTNDJTJGYSUzRQ==[\/vc_raw_html][mk_fancy_title size=\u00bb28&#8243; font_family=\u00bbnone\u00bb]Hoterway One[\/mk_fancy_title][vc_single_image image=\u00bb2129&#8243; img_size=\u00bbfull\u00bb alignment=\u00bbcenter\u00bb][mk_fancy_title size=\u00bb20&#8243; font_family=\u00bbnone\u00bb] Sustentabilidade [\/mk_fancy_title][vc_column_text css=\u00bb.vc_custom_1611229216569{margin-bottom: 0px !important;}\u00bb] No nosso planeta, apenas 0,5% da \u00e1gua \u00e9 pot\u00e1vel e dispon\u00edvel para consumo. O Hoterway \u00e9 o primeiro produto no mundo que evita o desperd\u00edcio de \u00e1gua no banho enquanto espera que \u00e1gua aque\u00e7a, sem consumir energia. [\/vc_column_text][mk_fancy_title size=\u00bb20&#8243; font_family=\u00bbnone\u00bb] Caracter\u00edsticas [&hellip;]<\/p>\n","protected":false},"author":3,"featured_media":0,"parent":0,"menu_order":0,"comment_status":"closed","ping_status":"closed","template":"","meta":{"_acf_changed":false,"footnotes":""},"class_list":["post-2126","page","type-page","status-publish","hentry"],"acf":[],"_links":{"self":[{"href":"https:\/\/myecobuild.csustentavel.com\/es\/wp-json\/wp\/v2\/pages\/2126"}],"collection":[{"href":"https:\/\/myecobuild.csustentavel.com\/es\/wp-json\/wp\/v2\/pages"}],"about":[{"href":"https:\/\/myecobuild.csustentavel.com\/es\/wp-json\/wp\/v2\/types\/page"}],"author":[{"embeddable":true,"href":"https:\/\/myecobuild.csustentavel.com\/es\/wp-json\/wp\/v2\/users\/3"}],"replies":[{"embeddable":true,"href":"https:\/\/myecobuild.csustentavel.com\/es\/wp-json\/wp\/v2\/comments?post=2126"}],"version-history":[{"count":10,"href":"https:\/\/myecobuild.csustentavel.com\/es\/wp-json\/wp\/v2\/pages\/2126\/revisions"}],"predecessor-version":[{"id":3467,"href":"https:\/\/myecobuild.csustentavel.com\/es\/wp-json\/wp\/v2\/pages\/2126\/revisions\/3467"}],"wp:attachment":[{"href":"https:\/\/myecobuild.csustentavel.com\/es\/wp-json\/wp\/v2\/media?parent=2126"}],"curies":[{"name":"wp","href":"https:\/\/api.w.org\/{rel}","templated":true}]}}