{"id":214,"date":"2018-04-28T23:28:59","date_gmt":"2018-04-28T23:28:59","guid":{"rendered":"http:\/\/myecobuild.csustentavel.com\/?page_id=214"},"modified":"2021-02-18T18:34:08","modified_gmt":"2021-02-18T18:34:08","slug":"empresas-cortica","status":"publish","type":"page","link":"https:\/\/myecobuild.csustentavel.com\/es\/paredes-exteriores\/acabamento-exterior\/empresas-cortica\/","title":{"rendered":"Empresas Corcho"},"content":{"rendered":"[vc_row][vc_column][vc_raw_html css=\u00bb.vc_custom_1613673210408{margin-bottom: 0px !important;}\u00bb]JTNDYSUyMGhyZWYlM0QlMjJqYXZhc2NyaXB0JTNBaGlzdG9yeS5nbyUyOC0xJTI5JTIyJTNFJTNDJTIwQXRyJUMzJUExcyUzQyUyRmElM0U=[\/vc_raw_html][mk_employees style=\u00bbclassic\u00bb column=\u00bb1&#8243; custom_image_size=\u00bbtrue\u00bb image_size=\u00bbfull\u00bb count=\u00bb-1&#8243; order=\u00bbASC\u00bb orderby=\u00bbtitle\u00bb categories=\u00bbempresas-cortica\u00bb][vc_empty_space height=\u00bb5px\u00bb][vc_column_text css=\u00bb.vc_custom_1613673217866{margin-bottom: 0px !important;}\u00bb]\n<p style=\"text-align: center;\">Para obtener m\u00e1s informaci\u00f3n, visite el<br \/>\n<strong><a href=\"http:\/\/www.csustentavel.com\/es\/\" target=\"_blank\" rel=\"noopener\">PORTAL DE LA CONSTRUCCI\u00d3N SOSTENIBLE<\/a><\/strong><\/p>\n[\/vc_column_text][\/vc_column][\/vc_row]","protected":false},"excerpt":{"rendered":"<p>[vc_row][vc_column][vc_raw_html css=\u00bb.vc_custom_1613673210408{margin-bottom: 0px !important;}\u00bb]JTNDYSUyMGhyZWYlM0QlMjJqYXZhc2NyaXB0JTNBaGlzdG9yeS5nbyUyOC0xJTI5JTIyJTNFJTNDJTIwQXRyJUMzJUExcyUzQyUyRmElM0U=[\/vc_raw_html][mk_employees style=\u00bbclassic\u00bb column=\u00bb1&#8243; custom_image_size=\u00bbtrue\u00bb image_size=\u00bbfull\u00bb count=\u00bb-1&#8243; order=\u00bbASC\u00bb orderby=\u00bbtitle\u00bb categories=\u00bbempresas-cortica\u00bb][vc_empty_space height=\u00bb5px\u00bb][vc_column_text css=\u00bb.vc_custom_1613673217866{margin-bottom: 0px !important;}\u00bb] Para obtener m\u00e1s informaci\u00f3n, visite el PORTAL DE LA CONSTRUCCI\u00d3N SOSTENIBLE [\/vc_column_text][\/vc_column][\/vc_row]<\/p>\n","protected":false},"author":1,"featured_media":0,"parent":175,"menu_order":0,"comment_status":"closed","ping_status":"closed","template":"","meta":{"_acf_changed":false,"footnotes":""},"class_list":["post-214","page","type-page","status-publish","hentry"],"acf":[],"_links":{"self":[{"href":"https:\/\/myecobuild.csustentavel.com\/es\/wp-json\/wp\/v2\/pages\/214"}],"collection":[{"href":"https:\/\/myecobuild.csustentavel.com\/es\/wp-json\/wp\/v2\/pages"}],"about":[{"href":"https:\/\/myecobuild.csustentavel.com\/es\/wp-json\/wp\/v2\/types\/page"}],"author":[{"embeddable":true,"href":"https:\/\/myecobuild.csustentavel.com\/es\/wp-json\/wp\/v2\/users\/1"}],"replies":[{"embeddable":true,"href":"https:\/\/myecobuild.csustentavel.com\/es\/wp-json\/wp\/v2\/comments?post=214"}],"version-history":[{"count":14,"href":"https:\/\/myecobuild.csustentavel.com\/es\/wp-json\/wp\/v2\/pages\/214\/revisions"}],"predecessor-version":[{"id":3546,"href":"https:\/\/myecobuild.csustentavel.com\/es\/wp-json\/wp\/v2\/pages\/214\/revisions\/3546"}],"up":[{"embeddable":true,"href":"https:\/\/myecobuild.csustentavel.com\/es\/wp-json\/wp\/v2\/pages\/175"}],"wp:attachment":[{"href":"https:\/\/myecobuild.csustentavel.com\/es\/wp-json\/wp\/v2\/media?parent=214"}],"curies":[{"name":"wp","href":"https:\/\/api.w.org\/{rel}","templated":true}]}}