{"id":2158,"date":"2020-02-27T02:24:07","date_gmt":"2020-02-27T02:24:07","guid":{"rendered":"https:\/\/myecobuild.csustentavel.com\/?page_id=2158"},"modified":"2021-02-19T18:13:20","modified_gmt":"2021-02-19T18:13:20","slug":"empresas-mobiliario-interior","status":"publish","type":"page","link":"https:\/\/myecobuild.csustentavel.com\/es\/mobiliario-de-interior\/mesa-de-sala\/empresas-mobiliario-interior\/","title":{"rendered":"empresas mobili\u00e1rio interior"},"content":{"rendered":"[vc_row][vc_column][vc_raw_html css=\u00bb.vc_custom_1613677187672{margin-bottom: 0px !important;}\u00bb]JTNDYSUyMGhyZWYlM0QlMjJqYXZhc2NyaXB0JTNBaGlzdG9yeS5nbyUyOC0xJTI5JTIyJTNFJTNDJTIwQXRyJUMzJUExcyUzQyUyRmElM0U=[\/vc_raw_html][mk_employees style=\u00bbclassic\u00bb column=\u00bb1&#8243; custom_image_size=\u00bbtrue\u00bb image_size=\u00bbfull\u00bb count=\u00bb-1&#8243; order=\u00bbASC\u00bb orderby=\u00bbtitle\u00bb categories=\u00bbempresas-mobiliario-interior\u00bb][vc_empty_space height=\u00bb5px\u00bb][vc_column_text css=\u00bb.vc_custom_1613677195369{margin-bottom: 0px !important;}\u00bb]\n<p style=\"text-align: center;\">Para obtener m\u00e1s informaci\u00f3n, visite el<br \/>\n<strong><a href=\"http:\/\/www.csustentavel.com\/es\/\" target=\"_blank\" rel=\"noopener\">PORTAL DE LA CONSTRUCCI\u00d3N SOSTENIBLE<\/a><\/strong><\/p>\n[\/vc_column_text][\/vc_column][\/vc_row]","protected":false},"excerpt":{"rendered":"<p>[vc_row][vc_column][vc_raw_html css=\u00bb.vc_custom_1613677187672{margin-bottom: 0px !important;}\u00bb]JTNDYSUyMGhyZWYlM0QlMjJqYXZhc2NyaXB0JTNBaGlzdG9yeS5nbyUyOC0xJTI5JTIyJTNFJTNDJTIwQXRyJUMzJUExcyUzQyUyRmElM0U=[\/vc_raw_html][mk_employees style=\u00bbclassic\u00bb column=\u00bb1&#8243; custom_image_size=\u00bbtrue\u00bb image_size=\u00bbfull\u00bb count=\u00bb-1&#8243; order=\u00bbASC\u00bb orderby=\u00bbtitle\u00bb categories=\u00bbempresas-mobiliario-interior\u00bb][vc_empty_space height=\u00bb5px\u00bb][vc_column_text css=\u00bb.vc_custom_1613677195369{margin-bottom: 0px !important;}\u00bb] Para obtener m\u00e1s informaci\u00f3n, visite el PORTAL DE LA CONSTRUCCI\u00d3N SOSTENIBLE [\/vc_column_text][\/vc_column][\/vc_row]<\/p>\n","protected":false},"author":3,"featured_media":0,"parent":2146,"menu_order":0,"comment_status":"closed","ping_status":"closed","template":"","meta":{"_acf_changed":false,"footnotes":""},"class_list":["post-2158","page","type-page","status-publish","hentry"],"acf":[],"_links":{"self":[{"href":"https:\/\/myecobuild.csustentavel.com\/es\/wp-json\/wp\/v2\/pages\/2158"}],"collection":[{"href":"https:\/\/myecobuild.csustentavel.com\/es\/wp-json\/wp\/v2\/pages"}],"about":[{"href":"https:\/\/myecobuild.csustentavel.com\/es\/wp-json\/wp\/v2\/types\/page"}],"author":[{"embeddable":true,"href":"https:\/\/myecobuild.csustentavel.com\/es\/wp-json\/wp\/v2\/users\/3"}],"replies":[{"embeddable":true,"href":"https:\/\/myecobuild.csustentavel.com\/es\/wp-json\/wp\/v2\/comments?post=2158"}],"version-history":[{"count":18,"href":"https:\/\/myecobuild.csustentavel.com\/es\/wp-json\/wp\/v2\/pages\/2158\/revisions"}],"predecessor-version":[{"id":3602,"href":"https:\/\/myecobuild.csustentavel.com\/es\/wp-json\/wp\/v2\/pages\/2158\/revisions\/3602"}],"up":[{"embeddable":true,"href":"https:\/\/myecobuild.csustentavel.com\/es\/wp-json\/wp\/v2\/pages\/2146"}],"wp:attachment":[{"href":"https:\/\/myecobuild.csustentavel.com\/es\/wp-json\/wp\/v2\/media?parent=2158"}],"curies":[{"name":"wp","href":"https:\/\/api.w.org\/{rel}","templated":true}]}}