{"id":2164,"date":"2020-02-29T16:26:00","date_gmt":"2020-02-29T16:26:00","guid":{"rendered":"https:\/\/myecobuild.csustentavel.com\/?page_id=2164"},"modified":"2021-02-10T18:42:05","modified_gmt":"2021-02-10T18:42:05","slug":"stork-ecoprodutos","status":"publish","type":"page","link":"https:\/\/myecobuild.csustentavel.com\/es\/stork-ecoprodutos\/","title":{"rendered":"STORK | ECOPRODUTOS"},"content":{"rendered":"[vc_row][vc_column][vc_raw_html]JTNDYSUyMGhyZWYlM0QlMjJqYXZhc2NyaXB0JTNBaGlzdG9yeS5nbyUyOC0xJTI5JTIyJTNFJTNDJTIwQXRyJUMzJUExcyUzQyUyRmElM0U=[\/vc_raw_html][mk_fancy_title size=\u00bb28&#8243; font_family=\u00bbnone\u00bb]Mesa de interior[\/mk_fancy_title][vc_single_image image=\u00bb2389&#8243; img_size=\u00bbfull\u00bb alignment=\u00bbcenter\u00bb][mk_fancy_title size=\u00bb20&#8243; font_family=\u00bbnone\u00bb]\n<p style=\"text-align: center;\"><strong>Sustentabilidade<\/strong><\/p>\n[\/mk_fancy_title][vc_column_text css=\u00bb.vc_custom_1611238971943{margin-bottom: 0px !important;}\u00bb]\n<p style=\"text-align: center;\">O Stork (Stone + Cork) procura mitigar um dos principais problemas do setor da pedra natural: a excessiva quantidade de desperd\u00edcios resultantes dos processos de transforma\u00e7\u00e3o. Neste sentido, o nosso m\u00e9todo produtivo permite duplicar o aproveitamento de pedra natural comparativamente a uma solu\u00e7\u00e3o corrente. O aglomerado de corti\u00e7a utilizado na composi\u00e7\u00e3o do Stork \u00e9 um subproduto reciclado resultante do processo produtivo de rolhas de corti\u00e7a. A corti\u00e7a \u00e9 uma mat\u00e9ria-prima 100% natural e renov\u00e1vel proveniente da floresta de sobro existente em Portugal.<\/p>\n[\/vc_column_text][mk_fancy_title size=\u00bb20&#8243; font_family=\u00bbnone\u00bb]\n<p style=\"text-align: center;\"><strong>Caracter\u00edsticas<\/strong><\/p>\n[\/mk_fancy_title][vc_column_text css=\u00bb.vc_custom_1611238978390{margin-bottom: 0px !important;}\u00bb]\n<p style=\"text-align: center;\">A leveza do Stork, aliada ao seu valor est\u00e9tico e versatilidade dimensional, fomenta a sua integra\u00e7\u00e3o em todo o tipo de mobili\u00e1rio, colmatando uma lacuna que a pedra natural por si s\u00f3 n\u00e3o conseguiria preencher. Em parceria com a Branca Lisboa, lan\u00e7amos uma linha de mesas para diversas aplica\u00e7\u00f5es que valoriza duas das mais nobres mat\u00e9rias-primas do nosso pa\u00eds atrav\u00e9s da sua integra\u00e7\u00e3o em pe\u00e7as de design.<\/p>\n[\/vc_column_text][mk_fancy_title size=\u00bb20&#8243; font_family=\u00bbnone\u00bb]\n<p style=\"text-align: center;\"><strong>Aplica\u00e7\u00f5es<\/strong><\/p>\n[\/mk_fancy_title][vc_column_text css=\u00bb.vc_custom_1611238984679{margin-bottom: 0px !important;}\u00bb]\n<p style=\"text-align: center;\">O Stork pode ser aplicado em todo o tipo de mesas, arm\u00e1rios ou elementos de decora\u00e7\u00e3o. Encontram-se dispon\u00edveis diferentes tipos de acabamento, podendo a corti\u00e7a ser utilizada como elemento est\u00e9tico ou ficar oculta.<\/p>\n[\/vc_column_text][vc_single_image image=\u00bb2392&#8243; img_size=\u00bbfull\u00bb][mk_fancy_title size=\u00bb28&#8243; font_family=\u00bbnone\u00bb]Porta Stork[\/mk_fancy_title][vc_single_image image=\u00bb2395&#8243; img_size=\u00bbfull\u00bb alignment=\u00bbcenter\u00bb][mk_fancy_title size=\u00bb20&#8243; font_family=\u00bbnone\u00bb]\n<p style=\"text-align: center;\"><strong>Sustentabilidade<\/strong><\/p>\n[\/mk_fancy_title][vc_column_text css=\u00bb.vc_custom_1611238998430{margin-bottom: 0px !important;}\u00bb]\n<p style=\"text-align: center;\">O Stork (Stone + Cork) procura mitigar um dos principais problemas do setor da pedra natural: a excessiva quantidade de desperd\u00edcios resultantes dos processos de transforma\u00e7\u00e3o. Neste sentido, o nosso m\u00e9todo produtivo permite duplicar o aproveitamento de pedra natural comparativamente com uma solu\u00e7\u00e3o corrente. O aglomerado de corti\u00e7a utilizado na composi\u00e7\u00e3o do Stork \u00e9 um subproduto reciclado resultante do processo produtivo de rolhas de corti\u00e7a. A corti\u00e7a \u00e9 uma mat\u00e9ria-prima 100% natural e renov\u00e1vel proveniente da floresta de sobro existente em Portugal.<\/p>\n[\/vc_column_text][mk_fancy_title size=\u00bb20&#8243; font_family=\u00bbnone\u00bb]\n<p style=\"text-align: center;\"><strong>Caracter\u00edsticas<\/strong><\/p>\n[\/mk_fancy_title][vc_column_text css=\u00bb.vc_custom_1611239006399{margin-bottom: 0px !important;}\u00bb]\n<p style=\"text-align: center;\">A porta Stork apresenta um revestimento personaliz\u00e1vel em pedra natural e um n\u00facleo de espessura vari\u00e1vel em corti\u00e7a, o que reduz substancialmente o peso pr\u00f3prio da solu\u00e7\u00e3o final. Com o Stork, poder\u00e1 usufruir de uma porta totalmente funcional que, aparentemente, \u00e9 composta apenas por pedra natural.<\/p>\n[\/vc_column_text][mk_fancy_title size=\u00bb20&#8243; font_family=\u00bbnone\u00bb]\n<p style=\"text-align: center;\"><strong>Aplica\u00e7\u00f5es<\/strong><\/p>\n[\/mk_fancy_title][vc_column_text css=\u00bb.vc_custom_1611239017438{margin-bottom: 0px !important;}\u00bb]\n<p style=\"text-align: center;\">Portas de acesso principal, privados ou comerciais. Dependendo das dimens\u00f5es e das espessuras de pedra e corti\u00e7a, a porta Stork poder\u00e1 ser integrada num sistema pivotante ou num sistema de dobradi\u00e7a oculta. Contacte-nos para solu\u00e7\u00f5es \u00e0 medida.<\/p>\n[\/vc_column_text][vc_single_image image=\u00bb2392&#8243; img_size=\u00bbfull\u00bb][mk_fancy_title size=\u00bb28&#8243; font_family=\u00bbnone\u00bb]STORK \u2013 FACHADA VENTILADA[\/mk_fancy_title][vc_single_image image=\u00bb2399&#8243; img_size=\u00bbfull\u00bb alignment=\u00bbcenter\u00bb][mk_fancy_title size=\u00bb20&#8243; font_family=\u00bbnone\u00bb]\n<p style=\"text-align: center;\"><strong>Sustentabilidade<\/strong><\/p>\n[\/mk_fancy_title][vc_column_text css=\u00bb.vc_custom_1611239037799{margin-bottom: 0px !important;}\u00bb]\n<p style=\"text-align: center;\">O Stork (Stone + Cork) procura mitigar um dos principais problemas do setor da pedra natural: a excessiva quantidade de desperd\u00edcios resultantes dos processos de transforma\u00e7\u00e3o. Neste sentido, o m\u00e9todo produtivo permite duplicar o aproveitamento de pedra natural comparativamente com uma solu\u00e7\u00e3o corrente. O aglomerado de corti\u00e7a utilizado na composi\u00e7\u00e3o do Stork \u00e9 um subproduto reciclado resultante do processo produtivo de rolhas de corti\u00e7a. Por sua vez, a corti\u00e7a \u00e9 uma mat\u00e9ria-prima 100% natural e renov\u00e1vel proveniente da floresta de sobro existente em Portugal.<\/p>\n[\/vc_column_text][mk_fancy_title size=\u00bb20&#8243; font_family=\u00bbnone\u00bb]\n<p style=\"text-align: center;\"><strong>Caracter\u00edsticas<\/strong><\/p>\n[\/mk_fancy_title][vc_column_text css=\u00bb.vc_custom_1611239045695{margin-bottom: 0px !important;}\u00bb]\n<p style=\"text-align: center;\">A solu\u00e7\u00e3o Stork \u2013 fachada ventilada prima pela sua versatilidade, est\u00e9tica e comportamento mec\u00e2nico. A beleza natural caracter\u00edstica da pedra aliada \u00e0 sua leveza e aos isolamentos t\u00e9rmico e ac\u00fastico conferidos pela camada de corti\u00e7a potenciam a utiliza\u00e7\u00e3o do Stork como elemento de fachada. A elevada resist\u00eancia mec\u00e2nica e s\u00edsmica do Stork possibilita uma redu\u00e7\u00e3o substancial das restri\u00e7\u00f5es dimensionais aquando da escolha da estereotomia ou padr\u00e3o, podendo-se utilizar qualquer tipo de pedra natural e diferentes acabamentos de superf\u00edcie. O reduzido peso pr\u00f3prio dos pain\u00e9is Stork permite uma redu\u00e7\u00e3o significativa de quantidade, peso e custo do sistema de fixa\u00e7\u00e3o.<\/p>\n[\/vc_column_text][mk_fancy_title size=\u00bb20&#8243; font_family=\u00bbnone\u00bb]\n<p style=\"text-align: center;\"><strong>Aplica\u00e7\u00f5es<\/strong><\/p>\n[\/mk_fancy_title][vc_column_text css=\u00bb.vc_custom_1611239053269{margin-bottom: 0px !important;}\u00bb]\n<p style=\"text-align: center;\">Indicado para qualquer solu\u00e7\u00e3o de fachada, teto ou cobertura, este sistema permite uma r\u00e1pida e f\u00e1cil instala\u00e7\u00e3o, promovendo uma poupan\u00e7a substancial de tempo e recursos. \u00c9 poss\u00edvel a substitui\u00e7\u00e3o ou manuten\u00e7\u00e3o de qualquer painel em qualquer zona da fachada.<\/p>\n[\/vc_column_text][vc_single_image image=\u00bb2392&#8243; img_size=\u00bbfull\u00bb][mk_fancy_title size=\u00bb20&#8243; font_family=\u00bbnone\u00bb]\n<p style=\"text-align: center;\"><strong><a href=\"http:\/\/www.stork-composites.pt\/\">Stork Composites, Lda.<\/a><\/strong><\/p>\n<p style=\"text-align: center;\">Av. 1\u00ba de Dezembro, n\u00ba41-R<\/p>\n<p style=\"text-align: center;\">2715-109 P\u00earo Pinheiro<\/p>\n<p style=\"text-align: center;\" align=\"LEFT\">PORTUGAL<\/p>\n[\/mk_fancy_title][\/vc_column][\/vc_row][vc_row][vc_column][\/vc_column][\/vc_row]","protected":false},"excerpt":{"rendered":"<p>[vc_row][vc_column][vc_raw_html]JTNDYSUyMGhyZWYlM0QlMjJqYXZhc2NyaXB0JTNBaGlzdG9yeS5nbyUyOC0xJTI5JTIyJTNFJTNDJTIwQXRyJUMzJUExcyUzQyUyRmElM0U=[\/vc_raw_html][mk_fancy_title size=\u00bb28&#8243; font_family=\u00bbnone\u00bb]Mesa de interior[\/mk_fancy_title][vc_single_image image=\u00bb2389&#8243; img_size=\u00bbfull\u00bb alignment=\u00bbcenter\u00bb][mk_fancy_title size=\u00bb20&#8243; font_family=\u00bbnone\u00bb] Sustentabilidade [\/mk_fancy_title][vc_column_text css=\u00bb.vc_custom_1611238971943{margin-bottom: 0px !important;}\u00bb] O Stork (Stone + Cork) procura mitigar um dos principais problemas do setor da pedra natural: a excessiva quantidade de desperd\u00edcios resultantes dos processos de transforma\u00e7\u00e3o. Neste sentido, o nosso m\u00e9todo produtivo permite duplicar o aproveitamento de pedra natural comparativamente [&hellip;]<\/p>\n","protected":false},"author":3,"featured_media":0,"parent":0,"menu_order":0,"comment_status":"closed","ping_status":"closed","template":"","meta":{"_acf_changed":false,"footnotes":""},"class_list":["post-2164","page","type-page","status-publish","hentry"],"acf":[],"_links":{"self":[{"href":"https:\/\/myecobuild.csustentavel.com\/es\/wp-json\/wp\/v2\/pages\/2164"}],"collection":[{"href":"https:\/\/myecobuild.csustentavel.com\/es\/wp-json\/wp\/v2\/pages"}],"about":[{"href":"https:\/\/myecobuild.csustentavel.com\/es\/wp-json\/wp\/v2\/types\/page"}],"author":[{"embeddable":true,"href":"https:\/\/myecobuild.csustentavel.com\/es\/wp-json\/wp\/v2\/users\/3"}],"replies":[{"embeddable":true,"href":"https:\/\/myecobuild.csustentavel.com\/es\/wp-json\/wp\/v2\/comments?post=2164"}],"version-history":[{"count":17,"href":"https:\/\/myecobuild.csustentavel.com\/es\/wp-json\/wp\/v2\/pages\/2164\/revisions"}],"predecessor-version":[{"id":3479,"href":"https:\/\/myecobuild.csustentavel.com\/es\/wp-json\/wp\/v2\/pages\/2164\/revisions\/3479"}],"wp:attachment":[{"href":"https:\/\/myecobuild.csustentavel.com\/es\/wp-json\/wp\/v2\/media?parent=2164"}],"curies":[{"name":"wp","href":"https:\/\/api.w.org\/{rel}","templated":true}]}}