{"id":2636,"date":"2020-11-27T10:07:16","date_gmt":"2020-11-27T10:07:16","guid":{"rendered":"https:\/\/myecobuild.csustentavel.com\/?page_id=2636"},"modified":"2021-02-19T17:57:37","modified_gmt":"2021-02-19T17:57:37","slug":"ursa-ecoprodutos","status":"publish","type":"page","link":"https:\/\/myecobuild.csustentavel.com\/es\/ursa-ecoprodutos\/","title":{"rendered":"URSA | ecoprodutos"},"content":{"rendered":"[vc_row][vc_column][vc_raw_html]JTNDYSUyMGhyZWYlM0QlMjJqYXZhc2NyaXB0JTNBaGlzdG9yeS5nbyUyOC0xJTI5JTIyJTNFJTNDJTIwQXRyJUMzJUExcyUzQyUyRmElM0U=[\/vc_raw_html][mk_fancy_title size=\u00bb28&#8243; font_family=\u00bbnone\u00bb]URSA TERRA Vento Plus P4203[\/mk_fancy_title][vc_single_image image=\u00bb2645&#8243; img_size=\u00bbfull\u00bb][mk_fancy_title size=\u00bb20&#8243; font_family=\u00bbnone\u00bb]<strong>Sustentabilidad<\/strong>[\/mk_fancy_title][vc_column_text css=\u00bb.vc_custom_1613757142635{margin-bottom: 0px !important;}\u00bb]\n<p style=\"text-align: center;\">Las lanas minerales que fabricamos contienen entre un 35% y un 85% de material reciclado procedente de otras industrias (post-consumer), consumiendo menos materias primas e incorporando los residuos en la econom\u00eda circular al ser productos reciclables al final de su vida \u00fatil. Todos los productos URSA est\u00e1n libres de COV y as\u00ed lo certifica el sello \u201c\u00c9missions dans l\u2019air int\u00e9rieur\u201d (Emisiones COV en el aire interior) en su m\u00e1xima puntuaci\u00f3n: A+.<\/p>\n[\/vc_column_text][mk_fancy_title size=\u00bb20&#8243; font_family=\u00bbnone\u00bb]<strong>Caracteristicas<\/strong>[\/mk_fancy_title][vc_column_text css=\u00bb.vc_custom_1613757159630{margin-bottom: 0px !important;}\u00bb]\n<p style=\"text-align: center;\">Es un panel semirr\u00edgido de lana mineral de altas prestaciones t\u00e9rmicas, ac\u00fasticas y mec\u00e1nicas conforme a la norma UNE EN 13162. Es recubierto por la cara exterior con un velo de vidrio negro reforzado. Suministrado en panel y en panel enrollado.<\/p>\n[\/vc_column_text][mk_fancy_title size=\u00bb20&#8243; font_family=\u00bbnone\u00bb]<strong>Aplicaciones<\/strong>[\/mk_fancy_title][vc_column_text css=\u00bb.vc_custom_1613757176243{margin-bottom: 0px !important;}\u00bb]\n<p style=\"text-align: center;\">Espec\u00edfico a fachadas ventiladas.<\/p>\n[\/vc_column_text][vc_single_image image=\u00bb2818&#8243; img_size=\u00bbfull\u00bb][\/vc_column][\/vc_row][vc_row][vc_column][mk_padding_divider size=\u00bb60&#8243;][mk_fancy_title size=\u00bb28&#8243; font_family=\u00bbnone\u00bb]URSA AIR ALU-ALU P5858[\/mk_fancy_title][vc_single_image image=\u00bb2835&#8243; img_size=\u00bbfull\u00bb][mk_fancy_title size=\u00bb20&#8243; font_family=\u00bbnone\u00bb]<strong>Sustentabilidad<\/strong>[\/mk_fancy_title][vc_column_text css=\u00bb.vc_custom_1613757360013{margin-bottom: 0px !important;}\u00bb]\n<p style=\"text-align: center;\">Las lanas minerales que fabricamos contienen entre un 35% y un 85% de material reciclado procedente de otras industrias (post-consumer), consumiendo menos materias primas e incorporando los residuos en la econom\u00eda circular al ser productos reciclables al final de su vida \u00fatil. Todos los productos URSA est\u00e1n libres de COV y as\u00ed lo certifica el sello \u201c\u00c9missions dans l\u2019air int\u00e9rieur\u201d (Emisiones COV en el aire interior) en su m\u00e1xima puntuaci\u00f3n: A+.<\/p>\n[\/vc_column_text][mk_fancy_title size=\u00bb20&#8243; font_family=\u00bbnone\u00bb]<strong>Caracteristicas<\/strong>[\/mk_fancy_title][vc_column_text css=\u00bb.vc_custom_1613757373618{margin-bottom: 0px !important;}\u00bb]\n<p style=\"text-align: center;\">Lo panel de lana mineral URSA est\u00e1 conforme a la norma UNE EN 14.303. Es recubierto por su cara exterior por un complejo kraft-aluminio reforzado, y por su cara interior por un complejo kraft aluminio.<\/p>\n[\/vc_column_text][mk_fancy_title size=\u00bb20&#8243; font_family=\u00bbnone\u00bb]<strong>Aplicaciones<\/strong>[\/mk_fancy_title][vc_column_text css=\u00bb.vc_custom_1613757388449{margin-bottom: 0px !important;}\u00bb]\n<p style=\"text-align: center;\">Adecuado a lo revestimiento de conductos de climatizaci\u00f3n.<\/p>\n[\/vc_column_text][vc_single_image image=\u00bb2818&#8243; img_size=\u00bbfull\u00bb][\/vc_column][\/vc_row][vc_row][vc_column][mk_padding_divider size=\u00bb60&#8243;][mk_fancy_title size=\u00bb28&#8243; font_family=\u00bbnone\u00bb]URSA PUREONE Pure Floc KD[\/mk_fancy_title][vc_single_image image=\u00bb2655&#8243; img_size=\u00bbfull\u00bb][mk_fancy_title size=\u00bb20&#8243; font_family=\u00bbnone\u00bb]<strong>Sustentabilidad<\/strong>[\/mk_fancy_title][vc_column_text css=\u00bb.vc_custom_1613757425109{margin-bottom: 0px !important;}\u00bb]\n<p style=\"text-align: center;\">Las lanas minerales que fabricamos contienen entre un 35% y un 85% de material reciclado procedente de otras industrias (post-consumer), consumiendo menos materias primas e incorporando los residuos en la econom\u00eda circular al ser productos reciclables al final de su vida \u00fatil. Todos los productos URSA est\u00e1n libres de COV y as\u00ed lo certifica el sello \u201c\u00c9missions dans l\u2019air int\u00e9rieur\u201d (Emisiones COV en el aire interior) en su m\u00e1xima puntuaci\u00f3n: A+.<\/p>\n[\/vc_column_text][mk_fancy_title size=\u00bb20&#8243; font_family=\u00bbnone\u00bb]<strong>Caracteristicas<\/strong>[\/mk_fancy_title][vc_column_text css=\u00bb.vc_custom_1613757438618{margin-bottom: 0px !important;}\u00bb]\n<p style=\"text-align: center;\">Compuesto solamente de vidrio con un antiest\u00e1tico y sin resinas a\u00f1adidas.<\/p>\n[\/vc_column_text][mk_fancy_title size=\u00bb20&#8243; font_family=\u00bbnone\u00bb]<strong>Aplicaciones<\/strong>[\/mk_fancy_title][vc_column_text css=\u00bb.vc_custom_1613757452980{margin-bottom: 0px !important;}\u00bb]\n<p style=\"text-align: center;\">Lana mineral blanca que se aplica por insuflado en paredes de doble hoja de f\u00e1brica, tabiques y trasdosados y falsos techos.<\/p>\n[\/vc_column_text][vc_single_image image=\u00bb2818&#8243; img_size=\u00bbfull\u00bb][\/vc_column][\/vc_row][vc_row][vc_column][\/vc_column][\/vc_row][vc_row][vc_column][mk_fancy_title size=\u00bb20&#8243; font_family=\u00bbnone\u00bb]\n<p style=\"text-align: center;\" align=\"LEFT\"><a href=\"https:\/\/www.ursa.es\/\">URSA Ib\u00e9rica Aislantes, S.A.<\/a><\/p>\n<p style=\"text-align: center;\" align=\"LEFT\">Paseo de Recoletos, 3<\/p>\n<p style=\"text-align: center;\" align=\"LEFT\">28004 \u2013Madrid<\/p>\n<p style=\"text-align: center;\" align=\"LEFT\">Telf +34 977 630 456<\/p>\n[\/mk_fancy_title][\/vc_column][\/vc_row]","protected":false},"excerpt":{"rendered":"<p>[vc_row][vc_column][vc_raw_html]JTNDYSUyMGhyZWYlM0QlMjJqYXZhc2NyaXB0JTNBaGlzdG9yeS5nbyUyOC0xJTI5JTIyJTNFJTNDJTIwQXRyJUMzJUExcyUzQyUyRmElM0U=[\/vc_raw_html][mk_fancy_title size=\u00bb28&#8243; font_family=\u00bbnone\u00bb]URSA TERRA Vento Plus P4203[\/mk_fancy_title][vc_single_image image=\u00bb2645&#8243; img_size=\u00bbfull\u00bb][mk_fancy_title size=\u00bb20&#8243; font_family=\u00bbnone\u00bb]Sustentabilidad[\/mk_fancy_title][vc_column_text css=\u00bb.vc_custom_1613757142635{margin-bottom: 0px !important;}\u00bb] Las lanas minerales que fabricamos contienen entre un 35% y un 85% de material reciclado procedente de otras industrias (post-consumer), consumiendo menos materias primas e incorporando los residuos en la econom\u00eda circular al ser productos reciclables al final de su vida [&hellip;]<\/p>\n","protected":false},"author":1,"featured_media":0,"parent":0,"menu_order":0,"comment_status":"closed","ping_status":"closed","template":"","meta":{"_acf_changed":false,"footnotes":""},"class_list":["post-2636","page","type-page","status-publish","hentry"],"acf":[],"_links":{"self":[{"href":"https:\/\/myecobuild.csustentavel.com\/es\/wp-json\/wp\/v2\/pages\/2636"}],"collection":[{"href":"https:\/\/myecobuild.csustentavel.com\/es\/wp-json\/wp\/v2\/pages"}],"about":[{"href":"https:\/\/myecobuild.csustentavel.com\/es\/wp-json\/wp\/v2\/types\/page"}],"author":[{"embeddable":true,"href":"https:\/\/myecobuild.csustentavel.com\/es\/wp-json\/wp\/v2\/users\/1"}],"replies":[{"embeddable":true,"href":"https:\/\/myecobuild.csustentavel.com\/es\/wp-json\/wp\/v2\/comments?post=2636"}],"version-history":[{"count":33,"href":"https:\/\/myecobuild.csustentavel.com\/es\/wp-json\/wp\/v2\/pages\/2636\/revisions"}],"predecessor-version":[{"id":3594,"href":"https:\/\/myecobuild.csustentavel.com\/es\/wp-json\/wp\/v2\/pages\/2636\/revisions\/3594"}],"wp:attachment":[{"href":"https:\/\/myecobuild.csustentavel.com\/es\/wp-json\/wp\/v2\/media?parent=2636"}],"curies":[{"name":"wp","href":"https:\/\/api.w.org\/{rel}","templated":true}]}}