{"id":27,"date":"2018-03-18T00:32:41","date_gmt":"2018-03-18T00:32:41","guid":{"rendered":"http:\/\/myecobuild.csustentavel.com\/?page_id=27"},"modified":"2020-09-01T14:25:43","modified_gmt":"2020-09-01T14:25:43","slug":"contacte-nos","status":"publish","type":"page","link":"https:\/\/myecobuild.csustentavel.com\/es\/contacte-nos\/","title":{"rendered":"Cont\u00e1ctenos"},"content":{"rendered":"[vc_row][vc_column][vc_empty_space height=\u00bb15px\u00bb][mk_fancy_title size=\u00bb18&#8243; txt_transform=\u00bbnone\u00bb margin_bottom=\u00bb0&#8243; font_family=\u00bbnone\u00bb align=\u00bbcenter\u00bb]\n<p class=\"p1\">\u00bfLe gustar\u00eda recibir un presupuesto para su proyecto, con premisas de sostenibilidad? P\u00eddelo aqu\u00ed:<\/p>\n[\/mk_fancy_title][vc_empty_space height=\u00bb15px\u00bb][dhvc_form id=\u00bb393&#8243;][vc_empty_space height=\u00bb15px\u00bb][\/vc_column][\/vc_row]","protected":false},"excerpt":{"rendered":"<p>[vc_row][vc_column][vc_empty_space height=\u00bb15px\u00bb][mk_fancy_title size=\u00bb18&#8243; txt_transform=\u00bbnone\u00bb margin_bottom=\u00bb0&#8243; font_family=\u00bbnone\u00bb align=\u00bbcenter\u00bb] \u00bfLe gustar\u00eda recibir un presupuesto para su proyecto, con premisas de sostenibilidad? P\u00eddelo aqu\u00ed: [\/mk_fancy_title][vc_empty_space height=\u00bb15px\u00bb][dhvc_form id=\u00bb393&#8243;][vc_empty_space height=\u00bb15px\u00bb][\/vc_column][\/vc_row]<\/p>\n","protected":false},"author":1,"featured_media":0,"parent":0,"menu_order":0,"comment_status":"closed","ping_status":"open","template":"","meta":{"_acf_changed":false,"footnotes":""},"class_list":["post-27","page","type-page","status-publish","hentry"],"acf":[],"_links":{"self":[{"href":"https:\/\/myecobuild.csustentavel.com\/es\/wp-json\/wp\/v2\/pages\/27"}],"collection":[{"href":"https:\/\/myecobuild.csustentavel.com\/es\/wp-json\/wp\/v2\/pages"}],"about":[{"href":"https:\/\/myecobuild.csustentavel.com\/es\/wp-json\/wp\/v2\/types\/page"}],"author":[{"embeddable":true,"href":"https:\/\/myecobuild.csustentavel.com\/es\/wp-json\/wp\/v2\/users\/1"}],"replies":[{"embeddable":true,"href":"https:\/\/myecobuild.csustentavel.com\/es\/wp-json\/wp\/v2\/comments?post=27"}],"version-history":[{"count":8,"href":"https:\/\/myecobuild.csustentavel.com\/es\/wp-json\/wp\/v2\/pages\/27\/revisions"}],"predecessor-version":[{"id":2517,"href":"https:\/\/myecobuild.csustentavel.com\/es\/wp-json\/wp\/v2\/pages\/27\/revisions\/2517"}],"wp:attachment":[{"href":"https:\/\/myecobuild.csustentavel.com\/es\/wp-json\/wp\/v2\/media?parent=27"}],"curies":[{"name":"wp","href":"https:\/\/api.w.org\/{rel}","templated":true}]}}