{"id":2773,"date":"2020-12-21T13:17:22","date_gmt":"2020-12-21T13:17:22","guid":{"rendered":"https:\/\/myecobuild.csustentavel.com\/?page_id=2773"},"modified":"2021-02-19T17:28:51","modified_gmt":"2021-02-19T17:28:51","slug":"empresas-poupanca-de-agua-e-energia-2","status":"publish","type":"page","link":"https:\/\/myecobuild.csustentavel.com\/es\/instalacoes-sanitarias\/poupanca-de-agua-e-energia\/empresas-poupanca-de-agua-e-energia-2\/","title":{"rendered":"Empresas Ahorro de Agua Y Energia"},"content":{"rendered":"[vc_row][vc_column][vc_raw_html css=\u00bb.vc_custom_1613675489592{margin-bottom: 0px !important;}\u00bb]JTNDYSUyMGhyZWYlM0QlMjJqYXZhc2NyaXB0JTNBaGlzdG9yeS5nbyUyOC0xJTI5JTIyJTNFJTNDJTIwQXRyJUMzJUExcyUzQyUyRmElM0U=[\/vc_raw_html][mk_employees style=\u00bbclassic\u00bb column=\u00bb1&#8243; custom_image_size=\u00bbtrue\u00bb image_size=\u00bbfull\u00bb count=\u00bb-1&#8243; order=\u00bbASC\u00bb orderby=\u00bbtitle\u00bb categories=\u00bbempresas-poupanca-agua-e-energia\u00bb employees=\u00bb2166, 2117&#8243;][vc_empty_space height=\u00bb5px\u00bb][vc_column_text css=\u00bb.vc_custom_1613675494579{margin-bottom: 0px !important;}\u00bb]\n<p style=\"text-align: center;\">Para obtener m\u00e1s informaci\u00f3n, visite el<br \/>\n<strong><a href=\"http:\/\/www.csustentavel.com\/es\/\" target=\"_blank\" rel=\"noopener\">PORTAL DE LA CONSTRUCCI\u00d3N SOSTENIBLE<\/a><\/strong><\/p>\n[\/vc_column_text][\/vc_column][\/vc_row]","protected":false},"excerpt":{"rendered":"<p>[vc_row][vc_column][vc_raw_html css=\u00bb.vc_custom_1613675489592{margin-bottom: 0px !important;}\u00bb]JTNDYSUyMGhyZWYlM0QlMjJqYXZhc2NyaXB0JTNBaGlzdG9yeS5nbyUyOC0xJTI5JTIyJTNFJTNDJTIwQXRyJUMzJUExcyUzQyUyRmElM0U=[\/vc_raw_html][mk_employees style=\u00bbclassic\u00bb column=\u00bb1&#8243; custom_image_size=\u00bbtrue\u00bb image_size=\u00bbfull\u00bb count=\u00bb-1&#8243; order=\u00bbASC\u00bb orderby=\u00bbtitle\u00bb categories=\u00bbempresas-poupanca-agua-e-energia\u00bb employees=\u00bb2166, 2117&#8243;][vc_empty_space height=\u00bb5px\u00bb][vc_column_text css=\u00bb.vc_custom_1613675494579{margin-bottom: 0px !important;}\u00bb] Para obtener m\u00e1s informaci\u00f3n, visite el PORTAL DE LA CONSTRUCCI\u00d3N SOSTENIBLE [\/vc_column_text][\/vc_column][\/vc_row]<\/p>\n","protected":false},"author":1,"featured_media":0,"parent":2120,"menu_order":0,"comment_status":"closed","ping_status":"closed","template":"","meta":{"_acf_changed":false,"footnotes":""},"class_list":["post-2773","page","type-page","status-publish","hentry"],"acf":[],"_links":{"self":[{"href":"https:\/\/myecobuild.csustentavel.com\/es\/wp-json\/wp\/v2\/pages\/2773"}],"collection":[{"href":"https:\/\/myecobuild.csustentavel.com\/es\/wp-json\/wp\/v2\/pages"}],"about":[{"href":"https:\/\/myecobuild.csustentavel.com\/es\/wp-json\/wp\/v2\/types\/page"}],"author":[{"embeddable":true,"href":"https:\/\/myecobuild.csustentavel.com\/es\/wp-json\/wp\/v2\/users\/1"}],"replies":[{"embeddable":true,"href":"https:\/\/myecobuild.csustentavel.com\/es\/wp-json\/wp\/v2\/comments?post=2773"}],"version-history":[{"count":6,"href":"https:\/\/myecobuild.csustentavel.com\/es\/wp-json\/wp\/v2\/pages\/2773\/revisions"}],"predecessor-version":[{"id":3590,"href":"https:\/\/myecobuild.csustentavel.com\/es\/wp-json\/wp\/v2\/pages\/2773\/revisions\/3590"}],"up":[{"embeddable":true,"href":"https:\/\/myecobuild.csustentavel.com\/es\/wp-json\/wp\/v2\/pages\/2120"}],"wp:attachment":[{"href":"https:\/\/myecobuild.csustentavel.com\/es\/wp-json\/wp\/v2\/media?parent=2773"}],"curies":[{"name":"wp","href":"https:\/\/api.w.org\/{rel}","templated":true}]}}