{"id":2778,"date":"2020-12-21T14:05:27","date_gmt":"2020-12-21T14:05:27","guid":{"rendered":"https:\/\/myecobuild.csustentavel.com\/?page_id=2778"},"modified":"2021-02-22T16:12:28","modified_gmt":"2021-02-22T16:12:28","slug":"epw-pavimentos","status":"publish","type":"page","link":"https:\/\/myecobuild.csustentavel.com\/es\/epw-pavimentos\/","title":{"rendered":"EPW | PISOS"},"content":{"rendered":"[vc_row][vc_column][vc_raw_html]JTNDYSUyMGhyZWYlM0QlMjJqYXZhc2NyaXB0JTNBaGlzdG9yeS5nbyUyOC0xJTI5JTIyJTNFJTNDJTIwQXRyJUMzJUExcyUzQyUyRmElM0U=[\/vc_raw_html][mk_fancy_title size=\u00bb28&#8243; font_family=\u00bbnone\u00bb]Deck de Bamboo DASSO XTR[\/mk_fancy_title][vc_single_image image=\u00bb2779&#8243; img_size=\u00bbfull\u00bb][mk_fancy_title size=\u00bb20&#8243; font_family=\u00bbnone\u00bb]<strong>Sustentabilidade<\/strong>[\/mk_fancy_title][vc_column_text css=\u00bb.vc_custom_1611225569742{margin-bottom: 0px !important;}\u00bb]\n<p style=\"text-align: center;\">O processo de fus\u00e3o patenteado do Dasso XTR cria uma alternativa natural densa, bonita, duradoura e rapidamente renov\u00e1vel \u00e0s madeiras macias tratadas quimicamente e fontes ambientalmente suspeitas de madeiras tropicais. O bambu dassoXTR rivaliza com a beleza natural de madeiras ex\u00f3ticas, mas a gama de cores \u00e9 consistente e a fonte, a qualidade e o pre\u00e7o previs\u00edveis<\/p>\n[\/vc_column_text][mk_fancy_title size=\u00bb20&#8243; font_family=\u00bbnone\u00bb]<strong>Caracter\u00edsticas<\/strong>[\/mk_fancy_title][vc_column_text css=\u00bb.vc_custom_1611225576992{margin-bottom: 0px !important;}\u00bb]\n<p style=\"text-align: center;\">O deck de bambu Dasso XTR incorpora o processo de fus\u00e3o patenteado da dasso e \u00e9 classificado como Classe A, compat\u00edvel com W.U.I., dimensionalmente est\u00e1vel e instala-se 30% mais r\u00e1pido. Todas as t\u00e1buas de deck de bambu t\u00eam um acabamento perfeito das extremidades, de forma a que as juntas entre elas sejam impercept\u00edveis.<\/p>\n[\/vc_column_text][mk_fancy_title size=\u00bb20&#8243; font_family=\u00bbnone\u00bb]<strong>Aplica\u00e7\u00f5es<\/strong>[\/mk_fancy_title][vc_column_text css=\u00bb.vc_custom_1611225584086{margin-bottom: 0px !important;}\u00bb]\n<p style=\"text-align: center;\">O Deck de Bambu Dasso XTR \u00e9 a escolha superior para todas as aplica\u00e7\u00f5es de deck de bambu e tem sido usado em todo o mundo em muitos projetos comerciais e residenciais<\/p>\n[\/vc_column_text][vc_single_image image=\u00bb2922&#8243; img_size=\u00bbfull\u00bb][\/vc_column][\/vc_row][vc_row][vc_column][mk_padding_divider size=\u00bb60&#8243;][mk_fancy_title size=\u00bb28&#8243; font_family=\u00bbnone\u00bb]EPW EpDeck\u00ae[\/mk_fancy_title][vc_single_image image=\u00bb2786&#8243; img_size=\u00bbfull\u00bb][mk_fancy_title size=\u00bb20&#8243; font_family=\u00bbnone\u00bb]<strong>Sustentabilidade<\/strong>[\/mk_fancy_title][vc_column_text css=\u00bb.vc_custom_1611225592069{margin-bottom: 0px !important;}\u00bb]\n<p style=\"text-align: center;\">Este material \u00e9 fabricado com materiais reciclados. A EPW recorre aos restos de serra\u00e7\u00f5es e limpezas florestais para adquirir a fibra, e \u00e0s empresas de reciclagem de pl\u00e1sticos para incorporar estes pol\u00edmeros no seu material.<\/p>\n[\/vc_column_text][mk_fancy_title size=\u00bb20&#8243; font_family=\u00bbnone\u00bb]<strong>Caracter\u00edsticas<\/strong>[\/mk_fancy_title][vc_column_text css=\u00bb.vc_custom_1611225600727{margin-bottom: 0px !important;}\u00bb]\n<p style=\"text-align: center;\">EPW EpDeck\u00ae \u00e9 um perfil de aspecto cl\u00e1ssico, com espa\u00e7amento entre r\u00e9guas de apenas 5mm, facilitando desta forma a limpeza e escoamento de \u00e1guas. Na sua formula\u00e7\u00e3o, este deck de exterior incorpora protec\u00e7\u00f5es UV, fungicidas e pigmenta\u00e7\u00e3o s\u00f3lida, que estabilizam o aspecto e a performance do material.<\/p>\n[\/vc_column_text][mk_fancy_title size=\u00bb20&#8243; font_family=\u00bbnone\u00bb]<strong>Aplica\u00e7\u00f5es<\/strong>[\/mk_fancy_title][vc_column_text css=\u00bb.vc_custom_1611225608861{margin-bottom: 0px !important;}\u00bb]\n<p style=\"text-align: center;\">EPW EpDeck\u00ae \u00e9 um deck de madeira comp\u00f3sito maci\u00e7o, desenvolvido para qualquer espa\u00e7o de lazer interior ou exterior incluindo \u00e1reas envolventes de piscinas. Pode ainda ser aplicado como revestimento de fachadas.<\/p>\n[\/vc_column_text][vc_single_image image=\u00bb2923&#8243; img_size=\u00bbfull\u00bb][\/vc_column][\/vc_row][vc_row][vc_column][vc_column_text]\n[\/vc_column_text][\/vc_column][\/vc_row][vc_row][vc_column][mk_fancy_title size=\u00bb20&#8243; font_family=\u00bbnone\u00bb]\n<p style=\"text-align: center;\" align=\"LEFT\"><a href=\"https:\/\/www.epw.pt\/pt\/\">EPW \u2013 Tecnologia de Extrus\u00e3o<\/a><\/p>\n<p style=\"text-align: center;\" align=\"LEFT\">Zona Industrial da Guia, Lt. 7<\/p>\n<p style=\"text-align: center;\" align=\"LEFT\">3105-467 Guia \u2013 Pombal<br \/>\nPORTUGAL<\/p>\n<p style=\"text-align: center;\" align=\"LEFT\">Telf +351 236 951 421 | +351 913 896 627<\/p>\n<p style=\"text-align: center;\">info@epw.pt<\/p>\n[\/mk_fancy_title][\/vc_column][\/vc_row]","protected":false},"excerpt":{"rendered":"<p>[vc_row][vc_column][vc_raw_html]JTNDYSUyMGhyZWYlM0QlMjJqYXZhc2NyaXB0JTNBaGlzdG9yeS5nbyUyOC0xJTI5JTIyJTNFJTNDJTIwQXRyJUMzJUExcyUzQyUyRmElM0U=[\/vc_raw_html][mk_fancy_title size=\u00bb28&#8243; font_family=\u00bbnone\u00bb]Deck de Bamboo DASSO XTR[\/mk_fancy_title][vc_single_image image=\u00bb2779&#8243; img_size=\u00bbfull\u00bb][mk_fancy_title size=\u00bb20&#8243; font_family=\u00bbnone\u00bb]Sustentabilidade[\/mk_fancy_title][vc_column_text css=\u00bb.vc_custom_1611225569742{margin-bottom: 0px !important;}\u00bb] O processo de fus\u00e3o patenteado do Dasso XTR cria uma alternativa natural densa, bonita, duradoura e rapidamente renov\u00e1vel \u00e0s madeiras macias tratadas quimicamente e fontes ambientalmente suspeitas de madeiras tropicais. O bambu dassoXTR rivaliza com a beleza natural de madeiras ex\u00f3ticas, [&hellip;]<\/p>\n","protected":false},"author":1,"featured_media":0,"parent":0,"menu_order":0,"comment_status":"closed","ping_status":"closed","template":"","meta":{"_acf_changed":false,"footnotes":""},"class_list":["post-2778","page","type-page","status-publish","hentry"],"acf":[],"_links":{"self":[{"href":"https:\/\/myecobuild.csustentavel.com\/es\/wp-json\/wp\/v2\/pages\/2778"}],"collection":[{"href":"https:\/\/myecobuild.csustentavel.com\/es\/wp-json\/wp\/v2\/pages"}],"about":[{"href":"https:\/\/myecobuild.csustentavel.com\/es\/wp-json\/wp\/v2\/types\/page"}],"author":[{"embeddable":true,"href":"https:\/\/myecobuild.csustentavel.com\/es\/wp-json\/wp\/v2\/users\/1"}],"replies":[{"embeddable":true,"href":"https:\/\/myecobuild.csustentavel.com\/es\/wp-json\/wp\/v2\/comments?post=2778"}],"version-history":[{"count":19,"href":"https:\/\/myecobuild.csustentavel.com\/es\/wp-json\/wp\/v2\/pages\/2778\/revisions"}],"predecessor-version":[{"id":3621,"href":"https:\/\/myecobuild.csustentavel.com\/es\/wp-json\/wp\/v2\/pages\/2778\/revisions\/3621"}],"wp:attachment":[{"href":"https:\/\/myecobuild.csustentavel.com\/es\/wp-json\/wp\/v2\/media?parent=2778"}],"curies":[{"name":"wp","href":"https:\/\/api.w.org\/{rel}","templated":true}]}}