{"id":2820,"date":"2021-01-04T11:40:15","date_gmt":"2021-01-04T11:40:15","guid":{"rendered":"https:\/\/myecobuild.csustentavel.com\/?page_id=2820"},"modified":"2021-02-10T18:15:43","modified_gmt":"2021-02-10T18:15:43","slug":"torreense-ecoprodutos","status":"publish","type":"page","link":"https:\/\/myecobuild.csustentavel.com\/es\/torreense-ecoprodutos\/","title":{"rendered":"Torreense | Ecoprodutos"},"content":{"rendered":"[vc_row][vc_column][mk_padding_divider size=\u00bb20&#8243;][vc_raw_html]JTNDYSUyMGhyZWYlM0QlMjJqYXZhc2NyaXB0JTNBaGlzdG9yeS5nbyUyOC0xJTI5JTIyJTNFJTNDJTIwQXRyJUMzJUExcyUzQyUyRmElM0U=[\/vc_raw_html][mk_fancy_title size=\u00bb28&#8243; font_family=\u00bbnone\u00bb]Mil\u00e9nio[\/mk_fancy_title][vc_single_image image=\u00bb2821&#8243; img_size=\u00bbfull\u00bb][mk_fancy_title size=\u00bb20&#8243; font_family=\u00bbnone\u00bb]<strong>Sustentabilidad<\/strong>[\/mk_fancy_title][vc_column_text css=\u00bb.vc_custom_1612980797866{margin-bottom: 0px !important;}\u00bb]\n<p style=\"text-align: center;\">En todo el proceso de producci\u00f3n de tejas, la sostenibilidad es una preocupaci\u00f3n constante para nosotros. Es por eso que buscamos minimizar el impacto ambiental a lo largo del ciclo de producci\u00f3n, es decir, a trav\u00e9s de la reutilizaci\u00f3n de residuos\/subproductos del proceso.<\/p>\n[\/vc_column_text][mk_fancy_title size=\u00bb20&#8243; font_family=\u00bbnone\u00bb]<strong>Caracteristicas<\/strong>[\/mk_fancy_title][vc_column_text css=\u00bb.vc_custom_1612980813418{margin-bottom: 0px !important;}\u00bb]\n<p style=\"text-align: center;\">La teja Mil\u00e9nio es un exclusivo Torreense que se distingue por la parte corrugada, que recuerda a los viejos techos de tejas morisca o \u00e1rabes, pero con enormes ventajas en t\u00e9rminos de impermeabilidad.<\/p>\n[\/vc_column_text][mk_fancy_title size=\u00bb20&#8243; font_family=\u00bbnone\u00bb]<strong>Aplicaciones<\/strong>[\/mk_fancy_title][vc_column_text css=\u00bb.vc_custom_1612980830147{margin-bottom: 0px !important;}\u00bb]\n<p style=\"text-align: center;\">La teja Mil\u00e9nio es un excelente compromiso para la rehabilitaci\u00f3n de techos viejos, con un gran ahorro de mano de obra, muchas menos piezas por m2 y una mayor facilidad de aplicaci\u00f3n.<\/p>\n[\/vc_column_text][vc_single_image image=\u00bb2919&#8243; img_size=\u00bbfull\u00bb][\/vc_column][\/vc_row][vc_row][vc_column][mk_padding_divider size=\u00bb60&#8243;][mk_fancy_title size=\u00bb28&#8243; font_family=\u00bbnone\u00bb]Marselha[\/mk_fancy_title][vc_single_image image=\u00bb2823&#8243; img_size=\u00bbfull\u00bb][mk_fancy_title size=\u00bb20&#8243; font_family=\u00bbnone\u00bb]<strong>Sustentabilidad<\/strong>[\/mk_fancy_title][vc_column_text css=\u00bb.vc_custom_1612980859058{margin-bottom: 0px !important;}\u00bb]\n<p style=\"text-align: center;\">Las tejas Torreense se producen de acuerdo con conceptos de sostenibilidad estrat\u00e9gicamente planificados, que tienen lugar diariamente a trav\u00e9s de un estricto monitoreo de los costos de energ\u00eda.<\/p>\n[\/vc_column_text][mk_fancy_title size=\u00bb20&#8243; font_family=\u00bbnone\u00bb]<strong>Caracteristicas<\/strong>[\/mk_fancy_title][vc_column_text css=\u00bb.vc_custom_1612980873036{margin-bottom: 0px !important;}\u00bb]\n<p style=\"text-align: center;\">La teja Marsella corresponde a uno de los formatos m\u00e1s utilizados en el pa\u00eds. Con doble ajuste, se obtiene una cobertura ligera con alta estanqueidad. Permite dos posibilidades de encaje: alineado o trazado.<\/p>\n[\/vc_column_text][mk_fancy_title size=\u00bb20&#8243; font_family=\u00bbnone\u00bb]<strong>Aplicaciones<\/strong>[\/mk_fancy_title][vc_column_text css=\u00bb.vc_custom_1612980887730{margin-bottom: 0px !important;}\u00bb]\n<p style=\"text-align: center;\">La teja Torreense Marsella es un excelente compromiso para los trabajos de rehabilitaci\u00f3n debido a las variantes est\u00e9ticas que permite y su versatilidad de ajuste.<\/p>\n[\/vc_column_text][vc_single_image image=\u00bb2919&#8243; img_size=\u00bbfull\u00bb][\/vc_column][\/vc_row][vc_row][vc_column][mk_padding_divider size=\u00bb60&#8243;][mk_fancy_title size=\u00bb28&#8243; font_family=\u00bbnone\u00bb]Lusa[\/mk_fancy_title][vc_single_image image=\u00bb2825&#8243; img_size=\u00bbfull\u00bb][mk_fancy_title size=\u00bb20&#8243; font_family=\u00bbnone\u00bb]<strong>Sustentabilidad<\/strong>[\/mk_fancy_title][vc_column_text css=\u00bb.vc_custom_1612980910146{margin-bottom: 0px !important;}\u00bb]\n<p style=\"text-align: center;\">Las tejas Torreense se producen de acuerdo con conceptos muy estrictos en la recolecci\u00f3n, selecci\u00f3n y composici\u00f3n de arcillas y en la gesti\u00f3n de los recursos energ\u00e9ticos, a saber, el uso de combustibles \u00ablimpios\u00bb, como el gas natural, que tienen bajas emisiones a la atm\u00f3sfera.<\/p>\n[\/vc_column_text][mk_fancy_title size=\u00bb20&#8243; font_family=\u00bbnone\u00bb]<strong>Caracteristicas<\/strong>[\/mk_fancy_title][vc_column_text css=\u00bb.vc_custom_1612980922875{margin-bottom: 0px !important;}\u00bb]\n<p style=\"text-align: center;\">La teja Lusa corresponde al modelo m\u00e1s tradicional utilizado en Portugal. Con aplicaci\u00f3n r\u00e1pida y ajuste robusto, proporciona altos niveles de estanqueidad. Disponible en varios acabados.<\/p>\n[\/vc_column_text][mk_fancy_title size=\u00bb20&#8243; font_family=\u00bbnone\u00bb]<strong>Aplicaciones<\/strong>[\/mk_fancy_title][vc_column_text css=\u00bb.vc_custom_1612980937514{margin-bottom: 0px !important;}\u00bb]\n<p style=\"text-align: center;\">La teja Lusa es un gran compromiso para aquellos que desean mantener la est\u00e9tica tradicional del techo portugu\u00e9s, combinada con las caracter\u00edsticas de calidad obtenidas a trav\u00e9s de las nuevas tecnolog\u00edas.<\/p>\n[\/vc_column_text][vc_single_image image=\u00bb2919&#8243; img_size=\u00bbfull\u00bb][\/vc_column][\/vc_row][vc_row][vc_column][vc_column_text]\n[\/vc_column_text][\/vc_column][\/vc_row][vc_row][vc_column][mk_fancy_title size=\u00bb20&#8243; font_family=\u00bbnone\u00bb]\n<p style=\"text-align: center;\" align=\"LEFT\">CER\u00c2MICA TORREENSE<\/p>\n<p style=\"text-align: center;\" align=\"LEFT\">Rua da F\u00e1brica<\/p>\n<p style=\"text-align: center;\" align=\"LEFT\">2565-601 Outeiro da Cabe\u00e7a | Torres Vedras<br \/>\nPORTUGAL<\/p>\n<p style=\"text-align: center;\" align=\"LEFT\">Telf +351 261 921 102<\/p>\n<p style=\"text-align: center;\">geral@ceramicatorreense.pt<\/p>\n[\/mk_fancy_title][\/vc_column][\/vc_row]","protected":false},"excerpt":{"rendered":"<p>[vc_row][vc_column][mk_padding_divider size=\u00bb20&#8243;][vc_raw_html]JTNDYSUyMGhyZWYlM0QlMjJqYXZhc2NyaXB0JTNBaGlzdG9yeS5nbyUyOC0xJTI5JTIyJTNFJTNDJTIwQXRyJUMzJUExcyUzQyUyRmElM0U=[\/vc_raw_html][mk_fancy_title size=\u00bb28&#8243; font_family=\u00bbnone\u00bb]Mil\u00e9nio[\/mk_fancy_title][vc_single_image image=\u00bb2821&#8243; img_size=\u00bbfull\u00bb][mk_fancy_title size=\u00bb20&#8243; font_family=\u00bbnone\u00bb]Sustentabilidad[\/mk_fancy_title][vc_column_text css=\u00bb.vc_custom_1612980797866{margin-bottom: 0px !important;}\u00bb] En todo el proceso de producci\u00f3n de tejas, la sostenibilidad es una preocupaci\u00f3n constante para nosotros. Es por eso que buscamos minimizar el impacto ambiental a lo largo del ciclo de producci\u00f3n, es decir, a trav\u00e9s de la reutilizaci\u00f3n de residuos\/subproductos del proceso. [\/vc_column_text][mk_fancy_title [&hellip;]<\/p>\n","protected":false},"author":1,"featured_media":0,"parent":0,"menu_order":0,"comment_status":"closed","ping_status":"closed","template":"","meta":{"_acf_changed":false,"footnotes":""},"class_list":["post-2820","page","type-page","status-publish","hentry"],"acf":[],"_links":{"self":[{"href":"https:\/\/myecobuild.csustentavel.com\/es\/wp-json\/wp\/v2\/pages\/2820"}],"collection":[{"href":"https:\/\/myecobuild.csustentavel.com\/es\/wp-json\/wp\/v2\/pages"}],"about":[{"href":"https:\/\/myecobuild.csustentavel.com\/es\/wp-json\/wp\/v2\/types\/page"}],"author":[{"embeddable":true,"href":"https:\/\/myecobuild.csustentavel.com\/es\/wp-json\/wp\/v2\/users\/1"}],"replies":[{"embeddable":true,"href":"https:\/\/myecobuild.csustentavel.com\/es\/wp-json\/wp\/v2\/comments?post=2820"}],"version-history":[{"count":10,"href":"https:\/\/myecobuild.csustentavel.com\/es\/wp-json\/wp\/v2\/pages\/2820\/revisions"}],"predecessor-version":[{"id":3461,"href":"https:\/\/myecobuild.csustentavel.com\/es\/wp-json\/wp\/v2\/pages\/2820\/revisions\/3461"}],"wp:attachment":[{"href":"https:\/\/myecobuild.csustentavel.com\/es\/wp-json\/wp\/v2\/media?parent=2820"}],"curies":[{"name":"wp","href":"https:\/\/api.w.org\/{rel}","templated":true}]}}