{"id":3638,"date":"2021-03-04T16:38:53","date_gmt":"2021-03-04T16:38:53","guid":{"rendered":"https:\/\/myecobuild.csustentavel.com\/?page_id=3638"},"modified":"2021-03-04T18:05:12","modified_gmt":"2021-03-04T18:05:12","slug":"fassa-bortolo","status":"publish","type":"page","link":"https:\/\/myecobuild.csustentavel.com\/es\/fassa-bortolo\/","title":{"rendered":"FASSA BORTOLO | ECOPRODUCTOS"},"content":{"rendered":"[vc_row][vc_column][vc_raw_html]JTNDYSUyMGhyZWYlM0QlMjJqYXZhc2NyaXB0JTNBaGlzdG9yeS5nbyUyOC0xJTI5JTIyJTNFJTNDJTIwQXRyJUMzJUExcyUzQyUyRmElM0U=[\/vc_raw_html][mk_fancy_title size=\u00bb28&#8243; font_family=\u00bbnone\u00bb]K1710[\/mk_fancy_title][vc_single_image image=\u00bb3640&#8243; img_size=\u00bbfull\u00bb][mk_fancy_title size=\u00bb20&#8243; font_family=\u00bbnone\u00bb]<strong>Sustentabilidad<\/strong>[\/mk_fancy_title][vc_column_text css=\u00bb.vc_custom_1614876622133{margin-bottom: 0px !important;}\u00bb]\n<p style=\"text-align: center;\">K1710 &#8211; Bio Yeso con certificaci\u00f3nes ANAB y LEED que tienen en cuenta los requisitos m\u00e1sexigentes de Bio Arquitectura y Construcci\u00f3n Sostenible. Bio Yeso Eco compatible consoportes de edificios antiguos y tambi\u00e9n para nuevas construcciones. La l\u00ednea Bio Arquiteturade Fassa Bortolo fue la primera en Europa en lograr la certificaci\u00f3n ANAB.<\/p>\n[\/vc_column_text][mk_fancy_title size=\u00bb20&#8243; font_family=\u00bbnone\u00bb]<strong>Caracteristicas<\/strong>[\/mk_fancy_title][vc_column_text css=\u00bb.vc_custom_1614876631422{margin-bottom: 0px !important;}\u00bb]\n<p style=\"text-align: center;\">Bio-yeso tradicional reforzado con fibras de acci\u00f3n puzol\u00e1nica, a base de pura nano-cal a\u00e9rea,para interiores y exteriores. La combinaci\u00f3n de nano-cal con la alta pureza de las materiasprimas utilizadas, explica la tendencia reducida a la formaci\u00f3n de eflorescencias, que son m\u00e1sfrecuentes en materiales a base de cemento Portland gris, donde el contenido de salessolubles puede ser bastante elevado.<\/p>\n[\/vc_column_text][mk_fancy_title size=\u00bb20&#8243; font_family=\u00bbnone\u00bb]<strong>Aplicaciones<\/strong>[\/mk_fancy_title][vc_column_text css=\u00bb.vc_custom_1614876643999{margin-bottom: 0px !important;}\u00bb]\n<p style=\"text-align: center;\">K 1710 se utiliza como yeso en mamposter\u00eda nueva y antigua en piedra, ladrillo, adobe, etc.Las caracter\u00edsticas de elasticidad del yeso y la presencia de fibras lo hacen especialmenteindicado para soportes debilitados mec\u00e1nicamente, mamposter\u00eda de piedra y \/ o ladrillo(trabajos de restauraci\u00f3n en general).<\/p>\n[\/vc_column_text][vc_single_image image=\u00bb3643&#8243; img_size=\u00bbfull\u00bb][\/vc_column][\/vc_row][vc_row][vc_column][mk_padding_divider size=\u00bb60&#8243;][mk_fancy_title size=\u00bb28&#8243; font_family=\u00bbnone\u00bb]S 650[\/mk_fancy_title][vc_single_image image=\u00bb3641&#8243; img_size=\u00bbfull\u00bb][mk_fancy_title size=\u00bb20&#8243; font_family=\u00bbnone\u00bb]<strong>Sustentabilidad<\/strong>[\/mk_fancy_title][vc_column_text css=\u00bb.vc_custom_1614876704262{margin-bottom: 0px !important;}\u00bb]\n<p style=\"text-align: center;\">S 650 &#8211; Bio Yeso con certificaci\u00f3nes ANAB y LEED que tienen en cuenta los requisitos m\u00e1sexigentes de Bio Arquitectura y Construcci\u00f3n Sostenible. Bio Yeso Eco compatible consoportes de edificios antiguos y tambi\u00e9n para nuevas construcciones. La l\u00ednea Bio Arquiteturade Fassa Bortolo fue la primera en Europa en lograr la certificaci\u00f3n ANAB.<\/p>\n[\/vc_column_text][mk_fancy_title size=\u00bb20&#8243; font_family=\u00bbnone\u00bb]<strong>Caracteristicas<\/strong>[\/mk_fancy_title][vc_column_text css=\u00bb.vc_custom_1614876713661{margin-bottom: 0px !important;}\u00bb]\n<p style=\"text-align: center;\">Bio-yeso blanco para la reparaci\u00f3n de mamposter\u00eda antigua para interior y exterior, siendoutilizado como yeso de consolidaci\u00f3n en paredes viejas o como yeso en paredes nuevas.<\/p>\n[\/vc_column_text][mk_fancy_title size=\u00bb20&#8243; font_family=\u00bbnone\u00bb]<strong>Aplicaciones<\/strong>[\/mk_fancy_title][vc_column_text css=\u00bb.vc_custom_1614876722949{margin-bottom: 0px !important;}\u00bb]\n<p style=\"text-align: center;\">El S 650 se utiliza como revoque b\u00e1sico para edificios antiguos y para la limpieza de paredescon presencia de humedad, favoreciendo la adherencia entre el soporte y el revoque S 639.<\/p>\n[\/vc_column_text][vc_single_image image=\u00bb3643&#8243; img_size=\u00bbfull\u00bb][\/vc_column][\/vc_row][vc_row][vc_column][mk_padding_divider size=\u00bb60&#8243;][mk_fancy_title size=\u00bb28&#8243; font_family=\u00bbnone\u00bb]S 605[\/mk_fancy_title][vc_single_image image=\u00bb3642&#8243; img_size=\u00bbfull\u00bb][mk_fancy_title size=\u00bb20&#8243; font_family=\u00bbnone\u00bb]<strong>Sustentabilidad<\/strong>[\/mk_fancy_title][vc_column_text css=\u00bb.vc_custom_1614876763606{margin-bottom: 0px !important;}\u00bb]\n<p style=\"text-align: center;\">S 605 &#8211; Bio Yeso con certificaci\u00f3nes ANAB y LEED que tienen en cuenta los requisitos m\u00e1sexigentes de Bio Arquitectura y Construcci\u00f3n Sostenible. Bio Yeso Eco compatible consoportes de edificios antiguos y tambi\u00e9n para nuevas construcciones.La l\u00ednea Bio Arquiteturade Fassa Bortolo fue la primera en Europa en lograr la certificaci\u00f3n ANAB.<\/p>\n[\/vc_column_text][mk_fancy_title size=\u00bb20&#8243; font_family=\u00bbnone\u00bb]<strong>Caracteristicas<\/strong>[\/mk_fancy_title][vc_column_text css=\u00bb.vc_custom_1614876781660{margin-bottom: 0px !important;}\u00bb]\n<p style=\"text-align: center;\">Bio yeso con acabado fino y color blanco, para la limpieza de mamposter\u00eda, para interior yexterior, con efecto m\u00e1rmol.<\/p>\n[\/vc_column_text][mk_fancy_title size=\u00bb20&#8243; font_family=\u00bbnone\u00bb]<strong>Aplicaciones<\/strong>[\/mk_fancy_title][vc_column_text css=\u00bb.vc_custom_1614876794697{margin-bottom: 0px !important;}\u00bb]\n<p style=\"text-align: center;\">S 605 se utiliza como masilla de acabado blanco, sobre sistemas de rehabilitaci\u00f3n de murosviejos o cuando se requiere una alta permeabilidad al vapor de agua sobre revoques sanitarios.<\/p>\n[\/vc_column_text][vc_single_image image=\u00bb3643&#8243; img_size=\u00bbfull\u00bb][mk_fancy_title size=\u00bb20&#8243; font_family=\u00bbnone\u00bb]\n<p style=\"text-align: center;\" align=\"LEFT\"><a href=\"https:\/\/www.fassabortolo.pt\/pt\/\" target=\"_blank\" rel=\"noopener\">FASSA BORTOLO<\/a><\/p>\n<p style=\"text-align: center;\" align=\"LEFT\">S\u00e3o Mamede \u2013 BATALHA | Portugal<\/p>\n<p style=\"text-align: center;\" align=\"LEFT\">Telf +351 244 709 200<\/p>\n<p style=\"text-align: center;\"><a href=\"mailto:marketing.fassalusa@fassabortolo.com\" target=\"_blank\" rel=\"noopener\">marketing.fassalusa@fassabortolo.com<\/a><\/p>\n[\/mk_fancy_title][\/vc_column][\/vc_row][vc_row][vc_column][\/vc_column][\/vc_row]","protected":false},"excerpt":{"rendered":"<p>[vc_row][vc_column][vc_raw_html]JTNDYSUyMGhyZWYlM0QlMjJqYXZhc2NyaXB0JTNBaGlzdG9yeS5nbyUyOC0xJTI5JTIyJTNFJTNDJTIwQXRyJUMzJUExcyUzQyUyRmElM0U=[\/vc_raw_html][mk_fancy_title size=\u00bb28&#8243; font_family=\u00bbnone\u00bb]K1710[\/mk_fancy_title][vc_single_image image=\u00bb3640&#8243; img_size=\u00bbfull\u00bb][mk_fancy_title size=\u00bb20&#8243; font_family=\u00bbnone\u00bb]Sustentabilidad[\/mk_fancy_title][vc_column_text css=\u00bb.vc_custom_1614876622133{margin-bottom: 0px !important;}\u00bb] K1710 &#8211; Bio Yeso con certificaci\u00f3nes ANAB y LEED que tienen en cuenta los requisitos m\u00e1sexigentes de Bio Arquitectura y Construcci\u00f3n Sostenible. Bio Yeso Eco compatible consoportes de edificios antiguos y tambi\u00e9n para nuevas construcciones. La l\u00ednea Bio Arquiteturade Fassa Bortolo fue la primera en [&hellip;]<\/p>\n","protected":false},"author":1,"featured_media":0,"parent":0,"menu_order":0,"comment_status":"closed","ping_status":"closed","template":"","meta":{"_acf_changed":false,"footnotes":""},"class_list":["post-3638","page","type-page","status-publish","hentry"],"acf":[],"_links":{"self":[{"href":"https:\/\/myecobuild.csustentavel.com\/es\/wp-json\/wp\/v2\/pages\/3638"}],"collection":[{"href":"https:\/\/myecobuild.csustentavel.com\/es\/wp-json\/wp\/v2\/pages"}],"about":[{"href":"https:\/\/myecobuild.csustentavel.com\/es\/wp-json\/wp\/v2\/types\/page"}],"author":[{"embeddable":true,"href":"https:\/\/myecobuild.csustentavel.com\/es\/wp-json\/wp\/v2\/users\/1"}],"replies":[{"embeddable":true,"href":"https:\/\/myecobuild.csustentavel.com\/es\/wp-json\/wp\/v2\/comments?post=3638"}],"version-history":[{"count":8,"href":"https:\/\/myecobuild.csustentavel.com\/es\/wp-json\/wp\/v2\/pages\/3638\/revisions"}],"predecessor-version":[{"id":3656,"href":"https:\/\/myecobuild.csustentavel.com\/es\/wp-json\/wp\/v2\/pages\/3638\/revisions\/3656"}],"wp:attachment":[{"href":"https:\/\/myecobuild.csustentavel.com\/es\/wp-json\/wp\/v2\/media?parent=3638"}],"curies":[{"name":"wp","href":"https:\/\/api.w.org\/{rel}","templated":true}]}}