{"id":3661,"date":"2021-03-23T15:33:22","date_gmt":"2021-03-23T15:33:22","guid":{"rendered":"https:\/\/myecobuild.csustentavel.com\/?page_id=3661"},"modified":"2021-03-23T15:57:52","modified_gmt":"2021-03-23T15:57:52","slug":"armacell-ecoprodutos","status":"publish","type":"page","link":"https:\/\/myecobuild.csustentavel.com\/es\/armacell-ecoprodutos\/","title":{"rendered":"ARMACELL | ECOPRODUCTOS"},"content":{"rendered":"[vc_row][vc_column][vc_raw_html]JTNDYSUyMGhyZWYlM0QlMjJqYXZhc2NyaXB0JTNBaGlzdG9yeS5nbyUyOC0xJTI5JTIyJTNFJTNDJTIwQXRyJUMzJUExcyUzQyUyRmElM0U=[\/vc_raw_html][mk_fancy_title size=\u00bb28&#8243; font_family=\u00bbnone\u00bb]AF\/ ARMAFLEX<br \/>\n[\/mk_fancy_title][vc_single_image image=\u00bb3667&#8243; img_size=\u00bbfull\u00bb][mk_fancy_title size=\u00bb20&#8243; font_family=\u00bbnone\u00bb]<strong>Sustentabilidad<\/strong>[\/mk_fancy_title][vc_column_text css=\u00bb.vc_custom_1616514600879{margin-bottom: 0px !important;}\u00bb]AF\/Armaflex es un aislamiento flexible profesional para un control de condensaci\u00f3n continuo y confiable. La combinaci\u00f3n ideal de una conductividad t\u00e9rmica muy baja y una resistencia extremadamente alta a la difusi\u00f3n de vapor de agua evita las p\u00e9rdidas de energ\u00eda a largo plazo y la entrada de vapor de agua y minimiza el riesgo de corrosi\u00f3n debajo del aislamiento. La gama completa del sistema AF\/Armaflex ofrece una soluci\u00f3n segura y completa para todas las \u00e1reas de aplicaci\u00f3n.<\/p>\n<p><a href=\"https:\/\/www.csustentavel.com\/wp-content\/uploads\/2020\/08\/afarmaflex_epd_en.pdf\">DECLARACI\u00d3N AMBIENTAL DE PRODUCTO (EPD)<\/a>[\/vc_column_text][mk_fancy_title size=\u00bb20&#8243; font_family=\u00bbnone\u00bb]<strong>Caracteristicas<\/strong>[\/mk_fancy_title][vc_column_text css=\u00bb.vc_custom_1616514606950{margin-bottom: 0px !important;}\u00bb]\n<ul>\n<li>La barrera de vapor de agua integrada reduce el riesgo de corrosi\u00f3n bajo aislamiento (CUI)<\/li>\n<li>Mayor fiabilidad del sistema cuando se instala junto con Armafix AF y los adhesivos recomendados y por instaladores certificados<\/li>\n<li>Conductividad t\u00e9rmica estable para una eficiencia energ\u00e9tica a largo plazo<\/li>\n<li>La protecci\u00f3n antimicrobiana integrada Microban\u00ae reduce el crecimiento de microorganismos y bacterias<\/li>\n<li>Copas autoadhesivas con corte tangencial para un mejor agarre<\/li>\n<li>Euroclass B\/BL-s3, para toda la gama<\/li>\n<\/ul>\n[\/vc_column_text][mk_fancy_title size=\u00bb20&#8243; font_family=\u00bbnone\u00bb]<strong>Aplicaciones<\/strong>[\/mk_fancy_title][vc_column_text css=\u00bb.vc_custom_1616514616615{margin-bottom: 0px !important;}\u00bb]La protecci\u00f3n antimicrobiana integrada Microban\u00ae y el excelente comportamiento frente al fuego hacen que el producto sea especialmente adecuado para su uso en edificios p\u00fablicos y unidades industriales.[\/vc_column_text][vc_single_image image=\u00bb3668&#8243; img_size=\u00bbfull\u00bb][\/vc_column][\/vc_row][vc_row][vc_column][mk_padding_divider size=\u00bb60&#8243;][mk_fancy_title size=\u00bb28&#8243; font_family=\u00bbnone\u00bb]HT\/ARMAFLEX<br \/>\n[\/mk_fancy_title][vc_single_image image=\u00bb3669&#8243; img_size=\u00bbfull\u00bb][mk_fancy_title size=\u00bb20&#8243; font_family=\u00bbnone\u00bb]<strong>Sustentabilidad<\/strong>[\/mk_fancy_title][vc_column_text css=\u00bb.vc_custom_1616514662463{margin-bottom: 0px !important;}\u00bb]HT\/Armaflex es un aislamiento flexible y fiable, ideal para su uso a altas temperaturas, hasta +150 \u00baC. Mantiene sus caracter\u00edsticas f\u00edsicas durante toda la vida del sistema. Garantiza una m\u00ednima p\u00e9rdida de energ\u00eda gracias a su baja conductividad t\u00e9rmica. La barrera de vapor de agua integrada reduce el riesgo de corrosi\u00f3n debajo del aislamiento (CUI).<\/p>\n<p><a href=\"https:\/\/www.csustentavel.com\/wp-content\/uploads\/2020\/08\/htarmaflex_epd_en.pdf\">DECLARACI\u00d3N AMBIENTAL DE PRODUCTO (EPD)<\/a>[\/vc_column_text][mk_fancy_title size=\u00bb20&#8243; font_family=\u00bbnone\u00bb]<strong>Caracteristicas<\/strong>[\/mk_fancy_title][vc_column_text css=\u00bb.vc_custom_1616514674294{margin-bottom: 0px !important;}\u00bb]\n<ul>\n<li>Altamente flexible y libre de polvo y fibras<\/li>\n<li>Buena resistencia a aceites y agentes qu\u00edmicos<\/li>\n<li>Baja conductividad t\u00e9rmica<\/li>\n<li>Alto grado de estabilidad a altas temperaturas (+150 \u00baC)<\/li>\n<li>Su estructura de celda cerrada act\u00faa como una barrera eficaz contra el vapor de agua.<\/li>\n<\/ul>\n[\/vc_column_text][mk_fancy_title size=\u00bb20&#8243; font_family=\u00bbnone\u00bb]<strong>Aplicaciones<\/strong>[\/mk_fancy_title][vc_column_text css=\u00bb.vc_custom_1616514689197{margin-bottom: 0px !important;}\u00bb]Aislamiento t\u00e9rmico de tuber\u00edas, dep\u00f3sitos y conductos en instalaciones de energ\u00eda solar, aplicaciones industriales, conductos de gas caliente, conductos de vapor y conductos de temperatura variable.[\/vc_column_text][vc_single_image image=\u00bb3670&#8243; img_size=\u00bbfull\u00bb][\/vc_column][\/vc_row][vc_row][vc_column][mk_padding_divider size=\u00bb60&#8243;][mk_fancy_title size=\u00bb28&#8243; font_family=\u00bbnone\u00bb]ARMAFLEX ULTIMA<br \/>\n[\/mk_fancy_title][vc_single_image image=\u00bb3671&#8243; img_size=\u00bbfull\u00bb][mk_fancy_title size=\u00bb20&#8243; font_family=\u00bbnone\u00bb]<strong>Sustentabilidad<\/strong>[\/mk_fancy_title][vc_column_text css=\u00bb.vc_custom_1616514732728{margin-bottom: 0px !important;}\u00bb]Armaflex Ultima reduce las p\u00e9rdidas de energ\u00eda y minimiza las emisiones de CO\u2082. Ofrece mayor seguridad a trav\u00e9s de su desempe\u00f1o superior en caso de incendio con m\u00ednima emisi\u00f3n de humo. Cumple con los requisitos de construcci\u00f3n sostenible en combinaci\u00f3n con adhesivo certificado LEED. Con la clasificaci\u00f3n de reacci\u00f3n al fuego BL-s1, d0, Armaflex Ultima defini\u00f3 un nuevo est\u00e1ndar de seguridad en aislamiento t\u00e9cnico. El material de aislamiento de celda cerrada altamente flexible produce una densidad de humo extremadamente baja en caso de incendio y, por lo tanto, es un factor importante que contribuye al nivel general de seguridad contra incendios en los edificios.<\/p>\n<p><a href=\"https:\/\/www.csustentavel.com\/wp-content\/uploads\/2020\/08\/afarmaflex_epd_en.pdf\">DECLARACI\u00d3N AMBIENTAL DE PRODUCTO (EPD)<\/a>[\/vc_column_text][mk_fancy_title size=\u00bb20&#8243; font_family=\u00bbnone\u00bb]<strong>Caracteristicas<\/strong>[\/mk_fancy_title][vc_column_text css=\u00bb.vc_custom_1616514742441{margin-bottom: 0px !important;}\u00bb]\n<ul>\n<li>Mayor seguridad a trav\u00e9s de su desempe\u00f1o superior en caso de incendio con m\u00ednima emisi\u00f3n de humo<\/li>\n<li>Cumple con los requisitos de construcci\u00f3n sostenible en combinaci\u00f3n con adhesivo certificado LEED<\/li>\n<li>Fabricado con caucho Armaprene, tecnolog\u00eda patentada<\/li>\n<li>Reduce las p\u00e9rdidas de energ\u00eda y minimiza las emisiones de CO\u2082<\/li>\n<li>Primer aislamiento flexible de celda cerrada con Euroclass B<sub>L<\/sub>, s1-d0<\/li>\n<li>Excelente protecci\u00f3n contra la difusi\u00f3n del vapor de agua para un mejor rendimiento a largo plazo<\/li>\n<li>Soluci\u00f3n de sistema completa con Armafix Ultima, abrazadera y adhesivos<\/li>\n<\/ul>\n[\/vc_column_text][mk_fancy_title size=\u00bb20&#8243; font_family=\u00bbnone\u00bb]<strong>Aplicaciones<\/strong>[\/mk_fancy_title][vc_column_text css=\u00bb.vc_custom_1616514751398{margin-bottom: 0px !important;}\u00bb]Recomendado para aplicaci\u00f3n en instalaciones de aire acondicionado y refrigeraci\u00f3n, as\u00ed como en equipos de procesos industriales. Especialmente recomendado para instalaciones con especial riesgo.[\/vc_column_text][vc_single_image image=\u00bb3668&#8243; img_size=\u00bbfull\u00bb][mk_fancy_title size=\u00bb20&#8243; font_family=\u00bbnone\u00bb]\n<p style=\"text-align: center;\" align=\"LEFT\"><a href=\"http:\/\/www.armacell.pt\/\"><strong>ARMACELL IBERIA S.L.U.<\/strong><\/a><\/p>\n<p style=\"text-align: center;\" align=\"LEFT\">Rua Cidade de Bissau, 59-C, 1\u00ba D<br \/>\n1800-075 Lisboa<\/p>\n<p style=\"text-align: center;\" align=\"LEFT\">Telf +351 961 797 439<\/p>\n[\/mk_fancy_title][\/vc_column][\/vc_row][vc_row][vc_column][\/vc_column][\/vc_row]","protected":false},"excerpt":{"rendered":"<p>[vc_row][vc_column][vc_raw_html]JTNDYSUyMGhyZWYlM0QlMjJqYXZhc2NyaXB0JTNBaGlzdG9yeS5nbyUyOC0xJTI5JTIyJTNFJTNDJTIwQXRyJUMzJUExcyUzQyUyRmElM0U=[\/vc_raw_html][mk_fancy_title size=\u00bb28&#8243; font_family=\u00bbnone\u00bb]AF\/ ARMAFLEX [\/mk_fancy_title][vc_single_image image=\u00bb3667&#8243; img_size=\u00bbfull\u00bb][mk_fancy_title size=\u00bb20&#8243; font_family=\u00bbnone\u00bb]Sustentabilidad[\/mk_fancy_title][vc_column_text css=\u00bb.vc_custom_1616514600879{margin-bottom: 0px !important;}\u00bb]AF\/Armaflex es un aislamiento flexible profesional para un control de condensaci\u00f3n continuo y confiable. La combinaci\u00f3n ideal de una conductividad t\u00e9rmica muy baja y una resistencia extremadamente alta a la difusi\u00f3n de vapor de agua evita las p\u00e9rdidas de energ\u00eda a largo plazo y [&hellip;]<\/p>\n","protected":false},"author":1,"featured_media":0,"parent":0,"menu_order":0,"comment_status":"closed","ping_status":"closed","template":"","meta":{"_acf_changed":false,"footnotes":""},"class_list":["post-3661","page","type-page","status-publish","hentry"],"acf":[],"_links":{"self":[{"href":"https:\/\/myecobuild.csustentavel.com\/es\/wp-json\/wp\/v2\/pages\/3661"}],"collection":[{"href":"https:\/\/myecobuild.csustentavel.com\/es\/wp-json\/wp\/v2\/pages"}],"about":[{"href":"https:\/\/myecobuild.csustentavel.com\/es\/wp-json\/wp\/v2\/types\/page"}],"author":[{"embeddable":true,"href":"https:\/\/myecobuild.csustentavel.com\/es\/wp-json\/wp\/v2\/users\/1"}],"replies":[{"embeddable":true,"href":"https:\/\/myecobuild.csustentavel.com\/es\/wp-json\/wp\/v2\/comments?post=3661"}],"version-history":[{"count":4,"href":"https:\/\/myecobuild.csustentavel.com\/es\/wp-json\/wp\/v2\/pages\/3661\/revisions"}],"predecessor-version":[{"id":3674,"href":"https:\/\/myecobuild.csustentavel.com\/es\/wp-json\/wp\/v2\/pages\/3661\/revisions\/3674"}],"wp:attachment":[{"href":"https:\/\/myecobuild.csustentavel.com\/es\/wp-json\/wp\/v2\/media?parent=3661"}],"curies":[{"name":"wp","href":"https:\/\/api.w.org\/{rel}","templated":true}]}}