{"id":3680,"date":"2021-03-23T16:09:00","date_gmt":"2021-03-23T16:09:00","guid":{"rendered":"https:\/\/myecobuild.csustentavel.com\/?page_id=3680"},"modified":"2021-03-23T16:30:31","modified_gmt":"2021-03-23T16:30:31","slug":"isover-ecoprodutos","status":"publish","type":"page","link":"https:\/\/myecobuild.csustentavel.com\/es\/isover-ecoprodutos\/","title":{"rendered":"ISOVER | ECOPRODUCTOS"},"content":{"rendered":"[vc_row][vc_column][vc_raw_html]JTNDYSUyMGhyZWYlM0QlMjJqYXZhc2NyaXB0JTNBaGlzdG9yeS5nbyUyOC0xJTI5JTIyJTNFJTNDJTIwQXRyJUMzJUExcyUzQyUyRmElM0U=[\/vc_raw_html][mk_fancy_title size=\u00bb28&#8243; font_family=\u00bbnone\u00bb]CLIMAVER PLUS R<br \/>\n[\/mk_fancy_title][vc_single_image image=\u00bb3682&#8243; img_size=\u00bbfull\u00bb][mk_fancy_title size=\u00bb20&#8243; font_family=\u00bbnone\u00bb]<strong>Sustentabilidad<\/strong>[\/mk_fancy_title][vc_column_text css=\u00bb.vc_custom_1616516684954{margin-bottom: 0px !important;}\u00bb]Climaver Plus R es un producto sostenible, que contiene m\u00e1s del 50% dematerial reciclado y es 100% reciclable. Proporciona un gran rendimientoac\u00fastico y t\u00e9rmico.[\/vc_column_text][mk_fancy_title size=\u00bb20&#8243; font_family=\u00bbnone\u00bb]<strong>Caracteristicas<\/strong>[\/mk_fancy_title][vc_column_text css=\u00bb.vc_custom_1616516699776{margin-bottom: 0px !important;}\u00bb]Panel r\u00edgido de lana de vidrio ISOVER de alta densidad, recubierto en lasuperficie exterior con una l\u00e1mina de aluminio reforzada con papel kraft ymalla de vidrio, que act\u00faa como barrera de vapor, y en la superficieinterior, con una l\u00e1mina de aluminio reforzada con papel kraft. La lenguaest\u00e1 cubierta por un complejo interior de aluminio. Se incorpora un velode vidrio en cada cara del panel para proporcionar mayor rigidez.[\/vc_column_text][mk_fancy_title size=\u00bb20&#8243; font_family=\u00bbnone\u00bb]<strong>Aplicaciones<\/strong>[\/mk_fancy_title][vc_column_text css=\u00bb.vc_custom_1616516716039{margin-bottom: 0px !important;}\u00bb]Es la opci\u00f3n id\u00f3nea para la instalaci\u00f3n de conductos de distribuci\u00f3n deaire autoportantes en las instalaciones de climatizaci\u00f3n t\u00e9rmica deedificios.[\/vc_column_text][vc_single_image image=\u00bb3683&#8243; img_size=\u00bbfull\u00bb][\/vc_column][\/vc_row][vc_row][vc_column][mk_padding_divider size=\u00bb60&#8243;][mk_fancy_title size=\u00bb28&#8243; txt_transform=\u00bbuppercase\u00bb font_family=\u00bbnone\u00bb]Lana de vidrio IBR para cubiertas[\/mk_fancy_title][vc_single_image image=\u00bb3684&#8243; img_size=\u00bbfull\u00bb][mk_fancy_title size=\u00bb20&#8243; font_family=\u00bbnone\u00bb]<strong>Sustentabilidad<\/strong>[\/mk_fancy_title][vc_column_text css=\u00bb.vc_custom_1616516730110{margin-bottom: 0px !important;}\u00bb]El aporte a la sostenibilidad de la soluci\u00f3n se basa em el uso deaislamientos IBR com las siguientes particularidades: 50% de contenidode material reciclado, uso de materiales regionales y por ser un material100% reciclable.[\/vc_column_text][mk_fancy_title size=\u00bb20&#8243; font_family=\u00bbnone\u00bb]<strong>Caracteristicas<\/strong>[\/mk_fancy_title][vc_column_text css=\u00bb.vc_custom_1616516740535{margin-bottom: 0px !important;}\u00bb]Rollo de lana de vidrio Isover para aislamiento t\u00e9rmico y ac\u00fastico decubiertas desde el interior. No hidr\u00f3filo y recubierto por una cara compapel Kraft, crea uma barrera de vapor y evita la aparici\u00f3n decondensaci\u00f3n en climas fr\u00edos.[\/vc_column_text][mk_fancy_title size=\u00bb20&#8243; font_family=\u00bbnone\u00bb]<strong>Aplicaciones<\/strong>[\/mk_fancy_title][vc_column_text css=\u00bb.vc_custom_1616516758621{margin-bottom: 0px !important;}\u00bb]Se puede aplicar em cubiertas planas o inclinadas (sin cargas), comoaislamiento entre tabiques, en \u00e1ticos y falsos techos o techos bajos.[\/vc_column_text][vc_single_image image=\u00bb3685&#8243; img_size=\u00bbfull\u00bb][\/vc_column][\/vc_row][vc_row][vc_column][mk_padding_divider size=\u00bb60&#8243;][mk_fancy_title size=\u00bb28&#8243; font_family=\u00bbnone\u00bb]ARENA APTA<br \/>\n[\/mk_fancy_title][vc_single_image image=\u00bb3686&#8243; img_size=\u00bbfull\u00bb][mk_fancy_title size=\u00bb20&#8243; font_family=\u00bbnone\u00bb]<strong>Sustentabilidad<\/strong>[\/mk_fancy_title][vc_column_text css=\u00bb.vc_custom_1616516773866{margin-bottom: 0px !important;}\u00bb]El aporte a la sustentabilidade de Arena Apta se caracteriza por laincorporaci\u00f3n de materiales reciclados, el uso de materiales regionales,as\u00ed como la posibilidad de reutilizaci\u00f3n.[\/vc_column_text][mk_fancy_title size=\u00bb20&#8243; font_family=\u00bbnone\u00bb]<strong>Caracteristicas<\/strong>[\/mk_fancy_title][vc_column_text css=\u00bb.vc_custom_1616516784218{margin-bottom: 0px !important;}\u00bb]Arena Apta son paneles y rolos semirr\u00edgidos, hechos de lana mineral, nohidr\u00f3filos y sin recubrimiento. Fueron dise\u00f1ados para obtener el mejordesempe\u00f1o t\u00e9rmico y ac\u00fastico en el \u00e1rea de construcci\u00f3n.[\/vc_column_text][mk_fancy_title size=\u00bb20&#8243; font_family=\u00bbnone\u00bb]<strong>Aplicaciones<\/strong>[\/mk_fancy_title][vc_column_text css=\u00bb.vc_custom_1616516795586{margin-bottom: 0px !important;}\u00bb]Arena Apta son la mejor opci\u00f3n para espacios interiores verticales,especialmente espacios secos con estrutura met\u00e1lica y cart\u00f3n-yesolaminado. Tambi\u00e9n se utilizan para el aislamiento de instalaciones, comofontaner\u00eda y conductos.[\/vc_column_text][vc_single_image image=\u00bb3685&#8243; img_size=\u00bbfull\u00bb][mk_fancy_title size=\u00bb20&#8243; font_family=\u00bbnone\u00bb]\n<p style=\"text-align: center;\" align=\"LEFT\"><a href=\"https:\/\/www.isover.pt\/\">ISOVER<\/a><\/p>\n<p style=\"text-align: center;\" align=\"LEFT\">Zona Industrial de Taboeira<br \/>\n3800-055 Aveiro<\/p>\n<p style=\"text-align: center;\" align=\"LEFT\">Telf +351 234 301 130<\/p>\n[\/mk_fancy_title][\/vc_column][\/vc_row][vc_row][vc_column][\/vc_column][\/vc_row]","protected":false},"excerpt":{"rendered":"<p>[vc_row][vc_column][vc_raw_html]JTNDYSUyMGhyZWYlM0QlMjJqYXZhc2NyaXB0JTNBaGlzdG9yeS5nbyUyOC0xJTI5JTIyJTNFJTNDJTIwQXRyJUMzJUExcyUzQyUyRmElM0U=[\/vc_raw_html][mk_fancy_title size=\u00bb28&#8243; font_family=\u00bbnone\u00bb]CLIMAVER PLUS R [\/mk_fancy_title][vc_single_image image=\u00bb3682&#8243; img_size=\u00bbfull\u00bb][mk_fancy_title size=\u00bb20&#8243; font_family=\u00bbnone\u00bb]Sustentabilidad[\/mk_fancy_title][vc_column_text css=\u00bb.vc_custom_1616516684954{margin-bottom: 0px !important;}\u00bb]Climaver Plus R es un producto sostenible, que contiene m\u00e1s del 50% dematerial reciclado y es 100% reciclable. Proporciona un gran rendimientoac\u00fastico y t\u00e9rmico.[\/vc_column_text][mk_fancy_title size=\u00bb20&#8243; font_family=\u00bbnone\u00bb]Caracteristicas[\/mk_fancy_title][vc_column_text css=\u00bb.vc_custom_1616516699776{margin-bottom: 0px !important;}\u00bb]Panel r\u00edgido de lana de vidrio ISOVER de alta densidad, recubierto en lasuperficie exterior con [&hellip;]<\/p>\n","protected":false},"author":1,"featured_media":0,"parent":0,"menu_order":0,"comment_status":"closed","ping_status":"closed","template":"","meta":{"_acf_changed":false,"footnotes":""},"class_list":["post-3680","page","type-page","status-publish","hentry"],"acf":[],"_links":{"self":[{"href":"https:\/\/myecobuild.csustentavel.com\/es\/wp-json\/wp\/v2\/pages\/3680"}],"collection":[{"href":"https:\/\/myecobuild.csustentavel.com\/es\/wp-json\/wp\/v2\/pages"}],"about":[{"href":"https:\/\/myecobuild.csustentavel.com\/es\/wp-json\/wp\/v2\/types\/page"}],"author":[{"embeddable":true,"href":"https:\/\/myecobuild.csustentavel.com\/es\/wp-json\/wp\/v2\/users\/1"}],"replies":[{"embeddable":true,"href":"https:\/\/myecobuild.csustentavel.com\/es\/wp-json\/wp\/v2\/comments?post=3680"}],"version-history":[{"count":4,"href":"https:\/\/myecobuild.csustentavel.com\/es\/wp-json\/wp\/v2\/pages\/3680\/revisions"}],"predecessor-version":[{"id":3689,"href":"https:\/\/myecobuild.csustentavel.com\/es\/wp-json\/wp\/v2\/pages\/3680\/revisions\/3689"}],"wp:attachment":[{"href":"https:\/\/myecobuild.csustentavel.com\/es\/wp-json\/wp\/v2\/media?parent=3680"}],"curies":[{"name":"wp","href":"https:\/\/api.w.org\/{rel}","templated":true}]}}