{"id":3697,"date":"2021-03-24T15:43:18","date_gmt":"2021-03-24T15:43:18","guid":{"rendered":"https:\/\/myecobuild.csustentavel.com\/?page_id=3697"},"modified":"2021-04-05T08:50:31","modified_gmt":"2021-04-05T08:50:31","slug":"weber-ecoprodutos","status":"publish","type":"page","link":"https:\/\/myecobuild.csustentavel.com\/es\/weber-ecoprodutos\/","title":{"rendered":"WEBER | ECOPRODUCTOS"},"content":{"rendered":"[vc_row][vc_column][vc_raw_html]JTNDYSUyMGhyZWYlM0QlMjJqYXZhc2NyaXB0JTNBaGlzdG9yeS5nbyUyOC0xJTI5JTIyJTNFJTNDJTIwQXRyJUMzJUExcyUzQyUyRmElM0U=[\/vc_raw_html][mk_fancy_title size=\u00bb28&#8243; font_family=\u00bbnone\u00bb]WEBERTHERM COMFORT[\/mk_fancy_title][vc_single_image image=\u00bb3699&#8243; img_size=\u00bbfull\u00bb][mk_fancy_title size=\u00bb20&#8243; font_family=\u00bbnone\u00bb]<strong>Sustentabilidad<\/strong>[\/mk_fancy_title][vc_column_text css=\u00bb.vc_custom_1616602957629{margin-bottom: 0px !important;}\u00bb]\n<p style=\"text-align: center;\">El sistema webertherm Comfort se basa em el uso del material aislante Clima 34, caracterizado por la incorporaci\u00f3n de materiales reciclados, el uso de materiales regionales y la reutilizaci\u00f3n de materiales 100% reciclables.<\/p>\n[\/vc_column_text][mk_fancy_title size=\u00bb20&#8243; font_family=\u00bbnone\u00bb]<strong>Caracteristicas<\/strong>[\/mk_fancy_title][vc_column_text css=\u00bb.vc_custom_1616602983301{margin-bottom: 0px !important;}\u00bb]\n<p style=\"text-align: center;\">Cumple con los requisitos de la Normativa de Seguridad contra Incendios em Edificios, adem\u00e1s de mejorar las prestaciones de aislamiento ac\u00fastico de la fachada. Tiene un acabado de color tradicional.<\/p>\n[\/vc_column_text][mk_fancy_title size=\u00bb20&#8243; font_family=\u00bbnone\u00bb]<strong>Aplicaciones<\/strong>[\/mk_fancy_title][vc_column_text css=\u00bb.vc_custom_1616603014062{margin-bottom: 0px !important;}\u00bb]\n<p style=\"text-align: center;\">Es un sistema de revestimento de fachada ign\u00edfugo, basado en placas de lana de vidrio de alta densidad. Se puede aplicar sobre nuevos substratos con superf\u00edcie plana como hormig\u00f3n y revoques de cemento y paneles de madera tipo OSB, o en la rehabilitaci\u00f3n de revoques de cal viejos, em pintura o en cer\u00e1mica.<\/p>\n[\/vc_column_text][vc_single_image image=\u00bb3700&#8243; img_size=\u00bbfull\u00bb][\/vc_column][\/vc_row][vc_row][vc_column][mk_padding_divider size=\u00bb60&#8243;][mk_fancy_title size=\u00bb28&#8243; font_family=\u00bbnone\u00bb]WEBERTHERM NATURA[\/mk_fancy_title][vc_single_image image=\u00bb3701&#8243; img_size=\u00bbfull\u00bb][mk_fancy_title size=\u00bb20&#8243; font_family=\u00bbnone\u00bb]<strong>Sustentabilidad<\/strong>[\/mk_fancy_title][vc_column_text css=\u00bb.vc_custom_1616603078011{margin-bottom: 0px !important;}\u00bb]\n<p style=\"text-align: center;\">Sistema de aislamiento t\u00e9rmico, a base de l\u00e1minas aislantes de aglomerado de corcho expandido, 100% natural y reciclable, y morteros de cal. La contribuci\u00f3n a la sostenibilidad se comprueba por el alto comportamiento medioambiental del aislamiento en corcho.<\/p>\n[\/vc_column_text][mk_fancy_title size=\u00bb20&#8243; font_family=\u00bbnone\u00bb]<strong>Caracteristicas<\/strong>[\/mk_fancy_title][vc_column_text css=\u00bb.vc_custom_1616603092903{margin-bottom: 0px !important;}\u00bb]\n<p style=\"text-align: center;\">Conductividad t\u00e9rmica del aislante (W \/ m\u00baC) = 0.040 (ficha t\u00e9cnica del fabricante) Emisi\u00f3n de contribuyentes para lo calentamiento global (kg CO2 equivalente \/ m2) = 2,96 (DAP 001: 2016); Resistencia a la difusi\u00f3n del vapor de agua (espesor del aire de difusi\u00f3n equivalente, en m) = 0,06 (ETA 15\/0085); Reacci\u00f3n al fuego del sistema (EN 13501-1) = B &#8211; s1, d0 (ETA 15\/0085).<\/p>\n[\/vc_column_text][mk_fancy_title size=\u00bb20&#8243; font_family=\u00bbnone\u00bb]<strong>Aplicaciones<\/strong>[\/mk_fancy_title][vc_column_text css=\u00bb.vc_custom_1616603103831{margin-bottom: 0px !important;}\u00bb]\n<p style=\"text-align: center;\">Revestimiento aislante t\u00e9rmico exterior para fachadas. Indicado para rehabilitaci\u00f3n funcional (impermeabilidad, agrietamiento y est\u00e9tica) y mejora del aislamiento t\u00e9rmico. Aplicaci\u00f3n sobre soportes nuevos de superficie plana, como hormig\u00f3n y revoques de cemento y paneles de madera tipo OSB. Rehabilitaci\u00f3n en yeso antiguo a la cal, en pintado o em cer\u00e1mico.<\/p>\n[\/vc_column_text][vc_single_image image=\u00bb3700&#8243; img_size=\u00bbfull\u00bb][\/vc_column][\/vc_row][vc_row][vc_column][mk_padding_divider size=\u00bb60&#8243;][mk_fancy_title size=\u00bb28&#8243; font_family=\u00bbnone\u00bb]WEBERCOL FLEX LEV[\/mk_fancy_title][vc_single_image image=\u00bb3703&#8243; img_size=\u00bbfull\u00bb][mk_fancy_title size=\u00bb20&#8243; font_family=\u00bbnone\u00bb]<strong>Sustentabilidad<\/strong>[\/mk_fancy_title][vc_column_text css=\u00bb.vc_custom_1616603174557{margin-bottom: 0px !important;}\u00bb]\n<p style=\"text-align: center;\">El webercol flex lev es el primer mortero con la mitad de peso para el mismo rendimiento, lo qu\u00e9 facilita el transporte y reduce sus costes. Pesa 12,5 kg, est\u00e1 compuesto por m\u00e1s de un 30% de materiales reciclados y requiere menos esfuerzo para su aplicaci\u00f3n y manipulaci\u00f3n.<\/p>\n[\/vc_column_text][mk_fancy_title size=\u00bb20&#8243; font_family=\u00bbnone\u00bb]<strong>Caracteristicas<\/strong>[\/mk_fancy_title][vc_column_text css=\u00bb.vc_custom_1616603184285{margin-bottom: 0px !important;}\u00bb]\n<p style=\"text-align: center;\">El webercol flex lev es un mortero para pegar cer\u00e1mica, piedra natural y mosaico hidr\u00e1ulico, aplicable tanto en interior como en exterior. Su textura cremosa hace que sea m\u00e1s f\u00e1cil y r\u00e1pido de aplicar.<\/p>\n[\/vc_column_text][mk_fancy_title size=\u00bb20&#8243; font_family=\u00bbnone\u00bb]<strong>Aplicaciones<\/strong>[\/mk_fancy_title][vc_column_text css=\u00bb.vc_custom_1617616230207{margin-bottom: 0px !important;}\u00bb]\n<p style=\"text-align: center;\">El mismo producto se utiliza para el pegado de cer\u00e1mica, piedra natural y mosaicos hidr\u00e1ulicos, en suelos y paredes interiores, en fachadas y suelos exteriores.<\/p>\n[\/vc_column_text][vc_single_image image=\u00bb3702&#8243; img_size=\u00bbfull\u00bb][\/vc_column][\/vc_row][vc_row][vc_column][mk_fancy_title size=\u00bb20&#8243; font_family=\u00bbnone\u00bb]\n<p style=\"text-align: center;\"><a href=\"https:\/\/www.pt.weber\/\">WEBER<\/a><\/p>\n<p style=\"text-align: center;\">Zona Industrial de Taboeira<\/p>\n<p style=\"text-align: center;\">3800-055 Aveiro<\/p>\n<p style=\"text-align: center;\">Tef + 351 234 301 130<\/p>\n[\/mk_fancy_title][\/vc_column][\/vc_row]","protected":false},"excerpt":{"rendered":"<p>[vc_row][vc_column][vc_raw_html]JTNDYSUyMGhyZWYlM0QlMjJqYXZhc2NyaXB0JTNBaGlzdG9yeS5nbyUyOC0xJTI5JTIyJTNFJTNDJTIwQXRyJUMzJUExcyUzQyUyRmElM0U=[\/vc_raw_html][mk_fancy_title size=\u00bb28&#8243; font_family=\u00bbnone\u00bb]WEBERTHERM COMFORT[\/mk_fancy_title][vc_single_image image=\u00bb3699&#8243; img_size=\u00bbfull\u00bb][mk_fancy_title size=\u00bb20&#8243; font_family=\u00bbnone\u00bb]Sustentabilidad[\/mk_fancy_title][vc_column_text css=\u00bb.vc_custom_1616602957629{margin-bottom: 0px !important;}\u00bb] El sistema webertherm Comfort se basa em el uso del material aislante Clima 34, caracterizado por la incorporaci\u00f3n de materiales reciclados, el uso de materiales regionales y la reutilizaci\u00f3n de materiales 100% reciclables. [\/vc_column_text][mk_fancy_title size=\u00bb20&#8243; font_family=\u00bbnone\u00bb]Caracteristicas[\/mk_fancy_title][vc_column_text css=\u00bb.vc_custom_1616602983301{margin-bottom: 0px !important;}\u00bb] Cumple con los requisitos de [&hellip;]<\/p>\n","protected":false},"author":1,"featured_media":0,"parent":0,"menu_order":0,"comment_status":"closed","ping_status":"closed","template":"","meta":{"_acf_changed":false,"footnotes":""},"class_list":["post-3697","page","type-page","status-publish","hentry"],"acf":[],"_links":{"self":[{"href":"https:\/\/myecobuild.csustentavel.com\/es\/wp-json\/wp\/v2\/pages\/3697"}],"collection":[{"href":"https:\/\/myecobuild.csustentavel.com\/es\/wp-json\/wp\/v2\/pages"}],"about":[{"href":"https:\/\/myecobuild.csustentavel.com\/es\/wp-json\/wp\/v2\/types\/page"}],"author":[{"embeddable":true,"href":"https:\/\/myecobuild.csustentavel.com\/es\/wp-json\/wp\/v2\/users\/1"}],"replies":[{"embeddable":true,"href":"https:\/\/myecobuild.csustentavel.com\/es\/wp-json\/wp\/v2\/comments?post=3697"}],"version-history":[{"count":6,"href":"https:\/\/myecobuild.csustentavel.com\/es\/wp-json\/wp\/v2\/pages\/3697\/revisions"}],"predecessor-version":[{"id":3772,"href":"https:\/\/myecobuild.csustentavel.com\/es\/wp-json\/wp\/v2\/pages\/3697\/revisions\/3772"}],"wp:attachment":[{"href":"https:\/\/myecobuild.csustentavel.com\/es\/wp-json\/wp\/v2\/media?parent=3697"}],"curies":[{"name":"wp","href":"https:\/\/api.w.org\/{rel}","templated":true}]}}