{"id":3714,"date":"2021-03-24T17:16:28","date_gmt":"2021-03-24T17:16:28","guid":{"rendered":"https:\/\/myecobuild.csustentavel.com\/?page_id=3714"},"modified":"2021-04-05T08:49:27","modified_gmt":"2021-04-05T08:49:27","slug":"placo-ecoprodutos","status":"publish","type":"page","link":"https:\/\/myecobuild.csustentavel.com\/es\/placo-ecoprodutos\/","title":{"rendered":"PLACO | ECOPRODUCTOS"},"content":{"rendered":"[vc_row][vc_column][vc_raw_html]JTNDYSUyMGhyZWYlM0QlMjJqYXZhc2NyaXB0JTNBaGlzdG9yeS5nbyUyOC0xJTI5JTIyJTNFJTNDJTIwQXRyJUMzJUExcyUzQyUyRmElM0U=[\/vc_raw_html][mk_fancy_title size=\u00bb28&#8243; font_family=\u00bbnone\u00bb] 4PRO\u00ae ACTIV&#8217;AIR\u00ae[\/mk_fancy_title][vc_single_image image=\u00bb3716&#8243; img_size=\u00bbfull\u00bb][mk_fancy_title size=\u00bb20&#8243; font_family=\u00bbnone\u00bb]<strong>Sustentabilidad<\/strong>[\/mk_fancy_title][vc_column_text css=\u00bb.vc_custom_1616606749877{margin-bottom: 0px !important;}\u00bb]\n<p style=\"text-align: center;\">Siguiendo el compromiso con la sostenibilidad, 4PRO\u00ae ACTIV&#8217;AIR\u00ae de Placo es 100% reciclable, un factor importante en la construcci\u00f3n sostenible y cada vez m\u00e1s relevante para los requisitos y est\u00e1ndares de una actividad que tiene como objetivo reducir el impacto ambiental. Aporta puntos para las cada vez m\u00e1s requeridas certificaciones LEED, BREAM y Verde.<\/p>\n[\/vc_column_text][mk_fancy_title size=\u00bb20&#8243; font_family=\u00bbnone\u00bb]<strong>Caracteristicas<\/strong>[\/mk_fancy_title][vc_column_text css=\u00bb.vc_custom_1616606766501{margin-bottom: 0px !important;}\u00bb]\n<p style=\"text-align: center;\">El nuevo 4PRO\u00ae ACTIV&#8217;AIR\u00ae une la placa diferenciadora 4PRO\u00ae con la tecnolog\u00eda ACTIV`AIR\u00ae \u00fanica y patentada de Saint-Gobain. Esta tecnolog\u00eda act\u00faa en la depuraci\u00f3n del aire, transformando los agentes contaminantes de la atm\u00f3sfera interior, como los COV (compuestos org\u00e1nicos vol\u00e1tiles) y los formaldeh\u00eddos en compuestos no da\u00f1inos para la salud.<\/p>\n[\/vc_column_text][mk_fancy_title size=\u00bb20&#8243; font_family=\u00bbnone\u00bb]<strong>Aplicaciones<\/strong>[\/mk_fancy_title][vc_column_text css=\u00bb.vc_custom_1616606786850{margin-bottom: 0px !important;}\u00bb]\n<p style=\"text-align: center;\">Es una soluci\u00f3n que proporciona al m\u00e1s simple de los falsos techos un acabado perfecto, provocado por los cuatro cantos afinados con la depuraci\u00f3n del aire resultante de la tecnolog\u00eda ACTIV\u2019AIR\u00ae.<\/p>\n[\/vc_column_text][vc_single_image image=\u00bb3717&#8243; img_size=\u00bbfull\u00bb][\/vc_column][\/vc_row][vc_row][vc_column][mk_padding_divider size=\u00bb60&#8243;][mk_fancy_title size=\u00bb28&#8243; font_family=\u00bbnone\u00bb]PLACOTHERM V<br \/>\n[\/mk_fancy_title][vc_single_image image=\u00bb3718&#8243; img_size=\u00bbfull\u00bb][mk_fancy_title size=\u00bb20&#8243; font_family=\u00bbnone\u00bb]<strong>Sustentabilidad<\/strong>[\/mk_fancy_title][vc_column_text css=\u00bb.vc_custom_1616606830421{margin-bottom: 0px !important;}\u00bb]\n<p style=\"text-align: center;\">La contribuci\u00f3n a la sostenibilidad de la soluci\u00f3n se basa en el uso del producto aislante Ecovent, caracterizado por el contenido de materiales reciclados, el uso de materiales regionales y la reutilizaci\u00f3n de materiales.<\/p>\n[\/vc_column_text][mk_fancy_title size=\u00bb20&#8243; font_family=\u00bbnone\u00bb]<strong>Caracteristicas<\/strong>[\/mk_fancy_title][vc_column_text css=\u00bb.vc_custom_1616606841796{margin-bottom: 0px !important;}\u00bb]\n<p style=\"text-align: center;\">L\u00e1mina exterior para revestimiento continuo de fachadas, aislada con lana de vidrio Ecovent. Crea fachadas de alta eficiencia energ\u00e9tica y un revestimiento resistente e impermeable.<\/p>\n[\/vc_column_text][mk_fancy_title size=\u00bb20&#8243; font_family=\u00bbnone\u00bb]<strong>Aplicaciones<\/strong>[\/mk_fancy_title][vc_column_text css=\u00bb.vc_custom_1616606861606{margin-bottom: 0px !important;}\u00bb]\n<p style=\"text-align: center;\">Apto para rehabilitaci\u00f3n de edificios o como opci\u00f3n de chapa exterior aislada para construcci\u00f3n de obra nueva. Aplicaci\u00f3n sobre todo tipo de soportes, desde bloques hasta cer\u00e1micos, estructuras o madera.<\/p>\n[\/vc_column_text][vc_single_image image=\u00bb3719&#8243; img_size=\u00bbfull\u00bb][\/vc_column][\/vc_row][vc_row][vc_column][mk_padding_divider size=\u00bb60&#8243;][mk_fancy_title size=\u00bb28&#8243; font_family=\u00bbnone\u00bb]BA 13 ACTIV&#8217;AIR\u00ae[\/mk_fancy_title][vc_single_image image=\u00bb3720&#8243; img_size=\u00bbfull\u00bb][mk_fancy_title size=\u00bb20&#8243; font_family=\u00bbnone\u00bb]<strong>Sustentabilidad<\/strong>[\/mk_fancy_title][vc_column_text css=\u00bb.vc_custom_1616606931358{margin-bottom: 0px !important;}\u00bb]\n<p style=\"text-align: center;\">Placa de yeso laminado con cart\u00f3n en sus caras y alma de yeso de origen natural. Incorpora la tecnolog\u00eda Activ&#8217;Air que act\u00faa sobre la depuraci\u00f3n del aire, transformando los contaminantes de la atm\u00f3sfera interior, como los COV (compuestos org\u00e1nicos vol\u00e1tiles) y los formaldeh\u00eddos en compuestos no da\u00f1inos para la salud.<\/p>\n[\/vc_column_text][mk_fancy_title size=\u00bb20&#8243; font_family=\u00bbnone\u00bb]<strong>Caracteristicas<\/strong>[\/mk_fancy_title][vc_column_text css=\u00bb.vc_custom_1616606940355{margin-bottom: 0px !important;}\u00bb]\n<p style=\"text-align: center;\">Placa de yeso fabricada mediante un proceso de laminaci\u00f3n continuo y con los cantos longitudinales rebajados. Tiene un acabado listo para pintar, proporciona un aislamiento ac\u00fastico eficaz y un alto aislamiento t\u00e9rmico. Instalaci\u00f3n f\u00e1cil y r\u00e1pida.<\/p>\n[\/vc_column_text][mk_fancy_title size=\u00bb20&#8243; font_family=\u00bbnone\u00bb]<strong>Aplicaciones<\/strong>[\/mk_fancy_title][vc_column_text css=\u00bb.vc_custom_1616606958471{margin-bottom: 0px !important;}\u00bb]\n<p style=\"text-align: center;\">Construcci\u00f3n de sistemas constructivos en seco en interiores: Tabiques, revestimientos autoportantes o directos, techos continuos y elementos decorativos.<\/p>\n[\/vc_column_text][vc_single_image image=\u00bb3721&#8243; img_size=\u00bbfull\u00bb][\/vc_column][\/vc_row][vc_row][vc_column][mk_fancy_title size=\u00bb20&#8243; font_family=\u00bbnone\u00bb]\n<p style=\"text-align: center;\" align=\"LEFT\"><a href=\"https:\/\/www.placo.pt\/\">PLACO<\/a><\/p>\n<p style=\"text-align: center;\" align=\"LEFT\">Zona Industrial de Taboeira<\/p>\n<p style=\"text-align: center;\" align=\"LEFT\">3800-055 Aveiro<\/p>\n<p style=\"text-align: center;\" align=\"LEFT\">Telf + 351 234 301 130<\/p>\n[\/mk_fancy_title][\/vc_column][\/vc_row]","protected":false},"excerpt":{"rendered":"<p>[vc_row][vc_column][vc_raw_html]JTNDYSUyMGhyZWYlM0QlMjJqYXZhc2NyaXB0JTNBaGlzdG9yeS5nbyUyOC0xJTI5JTIyJTNFJTNDJTIwQXRyJUMzJUExcyUzQyUyRmElM0U=[\/vc_raw_html][mk_fancy_title size=\u00bb28&#8243; font_family=\u00bbnone\u00bb] 4PRO\u00ae ACTIV&#8217;AIR\u00ae[\/mk_fancy_title][vc_single_image image=\u00bb3716&#8243; img_size=\u00bbfull\u00bb][mk_fancy_title size=\u00bb20&#8243; font_family=\u00bbnone\u00bb]Sustentabilidad[\/mk_fancy_title][vc_column_text css=\u00bb.vc_custom_1616606749877{margin-bottom: 0px !important;}\u00bb] Siguiendo el compromiso con la sostenibilidad, 4PRO\u00ae ACTIV&#8217;AIR\u00ae de Placo es 100% reciclable, un factor importante en la construcci\u00f3n sostenible y cada vez m\u00e1s relevante para los requisitos y est\u00e1ndares de una actividad que tiene como objetivo reducir el impacto ambiental. Aporta puntos [&hellip;]<\/p>\n","protected":false},"author":1,"featured_media":0,"parent":0,"menu_order":0,"comment_status":"closed","ping_status":"closed","template":"","meta":{"_acf_changed":false,"footnotes":""},"class_list":["post-3714","page","type-page","status-publish","hentry"],"acf":[],"_links":{"self":[{"href":"https:\/\/myecobuild.csustentavel.com\/es\/wp-json\/wp\/v2\/pages\/3714"}],"collection":[{"href":"https:\/\/myecobuild.csustentavel.com\/es\/wp-json\/wp\/v2\/pages"}],"about":[{"href":"https:\/\/myecobuild.csustentavel.com\/es\/wp-json\/wp\/v2\/types\/page"}],"author":[{"embeddable":true,"href":"https:\/\/myecobuild.csustentavel.com\/es\/wp-json\/wp\/v2\/users\/1"}],"replies":[{"embeddable":true,"href":"https:\/\/myecobuild.csustentavel.com\/es\/wp-json\/wp\/v2\/comments?post=3714"}],"version-history":[{"count":5,"href":"https:\/\/myecobuild.csustentavel.com\/es\/wp-json\/wp\/v2\/pages\/3714\/revisions"}],"predecessor-version":[{"id":3771,"href":"https:\/\/myecobuild.csustentavel.com\/es\/wp-json\/wp\/v2\/pages\/3714\/revisions\/3771"}],"wp:attachment":[{"href":"https:\/\/myecobuild.csustentavel.com\/es\/wp-json\/wp\/v2\/media?parent=3714"}],"curies":[{"name":"wp","href":"https:\/\/api.w.org\/{rel}","templated":true}]}}