{"id":3789,"date":"2021-04-13T09:09:34","date_gmt":"2021-04-13T09:09:34","guid":{"rendered":"https:\/\/myecobuild.csustentavel.com\/?page_id=3789"},"modified":"2021-04-18T23:01:04","modified_gmt":"2021-04-18T23:01:04","slug":"infinite-green","status":"publish","type":"page","link":"https:\/\/myecobuild.csustentavel.com\/es\/infinite-green\/","title":{"rendered":"Infinite Green | Ecoprodutos"},"content":{"rendered":"[vc_row][vc_column][mk_padding_divider size=\u00bb20&#8243;][vc_raw_html]JTNDYSUyMGhyZWYlM0QlMjJqYXZhc2NyaXB0JTNBaGlzdG9yeS5nbyUyOC0xJTI5JTIyJTNFJTNDJTIwQXRyJUMzJUExcyUzQyUyRmElM0U=[\/vc_raw_html][mk_fancy_title size=\u00bb28&#8243; font_family=\u00bbnone\u00bb]ISOFOR<br \/>\n[\/mk_fancy_title][vc_single_image image=\u00bb3790&#8243; img_size=\u00bbfull\u00bb alignment=\u00bbcenter\u00bb][mk_fancy_title size=\u00bb20&#8243; font_family=\u00bbnone\u00bb]<strong>Sustentabilidad<\/strong>[\/mk_fancy_title][vc_column_text css=\u00bb.vc_custom_1618305514411{margin-bottom: 0px !important;}\u00bb]\n<p style=\"text-align: center;\">El aislamiento ISOFOR es una espuma producida con resina de urea espec\u00edfica y de acuerdo con las normas europeas DIN 15100-1:2005. Con una composici\u00f3n especialmente formulada para uso en residencias, el ISOFOR, al contrario de otros productos similares, no libera cantidades detectables de metanol irritante ni contiene retardante de llamas perjudiciales para la salud.<\/p>\n[\/vc_column_text][mk_fancy_title size=\u00bb20&#8243; font_family=\u00bbnone\u00bb]<strong>Caracteristicas<\/strong>[\/mk_fancy_title][vc_column_text css=\u00bb.vc_custom_1618305525004{margin-bottom: 0px !important;}\u00bb]\n<p style=\"text-align: center;\">A trav\u00e9s del proceso de difusi\u00f3n del vapor, el ISOFOR posibilita la respiraci\u00f3n de las paredes garantizando la eliminaci\u00f3n de condensaci\u00f3n que se pueda formar en el interior de las paredes e impidiendo su aparici\u00f3n en la superficie interna. Esto resulta en un mayor confort, con un ahorro sustancial en los consumos energ\u00e9ticos para climatizaci\u00f3n y un aislamiento t\u00e9rmico y ac\u00fastico perfecto y estable, cuya durabilidad es igual a la del propio edificio.<\/p>\n[\/vc_column_text][mk_fancy_title size=\u00bb20&#8243; font_family=\u00bbnone\u00bb]<strong>Aplicaciones<\/strong>[\/mk_fancy_title][vc_column_text css=\u00bb.vc_custom_1618305534587{margin-bottom: 0px !important;}\u00bb]\n<p style=\"text-align: center;\">Es adecuado especialmente para paredes exteriores con c\u00e1mara de aire, sin aislamiento o como complemento de aislamientos tradicionales en las paredes, en particular la lana de roca o el poliestireno, necesitando solamente hacer peque\u00f1as perforaciones para su aplicaci\u00f3n.<\/p>\n[\/vc_column_text][vc_empty_space height=\u00bb15px\u00bb][mk_fancy_title size=\u00bb20&#8243; font_family=\u00bbnone\u00bb]<strong>APLICACI\u00d3N DEL PRODUCTO<\/strong>[\/mk_fancy_title][vc_video host=\u00bbself_hosted\u00bb mp4=\u00bbhttps:\/\/myecobuild.csustentavel.com\/wp-content\/uploads\/2021\/04\/isofor-portugal-isolamento-de-paredes.mp4&#8243;][vc_empty_space height=\u00bb15px\u00bb][vc_single_image image=\u00bb3800&#8243; img_size=\u00bbfull\u00bb][\/vc_column][\/vc_row][vc_row][vc_column][vc_column_text]\n[\/vc_column_text][\/vc_column][\/vc_row][vc_row][vc_column][mk_fancy_title size=\u00bb20&#8243; font_family=\u00bbnone\u00bb]\n<p style=\"text-align: center;\" align=\"LEFT\"><a href=\"https:\/\/www.infinitegreen.pt\/epages\/2494-110205.sf\/pt_PT\/?ObjectPath=\/Shops\/2494-110205\/Categories\/Produtos\/Isolamento_Termico_e_Acustico1\/Isolamento_ISOFOR\">INFINITE GREEN | SOLU\u00c7\u00d5ES DE EFICI\u00caNCIA ENERG\u00c9TICA<\/a><\/p>\n<p style=\"text-align: center;\" align=\"LEFT\">Estrada Nacional 9, n\u00ba 2 D \u2013 Gibraltar<br \/>\n2560-122 Ponte do Rol, Torres Vedras | PORTUGAL<\/p>\n<p style=\"text-align: center;\" align=\"LEFT\">Telf +351 261 317 213<\/p>\n[\/mk_fancy_title][\/vc_column][\/vc_row]","protected":false},"excerpt":{"rendered":"<p>[vc_row][vc_column][mk_padding_divider size=\u00bb20&#8243;][vc_raw_html]JTNDYSUyMGhyZWYlM0QlMjJqYXZhc2NyaXB0JTNBaGlzdG9yeS5nbyUyOC0xJTI5JTIyJTNFJTNDJTIwQXRyJUMzJUExcyUzQyUyRmElM0U=[\/vc_raw_html][mk_fancy_title size=\u00bb28&#8243; font_family=\u00bbnone\u00bb]ISOFOR [\/mk_fancy_title][vc_single_image image=\u00bb3790&#8243; img_size=\u00bbfull\u00bb alignment=\u00bbcenter\u00bb][mk_fancy_title size=\u00bb20&#8243; font_family=\u00bbnone\u00bb]Sustentabilidad[\/mk_fancy_title][vc_column_text css=\u00bb.vc_custom_1618305514411{margin-bottom: 0px !important;}\u00bb] El aislamiento ISOFOR es una espuma producida con resina de urea espec\u00edfica y de acuerdo con las normas europeas DIN 15100-1:2005. Con una composici\u00f3n especialmente formulada para uso en residencias, el ISOFOR, al contrario de otros productos similares, no libera cantidades detectables [&hellip;]<\/p>\n","protected":false},"author":1,"featured_media":0,"parent":0,"menu_order":0,"comment_status":"closed","ping_status":"closed","template":"","meta":{"_acf_changed":false,"footnotes":""},"class_list":["post-3789","page","type-page","status-publish","hentry"],"acf":[],"_links":{"self":[{"href":"https:\/\/myecobuild.csustentavel.com\/es\/wp-json\/wp\/v2\/pages\/3789"}],"collection":[{"href":"https:\/\/myecobuild.csustentavel.com\/es\/wp-json\/wp\/v2\/pages"}],"about":[{"href":"https:\/\/myecobuild.csustentavel.com\/es\/wp-json\/wp\/v2\/types\/page"}],"author":[{"embeddable":true,"href":"https:\/\/myecobuild.csustentavel.com\/es\/wp-json\/wp\/v2\/users\/1"}],"replies":[{"embeddable":true,"href":"https:\/\/myecobuild.csustentavel.com\/es\/wp-json\/wp\/v2\/comments?post=3789"}],"version-history":[{"count":15,"href":"https:\/\/myecobuild.csustentavel.com\/es\/wp-json\/wp\/v2\/pages\/3789\/revisions"}],"predecessor-version":[{"id":3842,"href":"https:\/\/myecobuild.csustentavel.com\/es\/wp-json\/wp\/v2\/pages\/3789\/revisions\/3842"}],"wp:attachment":[{"href":"https:\/\/myecobuild.csustentavel.com\/es\/wp-json\/wp\/v2\/media?parent=3789"}],"curies":[{"name":"wp","href":"https:\/\/api.w.org\/{rel}","templated":true}]}}