{"id":3826,"date":"2021-04-13T15:28:55","date_gmt":"2021-04-13T15:28:55","guid":{"rendered":"https:\/\/myecobuild.csustentavel.com\/?page_id=3826"},"modified":"2021-04-30T16:23:45","modified_gmt":"2021-04-30T16:23:45","slug":"volcalis-ecoprodutos","status":"publish","type":"page","link":"https:\/\/myecobuild.csustentavel.com\/es\/volcalis-ecoprodutos\/","title":{"rendered":"Volcalis | Ecoprodutos"},"content":{"rendered":"[vc_row][vc_column][mk_padding_divider size=\u00bb20&#8243;][vc_raw_html]JTNDYSUyMGhyZWYlM0QlMjJqYXZhc2NyaXB0JTNBaGlzdG9yeS5nbyUyOC0xJTI5JTIyJTNFJTNDJTIwQXRyJUMzJUExcyUzQyUyRmElM0U=[\/vc_raw_html][mk_fancy_title size=\u00bb28&#8243; font_family=\u00bbnone\u00bb]AISLAMIENTO EN LANA MINERAL<br \/>\n[\/mk_fancy_title][vc_single_image image=\u00bb3827&#8243; img_size=\u00bbfull\u00bb alignment=\u00bbcenter\u00bb][mk_fancy_title size=\u00bb20&#8243; font_family=\u00bbnone\u00bb]<strong>Sustentabilidad<\/strong>[\/mk_fancy_title][vc_column_text css=\u00bb.vc_custom_1618327776305{margin-bottom: 0px !important;}\u00bb]\n<p style=\"text-align: center;\">La lana mineral Volcalis es un producto 100% reciclable y ecol\u00f3gico, a base de arena y ligante de origen biol\u00f3gico. Por ser un excelente aislamiento posibilita la reducci\u00f3n del consumo de energ\u00eda en los edificios y, por ser altamente compresible, disminuye en cerca de 10 veces el n\u00famero de transportes necesarios, reduciendo as\u00ed a\u00fan m\u00e1s las emisiones de CO2.<\/p>\n[\/vc_column_text][mk_fancy_title size=\u00bb20&#8243; font_family=\u00bbnone\u00bb]<strong>Caracteristicas<\/strong>[\/mk_fancy_title][vc_column_text css=\u00bb.vc_custom_1618327804732{margin-bottom: 0px !important;}\u00bb]\n<p style=\"text-align: center;\">La lana mineral Volcalis es un excelente aislamiento t\u00e9rmico y ac\u00fastico, tiene un toque suave y es f\u00e1cil de manejar. Por ser altamente compresible simplifica el transporte, el corte y la instalaci\u00f3n. Es un material de protecci\u00f3n contra incendios, no es combustible y no conduce el calor.<\/p>\n[\/vc_column_text][mk_fancy_title size=\u00bb20&#8243; font_family=\u00bbnone\u00bb]<strong>Aplicaciones<\/strong>[\/mk_fancy_title][vc_column_text css=\u00bb.vc_custom_1618327813297{margin-bottom: 0px !important;}\u00bb]\n<p style=\"text-align: center;\">La lana mineral Volcalis se utiliza en una amplia gama de aplicaciones, ya sea en la construcci\u00f3n de nuevos edificios o en rehabilitaci\u00f3n, techos, tabiques, revestimientos de paredes y fachadas ventiladas, para aislamiento t\u00e9rmico y ac\u00fastico.<\/p>\n[\/vc_column_text][vc_single_image image=\u00bb3828&#8243; img_size=\u00bbfull\u00bb][\/vc_column][\/vc_row][vc_row][vc_column][mk_padding_divider size=\u00bb20&#8243;][mk_fancy_title size=\u00bb28&#8243; font_family=\u00bbnone\u00bb]ROLLO DE LANA MINERAL EASY<br \/>\n[\/mk_fancy_title][vc_single_image image=\u00bb3890&#8243; img_size=\u00bbfull\u00bb alignment=\u00bbcenter\u00bb][mk_fancy_title size=\u00bb20&#8243; font_family=\u00bbnone\u00bb]<strong>Sustentabilidad<\/strong>[\/mk_fancy_title][vc_column_text css=\u00bb.vc_custom_1619799627062{margin-bottom: 0px !important;}\u00bb]\n<p style=\"text-align: center;\">La lana mineral Volcalis EASY es un producto 100% reciclable y ecol\u00f3gico, a base de arena y ligante de origen biol\u00f3gico. Por ser un excelente aislamiento, contribuye a la reducci\u00f3n del consumo energ\u00e9tico en los edificios y, al ser altamente comprimible, reduce el n\u00famero de transportes necesarios y las emisiones de CO2 asociadas en aproximadamente 10 veces.<\/p>\n[\/vc_column_text][mk_fancy_title size=\u00bb20&#8243; font_family=\u00bbnone\u00bb]<strong>Caracteristicas<\/strong>[\/mk_fancy_title][vc_column_text css=\u00bb.vc_custom_1619799634436{margin-bottom: 0px !important;}\u00bb]\n<p style=\"text-align: center;\">Lana mineral en manta flexible para aislamiento t\u00e9rmico y ac\u00fastico de techos y cubiertas. No combustible y libre de sustancias nocivas, Volcalis EASY tiene un tacto suave y es f\u00e1cil de aplicar. Disponible con barrera de vapor en papel Kraft o aluminio Kraft.<\/p>\n[\/vc_column_text][mk_fancy_title size=\u00bb20&#8243; font_family=\u00bbnone\u00bb]<strong>Aplicaciones<\/strong>[\/mk_fancy_title][vc_column_text css=\u00bb.vc_custom_1619799641996{margin-bottom: 0px !important;}\u00bb]\n<p style=\"text-align: center;\">Volcalis EASY se utiliza en la construcci\u00f3n y rehabilitaci\u00f3n de edificios, en techos y cubiertas para aislamiento t\u00e9rmico y ac\u00fastico.<\/p>\n[\/vc_column_text][vc_single_image image=\u00bb3889&#8243; img_size=\u00bbfull\u00bb][\/vc_column][\/vc_row][vc_row][vc_column][mk_padding_divider size=\u00bb20&#8243;][mk_fancy_title size=\u00bb28&#8243; font_family=\u00bbnone\u00bb]LANA MINERAL ALPHA, VELO NEGRO<br \/>\n[\/mk_fancy_title][vc_single_image image=\u00bb3888&#8243; img_size=\u00bbfull\u00bb alignment=\u00bbcenter\u00bb][mk_fancy_title size=\u00bb20&#8243; font_family=\u00bbnone\u00bb]<strong>Sustentabilidad<\/strong>[\/mk_fancy_title][vc_column_text css=\u00bb.vc_custom_1619799675684{margin-bottom: 0px !important;}\u00bb]\n<p style=\"text-align: center;\">La lana mineral Volcalis es un producto 100% reciclable y ecol\u00f3gico, a base de arena y ligante de origen biol\u00f3gico. Por ser un excelente aislamiento posibilita la reducci\u00f3n del consumo de energ\u00eda en los edificios y, por ser altamente compresible, disminuye en cerca de 10 veces el n\u00famero de transportes necesarios, reduciendo as\u00ed a\u00fan m\u00e1s las emisiones de CO2.<\/p>\n[\/vc_column_text][mk_fancy_title size=\u00bb20&#8243; font_family=\u00bbnone\u00bb]<strong>Caracteristicas<\/strong>[\/mk_fancy_title][vc_column_text css=\u00bb.vc_custom_1619799681406{margin-bottom: 0px !important;}\u00bb]\n<p style=\"text-align: center;\">La lana mineral Volcalis es un excelente aislamiento t\u00e9rmico y ac\u00fastico, tiene un toque suave y es f\u00e1cil de manejar. Por ser altamente compresible simplifica el transporte, el corte y la instalaci\u00f3n. Es un material de protecci\u00f3n contra incendios, no es combustible y no conduce el calor.<\/p>\n[\/vc_column_text][mk_fancy_title size=\u00bb20&#8243; font_family=\u00bbnone\u00bb]<strong>Aplicaciones<\/strong>[\/mk_fancy_title][vc_column_text css=\u00bb.vc_custom_1619799687781{margin-bottom: 0px !important;}\u00bb]\n<p style=\"text-align: center;\">La lana mineral Volcalis se utiliza en una amplia gama de aplicaciones, ya sea en la construcci\u00f3n de nuevos edificios o en rehabilitaci\u00f3n, techos, tabiques, revestimientos de paredes y fachadas ventiladas, para aislamiento t\u00e9rmico y ac\u00fastico.<\/p>\n[\/vc_column_text][vc_single_image image=\u00bb3887&#8243; img_size=\u00bbfull\u00bb][\/vc_column][\/vc_row][vc_row][vc_column][vc_column_text]\n[\/vc_column_text][\/vc_column][\/vc_row][vc_row][vc_column][mk_fancy_title size=\u00bb20&#8243; font_family=\u00bbnone\u00bb]\n<p style=\"text-align: center;\" align=\"LEFT\"><a href=\"https:\/\/www.volcalis.pt\/\">VOLCALIS<\/a><\/p>\n<p style=\"text-align: center;\" align=\"LEFT\">Zona Industrial de Bustos, Azurveira<br \/>\n3770-011 Bustos<\/p>\n<p style=\"text-align: center;\" align=\"LEFT\">Telf +351 234 751 533<\/p>\n[\/mk_fancy_title][\/vc_column][\/vc_row]","protected":false},"excerpt":{"rendered":"<p>[vc_row][vc_column][mk_padding_divider size=\u00bb20&#8243;][vc_raw_html]JTNDYSUyMGhyZWYlM0QlMjJqYXZhc2NyaXB0JTNBaGlzdG9yeS5nbyUyOC0xJTI5JTIyJTNFJTNDJTIwQXRyJUMzJUExcyUzQyUyRmElM0U=[\/vc_raw_html][mk_fancy_title size=\u00bb28&#8243; font_family=\u00bbnone\u00bb]AISLAMIENTO EN LANA MINERAL [\/mk_fancy_title][vc_single_image image=\u00bb3827&#8243; img_size=\u00bbfull\u00bb alignment=\u00bbcenter\u00bb][mk_fancy_title size=\u00bb20&#8243; font_family=\u00bbnone\u00bb]Sustentabilidad[\/mk_fancy_title][vc_column_text css=\u00bb.vc_custom_1618327776305{margin-bottom: 0px !important;}\u00bb] La lana mineral Volcalis es un producto 100% reciclable y ecol\u00f3gico, a base de arena y ligante de origen biol\u00f3gico. Por ser un excelente aislamiento posibilita la reducci\u00f3n del consumo de energ\u00eda en los edificios y, por ser altamente [&hellip;]<\/p>\n","protected":false},"author":1,"featured_media":0,"parent":0,"menu_order":0,"comment_status":"closed","ping_status":"closed","template":"","meta":{"_acf_changed":false,"footnotes":""},"class_list":["post-3826","page","type-page","status-publish","hentry"],"acf":[],"_links":{"self":[{"href":"https:\/\/myecobuild.csustentavel.com\/es\/wp-json\/wp\/v2\/pages\/3826"}],"collection":[{"href":"https:\/\/myecobuild.csustentavel.com\/es\/wp-json\/wp\/v2\/pages"}],"about":[{"href":"https:\/\/myecobuild.csustentavel.com\/es\/wp-json\/wp\/v2\/types\/page"}],"author":[{"embeddable":true,"href":"https:\/\/myecobuild.csustentavel.com\/es\/wp-json\/wp\/v2\/users\/1"}],"replies":[{"embeddable":true,"href":"https:\/\/myecobuild.csustentavel.com\/es\/wp-json\/wp\/v2\/comments?post=3826"}],"version-history":[{"count":6,"href":"https:\/\/myecobuild.csustentavel.com\/es\/wp-json\/wp\/v2\/pages\/3826\/revisions"}],"predecessor-version":[{"id":3893,"href":"https:\/\/myecobuild.csustentavel.com\/es\/wp-json\/wp\/v2\/pages\/3826\/revisions\/3893"}],"wp:attachment":[{"href":"https:\/\/myecobuild.csustentavel.com\/es\/wp-json\/wp\/v2\/media?parent=3826"}],"curies":[{"name":"wp","href":"https:\/\/api.w.org\/{rel}","templated":true}]}}