{"id":3858,"date":"2021-04-27T10:06:21","date_gmt":"2021-04-27T10:06:21","guid":{"rendered":"https:\/\/myecobuild.csustentavel.com\/?page_id=3858"},"modified":"2021-04-27T11:06:53","modified_gmt":"2021-04-27T11:06:53","slug":"vulcano-ecoprodutos","status":"publish","type":"page","link":"https:\/\/myecobuild.csustentavel.com\/es\/vulcano-ecoprodutos\/","title":{"rendered":"VULCANO | ECOPRODUCTOS"},"content":{"rendered":"[vc_row][vc_column][mk_padding_divider size=\u00bb60&#8243;][mk_fancy_title size=\u00bb28&#8243; font_family=\u00bbnone\u00bb]SENSOR COMPACTO CALENTADOR 2[\/mk_fancy_title][vc_single_image image=\u00bb3861&#8243; img_size=\u00bbfull\u00bb][mk_fancy_title size=\u00bb20&#8243; font_family=\u00bbnone\u00bb]<strong>Sustentabilidad<\/strong>[\/mk_fancy_title][vc_column_text css=\u00bb.vc_custom_1619521422819{margin-bottom: 0px !important;}\u00bb]\n<p style=\"text-align: center;\">Este vers\u00e1til equipo de escape herm\u00e9tico tambi\u00e9n puede funcionar con escape ventilado (generalmente se dice que es un calentador de agua ventilado). Utilizando tecnolog\u00eda termost\u00e1tica, el Sensor Compacto 2 permite seleccionar la temperatura deseada de grado a grado (35 a 60 \u00b0 C), lo que permite ahorrar en el consumo de gas. Tambi\u00e9n proporciona un ahorro energ\u00e9tico adicional: solo consume la energ\u00eda necesaria, a trav\u00e9s de un ventilador modulante, \u00fanico en el mercado. Lo Sensor Compacto 2 cuenta con el nuevo quemador Vulcan rich-lean que permite reducir la temperatura de combusti\u00f3n, alcanzando los niveles m\u00e1s bajos de emisiones de NOx.<\/p>\n[\/vc_column_text][mk_fancy_title size=\u00bb20&#8243; font_family=\u00bbnone\u00bb]<strong>Caracteristicas<\/strong>[\/mk_fancy_title][vc_column_text css=\u00bb.vc_custom_1619521476799{margin-bottom: 0px !important;}\u00bb]\n<ul>\n<li>Emisiones bajas de NOx<\/li>\n<li>Control de temperatura termost\u00e1tico<\/li>\n<li>Pantalla t\u00e1ctil digital<\/li>\n<li>Nuevo dise\u00f1o diferenciador y exclusivo<\/li>\n<li>Conectividad Wi-Fi asequible con la instalaci\u00f3n de un accesorio<\/li>\n<li>Quemador con tecnolog\u00eda \u00abRich-Lean\u00bb<\/li>\n<li>V\u00e1lvula de flujo de agua autom\u00e1tica<\/li>\n<li>Alta modulaci\u00f3n del quemador (1: 6)<\/li>\n<li>Compatible con energ\u00eda solar<\/li>\n<li>Disponible en butano \/ propano y gas natural<\/li>\n<\/ul>\n[\/vc_column_text][mk_fancy_title size=\u00bb20&#8243; font_family=\u00bbnone\u00bb]<strong>Aplicaciones<\/strong>[\/mk_fancy_title][vc_column_text css=\u00bb.vc_custom_1619521490383{margin-bottom: 0px !important;}\u00bb]\n<p style=\"text-align: center;\">Se ajusta a la especificidad de cada instalaci\u00f3n (uso, tama\u00f1o de la casa, tipo de escape y econom\u00eda deseada) y nivel de comodidad (tales como: agua caliente, abundante y disponible r\u00e1pidamente, con temperatura y estabilidad de flujo).<\/p>\n[\/vc_column_text][vc_single_image image=\u00bb3867&#8243; img_size=\u00bbfull\u00bb][\/vc_column][\/vc_row][vc_row][vc_column][mk_padding_divider size=\u00bb60&#8243;][mk_fancy_title size=\u00bb28&#8243; font_family=\u00bbnone\u00bb]CALDERA DE PARED DE CONDENSACI\u00d3N LIFESTAR CONNECT[\/mk_fancy_title][vc_single_image image=\u00bb3862&#8243; img_size=\u00bbfull\u00bb][mk_fancy_title size=\u00bb20&#8243; font_family=\u00bbnone\u00bb]<strong>Sustentabilidad<\/strong>[\/mk_fancy_title][vc_column_text css=\u00bb.vc_custom_1619521550783{margin-bottom: 0px !important;}\u00bb]\n<p style=\"text-align: center;\">La caldera de condensaci\u00f3n mural LIFESTAR CONNECT cumple con los requisitos de eficiencia establecidos por la nueva Directiva Energ\u00e9tica ErP. La tecnolog\u00eda de condensaci\u00f3n permite aprovechar el calor residual existente en los gases de escape, mejorando significativamente su eficiencia energ\u00e9tica. Tambi\u00e9n permite una gran versatilidad de instalaci\u00f3n y garantiza un menor consumo de gas, proporcionando un mayor ahorro y comodidad d\u00eda tras d\u00eda.<\/p>\n[\/vc_column_text][mk_fancy_title size=\u00bb20&#8243; font_family=\u00bbnone\u00bb]<strong>Caracteristicas<\/strong>[\/mk_fancy_title][vc_column_text css=\u00bb.vc_custom_1619521589613{margin-bottom: 0px !important;}\u00bb]\n<p style=\"text-align: center;\">Es una soluci\u00f3n compacta, de solo 30 cm de profundidad, perfecta para cualquier mueble de cocina. Cuenta con un dise\u00f1o exclusivo que marca la diferencia, pero tambi\u00e9n es silencioso, listo para conectividad Wi-Fi y tiene una eficiencia del 94%.<\/p>\n[\/vc_column_text][mk_fancy_title size=\u00bb20&#8243; font_family=\u00bbnone\u00bb]<strong>Aplicaciones<\/strong>[\/mk_fancy_title][vc_column_text css=\u00bb.vc_custom_1619521605029{margin-bottom: 0px !important;}\u00bb]\n<p style=\"text-align: center;\">Tiene un amplio campo de aplicaci\u00f3n, desde el calentamiento de agua y la calefacci\u00f3n central a bajas temperaturas, como es el caso de la calefacci\u00f3n por suelo radiante, hasta el funcionamiento como equipo de apoyo para sistemas solares.<\/p>\n[\/vc_column_text][vc_single_image image=\u00bb3866&#8243; img_size=\u00bbfull\u00bb][\/vc_column][\/vc_row][vc_row][vc_column][mk_fancy_title size=\u00bb20&#8243; font_family=\u00bbnone\u00bb]\n<p style=\"text-align: center;\" align=\"LEFT\">VULCANO<\/p>\n<p style=\"text-align: center;\" align=\"LEFT\">Av. Infante D. Henrique \u2013 Lotes 2E e 3E<\/p>\n<p style=\"text-align: center;\" align=\"LEFT\">1800 \u2013 220 Lisboa | PORTUGAL<\/p>\n<p style=\"text-align: center;\" align=\"LEFT\">Tel: +351 218 500 300 | Fax: +351 218 500 301<\/p>\n[\/mk_fancy_title][\/vc_column][\/vc_row]","protected":false},"excerpt":{"rendered":"<p>[vc_row][vc_column][mk_padding_divider size=\u00bb60&#8243;][mk_fancy_title size=\u00bb28&#8243; font_family=\u00bbnone\u00bb]SENSOR COMPACTO CALENTADOR 2[\/mk_fancy_title][vc_single_image image=\u00bb3861&#8243; img_size=\u00bbfull\u00bb][mk_fancy_title size=\u00bb20&#8243; font_family=\u00bbnone\u00bb]Sustentabilidad[\/mk_fancy_title][vc_column_text css=\u00bb.vc_custom_1619521422819{margin-bottom: 0px !important;}\u00bb] Este vers\u00e1til equipo de escape herm\u00e9tico tambi\u00e9n puede funcionar con escape ventilado (generalmente se dice que es un calentador de agua ventilado). Utilizando tecnolog\u00eda termost\u00e1tica, el Sensor Compacto 2 permite seleccionar la temperatura deseada de grado a grado (35 a 60 [&hellip;]<\/p>\n","protected":false},"author":1,"featured_media":0,"parent":0,"menu_order":0,"comment_status":"closed","ping_status":"closed","template":"","meta":{"_acf_changed":false,"footnotes":""},"class_list":["post-3858","page","type-page","status-publish","hentry"],"acf":[],"_links":{"self":[{"href":"https:\/\/myecobuild.csustentavel.com\/es\/wp-json\/wp\/v2\/pages\/3858"}],"collection":[{"href":"https:\/\/myecobuild.csustentavel.com\/es\/wp-json\/wp\/v2\/pages"}],"about":[{"href":"https:\/\/myecobuild.csustentavel.com\/es\/wp-json\/wp\/v2\/types\/page"}],"author":[{"embeddable":true,"href":"https:\/\/myecobuild.csustentavel.com\/es\/wp-json\/wp\/v2\/users\/1"}],"replies":[{"embeddable":true,"href":"https:\/\/myecobuild.csustentavel.com\/es\/wp-json\/wp\/v2\/comments?post=3858"}],"version-history":[{"count":6,"href":"https:\/\/myecobuild.csustentavel.com\/es\/wp-json\/wp\/v2\/pages\/3858\/revisions"}],"predecessor-version":[{"id":3871,"href":"https:\/\/myecobuild.csustentavel.com\/es\/wp-json\/wp\/v2\/pages\/3858\/revisions\/3871"}],"wp:attachment":[{"href":"https:\/\/myecobuild.csustentavel.com\/es\/wp-json\/wp\/v2\/media?parent=3858"}],"curies":[{"name":"wp","href":"https:\/\/api.w.org\/{rel}","templated":true}]}}