{"id":3929,"date":"2021-09-23T00:13:53","date_gmt":"2021-09-23T00:13:53","guid":{"rendered":"https:\/\/myecobuild.csustentavel.com\/?page_id=3929"},"modified":"2021-09-23T00:23:25","modified_gmt":"2021-09-23T00:23:25","slug":"rain-bird-corporation-ecoprodutos","status":"publish","type":"page","link":"https:\/\/myecobuild.csustentavel.com\/es\/rain-bird-corporation-ecoprodutos\/","title":{"rendered":"RAIN BIRD CORPORATION | ECOPRODUCTOS"},"content":{"rendered":"[vc_row][vc_column][mk_padding_divider size=\u00bb60&#8243;][mk_fancy_title size=\u00bb28&#8243; font_family=\u00bbnone\u00bb]TBOS-BT | PROGRAMADOR DE RIEGO A PILAS Y BLUETOOTH[\/mk_fancy_title][vc_single_image image=\u00bb3932&#8243; img_size=\u00bbfull\u00bb][mk_fancy_title size=\u00bb20&#8243; font_family=\u00bbnone\u00bb]<strong>Sustentabilidad<\/strong>[\/mk_fancy_title][vc_column_text css=\u00bb.vc_custom_1632356357103{margin-bottom: 0px !important;}\u00bb]\n<p style=\"text-align: center;\">El programador a pilas TBOS-BT de 9 V ofrece una gran autonom\u00eda y un control del riego que puedes programar con tu smartphone a trav\u00e9s de la aplicaci\u00f3n m\u00f3vil gratuita de Rain Bird. Autonom\u00eda aproximada de 1 a\u00f1o con 1 pila alcalina de 9V.<\/p>\n[\/vc_column_text][mk_fancy_title size=\u00bb20&#8243; font_family=\u00bbnone\u00bb]<strong>Caracteristicas<\/strong>[\/mk_fancy_title][vc_column_text css=\u00bb.vc_custom_1632356363950{margin-bottom: 0px !important;}\u00bb]\n<ul>\n<li>Salida de la v\u00e1lvula principal en los m\u00f3dulos de control BT1, 2, 4 y 6 TBOS<\/li>\n<li>Compatibilidad de las v\u00e1lvulas<\/li>\n<li>Solenoide de enclavamiento TBOS para recipientes Rain Bird (K80920) \u2013 series DV, DVF, ASVF, PGA, PEB, PESB, GB, EFB-CP, BPE y BPES<\/li>\n<\/ul>\n[\/vc_column_text][mk_fancy_title size=\u00bb20&#8243; font_family=\u00bbnone\u00bb]<strong>Aplicaciones<\/strong>[\/mk_fancy_title][vc_column_text css=\u00bb.vc_custom_1632356373614{margin-bottom: 0px !important;}\u00bb]\n<p style=\"text-align: center;\">Instale el controlador en las medianas de las calles y carreteras, en las rotondas o en cualquier lugar en el que sea necesario el control del riego pero no se disponga de electricidad. La carcasa antivand\u00e1lica la hace ideal para zonas p\u00fablicas o de mucho tr\u00e1nsito de personas.<\/p>\n[\/vc_column_text][vc_single_image image=\u00bb3940&#8243; img_size=\u00bbfull\u00bb][\/vc_column][\/vc_row][vc_row][vc_column][mk_padding_divider size=\u00bb60&#8243;][mk_fancy_title size=\u00bb28&#8243; font_family=\u00bbnone\u00bb]ROTOR S\u00c9RIE 5000\/5000+<br \/>\n[\/mk_fancy_title][vc_single_image image=\u00bb3931&#8243; img_size=\u00bbfull\u00bb][mk_fancy_title size=\u00bb20&#8243; font_family=\u00bbnone\u00bb]<strong>Sustentabilidad<\/strong>[\/mk_fancy_title][vc_column_text css=\u00bb.vc_custom_1632356426462{margin-bottom: 0px !important;}\u00bb]\n<p style=\"text-align: center;\">Ahorre en el consumo de agua con el regulador de presi\u00f3n en el v\u00e1stago (PRS), reduciendo la presi\u00f3n de funcionamiento para un rendimiento \u00f3ptimo de las boquillas, eliminando las variaciones de presi\u00f3n entre los cabezales, la nebulizaci\u00f3n causada por la alta presi\u00f3n y mejorando la uniformidad de la distribuci\u00f3n.<\/p>\n[\/vc_column_text][mk_fancy_title size=\u00bb20&#8243; font_family=\u00bbnone\u00bb]<strong>Caracteristicas<\/strong>[\/mk_fancy_title][vc_column_text css=\u00bb.vc_custom_1632356435302{margin-bottom: 0px !important;}\u00bb]\n<ul>\n<li>Tasa de precipitaci\u00f3n: 5 a 37 mm\/h<\/li>\n<li>Radio: de 7,6 a 15,2 m<\/li>\n<li>Es posible reducir el radio hasta un 25% con el tornillo de reducci\u00f3n del radio<\/li>\n<li>Presi\u00f3n: de 1,7 a 4,5 bar<\/li>\n<li>Caudal: de 4,2 a 36,6 l\/m<\/li>\n<li>Sello de autolimpieza \u00fanico de tres palas<\/li>\n<li>Boquillas Rain Curtain l\u00edderes en la industria<\/li>\n<li>Opciones para todas las aplicaciones<\/li>\n<li>Con 5 a\u00f1os de garant\u00eda comercial<\/li>\n<\/ul>\n[\/vc_column_text][mk_fancy_title size=\u00bb20&#8243; font_family=\u00bbnone\u00bb]<strong>Aplicaciones<\/strong>[\/mk_fancy_title][vc_column_text css=\u00bb.vc_custom_1632356443063{margin-bottom: 0px !important;}\u00bb]\n<p style=\"text-align: center;\">Con un rendimiento inigualable, los rotores de la serie 5000 de Rain Bird son ideales para aplicaciones residenciales, comerciales ligeras y comerciales.<\/p>\n[\/vc_column_text][vc_single_image image=\u00bb3939&#8243; img_size=\u00bbfull\u00bb][\/vc_column][\/vc_row][vc_row][vc_column][mk_padding_divider size=\u00bb60&#8243;][mk_fancy_title size=\u00bb28&#8243; font_family=\u00bbnone\u00bb]BOCAIS ROTATIVOS AJUST\u00c1VEIS R-VAN<br \/>\n[\/mk_fancy_title][vc_single_image image=\u00bb3930&#8243; img_size=\u00bbfull\u00bb][mk_fancy_title size=\u00bb20&#8243; font_family=\u00bbnone\u00bb]<strong>Sustentabilidad<\/strong>[\/mk_fancy_title][vc_column_text css=\u00bb.vc_custom_1632356508751{margin-bottom: 0px !important;}\u00bb]\n<p style=\"text-align: center;\">Las boquillas rotativas ajustables Rain Bird\u00ae R-VAN ahorran m\u00e1s agua y son m\u00e1s f\u00e1ciles de usar. Con gotas de agua m\u00e1s grandes y chorros m\u00e1s gruesos, las boquillas R-VAN soportan mejor el viento, aplicando el agua donde se desea. La instalaci\u00f3n con los rotores MPR de la serie 5000 de Rain Bird proporciona una precipitaci\u00f3n equivalente desde 2,4 m hasta 10,7 m.<\/p>\n[\/vc_column_text][mk_fancy_title size=\u00bb20&#8243; font_family=\u00bbnone\u00bb]<strong>Caracteristicas<\/strong>[\/mk_fancy_title][vc_column_text css=\u00bb.vc_custom_1632356514525{margin-bottom: 0px !important;}\u00bb]\n<ul>\n<li>Precipitaci\u00f3n uniforme a trav\u00e9s de radios, arcos y patrones de distribuci\u00f3n.<\/li>\n<li>Ajuste sin herramientas.<\/li>\n<li>Limpia la suciedad y los residuos tirando de la boquilla hacia arriba durante el funcionamiento.<\/li>\n<li>Mantiene un rendimiento eficiente a altas presiones sin crear niebla.<\/li>\n<\/ul>\n[\/vc_column_text][mk_fancy_title size=\u00bb20&#8243; font_family=\u00bbnone\u00bb]<strong>Aplicaciones<\/strong>[\/mk_fancy_title][vc_column_text css=\u00bb.vc_custom_1632356520629{margin-bottom: 0px !important;}\u00bb]\n<ul>\n<li>Rango de presi\u00f3n: de 2,1 a 3,8 bar<\/li>\n<li>Presi\u00f3n de trabajo recomendada: 3,1 bar<\/li>\n<li>Distancia: de 2,4 a 7,3 m<\/li>\n<li>Ajuste: El arco y el radio deben ajustarse<\/li>\n<\/ul>\n[\/vc_column_text][vc_single_image image=\u00bb3938&#8243; img_size=\u00bbfull\u00bb][\/vc_column][\/vc_row][vc_row][vc_column][mk_fancy_title size=\u00bb20&#8243; font_family=\u00bbnone\u00bb]\n<p style=\"text-align: center;\" align=\"LEFT\">RAIN BIRD<\/p>\n<p style=\"text-align: center;\" align=\"LEFT\">Tel: +351 96 415 26 37 (Andr\u00e9 Correia)<\/p>\n[\/mk_fancy_title][\/vc_column][\/vc_row]","protected":false},"excerpt":{"rendered":"<p>[vc_row][vc_column][mk_padding_divider size=\u00bb60&#8243;][mk_fancy_title size=\u00bb28&#8243; font_family=\u00bbnone\u00bb]TBOS-BT | PROGRAMADOR DE RIEGO A PILAS Y BLUETOOTH[\/mk_fancy_title][vc_single_image image=\u00bb3932&#8243; img_size=\u00bbfull\u00bb][mk_fancy_title size=\u00bb20&#8243; font_family=\u00bbnone\u00bb]Sustentabilidad[\/mk_fancy_title][vc_column_text css=\u00bb.vc_custom_1632356357103{margin-bottom: 0px !important;}\u00bb] El programador a pilas TBOS-BT de 9 V ofrece una gran autonom\u00eda y un control del riego que puedes programar con tu smartphone a trav\u00e9s de la aplicaci\u00f3n m\u00f3vil gratuita de Rain Bird. Autonom\u00eda aproximada de [&hellip;]<\/p>\n","protected":false},"author":1,"featured_media":0,"parent":0,"menu_order":0,"comment_status":"closed","ping_status":"closed","template":"","meta":{"_acf_changed":false,"footnotes":""},"class_list":["post-3929","page","type-page","status-publish","hentry"],"acf":[],"_links":{"self":[{"href":"https:\/\/myecobuild.csustentavel.com\/es\/wp-json\/wp\/v2\/pages\/3929"}],"collection":[{"href":"https:\/\/myecobuild.csustentavel.com\/es\/wp-json\/wp\/v2\/pages"}],"about":[{"href":"https:\/\/myecobuild.csustentavel.com\/es\/wp-json\/wp\/v2\/types\/page"}],"author":[{"embeddable":true,"href":"https:\/\/myecobuild.csustentavel.com\/es\/wp-json\/wp\/v2\/users\/1"}],"replies":[{"embeddable":true,"href":"https:\/\/myecobuild.csustentavel.com\/es\/wp-json\/wp\/v2\/comments?post=3929"}],"version-history":[{"count":3,"href":"https:\/\/myecobuild.csustentavel.com\/es\/wp-json\/wp\/v2\/pages\/3929\/revisions"}],"predecessor-version":[{"id":3942,"href":"https:\/\/myecobuild.csustentavel.com\/es\/wp-json\/wp\/v2\/pages\/3929\/revisions\/3942"}],"wp:attachment":[{"href":"https:\/\/myecobuild.csustentavel.com\/es\/wp-json\/wp\/v2\/media?parent=3929"}],"curies":[{"name":"wp","href":"https:\/\/api.w.org\/{rel}","templated":true}]}}