{"id":4082,"date":"2022-04-14T09:33:51","date_gmt":"2022-04-14T09:33:51","guid":{"rendered":"https:\/\/myecobuild.csustentavel.com\/?page_id=4082"},"modified":"2022-04-22T17:11:54","modified_gmt":"2022-04-22T17:11:54","slug":"revigres","status":"publish","type":"page","link":"https:\/\/myecobuild.csustentavel.com\/es\/revigres\/","title":{"rendered":"REVIGR\u00c9S"},"content":{"rendered":"[vc_row][vc_column][vc_raw_html]JTNDYSUyMGhyZWYlM0QlMjJqYXZhc2NyaXB0JTNBaGlzdG9yeS5nbyUyOC0xJTI5JTIyJTNFJTNDJTIwVm9sdGFyJTNDJTJGYSUzRQ==[\/vc_raw_html][\/vc_column][\/vc_row][vc_row][vc_column][mk_fancy_title size=\u00bb28&#8243; font_family=\u00bbnone\u00bb]Colecci\u00f3n CHROMATIC[\/mk_fancy_title][vc_single_image image=\u00bb4083&#8243; img_size=\u00bbfull\u00bb][mk_fancy_title size=\u00bb20&#8243; font_family=\u00bbnone\u00bb]<strong>Sostenibilidad<\/strong>[\/mk_fancy_title][vc_column_text css=\u00bb.vc_custom_1649929041996{margin-bottom: 0px !important;}\u00bb]\n<p style=\"text-align: center;\">La alta resistencia y calidad t\u00e9cnica del gres de porcelana permite alargar la vida \u00fatil de este producto y reducir los recursos energ\u00e9ticos y materiales asociados a su mantenimiento y sustituci\u00f3n, contribuyendo a la sostenibilidad de la construcci\u00f3n.<\/p>\n[\/vc_column_text][mk_fancy_title size=\u00bb20&#8243; font_family=\u00bbnone\u00bb]<strong>Caracter\u00edsticas<\/strong>[\/mk_fancy_title][vc_column_text css=\u00bb.vc_custom_1649929051901{margin-bottom: 0px !important;}\u00bb]\n<p style=\"text-align: center;\">Soluciones de gres de porcelana con caracter\u00edsticas t\u00e9cnicas y est\u00e9ticas uniformes en todo el espesor de la baldosa. En 40 colores, 10 formatos y 3 acabados.<\/p>\n[\/vc_column_text][mk_fancy_title size=\u00bb20&#8243; font_family=\u00bbnone\u00bb]<strong><b>Aplicaciones<\/b><\/strong>[\/mk_fancy_title][vc_column_text css=\u00bb.vc_custom_1649929061216{margin-bottom: 0px !important;}\u00bb]\n<p style=\"text-align: center;\">Adecuado para revestimientos y suelos, espacios interiores y exteriores, p\u00fablicos y residenciales, y zonas de tr\u00e1fico intenso.<\/p>\n[\/vc_column_text][vc_single_image image=\u00bb4085&#8243; img_size=\u00bbfull\u00bb][\/vc_column][\/vc_row][vc_row][vc_column][mk_fancy_title size=\u00bb28&#8243; font_family=\u00bbnone\u00bb]Colecci\u00f3n OMNI[\/mk_fancy_title][vc_single_image image=\u00bb4086&#8243; img_size=\u00bbfull\u00bb][mk_fancy_title size=\u00bb20&#8243; font_family=\u00bbnone\u00bb]<strong>Sostenibilidad<\/strong>[\/mk_fancy_title][vc_column_text css=\u00bb.vc_custom_1649929240621{margin-bottom: 0px !important;}\u00bb]\n<p style=\"text-align: center;\">Los patrones gr\u00e1ficos de la colecci\u00f3n OMNI se obtienen sin pinturas ni esmaltes. El menor uso de productos qu\u00edmicos refuerza la inocuidad inherente de la cer\u00e1mica que, al no liberar sustancias t\u00f3xicas, contribuye a mejorar la calidad del aire en el interior de los edificios.<\/p>\n[\/vc_column_text][mk_fancy_title size=\u00bb20&#8243; font_family=\u00bbnone\u00bb]<strong>Caracter\u00edsticas<\/strong>[\/mk_fancy_title][vc_column_text css=\u00bb.vc_custom_1649929250000{margin-bottom: 0px !important;}\u00bb]\n<p style=\"text-align: center;\">Soluciones de gres de porcelana t\u00e9cnica para los proyectos arquitect\u00f3nicos m\u00e1s exigentes, combinando la calidad t\u00e9cnica con el dise\u00f1o. Disponible en 6 colores, 5 formatos y 4 acabados.<\/p>\n[\/vc_column_text][mk_fancy_title size=\u00bb20&#8243; font_family=\u00bbnone\u00bb]<strong><b>Aplicaciones<\/b><\/strong>[\/mk_fancy_title][vc_column_text css=\u00bb.vc_custom_1649929259210{margin-bottom: 0px !important;}\u00bb]\n<p style=\"text-align: center;\">Adecuado para revestimientos y suelos, espacios interiores y exteriores, residenciales o p\u00fablicos y zonas de alto tr\u00e1fico.<\/p>\n[\/vc_column_text][vc_single_image image=\u00bb4085&#8243; img_size=\u00bbfull\u00bb][\/vc_column][\/vc_row][vc_row][vc_column][mk_fancy_title size=\u00bb28&#8243; font_family=\u00bbnone\u00bb]Colecci\u00f3n Ecotech[\/mk_fancy_title][vc_single_image image=\u00bb4090&#8243; img_size=\u00bbfull\u00bb][mk_fancy_title size=\u00bb20&#8243; font_family=\u00bbnone\u00bb]<strong>Sostenibilidad<\/strong>[\/mk_fancy_title][vc_column_text css=\u00bb.vc_custom_1649929582876{margin-bottom: 0px !important;}\u00bb]\n<p>La colecci\u00f3n Ecotech incorpora un 90% de materiales reciclados procedentes de residuos industriales, como el polvo y el agua, que se recuperan y se reintroducen en el proceso de producci\u00f3n. Esta circularidad minimiza la producci\u00f3n de residuos y optimiza el uso de los recursos.<\/p>\n[\/vc_column_text][mk_fancy_title size=\u00bb20&#8243; font_family=\u00bbnone\u00bb]<strong>Caracter\u00edsticas<\/strong>[\/mk_fancy_title][vc_column_text css=\u00bb.vc_custom_1649929591354{margin-bottom: 0px !important;}\u00bb]\n<p>Soluciones en gres de porcelana t\u00e9cnica con superficie antideslizante, que garantiza una mayor seguridad. Disponible en dos colores -negro y gris- en formato 45x45cm.<\/p>\n[\/vc_column_text][mk_fancy_title size=\u00bb20&#8243; font_family=\u00bbnone\u00bb]<strong><b>Aplicaciones<\/b><\/strong>[\/mk_fancy_title][vc_column_text css=\u00bb.vc_custom_1649929601589{margin-bottom: 0px !important;}\u00bb]\n<p>Adecuado para suelos, en espacios exteriores, residenciales o p\u00fablicos, y zonas de alto tr\u00e1fico.<\/p>\n[\/vc_column_text][vc_single_image image=\u00bb4085&#8243; img_size=\u00bbfull\u00bb][\/vc_column][\/vc_row][vc_row][vc_column][mk_fancy_title size=\u00bb20&#8243; font_family=\u00bbnone\u00bb]\n<p style=\"text-align: center;\" align=\"LEFT\"><a href=\"https:\/\/www.revigres.pt\/\" target=\"_blank\" rel=\"noopener\">REVIGR\u00c9S<\/a><\/p>\n<p style=\"text-align: center;\" align=\"LEFT\">Vale do Grou,<\/p>\n<p style=\"text-align: center;\" align=\"LEFT\">3754-001 Barr\u00f4<\/p>\n<p style=\"text-align: center;\" align=\"LEFT\">PORTUGAL<\/p>\n<p style=\"text-align: center;\" align=\"LEFT\">Tel. +351 234 660 100<\/p>\n[\/mk_fancy_title][\/vc_column][\/vc_row]","protected":false},"excerpt":{"rendered":"<p>[vc_row][vc_column][vc_raw_html]JTNDYSUyMGhyZWYlM0QlMjJqYXZhc2NyaXB0JTNBaGlzdG9yeS5nbyUyOC0xJTI5JTIyJTNFJTNDJTIwVm9sdGFyJTNDJTJGYSUzRQ==[\/vc_raw_html][\/vc_column][\/vc_row][vc_row][vc_column][mk_fancy_title size=\u00bb28&#8243; font_family=\u00bbnone\u00bb]Colecci\u00f3n CHROMATIC[\/mk_fancy_title][vc_single_image image=\u00bb4083&#8243; img_size=\u00bbfull\u00bb][mk_fancy_title size=\u00bb20&#8243; font_family=\u00bbnone\u00bb]Sostenibilidad[\/mk_fancy_title][vc_column_text css=\u00bb.vc_custom_1649929041996{margin-bottom: 0px !important;}\u00bb] La alta resistencia y calidad t\u00e9cnica del gres de porcelana permite alargar la vida \u00fatil de este producto y reducir los recursos energ\u00e9ticos y materiales asociados a su mantenimiento y sustituci\u00f3n, contribuyendo a la sostenibilidad de la construcci\u00f3n. [\/vc_column_text][mk_fancy_title size=\u00bb20&#8243; font_family=\u00bbnone\u00bb]Caracter\u00edsticas[\/mk_fancy_title][vc_column_text css=\u00bb.vc_custom_1649929051901{margin-bottom: 0px !important;}\u00bb] [&hellip;]<\/p>\n","protected":false},"author":1,"featured_media":0,"parent":0,"menu_order":0,"comment_status":"closed","ping_status":"closed","template":"","meta":{"_acf_changed":false,"footnotes":""},"class_list":["post-4082","page","type-page","status-publish","hentry"],"acf":[],"_links":{"self":[{"href":"https:\/\/myecobuild.csustentavel.com\/es\/wp-json\/wp\/v2\/pages\/4082"}],"collection":[{"href":"https:\/\/myecobuild.csustentavel.com\/es\/wp-json\/wp\/v2\/pages"}],"about":[{"href":"https:\/\/myecobuild.csustentavel.com\/es\/wp-json\/wp\/v2\/types\/page"}],"author":[{"embeddable":true,"href":"https:\/\/myecobuild.csustentavel.com\/es\/wp-json\/wp\/v2\/users\/1"}],"replies":[{"embeddable":true,"href":"https:\/\/myecobuild.csustentavel.com\/es\/wp-json\/wp\/v2\/comments?post=4082"}],"version-history":[{"count":4,"href":"https:\/\/myecobuild.csustentavel.com\/es\/wp-json\/wp\/v2\/pages\/4082\/revisions"}],"predecessor-version":[{"id":4143,"href":"https:\/\/myecobuild.csustentavel.com\/es\/wp-json\/wp\/v2\/pages\/4082\/revisions\/4143"}],"wp:attachment":[{"href":"https:\/\/myecobuild.csustentavel.com\/es\/wp-json\/wp\/v2\/media?parent=4082"}],"curies":[{"name":"wp","href":"https:\/\/api.w.org\/{rel}","templated":true}]}}