{"id":4097,"date":"2022-04-14T10:00:38","date_gmt":"2022-04-14T10:00:38","guid":{"rendered":"https:\/\/myecobuild.csustentavel.com\/?page_id=4097"},"modified":"2022-04-22T14:15:15","modified_gmt":"2022-04-22T14:15:15","slug":"empresas-pavimentos-exterior-ceramicos","status":"publish","type":"page","link":"https:\/\/myecobuild.csustentavel.com\/es\/empresas-pavimentos-exterior-ceramicos\/","title":{"rendered":"EMPRESAS DE REVESTIMIENTO CER\u00c1MICO"},"content":{"rendered":"[vc_row][vc_column][vc_raw_html]JTNDYSUyMGhyZWYlM0QlMjJqYXZhc2NyaXB0JTNBaGlzdG9yeS5nbyUyOC0xJTI5JTIyJTNFJTNDJTIwVm9sdGFyJTNDJTJGYSUzRQ==[\/vc_raw_html][mk_employees style=\u00bbclassic\u00bb custom_image_size=\u00bbtrue\u00bb image_size=\u00bbfull\u00bb count=\u00bb-1&#8243; order=\u00bbASC\u00bb orderby=\u00bbtitle\u00bb employees=\u00bb4095&#8243;][vc_empty_space height=\u00bb5px\u00bb][vc_column_text css=\u00bb.vc_custom_1607533926507{margin-bottom: 0px !important;}\u00bb]\n<p style=\"text-align: center;\">Para mais informa\u00e7\u00f5es visite o<br \/>\n<strong><a href=\"http:\/\/www.csustentavel.com\/\" target=\"_blank\" rel=\"noopener\">PORTAL DA CONSTRU\u00c7\u00c3O SUSTENT\u00c1VEL<\/a><\/strong><\/p>\n[\/vc_column_text][\/vc_column][\/vc_row]","protected":false},"excerpt":{"rendered":"<p>[vc_row][vc_column][vc_raw_html]JTNDYSUyMGhyZWYlM0QlMjJqYXZhc2NyaXB0JTNBaGlzdG9yeS5nbyUyOC0xJTI5JTIyJTNFJTNDJTIwVm9sdGFyJTNDJTJGYSUzRQ==[\/vc_raw_html][mk_employees style=\u00bbclassic\u00bb custom_image_size=\u00bbtrue\u00bb image_size=\u00bbfull\u00bb count=\u00bb-1&#8243; order=\u00bbASC\u00bb orderby=\u00bbtitle\u00bb employees=\u00bb4095&#8243;][vc_empty_space height=\u00bb5px\u00bb][vc_column_text css=\u00bb.vc_custom_1607533926507{margin-bottom: 0px !important;}\u00bb] Para mais informa\u00e7\u00f5es visite o PORTAL DA CONSTRU\u00c7\u00c3O SUSTENT\u00c1VEL [\/vc_column_text][\/vc_column][\/vc_row]<\/p>\n","protected":false},"author":1,"featured_media":0,"parent":0,"menu_order":0,"comment_status":"closed","ping_status":"closed","template":"","meta":{"_acf_changed":false,"footnotes":""},"class_list":["post-4097","page","type-page","status-publish","hentry"],"acf":[],"_links":{"self":[{"href":"https:\/\/myecobuild.csustentavel.com\/es\/wp-json\/wp\/v2\/pages\/4097"}],"collection":[{"href":"https:\/\/myecobuild.csustentavel.com\/es\/wp-json\/wp\/v2\/pages"}],"about":[{"href":"https:\/\/myecobuild.csustentavel.com\/es\/wp-json\/wp\/v2\/types\/page"}],"author":[{"embeddable":true,"href":"https:\/\/myecobuild.csustentavel.com\/es\/wp-json\/wp\/v2\/users\/1"}],"replies":[{"embeddable":true,"href":"https:\/\/myecobuild.csustentavel.com\/es\/wp-json\/wp\/v2\/comments?post=4097"}],"version-history":[{"count":3,"href":"https:\/\/myecobuild.csustentavel.com\/es\/wp-json\/wp\/v2\/pages\/4097\/revisions"}],"predecessor-version":[{"id":4122,"href":"https:\/\/myecobuild.csustentavel.com\/es\/wp-json\/wp\/v2\/pages\/4097\/revisions\/4122"}],"wp:attachment":[{"href":"https:\/\/myecobuild.csustentavel.com\/es\/wp-json\/wp\/v2\/media?parent=4097"}],"curies":[{"name":"wp","href":"https:\/\/api.w.org\/{rel}","templated":true}]}}