{"id":4182,"date":"2022-08-29T09:01:13","date_gmt":"2022-08-29T09:01:13","guid":{"rendered":"https:\/\/myecobuild.csustentavel.com\/?page_id=4182"},"modified":"2022-08-30T10:22:12","modified_gmt":"2022-08-30T10:22:12","slug":"reynaers-inovacao-sustentavel-em-aluminio","status":"publish","type":"page","link":"https:\/\/myecobuild.csustentavel.com\/es\/reynaers-inovacao-sustentavel-em-aluminio\/","title":{"rendered":"REYNAERS | ECOPRODUTOS"},"content":{"rendered":"[vc_row][vc_column][vc_raw_html]JTNDYSUyMGhyZWYlM0QlMjJqYXZhc2NyaXB0JTNBaGlzdG9yeS5nbyUyOC0xJTI5JTIyJTNFJTNDJTIwQXRyJUMzJUExcyUzQyUyRmElM0U=[\/vc_raw_html][mk_fancy_title size=\u00bb28&#8243; font_family=\u00bbnone\u00bb]MASTERLINE 8 \u2013 VENTANAS[\/mk_fancy_title][vc_single_image image=\u00bb4189&#8243; img_size=\u00bbfull\u00bb][mk_fancy_title size=\u00bb20&#8243; font_family=\u00bbnone\u00bb]<strong>SOSTENIBILIDAD<\/strong>[\/mk_fancy_title][vc_column_text css=\u00bb.vc_custom_1661763293446{margin-bottom: 0px !important;}\u00bb]\n<p style=\"text-align: center;\">MasterLine 8 es una nueva generaci\u00f3n de ventanas que combina innumerables oportunidades de dise\u00f1o con un rendimiento inmejorable en t\u00e9rminos de aislamiento t\u00e9rmico, estanqueidad al aire y al agua y rapidez de producci\u00f3n. Esta nueva generaci\u00f3n de soluciones para ventanas innovadoras refleja la tendencia arquitect\u00f3nica actual hacia la maximizaci\u00f3n de la luz natural a la vez que ofrece niveles de aislamiento \u00f3ptimos.<\/p>\n[\/vc_column_text][mk_fancy_title size=\u00bb20&#8243; font_family=\u00bbnone\u00bb]<strong>CARACTERISTICAS<\/strong>[\/mk_fancy_title][vc_column_text css=\u00bb.vc_custom_1661763304775{margin-bottom: 0px !important;}\u00bb]\n<p style=\"text-align: center;\">Estanqueidad al aire y al agua y resistencia al viento.<br \/>\nAlta estabilidad, preparada para grandes vanos, utilizando perfiles estrechos y robustos.<\/p>\n[\/vc_column_text][mk_fancy_title size=\u00bb20&#8243; font_family=\u00bbnone\u00bb]<strong>APLICACIONES<\/strong>[\/mk_fancy_title][vc_column_text css=\u00bb.vc_custom_1661763317672{margin-bottom: 0px !important;}\u00bb]\n<p style=\"text-align: center;\">Cuatro variantes de dise\u00f1o con un car\u00e1cter distintivo, para adaptarse a cualquier estilo arquitect\u00f3nico.<br \/>\nMasterLine 8 se puede integrar f\u00e1cilmente con otros sistemas Reynaers.<\/p>\n[\/vc_column_text][vc_single_image image=\u00bb4192&#8243; img_size=\u00bbfull\u00bb][\/vc_column][\/vc_row][vc_row][vc_column][mk_fancy_title size=\u00bb28&#8243; font_family=\u00bbnone\u00bb]SLIMLINE 38[\/mk_fancy_title][vc_single_image image=\u00bb4191&#8243; img_size=\u00bbfull\u00bb][mk_fancy_title size=\u00bb20&#8243; font_family=\u00bbnone\u00bb]<strong>SOSTENIBILIDAD<\/strong>[\/mk_fancy_title][vc_column_text css=\u00bb.vc_custom_1661763339729{margin-bottom: 0px !important;}\u00bb]\n<p style=\"text-align: center;\">Combinando sus capacidades superiores de aislamiento, el sistema SlimLine 38 garantiza ventanas y puertas duraderas y de bajo mantenimiento, respondiendo a altos est\u00e1ndares de demanda.<\/p>\n[\/vc_column_text][mk_fancy_title size=\u00bb20&#8243; font_family=\u00bbnone\u00bb]<strong>CARACTERISTICAS<\/strong>[\/mk_fancy_title][vc_column_text css=\u00bb.vc_custom_1661763352177{margin-bottom: 0px !important;}\u00bb]\n<p style=\"text-align: center;\">Sistema para puertas y ventanas con alto aislamiento que se abre hacia adentro o hacia afuera, combinando luz y comodidad con un dise\u00f1o \u00fanico.<\/p>\n[\/vc_column_text][mk_fancy_title size=\u00bb20&#8243; font_family=\u00bbnone\u00bb]<strong>Aplica\u00e7\u00f5es<\/strong>[\/mk_fancy_title][vc_column_text css=\u00bb.vc_custom_1661763360809{margin-bottom: 0px !important;}\u00bb]\n<p style=\"text-align: center;\">La apariencia de acero es perfecta para la renovaci\u00f3n, respetando el dise\u00f1o original, pero ofreciendo una soluci\u00f3n t\u00e9rmicamente superior.<\/p>\n[\/vc_column_text][vc_single_image image=\u00bb4192&#8243; img_size=\u00bbfull\u00bb][\/vc_column][\/vc_row][vc_row][vc_column][mk_fancy_title size=\u00bb28&#8243; font_family=\u00bbnone\u00bb]SLIMPATIO 68[\/mk_fancy_title][vc_single_image image=\u00bb4190&#8243; img_size=\u00bbfull\u00bb][mk_fancy_title size=\u00bb20&#8243; font_family=\u00bbnone\u00bb]<strong>SOSTENIBILIDAD<\/strong>[\/mk_fancy_title][vc_column_text css=\u00bb.vc_custom_1661763382303{margin-bottom: 0px !important;}\u00bb]\n<p style=\"text-align: center;\">Las innovadoras tecnolog\u00edas integradas garantizan el mejor rendimiento en t\u00e9rminos de aislamiento t\u00e9rmico, estanqueidad al viento y al agua, cumpliendo altos est\u00e1ndares. Sistema compuesto por vidrio y aluminio, materiales totalmente reciclables.<\/p>\n[\/vc_column_text][mk_fancy_title size=\u00bb20&#8243; font_family=\u00bbnone\u00bb]<strong>CARACTERISTICAS<\/strong>[\/mk_fancy_title][vc_column_text css=\u00bb.vc_custom_1661763394287{margin-bottom: 0px !important;}\u00bb]\n<p style=\"text-align: center;\">Sistema deslizante de alto aislamiento, con perfiles ultrafinos y marco fijo oculto, que combina comodidad y elegancia. Proporciona la m\u00e1xima luz natural.<\/p>\n[\/vc_column_text][mk_fancy_title size=\u00bb20&#8243; font_family=\u00bbnone\u00bb]<strong>Aplica\u00e7\u00f5es<\/strong>[\/mk_fancy_title][vc_column_text css=\u00bb.vc_custom_1661763403672{margin-bottom: 0px !important;}\u00bb]\n<p style=\"text-align: center;\">Varios tipos de aberturas, desde elementos que deslizan en 2 y 3 rieles, hasta las soluciones integradas que se acumulan en el interior de las paredes.<\/p>\n[\/vc_column_text][vc_single_image image=\u00bb4192&#8243; img_size=\u00bbfull\u00bb][\/vc_column][\/vc_row][vc_row][vc_column][mk_fancy_title size=\u00bb20&#8243; font_family=\u00bbnone\u00bb]\n<p style=\"text-align: center;\" align=\"LEFT\"><a href=\"https:\/\/www.reynaers.pt\" target=\"_blank\" rel=\"noopener\">REYNAERS <\/a><\/p>\n<p style=\"text-align: center;\" align=\"LEFT\">Parque Industrial Manuel da Mota<\/p>\n<p style=\"text-align: center;\" align=\"LEFT\">Avenida Infante D. Henrique, n\u00ba 17, Apt. 234<\/p>\n<p style=\"text-align: center;\" align=\"LEFT\">3100-354 Pombal<\/p>\n<p style=\"text-align: center;\" align=\"LEFT\">PORTUGAL<\/p>\n<p style=\"text-align: center;\" align=\"LEFT\">Telf+236 209 630<\/p>\n[\/mk_fancy_title][\/vc_column][\/vc_row]","protected":false},"excerpt":{"rendered":"<p>[vc_row][vc_column][vc_raw_html]JTNDYSUyMGhyZWYlM0QlMjJqYXZhc2NyaXB0JTNBaGlzdG9yeS5nbyUyOC0xJTI5JTIyJTNFJTNDJTIwQXRyJUMzJUExcyUzQyUyRmElM0U=[\/vc_raw_html][mk_fancy_title size=\u00bb28&#8243; font_family=\u00bbnone\u00bb]MASTERLINE 8 \u2013 VENTANAS[\/mk_fancy_title][vc_single_image image=\u00bb4189&#8243; img_size=\u00bbfull\u00bb][mk_fancy_title size=\u00bb20&#8243; font_family=\u00bbnone\u00bb]SOSTENIBILIDAD[\/mk_fancy_title][vc_column_text css=\u00bb.vc_custom_1661763293446{margin-bottom: 0px !important;}\u00bb] MasterLine 8 es una nueva generaci\u00f3n de ventanas que combina innumerables oportunidades de dise\u00f1o con un rendimiento inmejorable en t\u00e9rminos de aislamiento t\u00e9rmico, estanqueidad al aire y al agua y rapidez de producci\u00f3n. Esta nueva generaci\u00f3n de soluciones para ventanas innovadoras refleja [&hellip;]<\/p>\n","protected":false},"author":1,"featured_media":0,"parent":0,"menu_order":0,"comment_status":"closed","ping_status":"closed","template":"","meta":{"_acf_changed":false,"footnotes":""},"class_list":["post-4182","page","type-page","status-publish","hentry"],"acf":[],"_links":{"self":[{"href":"https:\/\/myecobuild.csustentavel.com\/es\/wp-json\/wp\/v2\/pages\/4182"}],"collection":[{"href":"https:\/\/myecobuild.csustentavel.com\/es\/wp-json\/wp\/v2\/pages"}],"about":[{"href":"https:\/\/myecobuild.csustentavel.com\/es\/wp-json\/wp\/v2\/types\/page"}],"author":[{"embeddable":true,"href":"https:\/\/myecobuild.csustentavel.com\/es\/wp-json\/wp\/v2\/users\/1"}],"replies":[{"embeddable":true,"href":"https:\/\/myecobuild.csustentavel.com\/es\/wp-json\/wp\/v2\/comments?post=4182"}],"version-history":[{"count":5,"href":"https:\/\/myecobuild.csustentavel.com\/es\/wp-json\/wp\/v2\/pages\/4182\/revisions"}],"predecessor-version":[{"id":4195,"href":"https:\/\/myecobuild.csustentavel.com\/es\/wp-json\/wp\/v2\/pages\/4182\/revisions\/4195"}],"wp:attachment":[{"href":"https:\/\/myecobuild.csustentavel.com\/es\/wp-json\/wp\/v2\/media?parent=4182"}],"curies":[{"name":"wp","href":"https:\/\/api.w.org\/{rel}","templated":true}]}}