{"id":4308,"date":"2022-09-19T09:25:49","date_gmt":"2022-09-19T09:25:49","guid":{"rendered":"https:\/\/myecobuild.csustentavel.com\/?page_id=4308"},"modified":"2022-09-19T09:31:50","modified_gmt":"2022-09-19T09:31:50","slug":"norges-hus-ecoprodutos","status":"publish","type":"page","link":"https:\/\/myecobuild.csustentavel.com\/es\/norges-hus-ecoprodutos\/","title":{"rendered":"NORGES HUS | ECOPRODUCTOS"},"content":{"rendered":"[vc_row][vc_column][vc_raw_html]JTNDYSUyMGhyZWYlM0QlMjJqYXZhc2NyaXB0JTNBaGlzdG9yeS5nbyUyOC0xJTI5JTIyJTNFJTNDJTIwQXRyJUMzJUExcyUzQyUyRmElM0U=[\/vc_raw_html][mk_padding_divider size=\u00bb60&#8243;][mk_fancy_title size=\u00bb28&#8243; font_family=\u00bbnone\u00bb]PARED EXTERIOR DE MADERA[\/mk_fancy_title][vc_single_image image=\u00bb4311&#8243; img_size=\u00bbfull\u00bb][mk_fancy_title size=\u00bb20&#8243; font_family=\u00bbnone\u00bb]<strong>Sostenibilidad<\/strong>[\/mk_fancy_title][vc_column_text css=\u00bb.vc_custom_1663578460556{margin-bottom: 0px !important;}\u00bb]\n<p style=\"text-align: center;\">Las paredes exteriores Norges Hus en estructura de madera garantizan:<\/p>\n<p>\u2022 robustez y durabilidad;<br \/>\n\u2022 alto confort t\u00e9rmico y ac\u00fastico y lo m\u00e1s importante el bienestar de toda la familia;<br \/>\n\u2022 ausencia de molestias t\u00e9rmicas, alto rendimiento higrot\u00e9rmico;<br \/>\n\u2022 alto compromiso ecol\u00f3gico;<br \/>\n\u2022 alta tasa de ahorro de energ\u00eda;<br \/>\n\u2022 mayor resistencia a los terremotos que las casas de construcci\u00f3n tradicional;<br \/>\n\u2022 alto rendimiento de resistencia al fuego.[\/vc_column_text][mk_fancy_title size=\u00bb20&#8243; font_family=\u00bbnone\u00bb]<strong>Caracteristicas<\/strong>[\/mk_fancy_title][vc_column_text css=\u00bb.vc_custom_1663578483785{margin-bottom: 0px !important;}\u00bb]\n<p style=\"text-align: center;\">La pared exterior de Norges Hus tiene una fachada exterior ventilada, hidrofuga y resistente al fuego<\/p>\n[\/vc_column_text][mk_fancy_title size=\u00bb20&#8243; font_family=\u00bbnone\u00bb]<strong>Aplicaciones<\/strong>[\/mk_fancy_title][vc_column_text css=\u00bb.vc_custom_1663578492265{margin-bottom: 0px !important;}\u00bb]\n<p style=\"text-align: center;\">Edificios residenciales y de servicios.<\/p>\n[\/vc_column_text][vc_single_image image=\u00bb4312&#8243; img_size=\u00bbfull\u00bb][\/vc_column][\/vc_row][vc_row][vc_column][mk_padding_divider size=\u00bb60&#8243;][mk_fancy_title size=\u00bb28&#8243; font_family=\u00bbnone\u00bb]VIGAS LAMINADAS[\/mk_fancy_title][vc_single_image image=\u00bb4310&#8243; img_size=\u00bbfull\u00bb][mk_fancy_title size=\u00bb20&#8243; font_family=\u00bbnone\u00bb]<strong>Sostenibilidad<\/strong>[\/mk_fancy_title][vc_column_text css=\u00bb.vc_custom_1663578648380{margin-bottom: 0px !important;}\u00bb]\n<p style=\"text-align: center;\">Norges Hus solo utiliza madera de abeto n\u00f3rdico rigurosamente seleccionada de excelente calidad de productores certificados.<\/p>\n[\/vc_column_text][mk_fancy_title size=\u00bb20&#8243; font_family=\u00bbnone\u00bb]<strong>Caracteristicas<\/strong>[\/mk_fancy_title][vc_column_text css=\u00bb.vc_custom_1663578660274{margin-bottom: 0px !important;}\u00bb]\n<p style=\"text-align: center;\">Las vigas de madera laminada Norges Hus son de gran robustez y durabilidad. Producido en varias dimensiones y bajo pedido.<\/p>\n[\/vc_column_text][mk_fancy_title size=\u00bb20&#8243; font_family=\u00bbnone\u00bb]<strong>Aplicaciones<\/strong>[\/mk_fancy_title][vc_column_text css=\u00bb.vc_custom_1663578673207{margin-bottom: 0px !important;}\u00bb]\n<p style=\"text-align: center;\">Las vigas de madera laminada Norges Hus se utilizan con fines estructurales en la construcci\u00f3n de edificios residenciales y de servicios, en techos, cubiertas, etc.<\/p>\n[\/vc_column_text][vc_single_image image=\u00bb4312&#8243; img_size=\u00bbfull\u00bb][\/vc_column][\/vc_row][vc_row][vc_column][mk_padding_divider size=\u00bb60&#8243;][mk_fancy_title size=\u00bb28&#8243; font_family=\u00bbnone\u00bb]CASA DE MADERA NORGES HUS &#8211; Modelo 259 PLUS[\/mk_fancy_title][vc_single_image image=\u00bb4309&#8243; img_size=\u00bbfull\u00bb][mk_fancy_title size=\u00bb20&#8243; font_family=\u00bbnone\u00bb]<strong>Sostenibilidad<\/strong>[\/mk_fancy_title][vc_column_text css=\u00bb.vc_custom_1663578784808{margin-bottom: 0px !important;}\u00bb]\n<p style=\"text-align: center;\">El sistema constructivo Norges Hus tiene como \u00fanico objetivo la construcci\u00f3n estructural en madera de edificios residenciales y de oficinas con gran eficiencia, robustez y durabilidad, saludables y con excelente calidad del aire interior, bajas emisiones de CO2, integrando todo el proceso en la econom\u00eda circular.<\/p>\n[\/vc_column_text][mk_fancy_title size=\u00bb20&#8243; font_family=\u00bbnone\u00bb]<strong>Caracteristicas<\/strong>[\/mk_fancy_title][vc_column_text css=\u00bb.vc_custom_1663578799771{margin-bottom: 0px !important;}\u00bb]\n<p style=\"text-align: center;\">Las paredes exteriores de la casa Norges Hus alcanzan un excelente valor U = 0.120 W\/ m2K, las ventanas de triple vidrio el valor U = 0.80 W \/ m2K, m\u00e1s los acabados con un aislamiento de techo reforzado, la construcci\u00f3n del techo tiene un valor de U = 0.130 W \/ m\u00b2K. La casa Norges Hus proporciona una excelente calidad t\u00e9rmica y ac\u00fastica, manteniendo una temperatura interior entre 20\u00ba y 22\u00baC, independientemente de la temperatura exterior.<\/p>\n[\/vc_column_text][mk_fancy_title size=\u00bb20&#8243; font_family=\u00bbnone\u00bb]<strong>Aplicaciones<\/strong>[\/mk_fancy_title][vc_column_text css=\u00bb.vc_custom_1663578821284{margin-bottom: 0px !important;}\u00bb]\n<p style=\"text-align: center;\">Edificios residenciales<\/p>\n[\/vc_column_text][vc_single_image image=\u00bb4312&#8243; img_size=\u00bbfull\u00bb][\/vc_column][\/vc_row][vc_row][vc_column][mk_fancy_title size=\u00bb20&#8243; font_family=\u00bbnone\u00bb]\n<p style=\"text-align: center;\" align=\"LEFT\"><a href=\"https:\/\/www.norgeshus.pt\/\">NORGES HUS<\/a><\/p>\n<p style=\"text-align: center;\" align=\"LEFT\">Centro Empresarial iPark,<\/p>\n<p style=\"text-align: center;\" align=\"LEFT\">Zona Industrial de Oi\u00e3,<\/p>\n<p style=\"text-align: center;\" align=\"LEFT\">Rua da Etar, Lt 12A, Fr E,<\/p>\n<p style=\"text-align: center;\" align=\"LEFT\">3770 059 Oi\u00e3<\/p>\n<p style=\"text-align: center;\" align=\"LEFT\">Tel: +351 234 029 807<\/p>\n[\/mk_fancy_title][\/vc_column][\/vc_row]","protected":false},"excerpt":{"rendered":"<p>[vc_row][vc_column][vc_raw_html]JTNDYSUyMGhyZWYlM0QlMjJqYXZhc2NyaXB0JTNBaGlzdG9yeS5nbyUyOC0xJTI5JTIyJTNFJTNDJTIwQXRyJUMzJUExcyUzQyUyRmElM0U=[\/vc_raw_html][mk_padding_divider size=\u00bb60&#8243;][mk_fancy_title size=\u00bb28&#8243; font_family=\u00bbnone\u00bb]PARED EXTERIOR DE MADERA[\/mk_fancy_title][vc_single_image image=\u00bb4311&#8243; img_size=\u00bbfull\u00bb][mk_fancy_title size=\u00bb20&#8243; font_family=\u00bbnone\u00bb]Sostenibilidad[\/mk_fancy_title][vc_column_text css=\u00bb.vc_custom_1663578460556{margin-bottom: 0px !important;}\u00bb] Las paredes exteriores Norges Hus en estructura de madera garantizan: \u2022 robustez y durabilidad; \u2022 alto confort t\u00e9rmico y ac\u00fastico y lo m\u00e1s importante el bienestar de toda la familia; \u2022 ausencia de molestias t\u00e9rmicas, alto rendimiento higrot\u00e9rmico; \u2022 alto compromiso [&hellip;]<\/p>\n","protected":false},"author":1,"featured_media":0,"parent":0,"menu_order":0,"comment_status":"closed","ping_status":"closed","template":"","meta":{"_acf_changed":false,"footnotes":""},"class_list":["post-4308","page","type-page","status-publish","hentry"],"acf":[],"_links":{"self":[{"href":"https:\/\/myecobuild.csustentavel.com\/es\/wp-json\/wp\/v2\/pages\/4308"}],"collection":[{"href":"https:\/\/myecobuild.csustentavel.com\/es\/wp-json\/wp\/v2\/pages"}],"about":[{"href":"https:\/\/myecobuild.csustentavel.com\/es\/wp-json\/wp\/v2\/types\/page"}],"author":[{"embeddable":true,"href":"https:\/\/myecobuild.csustentavel.com\/es\/wp-json\/wp\/v2\/users\/1"}],"replies":[{"embeddable":true,"href":"https:\/\/myecobuild.csustentavel.com\/es\/wp-json\/wp\/v2\/comments?post=4308"}],"version-history":[{"count":2,"href":"https:\/\/myecobuild.csustentavel.com\/es\/wp-json\/wp\/v2\/pages\/4308\/revisions"}],"predecessor-version":[{"id":4314,"href":"https:\/\/myecobuild.csustentavel.com\/es\/wp-json\/wp\/v2\/pages\/4308\/revisions\/4314"}],"wp:attachment":[{"href":"https:\/\/myecobuild.csustentavel.com\/es\/wp-json\/wp\/v2\/media?parent=4308"}],"curies":[{"name":"wp","href":"https:\/\/api.w.org\/{rel}","templated":true}]}}