{"id":4363,"date":"2022-09-19T16:26:18","date_gmt":"2022-09-19T16:26:18","guid":{"rendered":"https:\/\/myecobuild.csustentavel.com\/?page_id=4363"},"modified":"2022-09-19T16:26:18","modified_gmt":"2022-09-19T16:26:18","slug":"ecopaint-ecoprodutos","status":"publish","type":"page","link":"https:\/\/myecobuild.csustentavel.com\/es\/ecopaint-ecoprodutos\/","title":{"rendered":"ECOPAINT | ECOPRODUCTOS"},"content":{"rendered":"[vc_row][vc_column][vc_raw_html]JTNDYSUyMGhyZWYlM0QlMjJqYXZhc2NyaXB0JTNBaGlzdG9yeS5nbyUyOC0xJTI5JTIyJTNFJTNDJTIwQXRyJUMzJUExcyUzQyUyRmElM0U=[\/vc_raw_html][mk_padding_divider size=\u00bb60&#8243;][mk_fancy_title size=\u00bb28&#8243; font_family=\u00bbnone\u00bb]Corkpro (paredes exteriores)<br \/>\n[\/mk_fancy_title][vc_single_image image=\u00bb4335&#8243; img_size=\u00bbfull\u00bb][mk_fancy_title size=\u00bb20&#8243; font_family=\u00bbnone\u00bb]<strong>Sostenibilidad<\/strong>[\/mk_fancy_title][vc_column_text css=\u00bb.vc_custom_1663604275695{margin-bottom: 0px !important;}\u00bb]\n<p style=\"text-align: center;\">El acabado coloreado hecho de corcho (tama\u00f1o de grano 0 &#8211; 1 mm \/ 0 &#8211; 0.04 in), resinas a base de agua, siloxanos y tierra de diatomeas, con elevadas propiedades de aislamiento t\u00e9rmico, impermeabilizante y transpirable. Un producto respetuoso con el medio ambiente para el acabado de fachadas nuevas y antiguas, yeso t\u00e9rmico (como Diathonite Evolution), aislamiento t\u00e9rmico externo y techo inclinado. Evita la absorci\u00f3n de agua por parte de la mamposter\u00eda y prolonga la durabilidad del yeso.<\/p>\n[\/vc_column_text][mk_fancy_title size=\u00bb20&#8243; font_family=\u00bbnone\u00bb]<strong>Caracteristicas<\/strong>[\/mk_fancy_title][vc_column_text css=\u00bb.vc_custom_1663604287100{margin-bottom: 0px !important;}\u00bb]\n<p style=\"text-align: center;\">Respirable; Hidr\u00f3fugo; Adecuado para sustratos agrietados, evita el recubrimiento cepillado reforzado; Altamente el\u00e1stico; Ideal en yesos agrietados; Excelente confort t\u00e9rmico en combinaci\u00f3n con yeso t\u00e9rmico (como Diathonite Evolution); Previene el desarrollo de mohos; Resistente a los rayos UV, factores atmosf\u00e9ricos, ambientes industriales y marinos; Aplicaci\u00f3n gruesa; Efecto \u00abTonachino\u00bb; Hecho de materias primas naturales y certificado LEED; F\u00e1cil y r\u00e1pido de aplicar.<\/p>\n[\/vc_column_text][mk_fancy_title size=\u00bb20&#8243; font_family=\u00bbnone\u00bb]<strong>Aplicaciones<\/strong>[\/mk_fancy_title][vc_column_text css=\u00bb.vc_custom_1663604302616{margin-bottom: 0px !important;}\u00bb]\n<p style=\"text-align: center;\">El producto ha sido espec\u00edficamente dise\u00f1ado para el acabado de fachadas, revocos antiguos y nuevos, revocos t\u00e9rmicos como Diathonite Evolution (ver ficha t\u00e9cnica), aislamiento t\u00e9rmico externo o cubiertas inclinadas. Tiene excelentes propiedades de adherencia a cualquier tipo de sustrato, y puede ser utilizado en varias situaciones: yeso, sustratos met\u00e1licos, madera y cemento. El producto es adecuado para exteriores.<\/p>\n[\/vc_column_text][vc_single_image image=\u00bb4334&#8243; img_size=\u00bbfull\u00bb][\/vc_column][\/vc_row][vc_row][vc_column][mk_padding_divider size=\u00bb60&#8243;][mk_fancy_title size=\u00bb28&#8243; font_family=\u00bbnone\u00bb]Pintura econ\u00f3mica<br \/>\n[\/mk_fancy_title][vc_single_image image=\u00bb4337&#8243; img_size=\u00bbfull\u00bb][mk_fancy_title size=\u00bb20&#8243; font_family=\u00bbnone\u00bb]<strong>Sostenibilidad<\/strong>[\/mk_fancy_title][vc_column_text css=\u00bb.vc_custom_1663604413170{margin-bottom: 0px !important;}\u00bb]\n<p style=\"text-align: center;\">Tinta Econ\u00f3mica es un producto a base de una dispersi\u00f3n acuosa de resinas sint\u00e9ticas, utilizando pigmentos que proporcionan una alta resistencia a la luz, \u00e1lcalis, hongos y algas. Para uso interior y exterior.<\/p>\n[\/vc_column_text][mk_fancy_title size=\u00bb20&#8243; font_family=\u00bbnone\u00bb]<strong>Caracteristicas<\/strong>[\/mk_fancy_title][vc_column_text css=\u00bb.vc_custom_1663604422268{margin-bottom: 0px !important;}\u00bb]\n<p style=\"text-align: center;\">Gran cobertura; Excelente resistencia al lavado h\u00famedo o seco; Alta resistencia a la aparici\u00f3n y crecimiento de hongos y algas; Adecuado para uso en interiores y exteriores; Buena durabilidad; Disponible en una amplia variedad de colores (seg\u00fan el cat\u00e1logo).<\/p>\n[\/vc_column_text][mk_fancy_title size=\u00bb20&#8243; font_family=\u00bbnone\u00bb]<strong>Aplicaciones<\/strong>[\/mk_fancy_title][vc_column_text css=\u00bb.vc_custom_1663604434256{margin-bottom: 0px !important;}\u00bb]\n<p style=\"text-align: center;\">Antes de aplicar pintura a superficies de absorci\u00f3n de tinta desiguales o superficies con imperfecciones de yeso, use una pasta de relleno de grietas seguida de sellador acuoso (incoloro o pigmentado) o Primario multiprop\u00f3sito.<\/p>\n[\/vc_column_text][vc_single_image image=\u00bb4334&#8243; img_size=\u00bbfull\u00bb][\/vc_column][\/vc_row][vc_row][vc_column][mk_padding_divider size=\u00bb60&#8243;][mk_fancy_title size=\u00bb28&#8243; font_family=\u00bbnone\u00bb]Sellador acuoso (blanco)<br \/>\n[\/mk_fancy_title][vc_single_image image=\u00bb4336&#8243; img_size=\u00bbfull\u00bb][mk_fancy_title size=\u00bb20&#8243; font_family=\u00bbnone\u00bb]<strong>Sostenibilidad<\/strong>[\/mk_fancy_title][vc_column_text css=\u00bb.vc_custom_1663604475837{margin-bottom: 0px !important;}\u00bb]\n<p style=\"text-align: center;\">Primario basado en emulsiones acuosas de alta calidad y pigmentos cuidadosamente seleccionados.<\/p>\n[\/vc_column_text][mk_fancy_title size=\u00bb20&#8243; font_family=\u00bbnone\u00bb]<strong>Caracteristicas<\/strong>[\/mk_fancy_title][vc_column_text css=\u00bb.vc_custom_1663604490414{margin-bottom: 0px !important;}\u00bb]\n<p style=\"text-align: center;\">Adecuado para todo tipo de yeso de pared (interior, exterior, liso o texturizado); Excelente absorci\u00f3n uniforme incluso en superficies porosas; Asegura un color y brillo de pintura uniformes; Econ\u00f3micamente viable.<\/p>\n[\/vc_column_text][mk_fancy_title size=\u00bb20&#8243; font_family=\u00bbnone\u00bb]<strong>Aplicaciones<\/strong>[\/mk_fancy_title][vc_column_text css=\u00bb.vc_custom_1663604508149{margin-bottom: 0px !important;}\u00bb]\n<p style=\"text-align: center;\">Aplicaci\u00f3n: Utilice un cepillo o rodillo. Recomendaciones: Se debe utilizar como primario para la pintura acr\u00edlica, texturizada con arena y esmalte.<\/p>\n[\/vc_column_text][vc_single_image image=\u00bb4334&#8243; img_size=\u00bbfull\u00bb][\/vc_column][\/vc_row][vc_row][vc_column][mk_fancy_title size=\u00bb20&#8243; font_family=\u00bbnone\u00bb]\n<p style=\"text-align: center;\" align=\"LEFT\"><a href=\"http:\/\/www.greenpaint.pt\/\">ECOPAINT CORPORATION<\/a><\/p>\n<p style=\"text-align: center;\" align=\"LEFT\">Rua Serafim Cruz, 743<\/p>\n<p style=\"text-align: center;\" align=\"LEFT\">4475-669 Santa Maria Avioso<\/p>\n<p style=\"text-align: center;\" align=\"LEFT\">Cast\u00ealo da Maia<\/p>\n<p style=\"text-align: center;\" align=\"LEFT\">PORTUGAL<\/p>\n<p style=\"text-align: center;\" align=\"LEFT\">Tel: +351 937 920 553 | Tel: +351 934 198 294<\/p>\n[\/mk_fancy_title][\/vc_column][\/vc_row]","protected":false},"excerpt":{"rendered":"<p>[vc_row][vc_column][vc_raw_html]JTNDYSUyMGhyZWYlM0QlMjJqYXZhc2NyaXB0JTNBaGlzdG9yeS5nbyUyOC0xJTI5JTIyJTNFJTNDJTIwQXRyJUMzJUExcyUzQyUyRmElM0U=[\/vc_raw_html][mk_padding_divider size=\u00bb60&#8243;][mk_fancy_title size=\u00bb28&#8243; font_family=\u00bbnone\u00bb]Corkpro (paredes exteriores) [\/mk_fancy_title][vc_single_image image=\u00bb4335&#8243; img_size=\u00bbfull\u00bb][mk_fancy_title size=\u00bb20&#8243; font_family=\u00bbnone\u00bb]Sostenibilidad[\/mk_fancy_title][vc_column_text css=\u00bb.vc_custom_1663604275695{margin-bottom: 0px !important;}\u00bb] El acabado coloreado hecho de corcho (tama\u00f1o de grano 0 &#8211; 1 mm \/ 0 &#8211; 0.04 in), resinas a base de agua, siloxanos y tierra de diatomeas, con elevadas propiedades de aislamiento t\u00e9rmico, impermeabilizante y transpirable. Un producto respetuoso con [&hellip;]<\/p>\n","protected":false},"author":1,"featured_media":0,"parent":0,"menu_order":0,"comment_status":"closed","ping_status":"closed","template":"","meta":{"_acf_changed":false,"footnotes":""},"class_list":["post-4363","page","type-page","status-publish","hentry"],"acf":[],"_links":{"self":[{"href":"https:\/\/myecobuild.csustentavel.com\/es\/wp-json\/wp\/v2\/pages\/4363"}],"collection":[{"href":"https:\/\/myecobuild.csustentavel.com\/es\/wp-json\/wp\/v2\/pages"}],"about":[{"href":"https:\/\/myecobuild.csustentavel.com\/es\/wp-json\/wp\/v2\/types\/page"}],"author":[{"embeddable":true,"href":"https:\/\/myecobuild.csustentavel.com\/es\/wp-json\/wp\/v2\/users\/1"}],"replies":[{"embeddable":true,"href":"https:\/\/myecobuild.csustentavel.com\/es\/wp-json\/wp\/v2\/comments?post=4363"}],"version-history":[{"count":1,"href":"https:\/\/myecobuild.csustentavel.com\/es\/wp-json\/wp\/v2\/pages\/4363\/revisions"}],"predecessor-version":[{"id":4366,"href":"https:\/\/myecobuild.csustentavel.com\/es\/wp-json\/wp\/v2\/pages\/4363\/revisions\/4366"}],"wp:attachment":[{"href":"https:\/\/myecobuild.csustentavel.com\/es\/wp-json\/wp\/v2\/media?parent=4363"}],"curies":[{"name":"wp","href":"https:\/\/api.w.org\/{rel}","templated":true}]}}