{"id":4686,"date":"2023-06-09T16:52:42","date_gmt":"2023-06-09T16:52:42","guid":{"rendered":"https:\/\/myecobuild.csustentavel.com\/?page_id=4686"},"modified":"2023-06-09T16:52:42","modified_gmt":"2023-06-09T16:52:42","slug":"legrand-ecoprodutos","status":"publish","type":"page","link":"https:\/\/myecobuild.csustentavel.com\/es\/legrand-ecoprodutos\/","title":{"rendered":"LEGRAND | ECOPRODUCTOS"},"content":{"rendered":"[vc_row][vc_column][vc_raw_html]JTNDYSUyMGhyZWYlM0QlMjJqYXZhc2NyaXB0JTNBaGlzdG9yeS5nbyUyOC0xJTI5JTIyJTNFJTNDJTIwQXRyJUMzJUExcyUzQyUyRmElM0U=[\/vc_raw_html][mk_fancy_title size=\u00bb28&#8243; font_family=\u00bbnone\u00bb]GREEN-UP[\/mk_fancy_title][vc_single_image image=\u00bb4689&#8243; img_size=\u00bbfull\u00bb alignment=\u00bbcenter\u00bb][mk_fancy_title size=\u00bb20&#8243; font_family=\u00bbnone\u00bb]<strong>Sustentabilidad<\/strong>[\/mk_fancy_title][vc_column_text css=\u00bb.vc_custom_1686328897484{margin-bottom: 0px !important;}\u00bb]Las soluciones Green-up de Legrand garantizan la m\u00e1xima eficiencia en la carga de veh\u00edculos el\u00e9ctricos (VE). Es posible controlar el consumo a trav\u00e9s de la aplicaci\u00f3n EV Charge en su tel\u00e9fono m\u00f3vil. El cambio a un VE reduce, en promedio, 1 tonelada de emisiones de CO2 por a\u00f1o.<br \/>\n[\/vc_column_text][mk_fancy_title size=\u00bb20&#8243; font_family=\u00bbnone\u00bb]<strong>Caracteristicas<\/strong>[\/mk_fancy_title][vc_column_text css=\u00bb.vc_custom_1686328903035{margin-bottom: 0px !important;}\u00bb]El sistema patentado Green-up ofrece un rendimiento m\u00e1ximo, con carga r\u00e1pida de 3,7 kW para enchufes y de 3,7 a 22 kW para estaciones de carga.<br \/>\n[\/vc_column_text][mk_fancy_title size=\u00bb20&#8243; font_family=\u00bbnone\u00bb]<strong>Aplicaciones<\/strong>[\/mk_fancy_title][vc_column_text css=\u00bb.vc_custom_1686328909762{margin-bottom: 0px !important;}\u00bb]Ideal para cargar veh\u00edculos el\u00e9ctricos en edificios residenciales unifamiliares y multifamiliares, as\u00ed como en edificios comerciales.[\/vc_column_text][vc_single_image image=\u00bb4690&#8243; img_size=\u00bbfull\u00bb][\/vc_column][\/vc_row][vc_row][vc_column][mk_padding_divider size=\u00bb60&#8243;][mk_fancy_title size=\u00bb28&#8243; font_family=\u00bbnone\u00bb]CAJAS BATIBOX<br \/>\n[\/mk_fancy_title][vc_single_image image=\u00bb4688&#8243; img_size=\u00bbfull\u00bb][mk_fancy_title size=\u00bb20&#8243; font_family=\u00bbnone\u00bb]<strong>Sustentabilidad<\/strong>[\/mk_fancy_title][vc_column_text css=\u00bb.vc_custom_1686328941114{margin-bottom: 0px !important;}\u00bb]Las cajas ecol\u00f3gicas empotradas de batibox est\u00e1n dise\u00f1adas para evitar la penetraci\u00f3n descontrolada de aire relacionada con la electricidad en la casa. Ofrecen soluciones completas para evitar p\u00e9rdidas de energ\u00eda.<br \/>\n[\/vc_column_text][mk_fancy_title size=\u00bb20&#8243; font_family=\u00bbnone\u00bb]<strong>Caracteristicas<\/strong>[\/mk_fancy_title][vc_column_text css=\u00bb.vc_custom_1686328946541{margin-bottom: 0px !important;}\u00bb]Ecobatibox logra ahorros de hasta 13 kWh\/m2\/a\u00f1o, dependiendo del aislamiento de la estructura, eliminando flujos de aire causados por la infraestructura el\u00e9ctrica.[\/vc_column_text][mk_fancy_title size=\u00bb20&#8243; font_family=\u00bbnone\u00bb]<strong>Aplicaciones<\/strong>[\/mk_fancy_title][vc_column_text css=\u00bb.vc_custom_1686328952036{margin-bottom: 0px !important;}\u00bb]Estanqueidad reforzada gracias a las entradas flexibles. Amplio collar, tornillos sujetos con garras plegables. Aperturas de entrada realizadas mediante leng\u00fceta desmontable.<br \/>\n[\/vc_column_text][vc_single_image image=\u00bb4690&#8243; img_size=\u00bbfull\u00bb][\/vc_column][\/vc_row][vc_row][vc_column][mk_padding_divider size=\u00bb60&#8243;][mk_fancy_title size=\u00bb28&#8243; font_family=\u00bbnone\u00bb]LIVINGNOW CON NETATMO<br \/>\n[\/mk_fancy_title][vc_single_image image=\u00bb4687&#8243; img_size=\u00bbfull\u00bb alignment=\u00bbcenter\u00bb][mk_fancy_title size=\u00bb20&#8243; font_family=\u00bbnone\u00bb]<strong>Sustentabilidad<\/strong>[\/mk_fancy_title][vc_column_text css=\u00bb.vc_custom_1686328983212{margin-bottom: 0px !important;}\u00bb]Legrand ofrece soluciones completas para un control eficiente de la iluminaci\u00f3n, lo que resulta en ahorros de consumo energ\u00e9tico o, en otras palabras, en una reducci\u00f3n de la factura el\u00e9ctrica. \u00bfC\u00f3mo lograrlo? Iluminando solo cuando sea necesario.[\/vc_column_text][mk_fancy_title size=\u00bb20&#8243; font_family=\u00bbnone\u00bb]<strong>Caracteristicas<\/strong>[\/mk_fancy_title][vc_column_text css=\u00bb.vc_custom_1686328990884{margin-bottom: 0px !important;}\u00bb]Esta soluci\u00f3n permite controlar la iluminaci\u00f3n, las persianas y la gesti\u00f3n de energ\u00eda a trav\u00e9s de la aplicaci\u00f3n H+C. Compatible con los principales asistentes de voz.<br \/>\n[\/vc_column_text][mk_fancy_title size=\u00bb20&#8243; font_family=\u00bbnone\u00bb]<strong>Aplicaciones<\/strong>[\/mk_fancy_title][vc_column_text css=\u00bb.vc_custom_1686328996362{margin-bottom: 0px !important;}\u00bb]Mecanismos tradicionales o conectados, instalaci\u00f3n habitual: cableado tradicional; cajas empotradas para mamposter\u00eda o paredes huecas, de 2 a 6 m\u00f3dulos.<br \/>\n[\/vc_column_text][vc_single_image image=\u00bb4691&#8243; img_size=\u00bbfull\u00bb][mk_fancy_title size=\u00bb20&#8243; font_family=\u00bbnone\u00bb]\n<p style=\"text-align: center;\" align=\"LEFT\"><a href=\"https:\/\/www.legrand.pt\"><strong>LEGRAND EL\u00c9CTRICA, SA<\/strong><\/a><\/p>\n<p style=\"text-align: center;\" align=\"LEFT\">Lagoas Park, Edif\u00edcio 10, 1.\u00ba Andar<br \/>\n2740-271 Porto Salvo~<br \/>\nOeiras \u2013 Portugal<\/p>\n<p style=\"text-align: center;\" align=\"LEFT\">Telf +351 214 548 800<\/p>\n[\/mk_fancy_title][\/vc_column][\/vc_row][vc_row][vc_column][\/vc_column][\/vc_row]","protected":false},"excerpt":{"rendered":"<p>[vc_row][vc_column][vc_raw_html]JTNDYSUyMGhyZWYlM0QlMjJqYXZhc2NyaXB0JTNBaGlzdG9yeS5nbyUyOC0xJTI5JTIyJTNFJTNDJTIwQXRyJUMzJUExcyUzQyUyRmElM0U=[\/vc_raw_html][mk_fancy_title size=\u00bb28&#8243; font_family=\u00bbnone\u00bb]GREEN-UP[\/mk_fancy_title][vc_single_image image=\u00bb4689&#8243; img_size=\u00bbfull\u00bb alignment=\u00bbcenter\u00bb][mk_fancy_title size=\u00bb20&#8243; font_family=\u00bbnone\u00bb]Sustentabilidad[\/mk_fancy_title][vc_column_text css=\u00bb.vc_custom_1686328897484{margin-bottom: 0px !important;}\u00bb]Las soluciones Green-up de Legrand garantizan la m\u00e1xima eficiencia en la carga de veh\u00edculos el\u00e9ctricos (VE). Es posible controlar el consumo a trav\u00e9s de la aplicaci\u00f3n EV Charge en su tel\u00e9fono m\u00f3vil. El cambio a un VE reduce, en promedio, 1 tonelada de emisiones de [&hellip;]<\/p>\n","protected":false},"author":1,"featured_media":0,"parent":0,"menu_order":0,"comment_status":"closed","ping_status":"closed","template":"","meta":{"_acf_changed":false,"footnotes":""},"class_list":["post-4686","page","type-page","status-publish","hentry"],"acf":[],"_links":{"self":[{"href":"https:\/\/myecobuild.csustentavel.com\/es\/wp-json\/wp\/v2\/pages\/4686"}],"collection":[{"href":"https:\/\/myecobuild.csustentavel.com\/es\/wp-json\/wp\/v2\/pages"}],"about":[{"href":"https:\/\/myecobuild.csustentavel.com\/es\/wp-json\/wp\/v2\/types\/page"}],"author":[{"embeddable":true,"href":"https:\/\/myecobuild.csustentavel.com\/es\/wp-json\/wp\/v2\/users\/1"}],"replies":[{"embeddable":true,"href":"https:\/\/myecobuild.csustentavel.com\/es\/wp-json\/wp\/v2\/comments?post=4686"}],"version-history":[{"count":3,"href":"https:\/\/myecobuild.csustentavel.com\/es\/wp-json\/wp\/v2\/pages\/4686\/revisions"}],"predecessor-version":[{"id":4694,"href":"https:\/\/myecobuild.csustentavel.com\/es\/wp-json\/wp\/v2\/pages\/4686\/revisions\/4694"}],"wp:attachment":[{"href":"https:\/\/myecobuild.csustentavel.com\/es\/wp-json\/wp\/v2\/media?parent=4686"}],"curies":[{"name":"wp","href":"https:\/\/api.w.org\/{rel}","templated":true}]}}